{"id":189009,"date":"2025-05-03T01:10:00","date_gmt":"2025-05-03T01:10:00","guid":{"rendered":"https:\/\/autorival.ro\/chevrolet\/product\/etrier-frana-chevrolet-cruze-j300-1-7-td-diesel-110-cai-budweg-caliper-344545\/"},"modified":"2025-05-03T01:10:00","modified_gmt":"2025-05-03T01:10:00","slug":"etrier-frana-chevrolet-cruze-j300-1-7-td-diesel-110-cai-budweg-caliper-344545","status":"publish","type":"product","link":"https:\/\/autorival.ro\/chevrolet\/product\/etrier-frana-chevrolet-cruze-j300-1-7-td-diesel-110-cai-budweg-caliper-344545\/","title":{"rendered":"Etrier frana CHEVROLET CRUZE (J300) 1.7 TD diesel 110 cai BUDWEG CALIPER 344545"},"content":{"rendered":"<p>Marime janta [inch]: 15, 16pentru cod RPO: J67\/J60Partea de montare: in spatele puntii, Axa spate dreaptaNumar articol par: 344544Sistem de fr\u00e2nare: ATE ->Grosime disc fr\u00e2na [mm]: 12Tip etrier fr\u00e2na: Etrier de fr\u00e2n\u0103 (1 piston) ->Diametru [mm]: 38<\/p>\n","protected":false},"excerpt":{"rendered":"<p>Producator: BUDWEG CALIPER Cod producator: 344545<\/p>\n","protected":false},"featured_media":38710,"comment_status":"open","ping_status":"closed","template":"","meta":[],"product_brand":[11064],"product_cat":[61314],"product_tag":[72842,72843,72279,72287,72618,72649,72290],"class_list":{"0":"post-189009","1":"product","2":"type-product","3":"status-publish","4":"has-post-thumbnail","6":"product_brand-budweg-caliper","7":"product_cat-etrier-frana-j300-1-7-td-diesel-110-4","8":"product_tag-budweg","9":"product_tag-caliper","10":"product_tag-chevrolet","11":"product_tag-cruze","12":"product_tag-etrier","13":"product_tag-frana","14":"product_tag-td","16":"first","17":"instock","18":"shipping-taxable","19":"purchasable","20":"product-type-simple"},"yoast_head":"<!-- This site is optimized with the Yoast SEO plugin v27.3 - https:\/\/yoast.com\/product\/yoast-seo-wordpress\/ -->\n<title>Etrier frana CHEVROLET CRUZE (J300) 1.7 TD diesel 110 cai BUDWEG CALIPER 344545 CHEVROLET | BUDWEG - Autorival<\/title>\n<meta name=\"description\" content=\"\u26a1 Etrier frana CHEVROLET CRUZE (J300) 1.7 TD diesel 110 cai BUDWEG CALIPER 344545 pentru CHEVROLET la doar 585 RON. \u2713 Cod: 344545 \u2713 Brand: BUDWEG \u2713 \u00cen stoc \u2713 Livrare 24h \u2713 Garan\u021bie!\" \/>\n<meta name=\"robots\" content=\"index, follow, max-snippet:-1, max-image-preview:large, max-video-preview:-1\" \/>\n<meta property=\"og:locale\" content=\"en_US\" \/>\n<meta property=\"og:type\" content=\"article\" \/>\n<meta property=\"og:title\" content=\"Etrier frana CHEVROLET CRUZE (J300) 1.7 TD diesel 110 cai BUDWEG CALIPER 344545 CHEVROLET | BUDWEG - Autorival\" \/>\n<meta property=\"og:description\" content=\"\u26a1 Etrier frana CHEVROLET CRUZE (J300) 1.7 TD diesel 110 cai BUDWEG CALIPER 344545 pentru CHEVROLET la doar 585 RON. \u2713 Cod: 344545 \u2713 Brand: BUDWEG \u2713 \u00cen stoc \u2713 Livrare 24h \u2713 Garan\u021bie!\" \/>\n<meta property=\"og:url\" content=\"https:\/\/autorival.ro\/chevrolet\/product\/etrier-frana-chevrolet-cruze-j300-1-7-td-diesel-110-cai-budweg-caliper-344545\/\" \/>\n<meta property=\"og:site_name\" content=\"CHEVROLET\" \/>\n<meta property=\"og:image\" content=\"https:\/\/autorival.ro\/chevrolet\/wp-content\/uploads\/sites\/7\/2025\/04\/344545.jpg\" \/>\n\t<meta property=\"og:image:width\" content=\"600\" \/>\n\t<meta property=\"og:image:height\" content=\"288\" \/>\n\t<meta property=\"og:image:type\" content=\"image\/jpeg\" \/>\n<meta name=\"twitter:card\" content=\"summary_large_image\" \/>\n<meta name=\"twitter:title\" content=\"Etrier frana CHEVROLET CRUZE (J300) 1.7 TD diesel 110 cai BUDWEG CALIPER 344545 CHEVROLET | BUDWEG - Autorival\" \/>\n<meta name=\"twitter:description\" content=\"\u26a1 Etrier frana CHEVROLET CRUZE (J300) 1.7 TD diesel 110 cai BUDWEG CALIPER 344545 pentru CHEVROLET la doar 585 RON. \u2713 Cod: 344545 \u2713 Brand: BUDWEG \u2713 \u00cen stoc \u2713 Livrare 24h \u2713 Garan\u021bie!\" \/>\n<script type=\"application\/ld+json\" class=\"yoast-schema-graph\">{\"@context\":\"https:\\\/\\\/schema.org\",\"@graph\":[{\"@type\":\"WebPage\",\"@id\":\"https:\\\/\\\/autorival.ro\\\/chevrolet\\\/product\\\/etrier-frana-chevrolet-cruze-j300-1-7-td-diesel-110-cai-budweg-caliper-344545\\\/\",\"url\":\"https:\\\/\\\/autorival.ro\\\/chevrolet\\\/product\\\/etrier-frana-chevrolet-cruze-j300-1-7-td-diesel-110-cai-budweg-caliper-344545\\\/\",\"name\":\"Etrier frana CHEVROLET CRUZE (J300) 1.7 TD diesel 110 cai BUDWEG CALIPER 344545 CHEVROLET | BUDWEG - Autorival\",\"isPartOf\":{\"@id\":\"https:\\\/\\\/autorival.ro\\\/chevrolet\\\/#website\"},\"primaryImageOfPage\":{\"@id\":\"https:\\\/\\\/autorival.ro\\\/chevrolet\\\/product\\\/etrier-frana-chevrolet-cruze-j300-1-7-td-diesel-110-cai-budweg-caliper-344545\\\/#primaryimage\"},\"image\":{\"@id\":\"https:\\\/\\\/autorival.ro\\\/chevrolet\\\/product\\\/etrier-frana-chevrolet-cruze-j300-1-7-td-diesel-110-cai-budweg-caliper-344545\\\/#primaryimage\"},\"thumbnailUrl\":\"https:\\\/\\\/autorival.ro\\\/chevrolet\\\/wp-content\\\/uploads\\\/sites\\\/7\\\/2025\\\/04\\\/344545.jpg\",\"datePublished\":\"2025-05-03T01:10:00+00:00\",\"description\":\"\u26a1 Etrier frana CHEVROLET CRUZE (J300) 1.7 TD diesel 110 cai BUDWEG CALIPER 344545 pentru CHEVROLET la doar 585 RON. \u2713 Cod: 344545 \u2713 Brand: BUDWEG \u2713 \u00cen stoc \u2713 Livrare 24h \u2713 Garan\u021bie!\",\"breadcrumb\":{\"@id\":\"https:\\\/\\\/autorival.ro\\\/chevrolet\\\/product\\\/etrier-frana-chevrolet-cruze-j300-1-7-td-diesel-110-cai-budweg-caliper-344545\\\/#breadcrumb\"},\"inLanguage\":\"en-US\",\"potentialAction\":[{\"@type\":\"ReadAction\",\"target\":[\"https:\\\/\\\/autorival.ro\\\/chevrolet\\\/product\\\/etrier-frana-chevrolet-cruze-j300-1-7-td-diesel-110-cai-budweg-caliper-344545\\\/\"]}]},{\"@type\":\"ImageObject\",\"inLanguage\":\"en-US\",\"@id\":\"https:\\\/\\\/autorival.ro\\\/chevrolet\\\/product\\\/etrier-frana-chevrolet-cruze-j300-1-7-td-diesel-110-cai-budweg-caliper-344545\\\/#primaryimage\",\"url\":\"https:\\\/\\\/autorival.ro\\\/chevrolet\\\/wp-content\\\/uploads\\\/sites\\\/7\\\/2025\\\/04\\\/344545.jpg\",\"contentUrl\":\"https:\\\/\\\/autorival.ro\\\/chevrolet\\\/wp-content\\\/uploads\\\/sites\\\/7\\\/2025\\\/04\\\/344545.jpg\",\"width\":600,\"height\":288,\"caption\":\"Etrier frana -> CHEVROLET CRUZE (J300) 1.6 benzina 124 cai -> BUDWEG CALIPER 344545\"},{\"@type\":\"BreadcrumbList\",\"@id\":\"https:\\\/\\\/autorival.ro\\\/chevrolet\\\/product\\\/etrier-frana-chevrolet-cruze-j300-1-7-td-diesel-110-cai-budweg-caliper-344545\\\/#breadcrumb\",\"itemListElement\":[{\"@type\":\"ListItem\",\"position\":1,\"name\":\"Prima pagin\u0103\",\"item\":\"https:\\\/\\\/autorival.ro\\\/chevrolet\\\/\"},{\"@type\":\"ListItem\",\"position\":2,\"name\":\"Piese auto CHEVROLET\",\"item\":\"https:\\\/\\\/autorival.ro\\\/chevrolet\\\/\"},{\"@type\":\"ListItem\",\"position\":3,\"name\":\"Etrier frana CHEVROLET CRUZE (J300) 1.7 TD diesel 110 cai BUDWEG CALIPER 344545\"}]},{\"@type\":\"WebSite\",\"@id\":\"https:\\\/\\\/autorival.ro\\\/chevrolet\\\/#website\",\"url\":\"https:\\\/\\\/autorival.ro\\\/chevrolet\\\/\",\"name\":\"CHEVROLET\",\"description\":\"\",\"potentialAction\":[{\"@type\":\"SearchAction\",\"target\":{\"@type\":\"EntryPoint\",\"urlTemplate\":\"https:\\\/\\\/autorival.ro\\\/chevrolet\\\/?s={search_term_string}\"},\"query-input\":{\"@type\":\"PropertyValueSpecification\",\"valueRequired\":true,\"valueName\":\"search_term_string\"}}],\"inLanguage\":\"en-US\"}]}<\/script>\n<!-- \/ Yoast SEO plugin. -->","yoast_head_json":{"title":"Etrier frana CHEVROLET CRUZE (J300) 1.7 TD diesel 110 cai BUDWEG CALIPER 344545 CHEVROLET | BUDWEG - Autorival","description":"\u26a1 Etrier frana CHEVROLET CRUZE (J300) 1.7 TD diesel 110 cai BUDWEG CALIPER 344545 pentru CHEVROLET la doar 585 RON. \u2713 Cod: 344545 \u2713 Brand: BUDWEG \u2713 \u00cen stoc \u2713 Livrare 24h \u2713 Garan\u021bie!","robots":{"index":"index","follow":"follow","max-snippet":"max-snippet:-1","max-image-preview":"max-image-preview:large","max-video-preview":"max-video-preview:-1"},"og_locale":"en_US","og_type":"article","og_title":"Etrier frana CHEVROLET CRUZE (J300) 1.7 TD diesel 110 cai BUDWEG CALIPER 344545 CHEVROLET | BUDWEG - Autorival","og_description":"\u26a1 Etrier frana CHEVROLET CRUZE (J300) 1.7 TD diesel 110 cai BUDWEG CALIPER 344545 pentru CHEVROLET la doar 585 RON. \u2713 Cod: 344545 \u2713 Brand: BUDWEG \u2713 \u00cen stoc \u2713 Livrare 24h \u2713 Garan\u021bie!","og_url":"https:\/\/autorival.ro\/chevrolet\/product\/etrier-frana-chevrolet-cruze-j300-1-7-td-diesel-110-cai-budweg-caliper-344545\/","og_site_name":"CHEVROLET","og_image":[{"width":600,"height":288,"url":"https:\/\/autorival.ro\/chevrolet\/wp-content\/uploads\/sites\/7\/2025\/04\/344545.jpg","type":"image\/jpeg"}],"twitter_card":"summary_large_image","twitter_title":"Etrier frana CHEVROLET CRUZE (J300) 1.7 TD diesel 110 cai BUDWEG CALIPER 344545 CHEVROLET | BUDWEG - Autorival","twitter_description":"\u26a1 Etrier frana CHEVROLET CRUZE (J300) 1.7 TD diesel 110 cai BUDWEG CALIPER 344545 pentru CHEVROLET la doar 585 RON. \u2713 Cod: 344545 \u2713 Brand: BUDWEG \u2713 \u00cen stoc \u2713 Livrare 24h \u2713 Garan\u021bie!","schema":{"@context":"https:\/\/schema.org","@graph":[{"@type":"WebPage","@id":"https:\/\/autorival.ro\/chevrolet\/product\/etrier-frana-chevrolet-cruze-j300-1-7-td-diesel-110-cai-budweg-caliper-344545\/","url":"https:\/\/autorival.ro\/chevrolet\/product\/etrier-frana-chevrolet-cruze-j300-1-7-td-diesel-110-cai-budweg-caliper-344545\/","name":"Etrier frana CHEVROLET CRUZE (J300) 1.7 TD diesel 110 cai BUDWEG CALIPER 344545 CHEVROLET | BUDWEG - Autorival","isPartOf":{"@id":"https:\/\/autorival.ro\/chevrolet\/#website"},"primaryImageOfPage":{"@id":"https:\/\/autorival.ro\/chevrolet\/product\/etrier-frana-chevrolet-cruze-j300-1-7-td-diesel-110-cai-budweg-caliper-344545\/#primaryimage"},"image":{"@id":"https:\/\/autorival.ro\/chevrolet\/product\/etrier-frana-chevrolet-cruze-j300-1-7-td-diesel-110-cai-budweg-caliper-344545\/#primaryimage"},"thumbnailUrl":"https:\/\/autorival.ro\/chevrolet\/wp-content\/uploads\/sites\/7\/2025\/04\/344545.jpg","datePublished":"2025-05-03T01:10:00+00:00","description":"\u26a1 Etrier frana CHEVROLET CRUZE (J300) 1.7 TD diesel 110 cai BUDWEG CALIPER 344545 pentru CHEVROLET la doar 585 RON. \u2713 Cod: 344545 \u2713 Brand: BUDWEG \u2713 \u00cen stoc \u2713 Livrare 24h \u2713 Garan\u021bie!","breadcrumb":{"@id":"https:\/\/autorival.ro\/chevrolet\/product\/etrier-frana-chevrolet-cruze-j300-1-7-td-diesel-110-cai-budweg-caliper-344545\/#breadcrumb"},"inLanguage":"en-US","potentialAction":[{"@type":"ReadAction","target":["https:\/\/autorival.ro\/chevrolet\/product\/etrier-frana-chevrolet-cruze-j300-1-7-td-diesel-110-cai-budweg-caliper-344545\/"]}]},{"@type":"ImageObject","inLanguage":"en-US","@id":"https:\/\/autorival.ro\/chevrolet\/product\/etrier-frana-chevrolet-cruze-j300-1-7-td-diesel-110-cai-budweg-caliper-344545\/#primaryimage","url":"https:\/\/autorival.ro\/chevrolet\/wp-content\/uploads\/sites\/7\/2025\/04\/344545.jpg","contentUrl":"https:\/\/autorival.ro\/chevrolet\/wp-content\/uploads\/sites\/7\/2025\/04\/344545.jpg","width":600,"height":288,"caption":"Etrier frana -> CHEVROLET CRUZE (J300) 1.6 benzina 124 cai -> BUDWEG CALIPER 344545"},{"@type":"BreadcrumbList","@id":"https:\/\/autorival.ro\/chevrolet\/product\/etrier-frana-chevrolet-cruze-j300-1-7-td-diesel-110-cai-budweg-caliper-344545\/#breadcrumb","itemListElement":[{"@type":"ListItem","position":1,"name":"Prima pagin\u0103","item":"https:\/\/autorival.ro\/chevrolet\/"},{"@type":"ListItem","position":2,"name":"Piese auto CHEVROLET","item":"https:\/\/autorival.ro\/chevrolet\/"},{"@type":"ListItem","position":3,"name":"Etrier frana CHEVROLET CRUZE (J300) 1.7 TD diesel 110 cai BUDWEG CALIPER 344545"}]},{"@type":"WebSite","@id":"https:\/\/autorival.ro\/chevrolet\/#website","url":"https:\/\/autorival.ro\/chevrolet\/","name":"CHEVROLET","description":"","potentialAction":[{"@type":"SearchAction","target":{"@type":"EntryPoint","urlTemplate":"https:\/\/autorival.ro\/chevrolet\/?s={search_term_string}"},"query-input":{"@type":"PropertyValueSpecification","valueRequired":true,"valueName":"search_term_string"}}],"inLanguage":"en-US"}]}},"_links":{"self":[{"href":"https:\/\/autorival.ro\/chevrolet\/wp-json\/wp\/v2\/product\/189009","targetHints":{"allow":["GET"]}}],"collection":[{"href":"https:\/\/autorival.ro\/chevrolet\/wp-json\/wp\/v2\/product"}],"about":[{"href":"https:\/\/autorival.ro\/chevrolet\/wp-json\/wp\/v2\/types\/product"}],"replies":[{"embeddable":true,"href":"https:\/\/autorival.ro\/chevrolet\/wp-json\/wp\/v2\/comments?post=189009"}],"wp:featuredmedia":[{"embeddable":true,"href":"https:\/\/autorival.ro\/chevrolet\/wp-json\/wp\/v2\/media\/38710"}],"wp:attachment":[{"href":"https:\/\/autorival.ro\/chevrolet\/wp-json\/wp\/v2\/media?parent=189009"}],"wp:term":[{"taxonomy":"product_brand","embeddable":true,"href":"https:\/\/autorival.ro\/chevrolet\/wp-json\/wp\/v2\/product_brand?post=189009"},{"taxonomy":"product_cat","embeddable":true,"href":"https:\/\/autorival.ro\/chevrolet\/wp-json\/wp\/v2\/product_cat?post=189009"},{"taxonomy":"product_tag","embeddable":true,"href":"https:\/\/autorival.ro\/chevrolet\/wp-json\/wp\/v2\/product_tag?post=189009"}],"curies":[{"name":"wp","href":"https:\/\/api.w.org\/{rel}","templated":true}]}}