{"id":188540,"date":"2025-05-03T01:01:25","date_gmt":"2025-05-03T01:01:25","guid":{"rendered":"https:\/\/autorival.ro\/chevrolet\/product\/electromotor-chevrolet-matiz-m200-m250-0-8-lpg-benzina-autogaz-gpl-52-cai-as-pl-s6016\/"},"modified":"2025-05-03T01:01:25","modified_gmt":"2025-05-03T01:01:25","slug":"electromotor-chevrolet-matiz-m200-m250-0-8-lpg-benzina-autogaz-gpl-52-cai-as-pl-s6016","status":"publish","type":"product","link":"https:\/\/autorival.ro\/chevrolet\/product\/electromotor-chevrolet-matiz-m200-m250-0-8-lpg-benzina-autogaz-gpl-52-cai-as-pl-s6016\/","title":{"rendered":"Electromotor CHEVROLET MATIZ (M200, M250) 0.8 LPG Benzina\/Autogaz (GPL) 52 cai AS-PL S6016"},"content":{"rendered":"<p>Restrictiile producatorului: DENSODirectia de rotatie: rotatie contrar acelor de ceasornicNumarul gaurilor de fixare: 2Tensiune [V]: 12Putere electromotor [kW]: 1Numar dinti: 8Calitate: STANDARD LINEPies\u0103 nou\u0103 f\u0103r\u0103 gaj<\/p>\n","protected":false},"excerpt":{"rendered":"<p>Producator: AS-PL Cod producator: S6016<\/p>\n","protected":false},"featured_media":132820,"comment_status":"open","ping_status":"closed","template":"","meta":[],"product_brand":[11035],"product_cat":[61159],"product_tag":[72330,72301,72279,72827,72281,72329],"class_list":{"0":"post-188540","1":"product","2":"type-product","3":"status-publish","4":"has-post-thumbnail","6":"product_brand-as-pl","7":"product_cat-electromotor-m200-m250-0-8-lpg-benzina-autogaz-gpl-52-2","8":"product_tag-m200","9":"product_tag-as","10":"product_tag-chevrolet","11":"product_tag-electromotor","12":"product_tag-lpg","13":"product_tag-matiz","15":"first","16":"instock","17":"shipping-taxable","18":"purchasable","19":"product-type-simple"},"yoast_head":"<!-- This site is optimized with the Yoast SEO plugin v27.3 - https:\/\/yoast.com\/product\/yoast-seo-wordpress\/ -->\n<title>Electromotor CHEVROLET MATIZ (M200, M250) 0.8 LPG Benzina\/Autogaz (GPL) 52 cai AS-PL S6016 CHEVROLET | AS-PL - Autorival<\/title>\n<meta name=\"description\" content=\"\u26a1 Electromotor CHEVROLET MATIZ (M200, M250) 0.8 LPG Benzina\/Autogaz (GPL) 52 cai AS-PL S6016 pentru CHEVROLET la doar 454 RON. \u2713 Cod: S6016 \u2713 Brand: AS-PL \u2713 \u00cen stoc \u2713 Livrare 24h \u2713 Garan\u021bie!\" \/>\n<meta name=\"robots\" content=\"index, follow, max-snippet:-1, max-image-preview:large, max-video-preview:-1\" \/>\n<meta property=\"og:locale\" content=\"en_US\" \/>\n<meta property=\"og:type\" content=\"article\" \/>\n<meta property=\"og:title\" content=\"Electromotor CHEVROLET MATIZ (M200, M250) 0.8 LPG Benzina\/Autogaz (GPL) 52 cai AS-PL S6016 CHEVROLET | AS-PL - Autorival\" \/>\n<meta property=\"og:description\" content=\"\u26a1 Electromotor CHEVROLET MATIZ (M200, M250) 0.8 LPG Benzina\/Autogaz (GPL) 52 cai AS-PL S6016 pentru CHEVROLET la doar 454 RON. \u2713 Cod: S6016 \u2713 Brand: AS-PL \u2713 \u00cen stoc \u2713 Livrare 24h \u2713 Garan\u021bie!\" \/>\n<meta property=\"og:url\" content=\"https:\/\/autorival.ro\/chevrolet\/product\/electromotor-chevrolet-matiz-m200-m250-0-8-lpg-benzina-autogaz-gpl-52-cai-as-pl-s6016\/\" \/>\n<meta property=\"og:site_name\" content=\"CHEVROLET\" \/>\n<meta property=\"og:image\" content=\"https:\/\/autorival.ro\/chevrolet\/wp-content\/uploads\/sites\/7\/2025\/05\/227199.jpg\" \/>\n\t<meta property=\"og:image:width\" content=\"1080\" \/>\n\t<meta property=\"og:image:height\" content=\"810\" \/>\n\t<meta property=\"og:image:type\" content=\"image\/jpeg\" \/>\n<meta name=\"twitter:card\" content=\"summary_large_image\" \/>\n<meta name=\"twitter:title\" content=\"Electromotor CHEVROLET MATIZ (M200, M250) 0.8 LPG Benzina\/Autogaz (GPL) 52 cai AS-PL S6016 CHEVROLET | AS-PL - Autorival\" \/>\n<meta name=\"twitter:description\" content=\"\u26a1 Electromotor CHEVROLET MATIZ (M200, M250) 0.8 LPG Benzina\/Autogaz (GPL) 52 cai AS-PL S6016 pentru CHEVROLET la doar 454 RON. \u2713 Cod: S6016 \u2713 Brand: AS-PL \u2713 \u00cen stoc \u2713 Livrare 24h \u2713 Garan\u021bie!\" \/>\n<script type=\"application\/ld+json\" class=\"yoast-schema-graph\">{\"@context\":\"https:\\\/\\\/schema.org\",\"@graph\":[{\"@type\":\"WebPage\",\"@id\":\"https:\\\/\\\/autorival.ro\\\/chevrolet\\\/product\\\/electromotor-chevrolet-matiz-m200-m250-0-8-lpg-benzina-autogaz-gpl-52-cai-as-pl-s6016\\\/\",\"url\":\"https:\\\/\\\/autorival.ro\\\/chevrolet\\\/product\\\/electromotor-chevrolet-matiz-m200-m250-0-8-lpg-benzina-autogaz-gpl-52-cai-as-pl-s6016\\\/\",\"name\":\"Electromotor CHEVROLET MATIZ (M200, M250) 0.8 LPG Benzina\\\/Autogaz (GPL) 52 cai AS-PL S6016 CHEVROLET | AS-PL - Autorival\",\"isPartOf\":{\"@id\":\"https:\\\/\\\/autorival.ro\\\/chevrolet\\\/#website\"},\"primaryImageOfPage\":{\"@id\":\"https:\\\/\\\/autorival.ro\\\/chevrolet\\\/product\\\/electromotor-chevrolet-matiz-m200-m250-0-8-lpg-benzina-autogaz-gpl-52-cai-as-pl-s6016\\\/#primaryimage\"},\"image\":{\"@id\":\"https:\\\/\\\/autorival.ro\\\/chevrolet\\\/product\\\/electromotor-chevrolet-matiz-m200-m250-0-8-lpg-benzina-autogaz-gpl-52-cai-as-pl-s6016\\\/#primaryimage\"},\"thumbnailUrl\":\"https:\\\/\\\/autorival.ro\\\/chevrolet\\\/wp-content\\\/uploads\\\/sites\\\/7\\\/2025\\\/05\\\/227199.jpg\",\"datePublished\":\"2025-05-03T01:01:25+00:00\",\"description\":\"\u26a1 Electromotor CHEVROLET MATIZ (M200, M250) 0.8 LPG Benzina\\\/Autogaz (GPL) 52 cai AS-PL S6016 pentru CHEVROLET la doar 454 RON. \u2713 Cod: S6016 \u2713 Brand: AS-PL \u2713 \u00cen stoc \u2713 Livrare 24h \u2713 Garan\u021bie!\",\"breadcrumb\":{\"@id\":\"https:\\\/\\\/autorival.ro\\\/chevrolet\\\/product\\\/electromotor-chevrolet-matiz-m200-m250-0-8-lpg-benzina-autogaz-gpl-52-cai-as-pl-s6016\\\/#breadcrumb\"},\"inLanguage\":\"en-US\",\"potentialAction\":[{\"@type\":\"ReadAction\",\"target\":[\"https:\\\/\\\/autorival.ro\\\/chevrolet\\\/product\\\/electromotor-chevrolet-matiz-m200-m250-0-8-lpg-benzina-autogaz-gpl-52-cai-as-pl-s6016\\\/\"]}]},{\"@type\":\"ImageObject\",\"inLanguage\":\"en-US\",\"@id\":\"https:\\\/\\\/autorival.ro\\\/chevrolet\\\/product\\\/electromotor-chevrolet-matiz-m200-m250-0-8-lpg-benzina-autogaz-gpl-52-cai-as-pl-s6016\\\/#primaryimage\",\"url\":\"https:\\\/\\\/autorival.ro\\\/chevrolet\\\/wp-content\\\/uploads\\\/sites\\\/7\\\/2025\\\/05\\\/227199.jpg\",\"contentUrl\":\"https:\\\/\\\/autorival.ro\\\/chevrolet\\\/wp-content\\\/uploads\\\/sites\\\/7\\\/2025\\\/05\\\/227199.jpg\",\"width\":1080,\"height\":810},{\"@type\":\"BreadcrumbList\",\"@id\":\"https:\\\/\\\/autorival.ro\\\/chevrolet\\\/product\\\/electromotor-chevrolet-matiz-m200-m250-0-8-lpg-benzina-autogaz-gpl-52-cai-as-pl-s6016\\\/#breadcrumb\",\"itemListElement\":[{\"@type\":\"ListItem\",\"position\":1,\"name\":\"Prima pagin\u0103\",\"item\":\"https:\\\/\\\/autorival.ro\\\/chevrolet\\\/\"},{\"@type\":\"ListItem\",\"position\":2,\"name\":\"Piese auto CHEVROLET\",\"item\":\"https:\\\/\\\/autorival.ro\\\/chevrolet\\\/\"},{\"@type\":\"ListItem\",\"position\":3,\"name\":\"Electromotor CHEVROLET MATIZ (M200, M250) 0.8 LPG Benzina\\\/Autogaz (GPL) 52 cai AS-PL S6016\"}]},{\"@type\":\"WebSite\",\"@id\":\"https:\\\/\\\/autorival.ro\\\/chevrolet\\\/#website\",\"url\":\"https:\\\/\\\/autorival.ro\\\/chevrolet\\\/\",\"name\":\"CHEVROLET\",\"description\":\"\",\"potentialAction\":[{\"@type\":\"SearchAction\",\"target\":{\"@type\":\"EntryPoint\",\"urlTemplate\":\"https:\\\/\\\/autorival.ro\\\/chevrolet\\\/?s={search_term_string}\"},\"query-input\":{\"@type\":\"PropertyValueSpecification\",\"valueRequired\":true,\"valueName\":\"search_term_string\"}}],\"inLanguage\":\"en-US\"}]}<\/script>\n<!-- \/ Yoast SEO plugin. -->","yoast_head_json":{"title":"Electromotor CHEVROLET MATIZ (M200, M250) 0.8 LPG Benzina\/Autogaz (GPL) 52 cai AS-PL S6016 CHEVROLET | AS-PL - Autorival","description":"\u26a1 Electromotor CHEVROLET MATIZ (M200, M250) 0.8 LPG Benzina\/Autogaz (GPL) 52 cai AS-PL S6016 pentru CHEVROLET la doar 454 RON. \u2713 Cod: S6016 \u2713 Brand: AS-PL \u2713 \u00cen stoc \u2713 Livrare 24h \u2713 Garan\u021bie!","robots":{"index":"index","follow":"follow","max-snippet":"max-snippet:-1","max-image-preview":"max-image-preview:large","max-video-preview":"max-video-preview:-1"},"og_locale":"en_US","og_type":"article","og_title":"Electromotor CHEVROLET MATIZ (M200, M250) 0.8 LPG Benzina\/Autogaz (GPL) 52 cai AS-PL S6016 CHEVROLET | AS-PL - Autorival","og_description":"\u26a1 Electromotor CHEVROLET MATIZ (M200, M250) 0.8 LPG Benzina\/Autogaz (GPL) 52 cai AS-PL S6016 pentru CHEVROLET la doar 454 RON. \u2713 Cod: S6016 \u2713 Brand: AS-PL \u2713 \u00cen stoc \u2713 Livrare 24h \u2713 Garan\u021bie!","og_url":"https:\/\/autorival.ro\/chevrolet\/product\/electromotor-chevrolet-matiz-m200-m250-0-8-lpg-benzina-autogaz-gpl-52-cai-as-pl-s6016\/","og_site_name":"CHEVROLET","og_image":[{"width":1080,"height":810,"url":"https:\/\/autorival.ro\/chevrolet\/wp-content\/uploads\/sites\/7\/2025\/05\/227199.jpg","type":"image\/jpeg"}],"twitter_card":"summary_large_image","twitter_title":"Electromotor CHEVROLET MATIZ (M200, M250) 0.8 LPG Benzina\/Autogaz (GPL) 52 cai AS-PL S6016 CHEVROLET | AS-PL - Autorival","twitter_description":"\u26a1 Electromotor CHEVROLET MATIZ (M200, M250) 0.8 LPG Benzina\/Autogaz (GPL) 52 cai AS-PL S6016 pentru CHEVROLET la doar 454 RON. \u2713 Cod: S6016 \u2713 Brand: AS-PL \u2713 \u00cen stoc \u2713 Livrare 24h \u2713 Garan\u021bie!","schema":{"@context":"https:\/\/schema.org","@graph":[{"@type":"WebPage","@id":"https:\/\/autorival.ro\/chevrolet\/product\/electromotor-chevrolet-matiz-m200-m250-0-8-lpg-benzina-autogaz-gpl-52-cai-as-pl-s6016\/","url":"https:\/\/autorival.ro\/chevrolet\/product\/electromotor-chevrolet-matiz-m200-m250-0-8-lpg-benzina-autogaz-gpl-52-cai-as-pl-s6016\/","name":"Electromotor CHEVROLET MATIZ (M200, M250) 0.8 LPG Benzina\/Autogaz (GPL) 52 cai AS-PL S6016 CHEVROLET | AS-PL - Autorival","isPartOf":{"@id":"https:\/\/autorival.ro\/chevrolet\/#website"},"primaryImageOfPage":{"@id":"https:\/\/autorival.ro\/chevrolet\/product\/electromotor-chevrolet-matiz-m200-m250-0-8-lpg-benzina-autogaz-gpl-52-cai-as-pl-s6016\/#primaryimage"},"image":{"@id":"https:\/\/autorival.ro\/chevrolet\/product\/electromotor-chevrolet-matiz-m200-m250-0-8-lpg-benzina-autogaz-gpl-52-cai-as-pl-s6016\/#primaryimage"},"thumbnailUrl":"https:\/\/autorival.ro\/chevrolet\/wp-content\/uploads\/sites\/7\/2025\/05\/227199.jpg","datePublished":"2025-05-03T01:01:25+00:00","description":"\u26a1 Electromotor CHEVROLET MATIZ (M200, M250) 0.8 LPG Benzina\/Autogaz (GPL) 52 cai AS-PL S6016 pentru CHEVROLET la doar 454 RON. \u2713 Cod: S6016 \u2713 Brand: AS-PL \u2713 \u00cen stoc \u2713 Livrare 24h \u2713 Garan\u021bie!","breadcrumb":{"@id":"https:\/\/autorival.ro\/chevrolet\/product\/electromotor-chevrolet-matiz-m200-m250-0-8-lpg-benzina-autogaz-gpl-52-cai-as-pl-s6016\/#breadcrumb"},"inLanguage":"en-US","potentialAction":[{"@type":"ReadAction","target":["https:\/\/autorival.ro\/chevrolet\/product\/electromotor-chevrolet-matiz-m200-m250-0-8-lpg-benzina-autogaz-gpl-52-cai-as-pl-s6016\/"]}]},{"@type":"ImageObject","inLanguage":"en-US","@id":"https:\/\/autorival.ro\/chevrolet\/product\/electromotor-chevrolet-matiz-m200-m250-0-8-lpg-benzina-autogaz-gpl-52-cai-as-pl-s6016\/#primaryimage","url":"https:\/\/autorival.ro\/chevrolet\/wp-content\/uploads\/sites\/7\/2025\/05\/227199.jpg","contentUrl":"https:\/\/autorival.ro\/chevrolet\/wp-content\/uploads\/sites\/7\/2025\/05\/227199.jpg","width":1080,"height":810},{"@type":"BreadcrumbList","@id":"https:\/\/autorival.ro\/chevrolet\/product\/electromotor-chevrolet-matiz-m200-m250-0-8-lpg-benzina-autogaz-gpl-52-cai-as-pl-s6016\/#breadcrumb","itemListElement":[{"@type":"ListItem","position":1,"name":"Prima pagin\u0103","item":"https:\/\/autorival.ro\/chevrolet\/"},{"@type":"ListItem","position":2,"name":"Piese auto CHEVROLET","item":"https:\/\/autorival.ro\/chevrolet\/"},{"@type":"ListItem","position":3,"name":"Electromotor CHEVROLET MATIZ (M200, M250) 0.8 LPG Benzina\/Autogaz (GPL) 52 cai AS-PL S6016"}]},{"@type":"WebSite","@id":"https:\/\/autorival.ro\/chevrolet\/#website","url":"https:\/\/autorival.ro\/chevrolet\/","name":"CHEVROLET","description":"","potentialAction":[{"@type":"SearchAction","target":{"@type":"EntryPoint","urlTemplate":"https:\/\/autorival.ro\/chevrolet\/?s={search_term_string}"},"query-input":{"@type":"PropertyValueSpecification","valueRequired":true,"valueName":"search_term_string"}}],"inLanguage":"en-US"}]}},"_links":{"self":[{"href":"https:\/\/autorival.ro\/chevrolet\/wp-json\/wp\/v2\/product\/188540","targetHints":{"allow":["GET"]}}],"collection":[{"href":"https:\/\/autorival.ro\/chevrolet\/wp-json\/wp\/v2\/product"}],"about":[{"href":"https:\/\/autorival.ro\/chevrolet\/wp-json\/wp\/v2\/types\/product"}],"replies":[{"embeddable":true,"href":"https:\/\/autorival.ro\/chevrolet\/wp-json\/wp\/v2\/comments?post=188540"}],"wp:featuredmedia":[{"embeddable":true,"href":"https:\/\/autorival.ro\/chevrolet\/wp-json\/wp\/v2\/media\/132820"}],"wp:attachment":[{"href":"https:\/\/autorival.ro\/chevrolet\/wp-json\/wp\/v2\/media?parent=188540"}],"wp:term":[{"taxonomy":"product_brand","embeddable":true,"href":"https:\/\/autorival.ro\/chevrolet\/wp-json\/wp\/v2\/product_brand?post=188540"},{"taxonomy":"product_cat","embeddable":true,"href":"https:\/\/autorival.ro\/chevrolet\/wp-json\/wp\/v2\/product_cat?post=188540"},{"taxonomy":"product_tag","embeddable":true,"href":"https:\/\/autorival.ro\/chevrolet\/wp-json\/wp\/v2\/product_tag?post=188540"}],"curies":[{"name":"wp","href":"https:\/\/api.w.org\/{rel}","templated":true}]}}