{"id":188458,"date":"2025-05-03T00:59:21","date_gmt":"2025-05-03T00:59:21","guid":{"rendered":"https:\/\/autorival.ro\/chevrolet\/product\/electromotor-chevrolet-lacetti-j200-1-4-16v-benzina-95-cai-bosch-0-986-017-120\/"},"modified":"2025-05-03T00:59:21","modified_gmt":"2025-05-03T00:59:21","slug":"electromotor-chevrolet-lacetti-j200-1-4-16v-benzina-95-cai-bosch-0-986-017-120","status":"publish","type":"product","link":"https:\/\/autorival.ro\/chevrolet\/product\/electromotor-chevrolet-lacetti-j200-1-4-16v-benzina-95-cai-bosch-0-986-017-120\/","title":{"rendered":"Electromotor CHEVROLET LACETTI (J200) 1.4 16V benzina 95 cai BOSCH 0 986 017 120"},"content":{"rendered":"<p>Piesa la schimbTensiune [V]: 12Putere electromotor [kW]: 0,9Numarul gaurilor de fixare: 2Numarul gaurilor filetate: 0Numar dinti: 10, 9Clema: 50, 30 ->Diametru flan\u00c3\u02c6\u00e2\u201e\u00a2\u0103 [mm]: 68Directia de rotatie: rotatie contrar acelor de ceasornicPozitie initiala-Pinion [mm]: 18,5Varianta starter: lagare individuale ->Diametrul orificiului [mm]: 8,5 ->Diametru alezaj 2 [mm]: 8,5 ->Lungime [mm]: 210Pozitie\/Grade: linksUnghi de fixare (Grade): 75M\u0103rime unghiular\u0103 orificiu de alimentare [grade]: 105M\u0103rime unghiular\u0103 orificiu de fixare [grade]: 75<\/p>\n","protected":false},"excerpt":{"rendered":"<p>Producator: BOSCH Cod producator: 0 986 017 120<\/p>\n","protected":false},"featured_media":188457,"comment_status":"open","ping_status":"closed","template":"","meta":[],"product_brand":[10950],"product_cat":[61152],"product_tag":[72320,72310,72305,72279,72827,72319],"class_list":{"0":"post-188458","1":"product","2":"type-product","3":"status-publish","4":"has-post-thumbnail","6":"product_brand-bosch","7":"product_cat-electromotor-j200-1-4-16v-benzina-95-3","8":"product_tag-j200","9":"product_tag-1-4","10":"product_tag-bosch","11":"product_tag-chevrolet","12":"product_tag-electromotor","13":"product_tag-lacetti","15":"first","16":"instock","17":"shipping-taxable","18":"purchasable","19":"product-type-simple"},"yoast_head":"<!-- This site is optimized with the Yoast SEO plugin v27.3 - https:\/\/yoast.com\/product\/yoast-seo-wordpress\/ -->\n<title>Electromotor CHEVROLET LACETTI (J200) 1.4 16V benzina 95 cai BOSCH 0 986 017 120 CHEVROLET | BOSCH - Autorival<\/title>\n<meta name=\"description\" content=\"\u26a1 Electromotor CHEVROLET LACETTI (J200) 1.4 16V benzina 95 cai BOSCH 0 986 017 120 pentru CHEVROLET la doar 430.26 RON \u2713 Brand: BOSCH \u2713 \u00cen stoc \u2713 Livrare 24h \u2713 Garan\u021bie!\" \/>\n<meta name=\"robots\" content=\"index, follow, max-snippet:-1, max-image-preview:large, max-video-preview:-1\" \/>\n<meta property=\"og:locale\" content=\"en_US\" \/>\n<meta property=\"og:type\" content=\"article\" \/>\n<meta property=\"og:title\" content=\"Electromotor CHEVROLET LACETTI (J200) 1.4 16V benzina 95 cai BOSCH 0 986 017 120 CHEVROLET | BOSCH - Autorival\" \/>\n<meta property=\"og:description\" content=\"\u26a1 Electromotor CHEVROLET LACETTI (J200) 1.4 16V benzina 95 cai BOSCH 0 986 017 120 pentru CHEVROLET la doar 430.26 RON \u2713 Brand: BOSCH \u2713 \u00cen stoc \u2713 Livrare 24h \u2713 Garan\u021bie!\" \/>\n<meta property=\"og:url\" content=\"https:\/\/autorival.ro\/chevrolet\/product\/electromotor-chevrolet-lacetti-j200-1-4-16v-benzina-95-cai-bosch-0-986-017-120\/\" \/>\n<meta property=\"og:site_name\" content=\"CHEVROLET\" \/>\n<meta property=\"og:image\" content=\"https:\/\/autorival.ro\/chevrolet\/wp-content\/uploads\/sites\/7\/2025\/05\/0986017120dr00whcoenmm.jpg\" \/>\n\t<meta property=\"og:image:width\" content=\"1280\" \/>\n\t<meta property=\"og:image:height\" content=\"853\" \/>\n\t<meta property=\"og:image:type\" content=\"image\/jpeg\" \/>\n<meta name=\"twitter:card\" content=\"summary_large_image\" \/>\n<meta name=\"twitter:title\" content=\"Electromotor CHEVROLET LACETTI (J200) 1.4 16V benzina 95 cai BOSCH 0 986 017 120 CHEVROLET | BOSCH - Autorival\" \/>\n<meta name=\"twitter:description\" content=\"\u26a1 Electromotor CHEVROLET LACETTI (J200) 1.4 16V benzina 95 cai BOSCH 0 986 017 120 pentru CHEVROLET la doar 430.26 RON \u2713 Brand: BOSCH \u2713 \u00cen stoc \u2713 Livrare 24h \u2713 Garan\u021bie!\" \/>\n<script type=\"application\/ld+json\" class=\"yoast-schema-graph\">{\"@context\":\"https:\\\/\\\/schema.org\",\"@graph\":[{\"@type\":\"WebPage\",\"@id\":\"https:\\\/\\\/autorival.ro\\\/chevrolet\\\/product\\\/electromotor-chevrolet-lacetti-j200-1-4-16v-benzina-95-cai-bosch-0-986-017-120\\\/\",\"url\":\"https:\\\/\\\/autorival.ro\\\/chevrolet\\\/product\\\/electromotor-chevrolet-lacetti-j200-1-4-16v-benzina-95-cai-bosch-0-986-017-120\\\/\",\"name\":\"Electromotor CHEVROLET LACETTI (J200) 1.4 16V benzina 95 cai BOSCH 0 986 017 120 CHEVROLET | BOSCH - Autorival\",\"isPartOf\":{\"@id\":\"https:\\\/\\\/autorival.ro\\\/chevrolet\\\/#website\"},\"primaryImageOfPage\":{\"@id\":\"https:\\\/\\\/autorival.ro\\\/chevrolet\\\/product\\\/electromotor-chevrolet-lacetti-j200-1-4-16v-benzina-95-cai-bosch-0-986-017-120\\\/#primaryimage\"},\"image\":{\"@id\":\"https:\\\/\\\/autorival.ro\\\/chevrolet\\\/product\\\/electromotor-chevrolet-lacetti-j200-1-4-16v-benzina-95-cai-bosch-0-986-017-120\\\/#primaryimage\"},\"thumbnailUrl\":\"https:\\\/\\\/autorival.ro\\\/chevrolet\\\/wp-content\\\/uploads\\\/sites\\\/7\\\/2025\\\/05\\\/0986017120dr00whcoenmm.jpg\",\"datePublished\":\"2025-05-03T00:59:21+00:00\",\"description\":\"\u26a1 Electromotor CHEVROLET LACETTI (J200) 1.4 16V benzina 95 cai BOSCH 0 986 017 120 pentru CHEVROLET la doar 430.26 RON \u2713 Brand: BOSCH \u2713 \u00cen stoc \u2713 Livrare 24h \u2713 Garan\u021bie!\",\"breadcrumb\":{\"@id\":\"https:\\\/\\\/autorival.ro\\\/chevrolet\\\/product\\\/electromotor-chevrolet-lacetti-j200-1-4-16v-benzina-95-cai-bosch-0-986-017-120\\\/#breadcrumb\"},\"inLanguage\":\"en-US\",\"potentialAction\":[{\"@type\":\"ReadAction\",\"target\":[\"https:\\\/\\\/autorival.ro\\\/chevrolet\\\/product\\\/electromotor-chevrolet-lacetti-j200-1-4-16v-benzina-95-cai-bosch-0-986-017-120\\\/\"]}]},{\"@type\":\"ImageObject\",\"inLanguage\":\"en-US\",\"@id\":\"https:\\\/\\\/autorival.ro\\\/chevrolet\\\/product\\\/electromotor-chevrolet-lacetti-j200-1-4-16v-benzina-95-cai-bosch-0-986-017-120\\\/#primaryimage\",\"url\":\"https:\\\/\\\/autorival.ro\\\/chevrolet\\\/wp-content\\\/uploads\\\/sites\\\/7\\\/2025\\\/05\\\/0986017120dr00whcoenmm.jpg\",\"contentUrl\":\"https:\\\/\\\/autorival.ro\\\/chevrolet\\\/wp-content\\\/uploads\\\/sites\\\/7\\\/2025\\\/05\\\/0986017120dr00whcoenmm.jpg\",\"width\":1280,\"height\":853,\"caption\":\"Electromotor CHEVROLET LACETTI (J200) 1.4 16V benzina 95 cai BOSCH 0 986 017 120\"},{\"@type\":\"BreadcrumbList\",\"@id\":\"https:\\\/\\\/autorival.ro\\\/chevrolet\\\/product\\\/electromotor-chevrolet-lacetti-j200-1-4-16v-benzina-95-cai-bosch-0-986-017-120\\\/#breadcrumb\",\"itemListElement\":[{\"@type\":\"ListItem\",\"position\":1,\"name\":\"Prima pagin\u0103\",\"item\":\"https:\\\/\\\/autorival.ro\\\/chevrolet\\\/\"},{\"@type\":\"ListItem\",\"position\":2,\"name\":\"Piese auto CHEVROLET\",\"item\":\"https:\\\/\\\/autorival.ro\\\/chevrolet\\\/\"},{\"@type\":\"ListItem\",\"position\":3,\"name\":\"Electromotor CHEVROLET LACETTI (J200) 1.4 16V benzina 95 cai BOSCH 0 986 017 120\"}]},{\"@type\":\"WebSite\",\"@id\":\"https:\\\/\\\/autorival.ro\\\/chevrolet\\\/#website\",\"url\":\"https:\\\/\\\/autorival.ro\\\/chevrolet\\\/\",\"name\":\"CHEVROLET\",\"description\":\"\",\"potentialAction\":[{\"@type\":\"SearchAction\",\"target\":{\"@type\":\"EntryPoint\",\"urlTemplate\":\"https:\\\/\\\/autorival.ro\\\/chevrolet\\\/?s={search_term_string}\"},\"query-input\":{\"@type\":\"PropertyValueSpecification\",\"valueRequired\":true,\"valueName\":\"search_term_string\"}}],\"inLanguage\":\"en-US\"}]}<\/script>\n<!-- \/ Yoast SEO plugin. -->","yoast_head_json":{"title":"Electromotor CHEVROLET LACETTI (J200) 1.4 16V benzina 95 cai BOSCH 0 986 017 120 CHEVROLET | BOSCH - Autorival","description":"\u26a1 Electromotor CHEVROLET LACETTI (J200) 1.4 16V benzina 95 cai BOSCH 0 986 017 120 pentru CHEVROLET la doar 430.26 RON \u2713 Brand: BOSCH \u2713 \u00cen stoc \u2713 Livrare 24h \u2713 Garan\u021bie!","robots":{"index":"index","follow":"follow","max-snippet":"max-snippet:-1","max-image-preview":"max-image-preview:large","max-video-preview":"max-video-preview:-1"},"og_locale":"en_US","og_type":"article","og_title":"Electromotor CHEVROLET LACETTI (J200) 1.4 16V benzina 95 cai BOSCH 0 986 017 120 CHEVROLET | BOSCH - Autorival","og_description":"\u26a1 Electromotor CHEVROLET LACETTI (J200) 1.4 16V benzina 95 cai BOSCH 0 986 017 120 pentru CHEVROLET la doar 430.26 RON \u2713 Brand: BOSCH \u2713 \u00cen stoc \u2713 Livrare 24h \u2713 Garan\u021bie!","og_url":"https:\/\/autorival.ro\/chevrolet\/product\/electromotor-chevrolet-lacetti-j200-1-4-16v-benzina-95-cai-bosch-0-986-017-120\/","og_site_name":"CHEVROLET","og_image":[{"width":1280,"height":853,"url":"https:\/\/autorival.ro\/chevrolet\/wp-content\/uploads\/sites\/7\/2025\/05\/0986017120dr00whcoenmm.jpg","type":"image\/jpeg"}],"twitter_card":"summary_large_image","twitter_title":"Electromotor CHEVROLET LACETTI (J200) 1.4 16V benzina 95 cai BOSCH 0 986 017 120 CHEVROLET | BOSCH - Autorival","twitter_description":"\u26a1 Electromotor CHEVROLET LACETTI (J200) 1.4 16V benzina 95 cai BOSCH 0 986 017 120 pentru CHEVROLET la doar 430.26 RON \u2713 Brand: BOSCH \u2713 \u00cen stoc \u2713 Livrare 24h \u2713 Garan\u021bie!","schema":{"@context":"https:\/\/schema.org","@graph":[{"@type":"WebPage","@id":"https:\/\/autorival.ro\/chevrolet\/product\/electromotor-chevrolet-lacetti-j200-1-4-16v-benzina-95-cai-bosch-0-986-017-120\/","url":"https:\/\/autorival.ro\/chevrolet\/product\/electromotor-chevrolet-lacetti-j200-1-4-16v-benzina-95-cai-bosch-0-986-017-120\/","name":"Electromotor CHEVROLET LACETTI (J200) 1.4 16V benzina 95 cai BOSCH 0 986 017 120 CHEVROLET | BOSCH - Autorival","isPartOf":{"@id":"https:\/\/autorival.ro\/chevrolet\/#website"},"primaryImageOfPage":{"@id":"https:\/\/autorival.ro\/chevrolet\/product\/electromotor-chevrolet-lacetti-j200-1-4-16v-benzina-95-cai-bosch-0-986-017-120\/#primaryimage"},"image":{"@id":"https:\/\/autorival.ro\/chevrolet\/product\/electromotor-chevrolet-lacetti-j200-1-4-16v-benzina-95-cai-bosch-0-986-017-120\/#primaryimage"},"thumbnailUrl":"https:\/\/autorival.ro\/chevrolet\/wp-content\/uploads\/sites\/7\/2025\/05\/0986017120dr00whcoenmm.jpg","datePublished":"2025-05-03T00:59:21+00:00","description":"\u26a1 Electromotor CHEVROLET LACETTI (J200) 1.4 16V benzina 95 cai BOSCH 0 986 017 120 pentru CHEVROLET la doar 430.26 RON \u2713 Brand: BOSCH \u2713 \u00cen stoc \u2713 Livrare 24h \u2713 Garan\u021bie!","breadcrumb":{"@id":"https:\/\/autorival.ro\/chevrolet\/product\/electromotor-chevrolet-lacetti-j200-1-4-16v-benzina-95-cai-bosch-0-986-017-120\/#breadcrumb"},"inLanguage":"en-US","potentialAction":[{"@type":"ReadAction","target":["https:\/\/autorival.ro\/chevrolet\/product\/electromotor-chevrolet-lacetti-j200-1-4-16v-benzina-95-cai-bosch-0-986-017-120\/"]}]},{"@type":"ImageObject","inLanguage":"en-US","@id":"https:\/\/autorival.ro\/chevrolet\/product\/electromotor-chevrolet-lacetti-j200-1-4-16v-benzina-95-cai-bosch-0-986-017-120\/#primaryimage","url":"https:\/\/autorival.ro\/chevrolet\/wp-content\/uploads\/sites\/7\/2025\/05\/0986017120dr00whcoenmm.jpg","contentUrl":"https:\/\/autorival.ro\/chevrolet\/wp-content\/uploads\/sites\/7\/2025\/05\/0986017120dr00whcoenmm.jpg","width":1280,"height":853,"caption":"Electromotor CHEVROLET LACETTI (J200) 1.4 16V benzina 95 cai BOSCH 0 986 017 120"},{"@type":"BreadcrumbList","@id":"https:\/\/autorival.ro\/chevrolet\/product\/electromotor-chevrolet-lacetti-j200-1-4-16v-benzina-95-cai-bosch-0-986-017-120\/#breadcrumb","itemListElement":[{"@type":"ListItem","position":1,"name":"Prima pagin\u0103","item":"https:\/\/autorival.ro\/chevrolet\/"},{"@type":"ListItem","position":2,"name":"Piese auto CHEVROLET","item":"https:\/\/autorival.ro\/chevrolet\/"},{"@type":"ListItem","position":3,"name":"Electromotor CHEVROLET LACETTI (J200) 1.4 16V benzina 95 cai BOSCH 0 986 017 120"}]},{"@type":"WebSite","@id":"https:\/\/autorival.ro\/chevrolet\/#website","url":"https:\/\/autorival.ro\/chevrolet\/","name":"CHEVROLET","description":"","potentialAction":[{"@type":"SearchAction","target":{"@type":"EntryPoint","urlTemplate":"https:\/\/autorival.ro\/chevrolet\/?s={search_term_string}"},"query-input":{"@type":"PropertyValueSpecification","valueRequired":true,"valueName":"search_term_string"}}],"inLanguage":"en-US"}]}},"_links":{"self":[{"href":"https:\/\/autorival.ro\/chevrolet\/wp-json\/wp\/v2\/product\/188458","targetHints":{"allow":["GET"]}}],"collection":[{"href":"https:\/\/autorival.ro\/chevrolet\/wp-json\/wp\/v2\/product"}],"about":[{"href":"https:\/\/autorival.ro\/chevrolet\/wp-json\/wp\/v2\/types\/product"}],"replies":[{"embeddable":true,"href":"https:\/\/autorival.ro\/chevrolet\/wp-json\/wp\/v2\/comments?post=188458"}],"wp:featuredmedia":[{"embeddable":true,"href":"https:\/\/autorival.ro\/chevrolet\/wp-json\/wp\/v2\/media\/188457"}],"wp:attachment":[{"href":"https:\/\/autorival.ro\/chevrolet\/wp-json\/wp\/v2\/media?parent=188458"}],"wp:term":[{"taxonomy":"product_brand","embeddable":true,"href":"https:\/\/autorival.ro\/chevrolet\/wp-json\/wp\/v2\/product_brand?post=188458"},{"taxonomy":"product_cat","embeddable":true,"href":"https:\/\/autorival.ro\/chevrolet\/wp-json\/wp\/v2\/product_cat?post=188458"},{"taxonomy":"product_tag","embeddable":true,"href":"https:\/\/autorival.ro\/chevrolet\/wp-json\/wp\/v2\/product_tag?post=188458"}],"curies":[{"name":"wp","href":"https:\/\/api.w.org\/{rel}","templated":true}]}}