{"id":188417,"date":"2025-05-03T00:58:44","date_gmt":"2025-05-03T00:58:44","guid":{"rendered":"https:\/\/autorival.ro\/chevrolet\/product\/electromotor-chevrolet-cruze-hatchback-j305-1-8-lpg-benzina-autogaz-gpl-141-cai-as-pl-s9062\/"},"modified":"2025-05-03T00:58:44","modified_gmt":"2025-05-03T00:58:44","slug":"electromotor-chevrolet-cruze-hatchback-j305-1-8-lpg-benzina-autogaz-gpl-141-cai-as-pl-s9062","status":"publish","type":"product","link":"https:\/\/autorival.ro\/chevrolet\/product\/electromotor-chevrolet-cruze-hatchback-j305-1-8-lpg-benzina-autogaz-gpl-141-cai-as-pl-s9062\/","title":{"rendered":"Electromotor CHEVROLET CRUZE hatchback (J305) 1.8 LPG Benzina\/Autogaz (GPL) 141 cai AS-PL S9062"},"content":{"rendered":"<p>Restrictiile producatorului: DELCOPutere electromotor [kW]: 1,1Tensiune [V]: 12Numarul gaurilor de fixare: 2Directia de rotatie: rotatie contrar acelor de ceasornicNumar dinti: 9Versiune: 8000048Calitate: STANDARD LINEPies\u0103 nou\u0103 f\u0103r\u0103 gaj<\/p>\n","protected":false},"excerpt":{"rendered":"<p>Producator: AS-PL Cod producator: S9062<\/p>\n","protected":false},"featured_media":61475,"comment_status":"open","ping_status":"closed","template":"","meta":[],"product_brand":[11035],"product_cat":[61147],"product_tag":[72301,72279,72287,72827,72299,72281],"class_list":{"0":"post-188417","1":"product","2":"type-product","3":"status-publish","4":"has-post-thumbnail","6":"product_brand-as-pl","7":"product_cat-electromotor-hatchback-j305-1-8-lpg-benzina-autogaz-gpl-141-3","8":"product_tag-as","9":"product_tag-chevrolet","10":"product_tag-cruze","11":"product_tag-electromotor","12":"product_tag-hatchback","13":"product_tag-lpg","15":"first","16":"instock","17":"shipping-taxable","18":"purchasable","19":"product-type-simple"},"yoast_head":"<!-- This site is optimized with the Yoast SEO plugin v27.3 - https:\/\/yoast.com\/product\/yoast-seo-wordpress\/ -->\n<title>Electromotor CHEVROLET CRUZE hatchback (J305) 1.8 LPG Benzina\/Autogaz (GPL) 141 cai AS-PL S9062 CHEVROLET | AS-PL - Autorival<\/title>\n<meta name=\"description\" content=\"\u26a1 Electromotor CHEVROLET CRUZE hatchback (J305) 1.8 LPG Benzina\/Autogaz (GPL) 141 cai AS-PL S9062 pentru CHEVROLET la doar 430 RON. \u2713 Cod: S9062 \u2713 Brand: AS-PL \u2713 \u00cen stoc \u2713 Livrare 24h \u2713 Garan\u021bie!\" \/>\n<meta name=\"robots\" content=\"index, follow, max-snippet:-1, max-image-preview:large, max-video-preview:-1\" \/>\n<meta property=\"og:locale\" content=\"en_US\" \/>\n<meta property=\"og:type\" content=\"article\" \/>\n<meta property=\"og:title\" content=\"Electromotor CHEVROLET CRUZE hatchback (J305) 1.8 LPG Benzina\/Autogaz (GPL) 141 cai AS-PL S9062 CHEVROLET | AS-PL - Autorival\" \/>\n<meta property=\"og:description\" content=\"\u26a1 Electromotor CHEVROLET CRUZE hatchback (J305) 1.8 LPG Benzina\/Autogaz (GPL) 141 cai AS-PL S9062 pentru CHEVROLET la doar 430 RON. \u2713 Cod: S9062 \u2713 Brand: AS-PL \u2713 \u00cen stoc \u2713 Livrare 24h \u2713 Garan\u021bie!\" \/>\n<meta property=\"og:url\" content=\"https:\/\/autorival.ro\/chevrolet\/product\/electromotor-chevrolet-cruze-hatchback-j305-1-8-lpg-benzina-autogaz-gpl-141-cai-as-pl-s9062\/\" \/>\n<meta property=\"og:site_name\" content=\"CHEVROLET\" \/>\n<meta property=\"og:image\" content=\"https:\/\/autorival.ro\/chevrolet\/wp-content\/uploads\/sites\/7\/2025\/04\/328911-3.jpg\" \/>\n\t<meta property=\"og:image:width\" content=\"1080\" \/>\n\t<meta property=\"og:image:height\" content=\"810\" \/>\n\t<meta property=\"og:image:type\" content=\"image\/jpeg\" \/>\n<meta name=\"twitter:card\" content=\"summary_large_image\" \/>\n<meta name=\"twitter:title\" content=\"Electromotor CHEVROLET CRUZE hatchback (J305) 1.8 LPG Benzina\/Autogaz (GPL) 141 cai AS-PL S9062 CHEVROLET | AS-PL - Autorival\" \/>\n<meta name=\"twitter:description\" content=\"\u26a1 Electromotor CHEVROLET CRUZE hatchback (J305) 1.8 LPG Benzina\/Autogaz (GPL) 141 cai AS-PL S9062 pentru CHEVROLET la doar 430 RON. \u2713 Cod: S9062 \u2713 Brand: AS-PL \u2713 \u00cen stoc \u2713 Livrare 24h \u2713 Garan\u021bie!\" \/>\n<script type=\"application\/ld+json\" class=\"yoast-schema-graph\">{\"@context\":\"https:\\\/\\\/schema.org\",\"@graph\":[{\"@type\":\"WebPage\",\"@id\":\"https:\\\/\\\/autorival.ro\\\/chevrolet\\\/product\\\/electromotor-chevrolet-cruze-hatchback-j305-1-8-lpg-benzina-autogaz-gpl-141-cai-as-pl-s9062\\\/\",\"url\":\"https:\\\/\\\/autorival.ro\\\/chevrolet\\\/product\\\/electromotor-chevrolet-cruze-hatchback-j305-1-8-lpg-benzina-autogaz-gpl-141-cai-as-pl-s9062\\\/\",\"name\":\"Electromotor CHEVROLET CRUZE hatchback (J305) 1.8 LPG Benzina\\\/Autogaz (GPL) 141 cai AS-PL S9062 CHEVROLET | AS-PL - Autorival\",\"isPartOf\":{\"@id\":\"https:\\\/\\\/autorival.ro\\\/chevrolet\\\/#website\"},\"primaryImageOfPage\":{\"@id\":\"https:\\\/\\\/autorival.ro\\\/chevrolet\\\/product\\\/electromotor-chevrolet-cruze-hatchback-j305-1-8-lpg-benzina-autogaz-gpl-141-cai-as-pl-s9062\\\/#primaryimage\"},\"image\":{\"@id\":\"https:\\\/\\\/autorival.ro\\\/chevrolet\\\/product\\\/electromotor-chevrolet-cruze-hatchback-j305-1-8-lpg-benzina-autogaz-gpl-141-cai-as-pl-s9062\\\/#primaryimage\"},\"thumbnailUrl\":\"https:\\\/\\\/autorival.ro\\\/chevrolet\\\/wp-content\\\/uploads\\\/sites\\\/7\\\/2025\\\/04\\\/328911-3.jpg\",\"datePublished\":\"2025-05-03T00:58:44+00:00\",\"description\":\"\u26a1 Electromotor CHEVROLET CRUZE hatchback (J305) 1.8 LPG Benzina\\\/Autogaz (GPL) 141 cai AS-PL S9062 pentru CHEVROLET la doar 430 RON. \u2713 Cod: S9062 \u2713 Brand: AS-PL \u2713 \u00cen stoc \u2713 Livrare 24h \u2713 Garan\u021bie!\",\"breadcrumb\":{\"@id\":\"https:\\\/\\\/autorival.ro\\\/chevrolet\\\/product\\\/electromotor-chevrolet-cruze-hatchback-j305-1-8-lpg-benzina-autogaz-gpl-141-cai-as-pl-s9062\\\/#breadcrumb\"},\"inLanguage\":\"en-US\",\"potentialAction\":[{\"@type\":\"ReadAction\",\"target\":[\"https:\\\/\\\/autorival.ro\\\/chevrolet\\\/product\\\/electromotor-chevrolet-cruze-hatchback-j305-1-8-lpg-benzina-autogaz-gpl-141-cai-as-pl-s9062\\\/\"]}]},{\"@type\":\"ImageObject\",\"inLanguage\":\"en-US\",\"@id\":\"https:\\\/\\\/autorival.ro\\\/chevrolet\\\/product\\\/electromotor-chevrolet-cruze-hatchback-j305-1-8-lpg-benzina-autogaz-gpl-141-cai-as-pl-s9062\\\/#primaryimage\",\"url\":\"https:\\\/\\\/autorival.ro\\\/chevrolet\\\/wp-content\\\/uploads\\\/sites\\\/7\\\/2025\\\/04\\\/328911-3.jpg\",\"contentUrl\":\"https:\\\/\\\/autorival.ro\\\/chevrolet\\\/wp-content\\\/uploads\\\/sites\\\/7\\\/2025\\\/04\\\/328911-3.jpg\",\"width\":1080,\"height\":810,\"caption\":\"Electromotor -> CHEVROLET CRUZE hatchback (J305) 1.6 benzina 117 cai -> AS-PL S9062\"},{\"@type\":\"BreadcrumbList\",\"@id\":\"https:\\\/\\\/autorival.ro\\\/chevrolet\\\/product\\\/electromotor-chevrolet-cruze-hatchback-j305-1-8-lpg-benzina-autogaz-gpl-141-cai-as-pl-s9062\\\/#breadcrumb\",\"itemListElement\":[{\"@type\":\"ListItem\",\"position\":1,\"name\":\"Prima pagin\u0103\",\"item\":\"https:\\\/\\\/autorival.ro\\\/chevrolet\\\/\"},{\"@type\":\"ListItem\",\"position\":2,\"name\":\"Piese auto CHEVROLET\",\"item\":\"https:\\\/\\\/autorival.ro\\\/chevrolet\\\/\"},{\"@type\":\"ListItem\",\"position\":3,\"name\":\"Electromotor CHEVROLET CRUZE hatchback (J305) 1.8 LPG Benzina\\\/Autogaz (GPL) 141 cai AS-PL S9062\"}]},{\"@type\":\"WebSite\",\"@id\":\"https:\\\/\\\/autorival.ro\\\/chevrolet\\\/#website\",\"url\":\"https:\\\/\\\/autorival.ro\\\/chevrolet\\\/\",\"name\":\"CHEVROLET\",\"description\":\"\",\"potentialAction\":[{\"@type\":\"SearchAction\",\"target\":{\"@type\":\"EntryPoint\",\"urlTemplate\":\"https:\\\/\\\/autorival.ro\\\/chevrolet\\\/?s={search_term_string}\"},\"query-input\":{\"@type\":\"PropertyValueSpecification\",\"valueRequired\":true,\"valueName\":\"search_term_string\"}}],\"inLanguage\":\"en-US\"}]}<\/script>\n<!-- \/ Yoast SEO plugin. -->","yoast_head_json":{"title":"Electromotor CHEVROLET CRUZE hatchback (J305) 1.8 LPG Benzina\/Autogaz (GPL) 141 cai AS-PL S9062 CHEVROLET | AS-PL - Autorival","description":"\u26a1 Electromotor CHEVROLET CRUZE hatchback (J305) 1.8 LPG Benzina\/Autogaz (GPL) 141 cai AS-PL S9062 pentru CHEVROLET la doar 430 RON. \u2713 Cod: S9062 \u2713 Brand: AS-PL \u2713 \u00cen stoc \u2713 Livrare 24h \u2713 Garan\u021bie!","robots":{"index":"index","follow":"follow","max-snippet":"max-snippet:-1","max-image-preview":"max-image-preview:large","max-video-preview":"max-video-preview:-1"},"og_locale":"en_US","og_type":"article","og_title":"Electromotor CHEVROLET CRUZE hatchback (J305) 1.8 LPG Benzina\/Autogaz (GPL) 141 cai AS-PL S9062 CHEVROLET | AS-PL - Autorival","og_description":"\u26a1 Electromotor CHEVROLET CRUZE hatchback (J305) 1.8 LPG Benzina\/Autogaz (GPL) 141 cai AS-PL S9062 pentru CHEVROLET la doar 430 RON. \u2713 Cod: S9062 \u2713 Brand: AS-PL \u2713 \u00cen stoc \u2713 Livrare 24h \u2713 Garan\u021bie!","og_url":"https:\/\/autorival.ro\/chevrolet\/product\/electromotor-chevrolet-cruze-hatchback-j305-1-8-lpg-benzina-autogaz-gpl-141-cai-as-pl-s9062\/","og_site_name":"CHEVROLET","og_image":[{"width":1080,"height":810,"url":"https:\/\/autorival.ro\/chevrolet\/wp-content\/uploads\/sites\/7\/2025\/04\/328911-3.jpg","type":"image\/jpeg"}],"twitter_card":"summary_large_image","twitter_title":"Electromotor CHEVROLET CRUZE hatchback (J305) 1.8 LPG Benzina\/Autogaz (GPL) 141 cai AS-PL S9062 CHEVROLET | AS-PL - Autorival","twitter_description":"\u26a1 Electromotor CHEVROLET CRUZE hatchback (J305) 1.8 LPG Benzina\/Autogaz (GPL) 141 cai AS-PL S9062 pentru CHEVROLET la doar 430 RON. \u2713 Cod: S9062 \u2713 Brand: AS-PL \u2713 \u00cen stoc \u2713 Livrare 24h \u2713 Garan\u021bie!","schema":{"@context":"https:\/\/schema.org","@graph":[{"@type":"WebPage","@id":"https:\/\/autorival.ro\/chevrolet\/product\/electromotor-chevrolet-cruze-hatchback-j305-1-8-lpg-benzina-autogaz-gpl-141-cai-as-pl-s9062\/","url":"https:\/\/autorival.ro\/chevrolet\/product\/electromotor-chevrolet-cruze-hatchback-j305-1-8-lpg-benzina-autogaz-gpl-141-cai-as-pl-s9062\/","name":"Electromotor CHEVROLET CRUZE hatchback (J305) 1.8 LPG Benzina\/Autogaz (GPL) 141 cai AS-PL S9062 CHEVROLET | AS-PL - Autorival","isPartOf":{"@id":"https:\/\/autorival.ro\/chevrolet\/#website"},"primaryImageOfPage":{"@id":"https:\/\/autorival.ro\/chevrolet\/product\/electromotor-chevrolet-cruze-hatchback-j305-1-8-lpg-benzina-autogaz-gpl-141-cai-as-pl-s9062\/#primaryimage"},"image":{"@id":"https:\/\/autorival.ro\/chevrolet\/product\/electromotor-chevrolet-cruze-hatchback-j305-1-8-lpg-benzina-autogaz-gpl-141-cai-as-pl-s9062\/#primaryimage"},"thumbnailUrl":"https:\/\/autorival.ro\/chevrolet\/wp-content\/uploads\/sites\/7\/2025\/04\/328911-3.jpg","datePublished":"2025-05-03T00:58:44+00:00","description":"\u26a1 Electromotor CHEVROLET CRUZE hatchback (J305) 1.8 LPG Benzina\/Autogaz (GPL) 141 cai AS-PL S9062 pentru CHEVROLET la doar 430 RON. \u2713 Cod: S9062 \u2713 Brand: AS-PL \u2713 \u00cen stoc \u2713 Livrare 24h \u2713 Garan\u021bie!","breadcrumb":{"@id":"https:\/\/autorival.ro\/chevrolet\/product\/electromotor-chevrolet-cruze-hatchback-j305-1-8-lpg-benzina-autogaz-gpl-141-cai-as-pl-s9062\/#breadcrumb"},"inLanguage":"en-US","potentialAction":[{"@type":"ReadAction","target":["https:\/\/autorival.ro\/chevrolet\/product\/electromotor-chevrolet-cruze-hatchback-j305-1-8-lpg-benzina-autogaz-gpl-141-cai-as-pl-s9062\/"]}]},{"@type":"ImageObject","inLanguage":"en-US","@id":"https:\/\/autorival.ro\/chevrolet\/product\/electromotor-chevrolet-cruze-hatchback-j305-1-8-lpg-benzina-autogaz-gpl-141-cai-as-pl-s9062\/#primaryimage","url":"https:\/\/autorival.ro\/chevrolet\/wp-content\/uploads\/sites\/7\/2025\/04\/328911-3.jpg","contentUrl":"https:\/\/autorival.ro\/chevrolet\/wp-content\/uploads\/sites\/7\/2025\/04\/328911-3.jpg","width":1080,"height":810,"caption":"Electromotor -> CHEVROLET CRUZE hatchback (J305) 1.6 benzina 117 cai -> AS-PL S9062"},{"@type":"BreadcrumbList","@id":"https:\/\/autorival.ro\/chevrolet\/product\/electromotor-chevrolet-cruze-hatchback-j305-1-8-lpg-benzina-autogaz-gpl-141-cai-as-pl-s9062\/#breadcrumb","itemListElement":[{"@type":"ListItem","position":1,"name":"Prima pagin\u0103","item":"https:\/\/autorival.ro\/chevrolet\/"},{"@type":"ListItem","position":2,"name":"Piese auto CHEVROLET","item":"https:\/\/autorival.ro\/chevrolet\/"},{"@type":"ListItem","position":3,"name":"Electromotor CHEVROLET CRUZE hatchback (J305) 1.8 LPG Benzina\/Autogaz (GPL) 141 cai AS-PL S9062"}]},{"@type":"WebSite","@id":"https:\/\/autorival.ro\/chevrolet\/#website","url":"https:\/\/autorival.ro\/chevrolet\/","name":"CHEVROLET","description":"","potentialAction":[{"@type":"SearchAction","target":{"@type":"EntryPoint","urlTemplate":"https:\/\/autorival.ro\/chevrolet\/?s={search_term_string}"},"query-input":{"@type":"PropertyValueSpecification","valueRequired":true,"valueName":"search_term_string"}}],"inLanguage":"en-US"}]}},"_links":{"self":[{"href":"https:\/\/autorival.ro\/chevrolet\/wp-json\/wp\/v2\/product\/188417","targetHints":{"allow":["GET"]}}],"collection":[{"href":"https:\/\/autorival.ro\/chevrolet\/wp-json\/wp\/v2\/product"}],"about":[{"href":"https:\/\/autorival.ro\/chevrolet\/wp-json\/wp\/v2\/types\/product"}],"replies":[{"embeddable":true,"href":"https:\/\/autorival.ro\/chevrolet\/wp-json\/wp\/v2\/comments?post=188417"}],"wp:featuredmedia":[{"embeddable":true,"href":"https:\/\/autorival.ro\/chevrolet\/wp-json\/wp\/v2\/media\/61475"}],"wp:attachment":[{"href":"https:\/\/autorival.ro\/chevrolet\/wp-json\/wp\/v2\/media?parent=188417"}],"wp:term":[{"taxonomy":"product_brand","embeddable":true,"href":"https:\/\/autorival.ro\/chevrolet\/wp-json\/wp\/v2\/product_brand?post=188417"},{"taxonomy":"product_cat","embeddable":true,"href":"https:\/\/autorival.ro\/chevrolet\/wp-json\/wp\/v2\/product_cat?post=188417"},{"taxonomy":"product_tag","embeddable":true,"href":"https:\/\/autorival.ro\/chevrolet\/wp-json\/wp\/v2\/product_tag?post=188417"}],"curies":[{"name":"wp","href":"https:\/\/api.w.org\/{rel}","templated":true}]}}