{"id":187734,"date":"2025-05-03T00:50:21","date_gmt":"2025-05-03T00:50:21","guid":{"rendered":"https:\/\/autorival.ro\/chevrolet\/product\/disc-frana-chevrolet-spark-1-0-sx-benzina-67-cai-febi-bilstein-17509\/"},"modified":"2025-05-03T00:50:22","modified_gmt":"2025-05-03T00:50:22","slug":"disc-frana-chevrolet-spark-1-0-sx-benzina-67-cai-febi-bilstein-17509","status":"publish","type":"product","link":"https:\/\/autorival.ro\/chevrolet\/product\/disc-frana-chevrolet-spark-1-0-sx-benzina-67-cai-febi-bilstein-17509\/","title":{"rendered":"Disc frana CHEVROLET SPARK 1.0 SX benzina 67 cai FEBI BILSTEIN 17509"},"content":{"rendered":"<p> ->Grosime disc fr\u00e2na [mm]: 12,5Janta, numar gauri: 4 ->Grosime [mm]: 35,3 ->Diametru exterior [mm]: 236Asezare gauri \u00d8 [mm]: 102Suprafata: acoperit (cu un strat protector)Tip disc fr\u00e2na: plinPartea de montare: punte fata ->Grosime minima [mm]: 9,7 ->Diametru de centrare [mm]: 86 ->Greutate [kg]: 3,72Atentie la informatii de service<\/p>\n","protected":false},"excerpt":{"rendered":"<p>Producator: FEBI BILSTEIN Cod producator: 17509<\/p>\n","protected":false},"featured_media":94543,"comment_status":"open","ping_status":"closed","template":"","meta":[],"product_brand":[10978],"product_cat":[61028],"product_tag":[72365,72279,72804,72384,72649,72292,72334],"class_list":{"0":"post-187734","1":"product","2":"type-product","3":"status-publish","4":"has-post-thumbnail","6":"product_brand-febi-bilstein","7":"product_cat-disc-frana-1-0-sx-benzina-67-3","8":"product_tag-bilstein","9":"product_tag-chevrolet","10":"product_tag-disc","11":"product_tag-febi","12":"product_tag-frana","13":"product_tag-spark","14":"product_tag-sx","16":"first","17":"instock","18":"shipping-taxable","19":"purchasable","20":"product-type-simple"},"yoast_head":"<!-- This site is optimized with the Yoast SEO plugin v27.3 - https:\/\/yoast.com\/product\/yoast-seo-wordpress\/ -->\n<title>Disc frana CHEVROLET SPARK 1.0 SX benzina 67 cai FEBI BILSTEIN 17509 CHEVROLET | FEBI - Autorival<\/title>\n<meta name=\"description\" content=\"\u26a1 Disc frana CHEVROLET SPARK 1.0 SX benzina 67 cai FEBI BILSTEIN 17509 pentru CHEVROLET la doar 132 RON. \u2713 Cod: 17509 \u2713 Brand: FEBI \u2713 \u00cen stoc \u2713 Livrare 24h \u2713 Garan\u021bie!\" \/>\n<meta name=\"robots\" content=\"index, follow, max-snippet:-1, max-image-preview:large, max-video-preview:-1\" \/>\n<meta property=\"og:locale\" content=\"en_US\" \/>\n<meta property=\"og:type\" content=\"article\" \/>\n<meta property=\"og:title\" content=\"Disc frana CHEVROLET SPARK 1.0 SX benzina 67 cai FEBI BILSTEIN 17509 CHEVROLET | FEBI - Autorival\" \/>\n<meta property=\"og:description\" content=\"\u26a1 Disc frana CHEVROLET SPARK 1.0 SX benzina 67 cai FEBI BILSTEIN 17509 pentru CHEVROLET la doar 132 RON. \u2713 Cod: 17509 \u2713 Brand: FEBI \u2713 \u00cen stoc \u2713 Livrare 24h \u2713 Garan\u021bie!\" \/>\n<meta property=\"og:url\" content=\"https:\/\/autorival.ro\/chevrolet\/product\/disc-frana-chevrolet-spark-1-0-sx-benzina-67-cai-febi-bilstein-17509\/\" \/>\n<meta property=\"og:site_name\" content=\"CHEVROLET\" \/>\n<meta property=\"article:modified_time\" content=\"2025-05-03T00:50:22+00:00\" \/>\n<meta property=\"og:image\" content=\"https:\/\/autorival.ro\/chevrolet\/wp-content\/uploads\/sites\/7\/2025\/04\/17509_1.jpg\" \/>\n\t<meta property=\"og:image:width\" content=\"525\" \/>\n\t<meta property=\"og:image:height\" content=\"400\" \/>\n\t<meta property=\"og:image:type\" content=\"image\/jpeg\" \/>\n<meta name=\"twitter:card\" content=\"summary_large_image\" \/>\n<meta name=\"twitter:title\" content=\"Disc frana CHEVROLET SPARK 1.0 SX benzina 67 cai FEBI BILSTEIN 17509 CHEVROLET | FEBI - Autorival\" \/>\n<meta name=\"twitter:description\" content=\"\u26a1 Disc frana CHEVROLET SPARK 1.0 SX benzina 67 cai FEBI BILSTEIN 17509 pentru CHEVROLET la doar 132 RON. \u2713 Cod: 17509 \u2713 Brand: FEBI \u2713 \u00cen stoc \u2713 Livrare 24h \u2713 Garan\u021bie!\" \/>\n<script type=\"application\/ld+json\" class=\"yoast-schema-graph\">{\"@context\":\"https:\\\/\\\/schema.org\",\"@graph\":[{\"@type\":\"WebPage\",\"@id\":\"https:\\\/\\\/autorival.ro\\\/chevrolet\\\/product\\\/disc-frana-chevrolet-spark-1-0-sx-benzina-67-cai-febi-bilstein-17509\\\/\",\"url\":\"https:\\\/\\\/autorival.ro\\\/chevrolet\\\/product\\\/disc-frana-chevrolet-spark-1-0-sx-benzina-67-cai-febi-bilstein-17509\\\/\",\"name\":\"Disc frana CHEVROLET SPARK 1.0 SX benzina 67 cai FEBI BILSTEIN 17509 CHEVROLET | FEBI - Autorival\",\"isPartOf\":{\"@id\":\"https:\\\/\\\/autorival.ro\\\/chevrolet\\\/#website\"},\"primaryImageOfPage\":{\"@id\":\"https:\\\/\\\/autorival.ro\\\/chevrolet\\\/product\\\/disc-frana-chevrolet-spark-1-0-sx-benzina-67-cai-febi-bilstein-17509\\\/#primaryimage\"},\"image\":{\"@id\":\"https:\\\/\\\/autorival.ro\\\/chevrolet\\\/product\\\/disc-frana-chevrolet-spark-1-0-sx-benzina-67-cai-febi-bilstein-17509\\\/#primaryimage\"},\"thumbnailUrl\":\"https:\\\/\\\/autorival.ro\\\/chevrolet\\\/wp-content\\\/uploads\\\/sites\\\/7\\\/2025\\\/04\\\/17509_1.jpg\",\"datePublished\":\"2025-05-03T00:50:21+00:00\",\"dateModified\":\"2025-05-03T00:50:22+00:00\",\"description\":\"\u26a1 Disc frana CHEVROLET SPARK 1.0 SX benzina 67 cai FEBI BILSTEIN 17509 pentru CHEVROLET la doar 132 RON. \u2713 Cod: 17509 \u2713 Brand: FEBI \u2713 \u00cen stoc \u2713 Livrare 24h \u2713 Garan\u021bie!\",\"breadcrumb\":{\"@id\":\"https:\\\/\\\/autorival.ro\\\/chevrolet\\\/product\\\/disc-frana-chevrolet-spark-1-0-sx-benzina-67-cai-febi-bilstein-17509\\\/#breadcrumb\"},\"inLanguage\":\"en-US\",\"potentialAction\":[{\"@type\":\"ReadAction\",\"target\":[\"https:\\\/\\\/autorival.ro\\\/chevrolet\\\/product\\\/disc-frana-chevrolet-spark-1-0-sx-benzina-67-cai-febi-bilstein-17509\\\/\"]}]},{\"@type\":\"ImageObject\",\"inLanguage\":\"en-US\",\"@id\":\"https:\\\/\\\/autorival.ro\\\/chevrolet\\\/product\\\/disc-frana-chevrolet-spark-1-0-sx-benzina-67-cai-febi-bilstein-17509\\\/#primaryimage\",\"url\":\"https:\\\/\\\/autorival.ro\\\/chevrolet\\\/wp-content\\\/uploads\\\/sites\\\/7\\\/2025\\\/04\\\/17509_1.jpg\",\"contentUrl\":\"https:\\\/\\\/autorival.ro\\\/chevrolet\\\/wp-content\\\/uploads\\\/sites\\\/7\\\/2025\\\/04\\\/17509_1.jpg\",\"width\":525,\"height\":400,\"caption\":\"Disc frana -> CHEVROLET SPARK 0.8 benzina 50 cai -> FEBI BILSTEIN 17509\"},{\"@type\":\"BreadcrumbList\",\"@id\":\"https:\\\/\\\/autorival.ro\\\/chevrolet\\\/product\\\/disc-frana-chevrolet-spark-1-0-sx-benzina-67-cai-febi-bilstein-17509\\\/#breadcrumb\",\"itemListElement\":[{\"@type\":\"ListItem\",\"position\":1,\"name\":\"Prima pagin\u0103\",\"item\":\"https:\\\/\\\/autorival.ro\\\/chevrolet\\\/\"},{\"@type\":\"ListItem\",\"position\":2,\"name\":\"Piese auto CHEVROLET\",\"item\":\"https:\\\/\\\/autorival.ro\\\/chevrolet\\\/\"},{\"@type\":\"ListItem\",\"position\":3,\"name\":\"Disc frana CHEVROLET SPARK 1.0 SX benzina 67 cai FEBI BILSTEIN 17509\"}]},{\"@type\":\"WebSite\",\"@id\":\"https:\\\/\\\/autorival.ro\\\/chevrolet\\\/#website\",\"url\":\"https:\\\/\\\/autorival.ro\\\/chevrolet\\\/\",\"name\":\"CHEVROLET\",\"description\":\"\",\"potentialAction\":[{\"@type\":\"SearchAction\",\"target\":{\"@type\":\"EntryPoint\",\"urlTemplate\":\"https:\\\/\\\/autorival.ro\\\/chevrolet\\\/?s={search_term_string}\"},\"query-input\":{\"@type\":\"PropertyValueSpecification\",\"valueRequired\":true,\"valueName\":\"search_term_string\"}}],\"inLanguage\":\"en-US\"}]}<\/script>\n<!-- \/ Yoast SEO plugin. -->","yoast_head_json":{"title":"Disc frana CHEVROLET SPARK 1.0 SX benzina 67 cai FEBI BILSTEIN 17509 CHEVROLET | FEBI - Autorival","description":"\u26a1 Disc frana CHEVROLET SPARK 1.0 SX benzina 67 cai FEBI BILSTEIN 17509 pentru CHEVROLET la doar 132 RON. \u2713 Cod: 17509 \u2713 Brand: FEBI \u2713 \u00cen stoc \u2713 Livrare 24h \u2713 Garan\u021bie!","robots":{"index":"index","follow":"follow","max-snippet":"max-snippet:-1","max-image-preview":"max-image-preview:large","max-video-preview":"max-video-preview:-1"},"og_locale":"en_US","og_type":"article","og_title":"Disc frana CHEVROLET SPARK 1.0 SX benzina 67 cai FEBI BILSTEIN 17509 CHEVROLET | FEBI - Autorival","og_description":"\u26a1 Disc frana CHEVROLET SPARK 1.0 SX benzina 67 cai FEBI BILSTEIN 17509 pentru CHEVROLET la doar 132 RON. \u2713 Cod: 17509 \u2713 Brand: FEBI \u2713 \u00cen stoc \u2713 Livrare 24h \u2713 Garan\u021bie!","og_url":"https:\/\/autorival.ro\/chevrolet\/product\/disc-frana-chevrolet-spark-1-0-sx-benzina-67-cai-febi-bilstein-17509\/","og_site_name":"CHEVROLET","article_modified_time":"2025-05-03T00:50:22+00:00","og_image":[{"width":525,"height":400,"url":"https:\/\/autorival.ro\/chevrolet\/wp-content\/uploads\/sites\/7\/2025\/04\/17509_1.jpg","type":"image\/jpeg"}],"twitter_card":"summary_large_image","twitter_title":"Disc frana CHEVROLET SPARK 1.0 SX benzina 67 cai FEBI BILSTEIN 17509 CHEVROLET | FEBI - Autorival","twitter_description":"\u26a1 Disc frana CHEVROLET SPARK 1.0 SX benzina 67 cai FEBI BILSTEIN 17509 pentru CHEVROLET la doar 132 RON. \u2713 Cod: 17509 \u2713 Brand: FEBI \u2713 \u00cen stoc \u2713 Livrare 24h \u2713 Garan\u021bie!","schema":{"@context":"https:\/\/schema.org","@graph":[{"@type":"WebPage","@id":"https:\/\/autorival.ro\/chevrolet\/product\/disc-frana-chevrolet-spark-1-0-sx-benzina-67-cai-febi-bilstein-17509\/","url":"https:\/\/autorival.ro\/chevrolet\/product\/disc-frana-chevrolet-spark-1-0-sx-benzina-67-cai-febi-bilstein-17509\/","name":"Disc frana CHEVROLET SPARK 1.0 SX benzina 67 cai FEBI BILSTEIN 17509 CHEVROLET | FEBI - Autorival","isPartOf":{"@id":"https:\/\/autorival.ro\/chevrolet\/#website"},"primaryImageOfPage":{"@id":"https:\/\/autorival.ro\/chevrolet\/product\/disc-frana-chevrolet-spark-1-0-sx-benzina-67-cai-febi-bilstein-17509\/#primaryimage"},"image":{"@id":"https:\/\/autorival.ro\/chevrolet\/product\/disc-frana-chevrolet-spark-1-0-sx-benzina-67-cai-febi-bilstein-17509\/#primaryimage"},"thumbnailUrl":"https:\/\/autorival.ro\/chevrolet\/wp-content\/uploads\/sites\/7\/2025\/04\/17509_1.jpg","datePublished":"2025-05-03T00:50:21+00:00","dateModified":"2025-05-03T00:50:22+00:00","description":"\u26a1 Disc frana CHEVROLET SPARK 1.0 SX benzina 67 cai FEBI BILSTEIN 17509 pentru CHEVROLET la doar 132 RON. \u2713 Cod: 17509 \u2713 Brand: FEBI \u2713 \u00cen stoc \u2713 Livrare 24h \u2713 Garan\u021bie!","breadcrumb":{"@id":"https:\/\/autorival.ro\/chevrolet\/product\/disc-frana-chevrolet-spark-1-0-sx-benzina-67-cai-febi-bilstein-17509\/#breadcrumb"},"inLanguage":"en-US","potentialAction":[{"@type":"ReadAction","target":["https:\/\/autorival.ro\/chevrolet\/product\/disc-frana-chevrolet-spark-1-0-sx-benzina-67-cai-febi-bilstein-17509\/"]}]},{"@type":"ImageObject","inLanguage":"en-US","@id":"https:\/\/autorival.ro\/chevrolet\/product\/disc-frana-chevrolet-spark-1-0-sx-benzina-67-cai-febi-bilstein-17509\/#primaryimage","url":"https:\/\/autorival.ro\/chevrolet\/wp-content\/uploads\/sites\/7\/2025\/04\/17509_1.jpg","contentUrl":"https:\/\/autorival.ro\/chevrolet\/wp-content\/uploads\/sites\/7\/2025\/04\/17509_1.jpg","width":525,"height":400,"caption":"Disc frana -> CHEVROLET SPARK 0.8 benzina 50 cai -> FEBI BILSTEIN 17509"},{"@type":"BreadcrumbList","@id":"https:\/\/autorival.ro\/chevrolet\/product\/disc-frana-chevrolet-spark-1-0-sx-benzina-67-cai-febi-bilstein-17509\/#breadcrumb","itemListElement":[{"@type":"ListItem","position":1,"name":"Prima pagin\u0103","item":"https:\/\/autorival.ro\/chevrolet\/"},{"@type":"ListItem","position":2,"name":"Piese auto CHEVROLET","item":"https:\/\/autorival.ro\/chevrolet\/"},{"@type":"ListItem","position":3,"name":"Disc frana CHEVROLET SPARK 1.0 SX benzina 67 cai FEBI BILSTEIN 17509"}]},{"@type":"WebSite","@id":"https:\/\/autorival.ro\/chevrolet\/#website","url":"https:\/\/autorival.ro\/chevrolet\/","name":"CHEVROLET","description":"","potentialAction":[{"@type":"SearchAction","target":{"@type":"EntryPoint","urlTemplate":"https:\/\/autorival.ro\/chevrolet\/?s={search_term_string}"},"query-input":{"@type":"PropertyValueSpecification","valueRequired":true,"valueName":"search_term_string"}}],"inLanguage":"en-US"}]}},"_links":{"self":[{"href":"https:\/\/autorival.ro\/chevrolet\/wp-json\/wp\/v2\/product\/187734","targetHints":{"allow":["GET"]}}],"collection":[{"href":"https:\/\/autorival.ro\/chevrolet\/wp-json\/wp\/v2\/product"}],"about":[{"href":"https:\/\/autorival.ro\/chevrolet\/wp-json\/wp\/v2\/types\/product"}],"replies":[{"embeddable":true,"href":"https:\/\/autorival.ro\/chevrolet\/wp-json\/wp\/v2\/comments?post=187734"}],"wp:featuredmedia":[{"embeddable":true,"href":"https:\/\/autorival.ro\/chevrolet\/wp-json\/wp\/v2\/media\/94543"}],"wp:attachment":[{"href":"https:\/\/autorival.ro\/chevrolet\/wp-json\/wp\/v2\/media?parent=187734"}],"wp:term":[{"taxonomy":"product_brand","embeddable":true,"href":"https:\/\/autorival.ro\/chevrolet\/wp-json\/wp\/v2\/product_brand?post=187734"},{"taxonomy":"product_cat","embeddable":true,"href":"https:\/\/autorival.ro\/chevrolet\/wp-json\/wp\/v2\/product_cat?post=187734"},{"taxonomy":"product_tag","embeddable":true,"href":"https:\/\/autorival.ro\/chevrolet\/wp-json\/wp\/v2\/product_tag?post=187734"}],"curies":[{"name":"wp","href":"https:\/\/api.w.org\/{rel}","templated":true}]}}