{"id":187550,"date":"2025-05-03T00:47:38","date_gmt":"2025-05-03T00:47:38","guid":{"rendered":"https:\/\/autorival.ro\/chevrolet\/product\/disc-frana-chevrolet-spark-m300-1-0-lpg-benzina-autogaz-gpl-68-cai-metelli-23-0790c\/"},"modified":"2025-05-03T00:47:39","modified_gmt":"2025-05-03T00:47:39","slug":"disc-frana-chevrolet-spark-m300-1-0-lpg-benzina-autogaz-gpl-68-cai-metelli-23-0790c","status":"publish","type":"product","link":"https:\/\/autorival.ro\/chevrolet\/product\/disc-frana-chevrolet-spark-m300-1-0-lpg-benzina-autogaz-gpl-68-cai-metelli-23-0790c\/","title":{"rendered":"Disc frana CHEVROLET SPARK (M300) 1.0 LPG Benzina\/Autogaz (GPL) 68 cai METELLI 23-0790C"},"content":{"rendered":"<p>Partea de montare: punte fataAn fabricatie de la: 201101Aprobare: ECE-R90\u00cenaltime [mm]: 42,0Tip disc fr\u00e2na: ventilat ->Grosime disc fr\u00e2na [mm]: 20,0 ->Diametru exterior [mm]: 236,0Numar gauri: 6Asezare gauri \u00d8 [mm]: 60,0Suprafata: lacuit<\/p>\n","protected":false},"excerpt":{"rendered":"<p>Producator: METELLI Cod producator: 23-0790C<\/p>\n","protected":false},"featured_media":100308,"comment_status":"open","ping_status":"closed","template":"","meta":[],"product_brand":[11048],"product_cat":[61019],"product_tag":[72279,72804,72649,72281,72414,72292],"class_list":{"0":"post-187550","1":"product","2":"type-product","3":"status-publish","4":"has-post-thumbnail","6":"product_brand-metelli","7":"product_cat-disc-frana-m300-1-0-lpg-benzina-autogaz-gpl-68-3","8":"product_tag-chevrolet","9":"product_tag-disc","10":"product_tag-frana","11":"product_tag-lpg","12":"product_tag-metelli","13":"product_tag-spark","15":"first","16":"instock","17":"shipping-taxable","18":"purchasable","19":"product-type-simple"},"yoast_head":"<!-- This site is optimized with the Yoast SEO plugin v27.3 - https:\/\/yoast.com\/product\/yoast-seo-wordpress\/ -->\n<title>Disc frana CHEVROLET SPARK (M300) 1.0 LPG Benzina\/Autogaz (GPL) 68 cai METELLI 23-0790C CHEVROLET | METELLI - Autorival<\/title>\n<meta name=\"description\" content=\"\u26a1 Disc frana CHEVROLET SPARK (M300) 1.0 LPG Benzina\/Autogaz (GPL) 68 cai METELLI 23-0790C pentru CHEVROLET la doar 187.91 RON. \u2713 Cod: 23-0790C \u2713 Brand: METELLI \u2713 \u00cen stoc \u2713 Livrare 24h \u2713 Garan\u021bie!\" \/>\n<meta name=\"robots\" content=\"index, follow, max-snippet:-1, max-image-preview:large, max-video-preview:-1\" \/>\n<meta property=\"og:locale\" content=\"en_US\" \/>\n<meta property=\"og:type\" content=\"article\" \/>\n<meta property=\"og:title\" content=\"Disc frana CHEVROLET SPARK (M300) 1.0 LPG Benzina\/Autogaz (GPL) 68 cai METELLI 23-0790C CHEVROLET | METELLI - Autorival\" \/>\n<meta property=\"og:description\" content=\"\u26a1 Disc frana CHEVROLET SPARK (M300) 1.0 LPG Benzina\/Autogaz (GPL) 68 cai METELLI 23-0790C pentru CHEVROLET la doar 187.91 RON. \u2713 Cod: 23-0790C \u2713 Brand: METELLI \u2713 \u00cen stoc \u2713 Livrare 24h \u2713 Garan\u021bie!\" \/>\n<meta property=\"og:url\" content=\"https:\/\/autorival.ro\/chevrolet\/product\/disc-frana-chevrolet-spark-m300-1-0-lpg-benzina-autogaz-gpl-68-cai-metelli-23-0790c\/\" \/>\n<meta property=\"og:site_name\" content=\"CHEVROLET\" \/>\n<meta property=\"article:modified_time\" content=\"2025-05-03T00:47:39+00:00\" \/>\n<meta property=\"og:image\" content=\"https:\/\/autorival.ro\/chevrolet\/wp-content\/uploads\/sites\/7\/2025\/04\/23-0790c.jpg\" \/>\n\t<meta property=\"og:image:width\" content=\"500\" \/>\n\t<meta property=\"og:image:height\" content=\"354\" \/>\n\t<meta property=\"og:image:type\" content=\"image\/jpeg\" \/>\n<meta name=\"twitter:card\" content=\"summary_large_image\" \/>\n<meta name=\"twitter:title\" content=\"Disc frana CHEVROLET SPARK (M300) 1.0 LPG Benzina\/Autogaz (GPL) 68 cai METELLI 23-0790C CHEVROLET | METELLI - Autorival\" \/>\n<meta name=\"twitter:description\" content=\"\u26a1 Disc frana CHEVROLET SPARK (M300) 1.0 LPG Benzina\/Autogaz (GPL) 68 cai METELLI 23-0790C pentru CHEVROLET la doar 187.91 RON. \u2713 Cod: 23-0790C \u2713 Brand: METELLI \u2713 \u00cen stoc \u2713 Livrare 24h \u2713 Garan\u021bie!\" \/>\n<script type=\"application\/ld+json\" class=\"yoast-schema-graph\">{\"@context\":\"https:\\\/\\\/schema.org\",\"@graph\":[{\"@type\":\"WebPage\",\"@id\":\"https:\\\/\\\/autorival.ro\\\/chevrolet\\\/product\\\/disc-frana-chevrolet-spark-m300-1-0-lpg-benzina-autogaz-gpl-68-cai-metelli-23-0790c\\\/\",\"url\":\"https:\\\/\\\/autorival.ro\\\/chevrolet\\\/product\\\/disc-frana-chevrolet-spark-m300-1-0-lpg-benzina-autogaz-gpl-68-cai-metelli-23-0790c\\\/\",\"name\":\"Disc frana CHEVROLET SPARK (M300) 1.0 LPG Benzina\\\/Autogaz (GPL) 68 cai METELLI 23-0790C CHEVROLET | METELLI - Autorival\",\"isPartOf\":{\"@id\":\"https:\\\/\\\/autorival.ro\\\/chevrolet\\\/#website\"},\"primaryImageOfPage\":{\"@id\":\"https:\\\/\\\/autorival.ro\\\/chevrolet\\\/product\\\/disc-frana-chevrolet-spark-m300-1-0-lpg-benzina-autogaz-gpl-68-cai-metelli-23-0790c\\\/#primaryimage\"},\"image\":{\"@id\":\"https:\\\/\\\/autorival.ro\\\/chevrolet\\\/product\\\/disc-frana-chevrolet-spark-m300-1-0-lpg-benzina-autogaz-gpl-68-cai-metelli-23-0790c\\\/#primaryimage\"},\"thumbnailUrl\":\"https:\\\/\\\/autorival.ro\\\/chevrolet\\\/wp-content\\\/uploads\\\/sites\\\/7\\\/2025\\\/04\\\/23-0790c.jpg\",\"datePublished\":\"2025-05-03T00:47:38+00:00\",\"dateModified\":\"2025-05-03T00:47:39+00:00\",\"description\":\"\u26a1 Disc frana CHEVROLET SPARK (M300) 1.0 LPG Benzina\\\/Autogaz (GPL) 68 cai METELLI 23-0790C pentru CHEVROLET la doar 187.91 RON. \u2713 Cod: 23-0790C \u2713 Brand: METELLI \u2713 \u00cen stoc \u2713 Livrare 24h \u2713 Garan\u021bie!\",\"breadcrumb\":{\"@id\":\"https:\\\/\\\/autorival.ro\\\/chevrolet\\\/product\\\/disc-frana-chevrolet-spark-m300-1-0-lpg-benzina-autogaz-gpl-68-cai-metelli-23-0790c\\\/#breadcrumb\"},\"inLanguage\":\"en-US\",\"potentialAction\":[{\"@type\":\"ReadAction\",\"target\":[\"https:\\\/\\\/autorival.ro\\\/chevrolet\\\/product\\\/disc-frana-chevrolet-spark-m300-1-0-lpg-benzina-autogaz-gpl-68-cai-metelli-23-0790c\\\/\"]}]},{\"@type\":\"ImageObject\",\"inLanguage\":\"en-US\",\"@id\":\"https:\\\/\\\/autorival.ro\\\/chevrolet\\\/product\\\/disc-frana-chevrolet-spark-m300-1-0-lpg-benzina-autogaz-gpl-68-cai-metelli-23-0790c\\\/#primaryimage\",\"url\":\"https:\\\/\\\/autorival.ro\\\/chevrolet\\\/wp-content\\\/uploads\\\/sites\\\/7\\\/2025\\\/04\\\/23-0790c.jpg\",\"contentUrl\":\"https:\\\/\\\/autorival.ro\\\/chevrolet\\\/wp-content\\\/uploads\\\/sites\\\/7\\\/2025\\\/04\\\/23-0790c.jpg\",\"width\":500,\"height\":354,\"caption\":\"Disc frana -> CHEVROLET SPARK (M300) 1.0 benzina 68 cai -> METELLI 23-0790C\"},{\"@type\":\"BreadcrumbList\",\"@id\":\"https:\\\/\\\/autorival.ro\\\/chevrolet\\\/product\\\/disc-frana-chevrolet-spark-m300-1-0-lpg-benzina-autogaz-gpl-68-cai-metelli-23-0790c\\\/#breadcrumb\",\"itemListElement\":[{\"@type\":\"ListItem\",\"position\":1,\"name\":\"Prima pagin\u0103\",\"item\":\"https:\\\/\\\/autorival.ro\\\/chevrolet\\\/\"},{\"@type\":\"ListItem\",\"position\":2,\"name\":\"Piese auto CHEVROLET\",\"item\":\"https:\\\/\\\/autorival.ro\\\/chevrolet\\\/\"},{\"@type\":\"ListItem\",\"position\":3,\"name\":\"Disc frana CHEVROLET SPARK (M300) 1.0 LPG Benzina\\\/Autogaz (GPL) 68 cai METELLI 23-0790C\"}]},{\"@type\":\"WebSite\",\"@id\":\"https:\\\/\\\/autorival.ro\\\/chevrolet\\\/#website\",\"url\":\"https:\\\/\\\/autorival.ro\\\/chevrolet\\\/\",\"name\":\"CHEVROLET\",\"description\":\"\",\"potentialAction\":[{\"@type\":\"SearchAction\",\"target\":{\"@type\":\"EntryPoint\",\"urlTemplate\":\"https:\\\/\\\/autorival.ro\\\/chevrolet\\\/?s={search_term_string}\"},\"query-input\":{\"@type\":\"PropertyValueSpecification\",\"valueRequired\":true,\"valueName\":\"search_term_string\"}}],\"inLanguage\":\"en-US\"}]}<\/script>\n<!-- \/ Yoast SEO plugin. -->","yoast_head_json":{"title":"Disc frana CHEVROLET SPARK (M300) 1.0 LPG Benzina\/Autogaz (GPL) 68 cai METELLI 23-0790C CHEVROLET | METELLI - Autorival","description":"\u26a1 Disc frana CHEVROLET SPARK (M300) 1.0 LPG Benzina\/Autogaz (GPL) 68 cai METELLI 23-0790C pentru CHEVROLET la doar 187.91 RON. \u2713 Cod: 23-0790C \u2713 Brand: METELLI \u2713 \u00cen stoc \u2713 Livrare 24h \u2713 Garan\u021bie!","robots":{"index":"index","follow":"follow","max-snippet":"max-snippet:-1","max-image-preview":"max-image-preview:large","max-video-preview":"max-video-preview:-1"},"og_locale":"en_US","og_type":"article","og_title":"Disc frana CHEVROLET SPARK (M300) 1.0 LPG Benzina\/Autogaz (GPL) 68 cai METELLI 23-0790C CHEVROLET | METELLI - Autorival","og_description":"\u26a1 Disc frana CHEVROLET SPARK (M300) 1.0 LPG Benzina\/Autogaz (GPL) 68 cai METELLI 23-0790C pentru CHEVROLET la doar 187.91 RON. \u2713 Cod: 23-0790C \u2713 Brand: METELLI \u2713 \u00cen stoc \u2713 Livrare 24h \u2713 Garan\u021bie!","og_url":"https:\/\/autorival.ro\/chevrolet\/product\/disc-frana-chevrolet-spark-m300-1-0-lpg-benzina-autogaz-gpl-68-cai-metelli-23-0790c\/","og_site_name":"CHEVROLET","article_modified_time":"2025-05-03T00:47:39+00:00","og_image":[{"width":500,"height":354,"url":"https:\/\/autorival.ro\/chevrolet\/wp-content\/uploads\/sites\/7\/2025\/04\/23-0790c.jpg","type":"image\/jpeg"}],"twitter_card":"summary_large_image","twitter_title":"Disc frana CHEVROLET SPARK (M300) 1.0 LPG Benzina\/Autogaz (GPL) 68 cai METELLI 23-0790C CHEVROLET | METELLI - Autorival","twitter_description":"\u26a1 Disc frana CHEVROLET SPARK (M300) 1.0 LPG Benzina\/Autogaz (GPL) 68 cai METELLI 23-0790C pentru CHEVROLET la doar 187.91 RON. \u2713 Cod: 23-0790C \u2713 Brand: METELLI \u2713 \u00cen stoc \u2713 Livrare 24h \u2713 Garan\u021bie!","schema":{"@context":"https:\/\/schema.org","@graph":[{"@type":"WebPage","@id":"https:\/\/autorival.ro\/chevrolet\/product\/disc-frana-chevrolet-spark-m300-1-0-lpg-benzina-autogaz-gpl-68-cai-metelli-23-0790c\/","url":"https:\/\/autorival.ro\/chevrolet\/product\/disc-frana-chevrolet-spark-m300-1-0-lpg-benzina-autogaz-gpl-68-cai-metelli-23-0790c\/","name":"Disc frana CHEVROLET SPARK (M300) 1.0 LPG Benzina\/Autogaz (GPL) 68 cai METELLI 23-0790C CHEVROLET | METELLI - Autorival","isPartOf":{"@id":"https:\/\/autorival.ro\/chevrolet\/#website"},"primaryImageOfPage":{"@id":"https:\/\/autorival.ro\/chevrolet\/product\/disc-frana-chevrolet-spark-m300-1-0-lpg-benzina-autogaz-gpl-68-cai-metelli-23-0790c\/#primaryimage"},"image":{"@id":"https:\/\/autorival.ro\/chevrolet\/product\/disc-frana-chevrolet-spark-m300-1-0-lpg-benzina-autogaz-gpl-68-cai-metelli-23-0790c\/#primaryimage"},"thumbnailUrl":"https:\/\/autorival.ro\/chevrolet\/wp-content\/uploads\/sites\/7\/2025\/04\/23-0790c.jpg","datePublished":"2025-05-03T00:47:38+00:00","dateModified":"2025-05-03T00:47:39+00:00","description":"\u26a1 Disc frana CHEVROLET SPARK (M300) 1.0 LPG Benzina\/Autogaz (GPL) 68 cai METELLI 23-0790C pentru CHEVROLET la doar 187.91 RON. \u2713 Cod: 23-0790C \u2713 Brand: METELLI \u2713 \u00cen stoc \u2713 Livrare 24h \u2713 Garan\u021bie!","breadcrumb":{"@id":"https:\/\/autorival.ro\/chevrolet\/product\/disc-frana-chevrolet-spark-m300-1-0-lpg-benzina-autogaz-gpl-68-cai-metelli-23-0790c\/#breadcrumb"},"inLanguage":"en-US","potentialAction":[{"@type":"ReadAction","target":["https:\/\/autorival.ro\/chevrolet\/product\/disc-frana-chevrolet-spark-m300-1-0-lpg-benzina-autogaz-gpl-68-cai-metelli-23-0790c\/"]}]},{"@type":"ImageObject","inLanguage":"en-US","@id":"https:\/\/autorival.ro\/chevrolet\/product\/disc-frana-chevrolet-spark-m300-1-0-lpg-benzina-autogaz-gpl-68-cai-metelli-23-0790c\/#primaryimage","url":"https:\/\/autorival.ro\/chevrolet\/wp-content\/uploads\/sites\/7\/2025\/04\/23-0790c.jpg","contentUrl":"https:\/\/autorival.ro\/chevrolet\/wp-content\/uploads\/sites\/7\/2025\/04\/23-0790c.jpg","width":500,"height":354,"caption":"Disc frana -> CHEVROLET SPARK (M300) 1.0 benzina 68 cai -> METELLI 23-0790C"},{"@type":"BreadcrumbList","@id":"https:\/\/autorival.ro\/chevrolet\/product\/disc-frana-chevrolet-spark-m300-1-0-lpg-benzina-autogaz-gpl-68-cai-metelli-23-0790c\/#breadcrumb","itemListElement":[{"@type":"ListItem","position":1,"name":"Prima pagin\u0103","item":"https:\/\/autorival.ro\/chevrolet\/"},{"@type":"ListItem","position":2,"name":"Piese auto CHEVROLET","item":"https:\/\/autorival.ro\/chevrolet\/"},{"@type":"ListItem","position":3,"name":"Disc frana CHEVROLET SPARK (M300) 1.0 LPG Benzina\/Autogaz (GPL) 68 cai METELLI 23-0790C"}]},{"@type":"WebSite","@id":"https:\/\/autorival.ro\/chevrolet\/#website","url":"https:\/\/autorival.ro\/chevrolet\/","name":"CHEVROLET","description":"","potentialAction":[{"@type":"SearchAction","target":{"@type":"EntryPoint","urlTemplate":"https:\/\/autorival.ro\/chevrolet\/?s={search_term_string}"},"query-input":{"@type":"PropertyValueSpecification","valueRequired":true,"valueName":"search_term_string"}}],"inLanguage":"en-US"}]}},"_links":{"self":[{"href":"https:\/\/autorival.ro\/chevrolet\/wp-json\/wp\/v2\/product\/187550","targetHints":{"allow":["GET"]}}],"collection":[{"href":"https:\/\/autorival.ro\/chevrolet\/wp-json\/wp\/v2\/product"}],"about":[{"href":"https:\/\/autorival.ro\/chevrolet\/wp-json\/wp\/v2\/types\/product"}],"replies":[{"embeddable":true,"href":"https:\/\/autorival.ro\/chevrolet\/wp-json\/wp\/v2\/comments?post=187550"}],"wp:featuredmedia":[{"embeddable":true,"href":"https:\/\/autorival.ro\/chevrolet\/wp-json\/wp\/v2\/media\/100308"}],"wp:attachment":[{"href":"https:\/\/autorival.ro\/chevrolet\/wp-json\/wp\/v2\/media?parent=187550"}],"wp:term":[{"taxonomy":"product_brand","embeddable":true,"href":"https:\/\/autorival.ro\/chevrolet\/wp-json\/wp\/v2\/product_brand?post=187550"},{"taxonomy":"product_cat","embeddable":true,"href":"https:\/\/autorival.ro\/chevrolet\/wp-json\/wp\/v2\/product_cat?post=187550"},{"taxonomy":"product_tag","embeddable":true,"href":"https:\/\/autorival.ro\/chevrolet\/wp-json\/wp\/v2\/product_tag?post=187550"}],"curies":[{"name":"wp","href":"https:\/\/api.w.org\/{rel}","templated":true}]}}