{"id":185906,"date":"2025-05-03T00:23:49","date_gmt":"2025-05-03T00:23:49","guid":{"rendered":"https:\/\/autorival.ro\/chevrolet\/product\/disc-frana-chevrolet-cruze-j300-2-0-cdi-diesel-150-cai-champion-562640ch\/"},"modified":"2025-05-03T00:23:49","modified_gmt":"2025-05-03T00:23:49","slug":"disc-frana-chevrolet-cruze-j300-2-0-cdi-diesel-150-cai-champion-562640ch","status":"publish","type":"product","link":"https:\/\/autorival.ro\/chevrolet\/product\/disc-frana-chevrolet-cruze-j300-2-0-cdi-diesel-150-cai-champion-562640ch\/","title":{"rendered":"Disc frana CHEVROLET CRUZE (J300) 2.0 CDI diesel 150 cai CHAMPION 562640CH"},"content":{"rendered":"<p>Partea de montare: puntea spateMarime janta [inch]: 16Numar articol par: 573335CHpentru POC: J60\u00cenaltime [mm]: 45 ->Greutate [kg]: 11,11Tip disc fr\u00e2na: plin ->Grosime disc fr\u00e2na [mm]: 12 ->Grosime minima [mm]: 10 ->Diametru exterior [mm]: 292Numar gauri: 5 ->Diametru de centrare [mm]: 70,7Moment strangere [Nm]: 110Asezare gauri \u00d8 [mm]: 0Tip ambalaj: CutieUnitate de calitate: setArticol completare\/Info suplimentar 2: fara suruburi ->Lungime ambalaj [cm]: 30,5 ->Latime ambalaj [cm]: 30,5 ->Inaltime ambalaj [cm]: 10,5<\/p>\n","protected":false},"excerpt":{"rendered":"<p>Producator: CHAMPION Cod producator: 562640CH<\/p>\n","protected":false},"featured_media":29334,"comment_status":"open","ping_status":"closed","template":"","meta":[],"product_brand":[10945],"product_cat":[60983],"product_tag":[72291,72552,72279,72287,72804,72649],"class_list":{"0":"post-185906","1":"product","2":"type-product","3":"status-publish","4":"has-post-thumbnail","6":"product_brand-champion","7":"product_cat-disc-frana-j300-2-0-cdi-diesel-150-4","8":"product_tag-cdi","9":"product_tag-champion","10":"product_tag-chevrolet","11":"product_tag-cruze","12":"product_tag-disc","13":"product_tag-frana","15":"first","16":"instock","17":"shipping-taxable","18":"purchasable","19":"product-type-simple"},"yoast_head":"<!-- This site is optimized with the Yoast SEO plugin v27.3 - https:\/\/yoast.com\/product\/yoast-seo-wordpress\/ -->\n<title>Disc frana CHEVROLET CRUZE (J300) 2.0 CDI diesel 150 cai CHAMPION 562640CH CHEVROLET | CHAMPION - Autorival<\/title>\n<meta name=\"description\" content=\"\u26a1 Disc frana CHEVROLET CRUZE (J300) 2.0 CDI diesel 150 cai CHAMPION 562640CH pentru CHEVROLET la doar 470.78 RON. \u2713 Cod: 562640CH \u2713 Brand: CHAMPION \u2713 \u00cen stoc \u2713 Livrare 24h \u2713 Garan\u021bie!\" \/>\n<meta name=\"robots\" content=\"index, follow, max-snippet:-1, max-image-preview:large, max-video-preview:-1\" \/>\n<meta property=\"og:locale\" content=\"en_US\" \/>\n<meta property=\"og:type\" content=\"article\" \/>\n<meta property=\"og:title\" content=\"Disc frana CHEVROLET CRUZE (J300) 2.0 CDI diesel 150 cai CHAMPION 562640CH CHEVROLET | CHAMPION - Autorival\" \/>\n<meta property=\"og:description\" content=\"\u26a1 Disc frana CHEVROLET CRUZE (J300) 2.0 CDI diesel 150 cai CHAMPION 562640CH pentru CHEVROLET la doar 470.78 RON. \u2713 Cod: 562640CH \u2713 Brand: CHAMPION \u2713 \u00cen stoc \u2713 Livrare 24h \u2713 Garan\u021bie!\" \/>\n<meta property=\"og:url\" content=\"https:\/\/autorival.ro\/chevrolet\/product\/disc-frana-chevrolet-cruze-j300-2-0-cdi-diesel-150-cai-champion-562640ch\/\" \/>\n<meta property=\"og:site_name\" content=\"CHEVROLET\" \/>\n<meta property=\"og:image\" content=\"https:\/\/autorival.ro\/chevrolet\/wp-content\/uploads\/sites\/7\/2025\/04\/562640ch_1726777.jpg\" \/>\n\t<meta property=\"og:image:width\" content=\"406\" \/>\n\t<meta property=\"og:image:height\" content=\"400\" \/>\n\t<meta property=\"og:image:type\" content=\"image\/jpeg\" \/>\n<meta name=\"twitter:card\" content=\"summary_large_image\" \/>\n<meta name=\"twitter:title\" content=\"Disc frana CHEVROLET CRUZE (J300) 2.0 CDI diesel 150 cai CHAMPION 562640CH CHEVROLET | CHAMPION - Autorival\" \/>\n<meta name=\"twitter:description\" content=\"\u26a1 Disc frana CHEVROLET CRUZE (J300) 2.0 CDI diesel 150 cai CHAMPION 562640CH pentru CHEVROLET la doar 470.78 RON. \u2713 Cod: 562640CH \u2713 Brand: CHAMPION \u2713 \u00cen stoc \u2713 Livrare 24h \u2713 Garan\u021bie!\" \/>\n<script type=\"application\/ld+json\" class=\"yoast-schema-graph\">{\"@context\":\"https:\\\/\\\/schema.org\",\"@graph\":[{\"@type\":\"WebPage\",\"@id\":\"https:\\\/\\\/autorival.ro\\\/chevrolet\\\/product\\\/disc-frana-chevrolet-cruze-j300-2-0-cdi-diesel-150-cai-champion-562640ch\\\/\",\"url\":\"https:\\\/\\\/autorival.ro\\\/chevrolet\\\/product\\\/disc-frana-chevrolet-cruze-j300-2-0-cdi-diesel-150-cai-champion-562640ch\\\/\",\"name\":\"Disc frana CHEVROLET CRUZE (J300) 2.0 CDI diesel 150 cai CHAMPION 562640CH CHEVROLET | CHAMPION - Autorival\",\"isPartOf\":{\"@id\":\"https:\\\/\\\/autorival.ro\\\/chevrolet\\\/#website\"},\"primaryImageOfPage\":{\"@id\":\"https:\\\/\\\/autorival.ro\\\/chevrolet\\\/product\\\/disc-frana-chevrolet-cruze-j300-2-0-cdi-diesel-150-cai-champion-562640ch\\\/#primaryimage\"},\"image\":{\"@id\":\"https:\\\/\\\/autorival.ro\\\/chevrolet\\\/product\\\/disc-frana-chevrolet-cruze-j300-2-0-cdi-diesel-150-cai-champion-562640ch\\\/#primaryimage\"},\"thumbnailUrl\":\"https:\\\/\\\/autorival.ro\\\/chevrolet\\\/wp-content\\\/uploads\\\/sites\\\/7\\\/2025\\\/04\\\/562640ch_1726777.jpg\",\"datePublished\":\"2025-05-03T00:23:49+00:00\",\"description\":\"\u26a1 Disc frana CHEVROLET CRUZE (J300) 2.0 CDI diesel 150 cai CHAMPION 562640CH pentru CHEVROLET la doar 470.78 RON. \u2713 Cod: 562640CH \u2713 Brand: CHAMPION \u2713 \u00cen stoc \u2713 Livrare 24h \u2713 Garan\u021bie!\",\"breadcrumb\":{\"@id\":\"https:\\\/\\\/autorival.ro\\\/chevrolet\\\/product\\\/disc-frana-chevrolet-cruze-j300-2-0-cdi-diesel-150-cai-champion-562640ch\\\/#breadcrumb\"},\"inLanguage\":\"en-US\",\"potentialAction\":[{\"@type\":\"ReadAction\",\"target\":[\"https:\\\/\\\/autorival.ro\\\/chevrolet\\\/product\\\/disc-frana-chevrolet-cruze-j300-2-0-cdi-diesel-150-cai-champion-562640ch\\\/\"]}]},{\"@type\":\"ImageObject\",\"inLanguage\":\"en-US\",\"@id\":\"https:\\\/\\\/autorival.ro\\\/chevrolet\\\/product\\\/disc-frana-chevrolet-cruze-j300-2-0-cdi-diesel-150-cai-champion-562640ch\\\/#primaryimage\",\"url\":\"https:\\\/\\\/autorival.ro\\\/chevrolet\\\/wp-content\\\/uploads\\\/sites\\\/7\\\/2025\\\/04\\\/562640ch_1726777.jpg\",\"contentUrl\":\"https:\\\/\\\/autorival.ro\\\/chevrolet\\\/wp-content\\\/uploads\\\/sites\\\/7\\\/2025\\\/04\\\/562640ch_1726777.jpg\",\"width\":406,\"height\":400,\"caption\":\"Disc frana -> CHEVROLET CRUZE (J300) 1.4 benzina 101 cai -> CHAMPION 562640CH\"},{\"@type\":\"BreadcrumbList\",\"@id\":\"https:\\\/\\\/autorival.ro\\\/chevrolet\\\/product\\\/disc-frana-chevrolet-cruze-j300-2-0-cdi-diesel-150-cai-champion-562640ch\\\/#breadcrumb\",\"itemListElement\":[{\"@type\":\"ListItem\",\"position\":1,\"name\":\"Prima pagin\u0103\",\"item\":\"https:\\\/\\\/autorival.ro\\\/chevrolet\\\/\"},{\"@type\":\"ListItem\",\"position\":2,\"name\":\"Piese auto CHEVROLET\",\"item\":\"https:\\\/\\\/autorival.ro\\\/chevrolet\\\/\"},{\"@type\":\"ListItem\",\"position\":3,\"name\":\"Disc frana CHEVROLET CRUZE (J300) 2.0 CDI diesel 150 cai CHAMPION 562640CH\"}]},{\"@type\":\"WebSite\",\"@id\":\"https:\\\/\\\/autorival.ro\\\/chevrolet\\\/#website\",\"url\":\"https:\\\/\\\/autorival.ro\\\/chevrolet\\\/\",\"name\":\"CHEVROLET\",\"description\":\"\",\"potentialAction\":[{\"@type\":\"SearchAction\",\"target\":{\"@type\":\"EntryPoint\",\"urlTemplate\":\"https:\\\/\\\/autorival.ro\\\/chevrolet\\\/?s={search_term_string}\"},\"query-input\":{\"@type\":\"PropertyValueSpecification\",\"valueRequired\":true,\"valueName\":\"search_term_string\"}}],\"inLanguage\":\"en-US\"}]}<\/script>\n<!-- \/ Yoast SEO plugin. -->","yoast_head_json":{"title":"Disc frana CHEVROLET CRUZE (J300) 2.0 CDI diesel 150 cai CHAMPION 562640CH CHEVROLET | CHAMPION - Autorival","description":"\u26a1 Disc frana CHEVROLET CRUZE (J300) 2.0 CDI diesel 150 cai CHAMPION 562640CH pentru CHEVROLET la doar 470.78 RON. \u2713 Cod: 562640CH \u2713 Brand: CHAMPION \u2713 \u00cen stoc \u2713 Livrare 24h \u2713 Garan\u021bie!","robots":{"index":"index","follow":"follow","max-snippet":"max-snippet:-1","max-image-preview":"max-image-preview:large","max-video-preview":"max-video-preview:-1"},"og_locale":"en_US","og_type":"article","og_title":"Disc frana CHEVROLET CRUZE (J300) 2.0 CDI diesel 150 cai CHAMPION 562640CH CHEVROLET | CHAMPION - Autorival","og_description":"\u26a1 Disc frana CHEVROLET CRUZE (J300) 2.0 CDI diesel 150 cai CHAMPION 562640CH pentru CHEVROLET la doar 470.78 RON. \u2713 Cod: 562640CH \u2713 Brand: CHAMPION \u2713 \u00cen stoc \u2713 Livrare 24h \u2713 Garan\u021bie!","og_url":"https:\/\/autorival.ro\/chevrolet\/product\/disc-frana-chevrolet-cruze-j300-2-0-cdi-diesel-150-cai-champion-562640ch\/","og_site_name":"CHEVROLET","og_image":[{"width":406,"height":400,"url":"https:\/\/autorival.ro\/chevrolet\/wp-content\/uploads\/sites\/7\/2025\/04\/562640ch_1726777.jpg","type":"image\/jpeg"}],"twitter_card":"summary_large_image","twitter_title":"Disc frana CHEVROLET CRUZE (J300) 2.0 CDI diesel 150 cai CHAMPION 562640CH CHEVROLET | CHAMPION - Autorival","twitter_description":"\u26a1 Disc frana CHEVROLET CRUZE (J300) 2.0 CDI diesel 150 cai CHAMPION 562640CH pentru CHEVROLET la doar 470.78 RON. \u2713 Cod: 562640CH \u2713 Brand: CHAMPION \u2713 \u00cen stoc \u2713 Livrare 24h \u2713 Garan\u021bie!","schema":{"@context":"https:\/\/schema.org","@graph":[{"@type":"WebPage","@id":"https:\/\/autorival.ro\/chevrolet\/product\/disc-frana-chevrolet-cruze-j300-2-0-cdi-diesel-150-cai-champion-562640ch\/","url":"https:\/\/autorival.ro\/chevrolet\/product\/disc-frana-chevrolet-cruze-j300-2-0-cdi-diesel-150-cai-champion-562640ch\/","name":"Disc frana CHEVROLET CRUZE (J300) 2.0 CDI diesel 150 cai CHAMPION 562640CH CHEVROLET | CHAMPION - Autorival","isPartOf":{"@id":"https:\/\/autorival.ro\/chevrolet\/#website"},"primaryImageOfPage":{"@id":"https:\/\/autorival.ro\/chevrolet\/product\/disc-frana-chevrolet-cruze-j300-2-0-cdi-diesel-150-cai-champion-562640ch\/#primaryimage"},"image":{"@id":"https:\/\/autorival.ro\/chevrolet\/product\/disc-frana-chevrolet-cruze-j300-2-0-cdi-diesel-150-cai-champion-562640ch\/#primaryimage"},"thumbnailUrl":"https:\/\/autorival.ro\/chevrolet\/wp-content\/uploads\/sites\/7\/2025\/04\/562640ch_1726777.jpg","datePublished":"2025-05-03T00:23:49+00:00","description":"\u26a1 Disc frana CHEVROLET CRUZE (J300) 2.0 CDI diesel 150 cai CHAMPION 562640CH pentru CHEVROLET la doar 470.78 RON. \u2713 Cod: 562640CH \u2713 Brand: CHAMPION \u2713 \u00cen stoc \u2713 Livrare 24h \u2713 Garan\u021bie!","breadcrumb":{"@id":"https:\/\/autorival.ro\/chevrolet\/product\/disc-frana-chevrolet-cruze-j300-2-0-cdi-diesel-150-cai-champion-562640ch\/#breadcrumb"},"inLanguage":"en-US","potentialAction":[{"@type":"ReadAction","target":["https:\/\/autorival.ro\/chevrolet\/product\/disc-frana-chevrolet-cruze-j300-2-0-cdi-diesel-150-cai-champion-562640ch\/"]}]},{"@type":"ImageObject","inLanguage":"en-US","@id":"https:\/\/autorival.ro\/chevrolet\/product\/disc-frana-chevrolet-cruze-j300-2-0-cdi-diesel-150-cai-champion-562640ch\/#primaryimage","url":"https:\/\/autorival.ro\/chevrolet\/wp-content\/uploads\/sites\/7\/2025\/04\/562640ch_1726777.jpg","contentUrl":"https:\/\/autorival.ro\/chevrolet\/wp-content\/uploads\/sites\/7\/2025\/04\/562640ch_1726777.jpg","width":406,"height":400,"caption":"Disc frana -> CHEVROLET CRUZE (J300) 1.4 benzina 101 cai -> CHAMPION 562640CH"},{"@type":"BreadcrumbList","@id":"https:\/\/autorival.ro\/chevrolet\/product\/disc-frana-chevrolet-cruze-j300-2-0-cdi-diesel-150-cai-champion-562640ch\/#breadcrumb","itemListElement":[{"@type":"ListItem","position":1,"name":"Prima pagin\u0103","item":"https:\/\/autorival.ro\/chevrolet\/"},{"@type":"ListItem","position":2,"name":"Piese auto CHEVROLET","item":"https:\/\/autorival.ro\/chevrolet\/"},{"@type":"ListItem","position":3,"name":"Disc frana CHEVROLET CRUZE (J300) 2.0 CDI diesel 150 cai CHAMPION 562640CH"}]},{"@type":"WebSite","@id":"https:\/\/autorival.ro\/chevrolet\/#website","url":"https:\/\/autorival.ro\/chevrolet\/","name":"CHEVROLET","description":"","potentialAction":[{"@type":"SearchAction","target":{"@type":"EntryPoint","urlTemplate":"https:\/\/autorival.ro\/chevrolet\/?s={search_term_string}"},"query-input":{"@type":"PropertyValueSpecification","valueRequired":true,"valueName":"search_term_string"}}],"inLanguage":"en-US"}]}},"_links":{"self":[{"href":"https:\/\/autorival.ro\/chevrolet\/wp-json\/wp\/v2\/product\/185906","targetHints":{"allow":["GET"]}}],"collection":[{"href":"https:\/\/autorival.ro\/chevrolet\/wp-json\/wp\/v2\/product"}],"about":[{"href":"https:\/\/autorival.ro\/chevrolet\/wp-json\/wp\/v2\/types\/product"}],"replies":[{"embeddable":true,"href":"https:\/\/autorival.ro\/chevrolet\/wp-json\/wp\/v2\/comments?post=185906"}],"wp:featuredmedia":[{"embeddable":true,"href":"https:\/\/autorival.ro\/chevrolet\/wp-json\/wp\/v2\/media\/29334"}],"wp:attachment":[{"href":"https:\/\/autorival.ro\/chevrolet\/wp-json\/wp\/v2\/media?parent=185906"}],"wp:term":[{"taxonomy":"product_brand","embeddable":true,"href":"https:\/\/autorival.ro\/chevrolet\/wp-json\/wp\/v2\/product_brand?post=185906"},{"taxonomy":"product_cat","embeddable":true,"href":"https:\/\/autorival.ro\/chevrolet\/wp-json\/wp\/v2\/product_cat?post=185906"},{"taxonomy":"product_tag","embeddable":true,"href":"https:\/\/autorival.ro\/chevrolet\/wp-json\/wp\/v2\/product_tag?post=185906"}],"curies":[{"name":"wp","href":"https:\/\/api.w.org\/{rel}","templated":true}]}}