{"id":178741,"date":"2025-05-02T22:49:35","date_gmt":"2025-05-02T22:49:35","guid":{"rendered":"https:\/\/autorival.ro\/chevrolet\/product\/compresor-climatizare-chevrolet-cruze-j300-1-6-benzina-109-cai-van-wezel-0800k052\/"},"modified":"2025-05-02T22:49:36","modified_gmt":"2025-05-02T22:49:36","slug":"compresor-climatizare-chevrolet-cruze-j300-1-6-benzina-109-cai-van-wezel-0800k052","status":"publish","type":"product","link":"https:\/\/autorival.ro\/chevrolet\/product\/compresor-climatizare-chevrolet-cruze-j300-1-6-benzina-109-cai-van-wezel-0800k052\/","title":{"rendered":"Compresor climatizare CHEVROLET CRUZE (J300) 1.6 benzina 109 cai VAN WEZEL 0800K052"},"content":{"rendered":"<p>Restrictiile producatorului: Type DelphiID compresor: CSP15Fulie curea \u00d8 [mm]: 120Tensiune [V]: 12Num\u0103rul conexiunilor cu muf\u0103: 2 ->Diametru admisie [mm]: 17,8 ->Diametru evacuare [mm]: 11,8Cantitate umplere ulei [ml]: 130Role: cuNumar de striatii: 6Ulei de compresor: PAG 46Agent frigorific: R 134aTip centura de siguranta: fixare \u00een trei puncteForma carcasa stecher: ovalincarcat partial<\/p>\n","protected":false},"excerpt":{"rendered":"<p>Producator: VAN WEZEL Cod producator: 0800K052<\/p>\n","protected":false},"featured_media":32593,"comment_status":"open","ping_status":"closed","template":"","meta":[],"product_brand":[11124],"product_cat":[59645],"product_tag":[72279,72707,72546,72287,72282,72283],"class_list":{"0":"post-178741","1":"product","2":"type-product","3":"status-publish","4":"has-post-thumbnail","6":"product_brand-van-wezel","7":"product_cat-compresor-climatizare-j300-1-6-benzina-109-4","8":"product_tag-chevrolet","9":"product_tag-climatizare","10":"product_tag-compresor","11":"product_tag-cruze","12":"product_tag-van","13":"product_tag-wezel","15":"first","16":"instock","17":"shipping-taxable","18":"purchasable","19":"product-type-simple"},"yoast_head":"<!-- This site is optimized with the Yoast SEO plugin v27.3 - https:\/\/yoast.com\/product\/yoast-seo-wordpress\/ -->\n<title>Compresor climatizare CHEVROLET CRUZE (J300) 1.6 benzina 109 cai VAN WEZEL 0800K052 CHEVROLET | VAN - Autorival<\/title>\n<meta name=\"description\" content=\"\u26a1 Compresor climatizare CHEVROLET CRUZE (J300) 1.6 benzina 109 cai VAN WEZEL 0800K052 pentru CHEVROLET la doar 1973.01 RON. \u2713 Cod: 0800K052 \u2713 Brand: VAN \u2713 \u00cen stoc \u2713 Livrare 24h \u2713 Garan\u021bie!\" \/>\n<meta name=\"robots\" content=\"index, follow, max-snippet:-1, max-image-preview:large, max-video-preview:-1\" \/>\n<meta property=\"og:locale\" content=\"en_US\" \/>\n<meta property=\"og:type\" content=\"article\" \/>\n<meta property=\"og:title\" content=\"Compresor climatizare CHEVROLET CRUZE (J300) 1.6 benzina 109 cai VAN WEZEL 0800K052 CHEVROLET | VAN - Autorival\" \/>\n<meta property=\"og:description\" content=\"\u26a1 Compresor climatizare CHEVROLET CRUZE (J300) 1.6 benzina 109 cai VAN WEZEL 0800K052 pentru CHEVROLET la doar 1973.01 RON. \u2713 Cod: 0800K052 \u2713 Brand: VAN \u2713 \u00cen stoc \u2713 Livrare 24h \u2713 Garan\u021bie!\" \/>\n<meta property=\"og:url\" content=\"https:\/\/autorival.ro\/chevrolet\/product\/compresor-climatizare-chevrolet-cruze-j300-1-6-benzina-109-cai-van-wezel-0800k052\/\" \/>\n<meta property=\"og:site_name\" content=\"CHEVROLET\" \/>\n<meta property=\"article:modified_time\" content=\"2025-05-02T22:49:36+00:00\" \/>\n<meta property=\"og:image\" content=\"https:\/\/autorival.ro\/chevrolet\/wp-content\/uploads\/sites\/7\/2025\/04\/a0800k052.jpg\" \/>\n\t<meta property=\"og:image:width\" content=\"400\" \/>\n\t<meta property=\"og:image:height\" content=\"280\" \/>\n\t<meta property=\"og:image:type\" content=\"image\/jpeg\" \/>\n<meta name=\"twitter:card\" content=\"summary_large_image\" \/>\n<meta name=\"twitter:title\" content=\"Compresor climatizare CHEVROLET CRUZE (J300) 1.6 benzina 109 cai VAN WEZEL 0800K052 CHEVROLET | VAN - Autorival\" \/>\n<meta name=\"twitter:description\" content=\"\u26a1 Compresor climatizare CHEVROLET CRUZE (J300) 1.6 benzina 109 cai VAN WEZEL 0800K052 pentru CHEVROLET la doar 1973.01 RON. \u2713 Cod: 0800K052 \u2713 Brand: VAN \u2713 \u00cen stoc \u2713 Livrare 24h \u2713 Garan\u021bie!\" \/>\n<script type=\"application\/ld+json\" class=\"yoast-schema-graph\">{\"@context\":\"https:\\\/\\\/schema.org\",\"@graph\":[{\"@type\":\"WebPage\",\"@id\":\"https:\\\/\\\/autorival.ro\\\/chevrolet\\\/product\\\/compresor-climatizare-chevrolet-cruze-j300-1-6-benzina-109-cai-van-wezel-0800k052\\\/\",\"url\":\"https:\\\/\\\/autorival.ro\\\/chevrolet\\\/product\\\/compresor-climatizare-chevrolet-cruze-j300-1-6-benzina-109-cai-van-wezel-0800k052\\\/\",\"name\":\"Compresor climatizare CHEVROLET CRUZE (J300) 1.6 benzina 109 cai VAN WEZEL 0800K052 CHEVROLET | VAN - Autorival\",\"isPartOf\":{\"@id\":\"https:\\\/\\\/autorival.ro\\\/chevrolet\\\/#website\"},\"primaryImageOfPage\":{\"@id\":\"https:\\\/\\\/autorival.ro\\\/chevrolet\\\/product\\\/compresor-climatizare-chevrolet-cruze-j300-1-6-benzina-109-cai-van-wezel-0800k052\\\/#primaryimage\"},\"image\":{\"@id\":\"https:\\\/\\\/autorival.ro\\\/chevrolet\\\/product\\\/compresor-climatizare-chevrolet-cruze-j300-1-6-benzina-109-cai-van-wezel-0800k052\\\/#primaryimage\"},\"thumbnailUrl\":\"https:\\\/\\\/autorival.ro\\\/chevrolet\\\/wp-content\\\/uploads\\\/sites\\\/7\\\/2025\\\/04\\\/a0800k052.jpg\",\"datePublished\":\"2025-05-02T22:49:35+00:00\",\"dateModified\":\"2025-05-02T22:49:36+00:00\",\"description\":\"\u26a1 Compresor climatizare CHEVROLET CRUZE (J300) 1.6 benzina 109 cai VAN WEZEL 0800K052 pentru CHEVROLET la doar 1973.01 RON. \u2713 Cod: 0800K052 \u2713 Brand: VAN \u2713 \u00cen stoc \u2713 Livrare 24h \u2713 Garan\u021bie!\",\"breadcrumb\":{\"@id\":\"https:\\\/\\\/autorival.ro\\\/chevrolet\\\/product\\\/compresor-climatizare-chevrolet-cruze-j300-1-6-benzina-109-cai-van-wezel-0800k052\\\/#breadcrumb\"},\"inLanguage\":\"en-US\",\"potentialAction\":[{\"@type\":\"ReadAction\",\"target\":[\"https:\\\/\\\/autorival.ro\\\/chevrolet\\\/product\\\/compresor-climatizare-chevrolet-cruze-j300-1-6-benzina-109-cai-van-wezel-0800k052\\\/\"]}]},{\"@type\":\"ImageObject\",\"inLanguage\":\"en-US\",\"@id\":\"https:\\\/\\\/autorival.ro\\\/chevrolet\\\/product\\\/compresor-climatizare-chevrolet-cruze-j300-1-6-benzina-109-cai-van-wezel-0800k052\\\/#primaryimage\",\"url\":\"https:\\\/\\\/autorival.ro\\\/chevrolet\\\/wp-content\\\/uploads\\\/sites\\\/7\\\/2025\\\/04\\\/a0800k052.jpg\",\"contentUrl\":\"https:\\\/\\\/autorival.ro\\\/chevrolet\\\/wp-content\\\/uploads\\\/sites\\\/7\\\/2025\\\/04\\\/a0800k052.jpg\",\"width\":400,\"height\":280,\"caption\":\"Compresor climatizare -> CHEVROLET CRUZE (J300) 1.6 benzina 109 cai -> VAN WEZEL 0800K052\"},{\"@type\":\"BreadcrumbList\",\"@id\":\"https:\\\/\\\/autorival.ro\\\/chevrolet\\\/product\\\/compresor-climatizare-chevrolet-cruze-j300-1-6-benzina-109-cai-van-wezel-0800k052\\\/#breadcrumb\",\"itemListElement\":[{\"@type\":\"ListItem\",\"position\":1,\"name\":\"Prima pagin\u0103\",\"item\":\"https:\\\/\\\/autorival.ro\\\/chevrolet\\\/\"},{\"@type\":\"ListItem\",\"position\":2,\"name\":\"Piese auto CHEVROLET\",\"item\":\"https:\\\/\\\/autorival.ro\\\/chevrolet\\\/\"},{\"@type\":\"ListItem\",\"position\":3,\"name\":\"Compresor climatizare CHEVROLET CRUZE (J300) 1.6 benzina 109 cai VAN WEZEL 0800K052\"}]},{\"@type\":\"WebSite\",\"@id\":\"https:\\\/\\\/autorival.ro\\\/chevrolet\\\/#website\",\"url\":\"https:\\\/\\\/autorival.ro\\\/chevrolet\\\/\",\"name\":\"CHEVROLET\",\"description\":\"\",\"potentialAction\":[{\"@type\":\"SearchAction\",\"target\":{\"@type\":\"EntryPoint\",\"urlTemplate\":\"https:\\\/\\\/autorival.ro\\\/chevrolet\\\/?s={search_term_string}\"},\"query-input\":{\"@type\":\"PropertyValueSpecification\",\"valueRequired\":true,\"valueName\":\"search_term_string\"}}],\"inLanguage\":\"en-US\"}]}<\/script>\n<!-- \/ Yoast SEO plugin. -->","yoast_head_json":{"title":"Compresor climatizare CHEVROLET CRUZE (J300) 1.6 benzina 109 cai VAN WEZEL 0800K052 CHEVROLET | VAN - Autorival","description":"\u26a1 Compresor climatizare CHEVROLET CRUZE (J300) 1.6 benzina 109 cai VAN WEZEL 0800K052 pentru CHEVROLET la doar 1973.01 RON. \u2713 Cod: 0800K052 \u2713 Brand: VAN \u2713 \u00cen stoc \u2713 Livrare 24h \u2713 Garan\u021bie!","robots":{"index":"index","follow":"follow","max-snippet":"max-snippet:-1","max-image-preview":"max-image-preview:large","max-video-preview":"max-video-preview:-1"},"og_locale":"en_US","og_type":"article","og_title":"Compresor climatizare CHEVROLET CRUZE (J300) 1.6 benzina 109 cai VAN WEZEL 0800K052 CHEVROLET | VAN - Autorival","og_description":"\u26a1 Compresor climatizare CHEVROLET CRUZE (J300) 1.6 benzina 109 cai VAN WEZEL 0800K052 pentru CHEVROLET la doar 1973.01 RON. \u2713 Cod: 0800K052 \u2713 Brand: VAN \u2713 \u00cen stoc \u2713 Livrare 24h \u2713 Garan\u021bie!","og_url":"https:\/\/autorival.ro\/chevrolet\/product\/compresor-climatizare-chevrolet-cruze-j300-1-6-benzina-109-cai-van-wezel-0800k052\/","og_site_name":"CHEVROLET","article_modified_time":"2025-05-02T22:49:36+00:00","og_image":[{"width":400,"height":280,"url":"https:\/\/autorival.ro\/chevrolet\/wp-content\/uploads\/sites\/7\/2025\/04\/a0800k052.jpg","type":"image\/jpeg"}],"twitter_card":"summary_large_image","twitter_title":"Compresor climatizare CHEVROLET CRUZE (J300) 1.6 benzina 109 cai VAN WEZEL 0800K052 CHEVROLET | VAN - Autorival","twitter_description":"\u26a1 Compresor climatizare CHEVROLET CRUZE (J300) 1.6 benzina 109 cai VAN WEZEL 0800K052 pentru CHEVROLET la doar 1973.01 RON. \u2713 Cod: 0800K052 \u2713 Brand: VAN \u2713 \u00cen stoc \u2713 Livrare 24h \u2713 Garan\u021bie!","schema":{"@context":"https:\/\/schema.org","@graph":[{"@type":"WebPage","@id":"https:\/\/autorival.ro\/chevrolet\/product\/compresor-climatizare-chevrolet-cruze-j300-1-6-benzina-109-cai-van-wezel-0800k052\/","url":"https:\/\/autorival.ro\/chevrolet\/product\/compresor-climatizare-chevrolet-cruze-j300-1-6-benzina-109-cai-van-wezel-0800k052\/","name":"Compresor climatizare CHEVROLET CRUZE (J300) 1.6 benzina 109 cai VAN WEZEL 0800K052 CHEVROLET | VAN - Autorival","isPartOf":{"@id":"https:\/\/autorival.ro\/chevrolet\/#website"},"primaryImageOfPage":{"@id":"https:\/\/autorival.ro\/chevrolet\/product\/compresor-climatizare-chevrolet-cruze-j300-1-6-benzina-109-cai-van-wezel-0800k052\/#primaryimage"},"image":{"@id":"https:\/\/autorival.ro\/chevrolet\/product\/compresor-climatizare-chevrolet-cruze-j300-1-6-benzina-109-cai-van-wezel-0800k052\/#primaryimage"},"thumbnailUrl":"https:\/\/autorival.ro\/chevrolet\/wp-content\/uploads\/sites\/7\/2025\/04\/a0800k052.jpg","datePublished":"2025-05-02T22:49:35+00:00","dateModified":"2025-05-02T22:49:36+00:00","description":"\u26a1 Compresor climatizare CHEVROLET CRUZE (J300) 1.6 benzina 109 cai VAN WEZEL 0800K052 pentru CHEVROLET la doar 1973.01 RON. \u2713 Cod: 0800K052 \u2713 Brand: VAN \u2713 \u00cen stoc \u2713 Livrare 24h \u2713 Garan\u021bie!","breadcrumb":{"@id":"https:\/\/autorival.ro\/chevrolet\/product\/compresor-climatizare-chevrolet-cruze-j300-1-6-benzina-109-cai-van-wezel-0800k052\/#breadcrumb"},"inLanguage":"en-US","potentialAction":[{"@type":"ReadAction","target":["https:\/\/autorival.ro\/chevrolet\/product\/compresor-climatizare-chevrolet-cruze-j300-1-6-benzina-109-cai-van-wezel-0800k052\/"]}]},{"@type":"ImageObject","inLanguage":"en-US","@id":"https:\/\/autorival.ro\/chevrolet\/product\/compresor-climatizare-chevrolet-cruze-j300-1-6-benzina-109-cai-van-wezel-0800k052\/#primaryimage","url":"https:\/\/autorival.ro\/chevrolet\/wp-content\/uploads\/sites\/7\/2025\/04\/a0800k052.jpg","contentUrl":"https:\/\/autorival.ro\/chevrolet\/wp-content\/uploads\/sites\/7\/2025\/04\/a0800k052.jpg","width":400,"height":280,"caption":"Compresor climatizare -> CHEVROLET CRUZE (J300) 1.6 benzina 109 cai -> VAN WEZEL 0800K052"},{"@type":"BreadcrumbList","@id":"https:\/\/autorival.ro\/chevrolet\/product\/compresor-climatizare-chevrolet-cruze-j300-1-6-benzina-109-cai-van-wezel-0800k052\/#breadcrumb","itemListElement":[{"@type":"ListItem","position":1,"name":"Prima pagin\u0103","item":"https:\/\/autorival.ro\/chevrolet\/"},{"@type":"ListItem","position":2,"name":"Piese auto CHEVROLET","item":"https:\/\/autorival.ro\/chevrolet\/"},{"@type":"ListItem","position":3,"name":"Compresor climatizare CHEVROLET CRUZE (J300) 1.6 benzina 109 cai VAN WEZEL 0800K052"}]},{"@type":"WebSite","@id":"https:\/\/autorival.ro\/chevrolet\/#website","url":"https:\/\/autorival.ro\/chevrolet\/","name":"CHEVROLET","description":"","potentialAction":[{"@type":"SearchAction","target":{"@type":"EntryPoint","urlTemplate":"https:\/\/autorival.ro\/chevrolet\/?s={search_term_string}"},"query-input":{"@type":"PropertyValueSpecification","valueRequired":true,"valueName":"search_term_string"}}],"inLanguage":"en-US"}]}},"_links":{"self":[{"href":"https:\/\/autorival.ro\/chevrolet\/wp-json\/wp\/v2\/product\/178741","targetHints":{"allow":["GET"]}}],"collection":[{"href":"https:\/\/autorival.ro\/chevrolet\/wp-json\/wp\/v2\/product"}],"about":[{"href":"https:\/\/autorival.ro\/chevrolet\/wp-json\/wp\/v2\/types\/product"}],"replies":[{"embeddable":true,"href":"https:\/\/autorival.ro\/chevrolet\/wp-json\/wp\/v2\/comments?post=178741"}],"wp:featuredmedia":[{"embeddable":true,"href":"https:\/\/autorival.ro\/chevrolet\/wp-json\/wp\/v2\/media\/32593"}],"wp:attachment":[{"href":"https:\/\/autorival.ro\/chevrolet\/wp-json\/wp\/v2\/media?parent=178741"}],"wp:term":[{"taxonomy":"product_brand","embeddable":true,"href":"https:\/\/autorival.ro\/chevrolet\/wp-json\/wp\/v2\/product_brand?post=178741"},{"taxonomy":"product_cat","embeddable":true,"href":"https:\/\/autorival.ro\/chevrolet\/wp-json\/wp\/v2\/product_cat?post=178741"},{"taxonomy":"product_tag","embeddable":true,"href":"https:\/\/autorival.ro\/chevrolet\/wp-json\/wp\/v2\/product_tag?post=178741"}],"curies":[{"name":"wp","href":"https:\/\/api.w.org\/{rel}","templated":true}]}}