{"id":642210,"date":"2025-06-27T20:02:19","date_gmt":"2025-06-27T20:02:19","guid":{"rendered":"https:\/\/autorival.ro\/bmw\/product\/bieleta-antiruliu-bmw-seria-1-e87-118-i-benzina-143-cai-oe-bmw-31352405868\/"},"modified":"2025-06-27T20:02:19","modified_gmt":"2025-06-27T20:02:19","slug":"bieleta-antiruliu-bmw-seria-1-e87-118-i-benzina-143-cai-oe-bmw-31352405868","status":"publish","type":"product","link":"https:\/\/autorival.ro\/bmw\/product\/bieleta-antiruliu-bmw-seria-1-e87-118-i-benzina-143-cai-oe-bmw-31352405868\/","title":{"rendered":"Bieleta antiruliu BMW Seria 1 (E87) 118 i benzina 143 cai OE BMW 31352405868"},"content":{"rendered":"<p>Partea de montare: Axa fata stangaBara\/bieleta: bara torsiune ->Lungime [mm]: 290 ->Dimensiune filet 1: M10x1,5 ->Dimensiune filet 2: M10x1,5Articol extins\/Informatii de extindere: cu prelungitor de cheieModel ranforsatNumar bucati necesare: 1\u00eenlocuire \u00een pereche recomandat\u0103cu eticheta ecologic\u0103: Amprent\u0103 de carbon neutr\u0103Numar articol par: 316 060 0017\/HD<\/p>\n","protected":false},"excerpt":{"rendered":"<p>Producator: OE BMW Cod producator: 31352405868<\/p>\n","protected":false},"featured_media":642211,"comment_status":"open","ping_status":"closed","template":"","meta":[],"product_brand":[391],"product_cat":[19475],"product_tag":[31701,32212,32211,31680,31681,31685],"class_list":{"0":"post-642210","1":"product","2":"type-product","3":"status-publish","4":"has-post-thumbnail","6":"product_brand-oe-bmw","7":"product_cat-bieleta-antiruliu-e87-118-i-benzina-143","8":"product_tag-e87","9":"product_tag-antiruliu","10":"product_tag-bieleta","11":"product_tag-bmw","12":"product_tag-oe","13":"product_tag-seria","15":"first","16":"instock","17":"shipping-taxable","18":"purchasable","19":"product-type-simple"},"yoast_head":"<!-- This site is optimized with the Yoast SEO plugin v27.3 - https:\/\/yoast.com\/product\/yoast-seo-wordpress\/ -->\n<title>Bieleta antiruliu BMW Seria 1 (E87) 118 i benzina 143 cai OE BMW 31352405868 BMW | OE - Autorival<\/title>\n<meta name=\"description\" content=\"\u26a1 Bieleta antiruliu BMW Seria 1 (E87) 118 i benzina 143 cai OE BMW 31352405868 pentru BMW la doar 567 RON. \u2713 Cod: 31352405868 \u2713 Brand: OE \u2713 \u00cen stoc \u2713 Livrare 24h \u2713 Garan\u021bie!\" \/>\n<meta name=\"robots\" content=\"index, follow, max-snippet:-1, max-image-preview:large, max-video-preview:-1\" \/>\n<meta property=\"og:locale\" content=\"en_US\" \/>\n<meta property=\"og:type\" content=\"article\" \/>\n<meta property=\"og:title\" content=\"Bieleta antiruliu BMW Seria 1 (E87) 118 i benzina 143 cai OE BMW 31352405868 BMW | OE - Autorival\" \/>\n<meta property=\"og:description\" content=\"\u26a1 Bieleta antiruliu BMW Seria 1 (E87) 118 i benzina 143 cai OE BMW 31352405868 pentru BMW la doar 567 RON. \u2713 Cod: 31352405868 \u2713 Brand: OE \u2713 \u00cen stoc \u2713 Livrare 24h \u2713 Garan\u021bie!\" \/>\n<meta property=\"og:url\" content=\"https:\/\/autorival.ro\/bmw\/product\/bieleta-antiruliu-bmw-seria-1-e87-118-i-benzina-143-cai-oe-bmw-31352405868\/\" \/>\n<meta property=\"og:site_name\" content=\"BMW\" \/>\n<meta property=\"og:image\" content=\"https:\/\/autorival.ro\/bmw\/wp-content\/uploads\/sites\/6\/2025\/06\/OE20BMW-3064.png\" \/>\n\t<meta property=\"og:image:width\" content=\"564\" \/>\n\t<meta property=\"og:image:height\" content=\"564\" \/>\n\t<meta property=\"og:image:type\" content=\"image\/png\" \/>\n<meta name=\"twitter:card\" content=\"summary_large_image\" \/>\n<meta name=\"twitter:title\" content=\"Bieleta antiruliu BMW Seria 1 (E87) 118 i benzina 143 cai OE BMW 31352405868 BMW | OE - Autorival\" \/>\n<meta name=\"twitter:description\" content=\"\u26a1 Bieleta antiruliu BMW Seria 1 (E87) 118 i benzina 143 cai OE BMW 31352405868 pentru BMW la doar 567 RON. \u2713 Cod: 31352405868 \u2713 Brand: OE \u2713 \u00cen stoc \u2713 Livrare 24h \u2713 Garan\u021bie!\" \/>\n<script type=\"application\/ld+json\" class=\"yoast-schema-graph\">{\"@context\":\"https:\\\/\\\/schema.org\",\"@graph\":[{\"@type\":\"WebPage\",\"@id\":\"https:\\\/\\\/autorival.ro\\\/bmw\\\/product\\\/bieleta-antiruliu-bmw-seria-1-e87-118-i-benzina-143-cai-oe-bmw-31352405868\\\/\",\"url\":\"https:\\\/\\\/autorival.ro\\\/bmw\\\/product\\\/bieleta-antiruliu-bmw-seria-1-e87-118-i-benzina-143-cai-oe-bmw-31352405868\\\/\",\"name\":\"Bieleta antiruliu BMW Seria 1 (E87) 118 i benzina 143 cai OE BMW 31352405868 BMW | OE - Autorival\",\"isPartOf\":{\"@id\":\"https:\\\/\\\/autorival.ro\\\/bmw\\\/#website\"},\"primaryImageOfPage\":{\"@id\":\"https:\\\/\\\/autorival.ro\\\/bmw\\\/product\\\/bieleta-antiruliu-bmw-seria-1-e87-118-i-benzina-143-cai-oe-bmw-31352405868\\\/#primaryimage\"},\"image\":{\"@id\":\"https:\\\/\\\/autorival.ro\\\/bmw\\\/product\\\/bieleta-antiruliu-bmw-seria-1-e87-118-i-benzina-143-cai-oe-bmw-31352405868\\\/#primaryimage\"},\"thumbnailUrl\":\"https:\\\/\\\/autorival.ro\\\/bmw\\\/wp-content\\\/uploads\\\/sites\\\/6\\\/2025\\\/06\\\/OE20BMW-3064.png\",\"datePublished\":\"2025-06-27T20:02:19+00:00\",\"description\":\"\u26a1 Bieleta antiruliu BMW Seria 1 (E87) 118 i benzina 143 cai OE BMW 31352405868 pentru BMW la doar 567 RON. \u2713 Cod: 31352405868 \u2713 Brand: OE \u2713 \u00cen stoc \u2713 Livrare 24h \u2713 Garan\u021bie!\",\"breadcrumb\":{\"@id\":\"https:\\\/\\\/autorival.ro\\\/bmw\\\/product\\\/bieleta-antiruliu-bmw-seria-1-e87-118-i-benzina-143-cai-oe-bmw-31352405868\\\/#breadcrumb\"},\"inLanguage\":\"en-US\",\"potentialAction\":[{\"@type\":\"ReadAction\",\"target\":[\"https:\\\/\\\/autorival.ro\\\/bmw\\\/product\\\/bieleta-antiruliu-bmw-seria-1-e87-118-i-benzina-143-cai-oe-bmw-31352405868\\\/\"]}]},{\"@type\":\"ImageObject\",\"inLanguage\":\"en-US\",\"@id\":\"https:\\\/\\\/autorival.ro\\\/bmw\\\/product\\\/bieleta-antiruliu-bmw-seria-1-e87-118-i-benzina-143-cai-oe-bmw-31352405868\\\/#primaryimage\",\"url\":\"https:\\\/\\\/autorival.ro\\\/bmw\\\/wp-content\\\/uploads\\\/sites\\\/6\\\/2025\\\/06\\\/OE20BMW-3064.png\",\"contentUrl\":\"https:\\\/\\\/autorival.ro\\\/bmw\\\/wp-content\\\/uploads\\\/sites\\\/6\\\/2025\\\/06\\\/OE20BMW-3064.png\",\"width\":564,\"height\":564,\"caption\":\"Bieleta antiruliu BMW Seria 1 (E87) 118 i benzina 143 cai OE BMW 31352405868\"},{\"@type\":\"BreadcrumbList\",\"@id\":\"https:\\\/\\\/autorival.ro\\\/bmw\\\/product\\\/bieleta-antiruliu-bmw-seria-1-e87-118-i-benzina-143-cai-oe-bmw-31352405868\\\/#breadcrumb\",\"itemListElement\":[{\"@type\":\"ListItem\",\"position\":1,\"name\":\"Prima pagin\u0103\",\"item\":\"https:\\\/\\\/autorival.ro\\\/bmw\\\/\"},{\"@type\":\"ListItem\",\"position\":2,\"name\":\"Piese auto BMW\",\"item\":\"https:\\\/\\\/autorival.ro\\\/bmw\\\/\"},{\"@type\":\"ListItem\",\"position\":3,\"name\":\"Bieleta antiruliu BMW Seria 1 (E87) 118 i benzina 143 cai OE BMW 31352405868\"}]},{\"@type\":\"WebSite\",\"@id\":\"https:\\\/\\\/autorival.ro\\\/bmw\\\/#website\",\"url\":\"https:\\\/\\\/autorival.ro\\\/bmw\\\/\",\"name\":\"BMW\",\"description\":\"\",\"potentialAction\":[{\"@type\":\"SearchAction\",\"target\":{\"@type\":\"EntryPoint\",\"urlTemplate\":\"https:\\\/\\\/autorival.ro\\\/bmw\\\/?s={search_term_string}\"},\"query-input\":{\"@type\":\"PropertyValueSpecification\",\"valueRequired\":true,\"valueName\":\"search_term_string\"}}],\"inLanguage\":\"en-US\"}]}<\/script>\n<!-- \/ Yoast SEO plugin. -->","yoast_head_json":{"title":"Bieleta antiruliu BMW Seria 1 (E87) 118 i benzina 143 cai OE BMW 31352405868 BMW | OE - Autorival","description":"\u26a1 Bieleta antiruliu BMW Seria 1 (E87) 118 i benzina 143 cai OE BMW 31352405868 pentru BMW la doar 567 RON. \u2713 Cod: 31352405868 \u2713 Brand: OE \u2713 \u00cen stoc \u2713 Livrare 24h \u2713 Garan\u021bie!","robots":{"index":"index","follow":"follow","max-snippet":"max-snippet:-1","max-image-preview":"max-image-preview:large","max-video-preview":"max-video-preview:-1"},"og_locale":"en_US","og_type":"article","og_title":"Bieleta antiruliu BMW Seria 1 (E87) 118 i benzina 143 cai OE BMW 31352405868 BMW | OE - Autorival","og_description":"\u26a1 Bieleta antiruliu BMW Seria 1 (E87) 118 i benzina 143 cai OE BMW 31352405868 pentru BMW la doar 567 RON. \u2713 Cod: 31352405868 \u2713 Brand: OE \u2713 \u00cen stoc \u2713 Livrare 24h \u2713 Garan\u021bie!","og_url":"https:\/\/autorival.ro\/bmw\/product\/bieleta-antiruliu-bmw-seria-1-e87-118-i-benzina-143-cai-oe-bmw-31352405868\/","og_site_name":"BMW","og_image":[{"width":564,"height":564,"url":"https:\/\/autorival.ro\/bmw\/wp-content\/uploads\/sites\/6\/2025\/06\/OE20BMW-3064.png","type":"image\/png"}],"twitter_card":"summary_large_image","twitter_title":"Bieleta antiruliu BMW Seria 1 (E87) 118 i benzina 143 cai OE BMW 31352405868 BMW | OE - Autorival","twitter_description":"\u26a1 Bieleta antiruliu BMW Seria 1 (E87) 118 i benzina 143 cai OE BMW 31352405868 pentru BMW la doar 567 RON. \u2713 Cod: 31352405868 \u2713 Brand: OE \u2713 \u00cen stoc \u2713 Livrare 24h \u2713 Garan\u021bie!","schema":{"@context":"https:\/\/schema.org","@graph":[{"@type":"WebPage","@id":"https:\/\/autorival.ro\/bmw\/product\/bieleta-antiruliu-bmw-seria-1-e87-118-i-benzina-143-cai-oe-bmw-31352405868\/","url":"https:\/\/autorival.ro\/bmw\/product\/bieleta-antiruliu-bmw-seria-1-e87-118-i-benzina-143-cai-oe-bmw-31352405868\/","name":"Bieleta antiruliu BMW Seria 1 (E87) 118 i benzina 143 cai OE BMW 31352405868 BMW | OE - Autorival","isPartOf":{"@id":"https:\/\/autorival.ro\/bmw\/#website"},"primaryImageOfPage":{"@id":"https:\/\/autorival.ro\/bmw\/product\/bieleta-antiruliu-bmw-seria-1-e87-118-i-benzina-143-cai-oe-bmw-31352405868\/#primaryimage"},"image":{"@id":"https:\/\/autorival.ro\/bmw\/product\/bieleta-antiruliu-bmw-seria-1-e87-118-i-benzina-143-cai-oe-bmw-31352405868\/#primaryimage"},"thumbnailUrl":"https:\/\/autorival.ro\/bmw\/wp-content\/uploads\/sites\/6\/2025\/06\/OE20BMW-3064.png","datePublished":"2025-06-27T20:02:19+00:00","description":"\u26a1 Bieleta antiruliu BMW Seria 1 (E87) 118 i benzina 143 cai OE BMW 31352405868 pentru BMW la doar 567 RON. \u2713 Cod: 31352405868 \u2713 Brand: OE \u2713 \u00cen stoc \u2713 Livrare 24h \u2713 Garan\u021bie!","breadcrumb":{"@id":"https:\/\/autorival.ro\/bmw\/product\/bieleta-antiruliu-bmw-seria-1-e87-118-i-benzina-143-cai-oe-bmw-31352405868\/#breadcrumb"},"inLanguage":"en-US","potentialAction":[{"@type":"ReadAction","target":["https:\/\/autorival.ro\/bmw\/product\/bieleta-antiruliu-bmw-seria-1-e87-118-i-benzina-143-cai-oe-bmw-31352405868\/"]}]},{"@type":"ImageObject","inLanguage":"en-US","@id":"https:\/\/autorival.ro\/bmw\/product\/bieleta-antiruliu-bmw-seria-1-e87-118-i-benzina-143-cai-oe-bmw-31352405868\/#primaryimage","url":"https:\/\/autorival.ro\/bmw\/wp-content\/uploads\/sites\/6\/2025\/06\/OE20BMW-3064.png","contentUrl":"https:\/\/autorival.ro\/bmw\/wp-content\/uploads\/sites\/6\/2025\/06\/OE20BMW-3064.png","width":564,"height":564,"caption":"Bieleta antiruliu BMW Seria 1 (E87) 118 i benzina 143 cai OE BMW 31352405868"},{"@type":"BreadcrumbList","@id":"https:\/\/autorival.ro\/bmw\/product\/bieleta-antiruliu-bmw-seria-1-e87-118-i-benzina-143-cai-oe-bmw-31352405868\/#breadcrumb","itemListElement":[{"@type":"ListItem","position":1,"name":"Prima pagin\u0103","item":"https:\/\/autorival.ro\/bmw\/"},{"@type":"ListItem","position":2,"name":"Piese auto BMW","item":"https:\/\/autorival.ro\/bmw\/"},{"@type":"ListItem","position":3,"name":"Bieleta antiruliu BMW Seria 1 (E87) 118 i benzina 143 cai OE BMW 31352405868"}]},{"@type":"WebSite","@id":"https:\/\/autorival.ro\/bmw\/#website","url":"https:\/\/autorival.ro\/bmw\/","name":"BMW","description":"","potentialAction":[{"@type":"SearchAction","target":{"@type":"EntryPoint","urlTemplate":"https:\/\/autorival.ro\/bmw\/?s={search_term_string}"},"query-input":{"@type":"PropertyValueSpecification","valueRequired":true,"valueName":"search_term_string"}}],"inLanguage":"en-US"}]}},"_links":{"self":[{"href":"https:\/\/autorival.ro\/bmw\/wp-json\/wp\/v2\/product\/642210","targetHints":{"allow":["GET"]}}],"collection":[{"href":"https:\/\/autorival.ro\/bmw\/wp-json\/wp\/v2\/product"}],"about":[{"href":"https:\/\/autorival.ro\/bmw\/wp-json\/wp\/v2\/types\/product"}],"replies":[{"embeddable":true,"href":"https:\/\/autorival.ro\/bmw\/wp-json\/wp\/v2\/comments?post=642210"}],"wp:featuredmedia":[{"embeddable":true,"href":"https:\/\/autorival.ro\/bmw\/wp-json\/wp\/v2\/media\/642211"}],"wp:attachment":[{"href":"https:\/\/autorival.ro\/bmw\/wp-json\/wp\/v2\/media?parent=642210"}],"wp:term":[{"taxonomy":"product_brand","embeddable":true,"href":"https:\/\/autorival.ro\/bmw\/wp-json\/wp\/v2\/product_brand?post=642210"},{"taxonomy":"product_cat","embeddable":true,"href":"https:\/\/autorival.ro\/bmw\/wp-json\/wp\/v2\/product_cat?post=642210"},{"taxonomy":"product_tag","embeddable":true,"href":"https:\/\/autorival.ro\/bmw\/wp-json\/wp\/v2\/product_tag?post=642210"}],"curies":[{"name":"wp","href":"https:\/\/api.w.org\/{rel}","templated":true}]}}