{"id":598270,"date":"2025-06-26T18:57:20","date_gmt":"2025-06-26T18:57:20","guid":{"rendered":"https:\/\/autorival.ro\/bmw\/product\/bec-semnalizator-bmw-r-1100-r-1100-rt-r259-benzina-90-cai-philips-12961b2\/"},"modified":"2025-06-26T18:57:20","modified_gmt":"2025-06-26T18:57:20","slug":"bec-semnalizator-bmw-r-1100-r-1100-rt-r259-benzina-90-cai-philips-12961b2","status":"publish","type":"product","link":"https:\/\/autorival.ro\/bmw\/product\/bec-semnalizator-bmw-r-1100-r-1100-rt-r259-benzina-90-cai-philips-12961b2\/","title":{"rendered":"Bec semnalizator BMW R 1100 R 1100 RT (R259) benzina 90 cai PHILIPS 12961B2"},"content":{"rendered":"<p>TIp lampa: W5W, Bec cu soclu din sticl\u0103Tensiune [V]: 12Putere nominal\u0103 [W]: 5Variant\u0103 de execu\u021bie soclu lamp\u0103 incandescent\u0103: W2.1&#215;9.5d<\/p>\n","protected":false},"excerpt":{"rendered":"<p>Producator: PHILIPS Cod producator: 12961B2<\/p>\n","protected":false},"featured_media":598271,"comment_status":"open","ping_status":"closed","template":"","meta":[],"product_brand":[17870],"product_cat":[19186],"product_tag":[31792,32178,31680,32187,31798,32202],"class_list":{"0":"post-598270","1":"product","2":"type-product","3":"status-publish","4":"has-post-thumbnail","6":"product_brand-philips","7":"product_cat-bec-semnalizator-1100-r-1100-rt-r259-benzina-90","8":"product_tag-31792","9":"product_tag-bec","10":"product_tag-bmw","11":"product_tag-philips","12":"product_tag-rt","13":"product_tag-semnalizator","15":"first","16":"instock","17":"shipping-taxable","18":"purchasable","19":"product-type-simple"},"yoast_head":"<!-- This site is optimized with the Yoast SEO plugin v27.3 - https:\/\/yoast.com\/product\/yoast-seo-wordpress\/ -->\n<title>Bec semnalizator BMW R 1100 R 1100 RT (R259) benzina 90 cai PHILIPS 12961B2 BMW | PHILIPS - Autorival<\/title>\n<meta name=\"description\" content=\"\u26a1 Bec semnalizator BMW R 1100 R 1100 RT (R259) benzina 90 cai PHILIPS 12961B2 pentru BMW la doar 7.47 RON. \u2713 Cod: 12961B2 \u2713 Brand: PHILIPS \u2713 \u00cen stoc \u2713 Livrare 24h \u2713 Garan\u021bie!\" \/>\n<meta name=\"robots\" content=\"index, follow, max-snippet:-1, max-image-preview:large, max-video-preview:-1\" \/>\n<meta property=\"og:locale\" content=\"en_US\" \/>\n<meta property=\"og:type\" content=\"article\" \/>\n<meta property=\"og:title\" content=\"Bec semnalizator BMW R 1100 R 1100 RT (R259) benzina 90 cai PHILIPS 12961B2 BMW | PHILIPS - Autorival\" \/>\n<meta property=\"og:description\" content=\"\u26a1 Bec semnalizator BMW R 1100 R 1100 RT (R259) benzina 90 cai PHILIPS 12961B2 pentru BMW la doar 7.47 RON. \u2713 Cod: 12961B2 \u2713 Brand: PHILIPS \u2713 \u00cen stoc \u2713 Livrare 24h \u2713 Garan\u021bie!\" \/>\n<meta property=\"og:url\" content=\"https:\/\/autorival.ro\/bmw\/product\/bec-semnalizator-bmw-r-1100-r-1100-rt-r259-benzina-90-cai-philips-12961b2\/\" \/>\n<meta property=\"og:site_name\" content=\"BMW\" \/>\n<meta property=\"og:image\" content=\"https:\/\/autorival.ro\/bmw\/wp-content\/uploads\/sites\/6\/2025\/06\/12961b2-21.jpg\" \/>\n\t<meta property=\"og:image:width\" content=\"243\" \/>\n\t<meta property=\"og:image:height\" content=\"400\" \/>\n\t<meta property=\"og:image:type\" content=\"image\/jpeg\" \/>\n<meta name=\"twitter:card\" content=\"summary_large_image\" \/>\n<meta name=\"twitter:title\" content=\"Bec semnalizator BMW R 1100 R 1100 RT (R259) benzina 90 cai PHILIPS 12961B2 BMW | PHILIPS - Autorival\" \/>\n<meta name=\"twitter:description\" content=\"\u26a1 Bec semnalizator BMW R 1100 R 1100 RT (R259) benzina 90 cai PHILIPS 12961B2 pentru BMW la doar 7.47 RON. \u2713 Cod: 12961B2 \u2713 Brand: PHILIPS \u2713 \u00cen stoc \u2713 Livrare 24h \u2713 Garan\u021bie!\" \/>\n<script type=\"application\/ld+json\" class=\"yoast-schema-graph\">{\"@context\":\"https:\\\/\\\/schema.org\",\"@graph\":[{\"@type\":\"WebPage\",\"@id\":\"https:\\\/\\\/autorival.ro\\\/bmw\\\/product\\\/bec-semnalizator-bmw-r-1100-r-1100-rt-r259-benzina-90-cai-philips-12961b2\\\/\",\"url\":\"https:\\\/\\\/autorival.ro\\\/bmw\\\/product\\\/bec-semnalizator-bmw-r-1100-r-1100-rt-r259-benzina-90-cai-philips-12961b2\\\/\",\"name\":\"Bec semnalizator BMW R 1100 R 1100 RT (R259) benzina 90 cai PHILIPS 12961B2 BMW | PHILIPS - Autorival\",\"isPartOf\":{\"@id\":\"https:\\\/\\\/autorival.ro\\\/bmw\\\/#website\"},\"primaryImageOfPage\":{\"@id\":\"https:\\\/\\\/autorival.ro\\\/bmw\\\/product\\\/bec-semnalizator-bmw-r-1100-r-1100-rt-r259-benzina-90-cai-philips-12961b2\\\/#primaryimage\"},\"image\":{\"@id\":\"https:\\\/\\\/autorival.ro\\\/bmw\\\/product\\\/bec-semnalizator-bmw-r-1100-r-1100-rt-r259-benzina-90-cai-philips-12961b2\\\/#primaryimage\"},\"thumbnailUrl\":\"https:\\\/\\\/autorival.ro\\\/bmw\\\/wp-content\\\/uploads\\\/sites\\\/6\\\/2025\\\/06\\\/12961b2-21.jpg\",\"datePublished\":\"2025-06-26T18:57:20+00:00\",\"description\":\"\u26a1 Bec semnalizator BMW R 1100 R 1100 RT (R259) benzina 90 cai PHILIPS 12961B2 pentru BMW la doar 7.47 RON. \u2713 Cod: 12961B2 \u2713 Brand: PHILIPS \u2713 \u00cen stoc \u2713 Livrare 24h \u2713 Garan\u021bie!\",\"breadcrumb\":{\"@id\":\"https:\\\/\\\/autorival.ro\\\/bmw\\\/product\\\/bec-semnalizator-bmw-r-1100-r-1100-rt-r259-benzina-90-cai-philips-12961b2\\\/#breadcrumb\"},\"inLanguage\":\"en-US\",\"potentialAction\":[{\"@type\":\"ReadAction\",\"target\":[\"https:\\\/\\\/autorival.ro\\\/bmw\\\/product\\\/bec-semnalizator-bmw-r-1100-r-1100-rt-r259-benzina-90-cai-philips-12961b2\\\/\"]}]},{\"@type\":\"ImageObject\",\"inLanguage\":\"en-US\",\"@id\":\"https:\\\/\\\/autorival.ro\\\/bmw\\\/product\\\/bec-semnalizator-bmw-r-1100-r-1100-rt-r259-benzina-90-cai-philips-12961b2\\\/#primaryimage\",\"url\":\"https:\\\/\\\/autorival.ro\\\/bmw\\\/wp-content\\\/uploads\\\/sites\\\/6\\\/2025\\\/06\\\/12961b2-21.jpg\",\"contentUrl\":\"https:\\\/\\\/autorival.ro\\\/bmw\\\/wp-content\\\/uploads\\\/sites\\\/6\\\/2025\\\/06\\\/12961b2-21.jpg\",\"width\":243,\"height\":400,\"caption\":\"Bec semnalizator BMW R 1100 R 1100 RT (R259) benzina 90 cai PHILIPS 12961B2\"},{\"@type\":\"BreadcrumbList\",\"@id\":\"https:\\\/\\\/autorival.ro\\\/bmw\\\/product\\\/bec-semnalizator-bmw-r-1100-r-1100-rt-r259-benzina-90-cai-philips-12961b2\\\/#breadcrumb\",\"itemListElement\":[{\"@type\":\"ListItem\",\"position\":1,\"name\":\"Prima pagin\u0103\",\"item\":\"https:\\\/\\\/autorival.ro\\\/bmw\\\/\"},{\"@type\":\"ListItem\",\"position\":2,\"name\":\"Piese auto BMW\",\"item\":\"https:\\\/\\\/autorival.ro\\\/bmw\\\/\"},{\"@type\":\"ListItem\",\"position\":3,\"name\":\"Bec semnalizator BMW R 1100 R 1100 RT (R259) benzina 90 cai PHILIPS 12961B2\"}]},{\"@type\":\"WebSite\",\"@id\":\"https:\\\/\\\/autorival.ro\\\/bmw\\\/#website\",\"url\":\"https:\\\/\\\/autorival.ro\\\/bmw\\\/\",\"name\":\"BMW\",\"description\":\"\",\"potentialAction\":[{\"@type\":\"SearchAction\",\"target\":{\"@type\":\"EntryPoint\",\"urlTemplate\":\"https:\\\/\\\/autorival.ro\\\/bmw\\\/?s={search_term_string}\"},\"query-input\":{\"@type\":\"PropertyValueSpecification\",\"valueRequired\":true,\"valueName\":\"search_term_string\"}}],\"inLanguage\":\"en-US\"}]}<\/script>\n<!-- \/ Yoast SEO plugin. -->","yoast_head_json":{"title":"Bec semnalizator BMW R 1100 R 1100 RT (R259) benzina 90 cai PHILIPS 12961B2 BMW | PHILIPS - Autorival","description":"\u26a1 Bec semnalizator BMW R 1100 R 1100 RT (R259) benzina 90 cai PHILIPS 12961B2 pentru BMW la doar 7.47 RON. \u2713 Cod: 12961B2 \u2713 Brand: PHILIPS \u2713 \u00cen stoc \u2713 Livrare 24h \u2713 Garan\u021bie!","robots":{"index":"index","follow":"follow","max-snippet":"max-snippet:-1","max-image-preview":"max-image-preview:large","max-video-preview":"max-video-preview:-1"},"og_locale":"en_US","og_type":"article","og_title":"Bec semnalizator BMW R 1100 R 1100 RT (R259) benzina 90 cai PHILIPS 12961B2 BMW | PHILIPS - Autorival","og_description":"\u26a1 Bec semnalizator BMW R 1100 R 1100 RT (R259) benzina 90 cai PHILIPS 12961B2 pentru BMW la doar 7.47 RON. \u2713 Cod: 12961B2 \u2713 Brand: PHILIPS \u2713 \u00cen stoc \u2713 Livrare 24h \u2713 Garan\u021bie!","og_url":"https:\/\/autorival.ro\/bmw\/product\/bec-semnalizator-bmw-r-1100-r-1100-rt-r259-benzina-90-cai-philips-12961b2\/","og_site_name":"BMW","og_image":[{"width":243,"height":400,"url":"https:\/\/autorival.ro\/bmw\/wp-content\/uploads\/sites\/6\/2025\/06\/12961b2-21.jpg","type":"image\/jpeg"}],"twitter_card":"summary_large_image","twitter_title":"Bec semnalizator BMW R 1100 R 1100 RT (R259) benzina 90 cai PHILIPS 12961B2 BMW | PHILIPS - Autorival","twitter_description":"\u26a1 Bec semnalizator BMW R 1100 R 1100 RT (R259) benzina 90 cai PHILIPS 12961B2 pentru BMW la doar 7.47 RON. \u2713 Cod: 12961B2 \u2713 Brand: PHILIPS \u2713 \u00cen stoc \u2713 Livrare 24h \u2713 Garan\u021bie!","schema":{"@context":"https:\/\/schema.org","@graph":[{"@type":"WebPage","@id":"https:\/\/autorival.ro\/bmw\/product\/bec-semnalizator-bmw-r-1100-r-1100-rt-r259-benzina-90-cai-philips-12961b2\/","url":"https:\/\/autorival.ro\/bmw\/product\/bec-semnalizator-bmw-r-1100-r-1100-rt-r259-benzina-90-cai-philips-12961b2\/","name":"Bec semnalizator BMW R 1100 R 1100 RT (R259) benzina 90 cai PHILIPS 12961B2 BMW | PHILIPS - Autorival","isPartOf":{"@id":"https:\/\/autorival.ro\/bmw\/#website"},"primaryImageOfPage":{"@id":"https:\/\/autorival.ro\/bmw\/product\/bec-semnalizator-bmw-r-1100-r-1100-rt-r259-benzina-90-cai-philips-12961b2\/#primaryimage"},"image":{"@id":"https:\/\/autorival.ro\/bmw\/product\/bec-semnalizator-bmw-r-1100-r-1100-rt-r259-benzina-90-cai-philips-12961b2\/#primaryimage"},"thumbnailUrl":"https:\/\/autorival.ro\/bmw\/wp-content\/uploads\/sites\/6\/2025\/06\/12961b2-21.jpg","datePublished":"2025-06-26T18:57:20+00:00","description":"\u26a1 Bec semnalizator BMW R 1100 R 1100 RT (R259) benzina 90 cai PHILIPS 12961B2 pentru BMW la doar 7.47 RON. \u2713 Cod: 12961B2 \u2713 Brand: PHILIPS \u2713 \u00cen stoc \u2713 Livrare 24h \u2713 Garan\u021bie!","breadcrumb":{"@id":"https:\/\/autorival.ro\/bmw\/product\/bec-semnalizator-bmw-r-1100-r-1100-rt-r259-benzina-90-cai-philips-12961b2\/#breadcrumb"},"inLanguage":"en-US","potentialAction":[{"@type":"ReadAction","target":["https:\/\/autorival.ro\/bmw\/product\/bec-semnalizator-bmw-r-1100-r-1100-rt-r259-benzina-90-cai-philips-12961b2\/"]}]},{"@type":"ImageObject","inLanguage":"en-US","@id":"https:\/\/autorival.ro\/bmw\/product\/bec-semnalizator-bmw-r-1100-r-1100-rt-r259-benzina-90-cai-philips-12961b2\/#primaryimage","url":"https:\/\/autorival.ro\/bmw\/wp-content\/uploads\/sites\/6\/2025\/06\/12961b2-21.jpg","contentUrl":"https:\/\/autorival.ro\/bmw\/wp-content\/uploads\/sites\/6\/2025\/06\/12961b2-21.jpg","width":243,"height":400,"caption":"Bec semnalizator BMW R 1100 R 1100 RT (R259) benzina 90 cai PHILIPS 12961B2"},{"@type":"BreadcrumbList","@id":"https:\/\/autorival.ro\/bmw\/product\/bec-semnalizator-bmw-r-1100-r-1100-rt-r259-benzina-90-cai-philips-12961b2\/#breadcrumb","itemListElement":[{"@type":"ListItem","position":1,"name":"Prima pagin\u0103","item":"https:\/\/autorival.ro\/bmw\/"},{"@type":"ListItem","position":2,"name":"Piese auto BMW","item":"https:\/\/autorival.ro\/bmw\/"},{"@type":"ListItem","position":3,"name":"Bec semnalizator BMW R 1100 R 1100 RT (R259) benzina 90 cai PHILIPS 12961B2"}]},{"@type":"WebSite","@id":"https:\/\/autorival.ro\/bmw\/#website","url":"https:\/\/autorival.ro\/bmw\/","name":"BMW","description":"","potentialAction":[{"@type":"SearchAction","target":{"@type":"EntryPoint","urlTemplate":"https:\/\/autorival.ro\/bmw\/?s={search_term_string}"},"query-input":{"@type":"PropertyValueSpecification","valueRequired":true,"valueName":"search_term_string"}}],"inLanguage":"en-US"}]}},"_links":{"self":[{"href":"https:\/\/autorival.ro\/bmw\/wp-json\/wp\/v2\/product\/598270","targetHints":{"allow":["GET"]}}],"collection":[{"href":"https:\/\/autorival.ro\/bmw\/wp-json\/wp\/v2\/product"}],"about":[{"href":"https:\/\/autorival.ro\/bmw\/wp-json\/wp\/v2\/types\/product"}],"replies":[{"embeddable":true,"href":"https:\/\/autorival.ro\/bmw\/wp-json\/wp\/v2\/comments?post=598270"}],"wp:featuredmedia":[{"embeddable":true,"href":"https:\/\/autorival.ro\/bmw\/wp-json\/wp\/v2\/media\/598271"}],"wp:attachment":[{"href":"https:\/\/autorival.ro\/bmw\/wp-json\/wp\/v2\/media?parent=598270"}],"wp:term":[{"taxonomy":"product_brand","embeddable":true,"href":"https:\/\/autorival.ro\/bmw\/wp-json\/wp\/v2\/product_brand?post=598270"},{"taxonomy":"product_cat","embeddable":true,"href":"https:\/\/autorival.ro\/bmw\/wp-json\/wp\/v2\/product_cat?post=598270"},{"taxonomy":"product_tag","embeddable":true,"href":"https:\/\/autorival.ro\/bmw\/wp-json\/wp\/v2\/product_tag?post=598270"}],"curies":[{"name":"wp","href":"https:\/\/api.w.org\/{rel}","templated":true}]}}