{"id":590340,"date":"2025-06-26T14:41:28","date_gmt":"2025-06-26T14:41:28","guid":{"rendered":"https:\/\/autorival.ro\/bmw\/product\/bec-lampa-frana-lampa-spate-bmw-seria-3-compact-e36-316-g-benzina-gaz-metan-gnc-102-cai-herth-buss-elparts-89901103\/"},"modified":"2025-06-26T14:41:28","modified_gmt":"2025-06-26T14:41:28","slug":"bec-lampa-frana-lampa-spate-bmw-seria-3-compact-e36-316-g-benzina-gaz-metan-gnc-102-cai-herth-buss-elparts-89901103","status":"publish","type":"product","link":"https:\/\/autorival.ro\/bmw\/product\/bec-lampa-frana-lampa-spate-bmw-seria-3-compact-e36-316-g-benzina-gaz-metan-gnc-102-cai-herth-buss-elparts-89901103\/","title":{"rendered":"Bec lampa frana \/ lampa spate BMW Seria 3 Compact (E36) 316 g Benzina\/Gaz metan (GNC) 102 cai HERTH BUSS ELPARTS 89901103"},"content":{"rendered":"<p>Tensiune [V]: 12Putere nominal\u0103 [W]: 21\/5TIp lampa: P21\/5WVariant\u0103 de execu\u021bie soclu lamp\u0103 incandescent\u0103: BAY15d\u00cenaltime [mm]: 52,5 ->Diametru [mm]: 26,5<\/p>\n","protected":false},"excerpt":{"rendered":"<p>Producator: HERTH BUSS ELPARTS Cod producator: 89901103<\/p>\n","protected":false},"featured_media":590341,"comment_status":"open","ping_status":"closed","template":"","meta":[],"product_brand":[3516],"product_cat":[19028],"product_tag":[32178,31680,31807,31808,31756,31806,32198],"class_list":{"0":"post-590340","1":"product","2":"type-product","3":"status-publish","4":"has-post-thumbnail","6":"product_brand-herth-buss-elparts","7":"product_cat-bec-lampa-frana-lampa-spate-compact-e36-316-g-benzina-gaz-metan-gnc-102","8":"product_tag-bec","9":"product_tag-bmw","10":"product_tag-buss","11":"product_tag-elparts","12":"product_tag-frana","13":"product_tag-herth","14":"product_tag-lampa","16":"first","17":"instock","18":"shipping-taxable","19":"purchasable","20":"product-type-simple"},"yoast_head":"<!-- This site is optimized with the Yoast SEO plugin v27.5 - https:\/\/yoast.com\/product\/yoast-seo-wordpress\/ -->\n<title>Bec lampa frana \/ lampa spate BMW Seria 3 Compact (E36) 316 g Benzina\/Gaz metan (GNC) 102 cai HERTH BUSS ELPARTS 89901103 - BMW<\/title>\n<meta name=\"robots\" content=\"index, follow, max-snippet:-1, max-image-preview:large, max-video-preview:-1\" \/>\n<meta property=\"og:locale\" content=\"en_US\" \/>\n<meta property=\"og:type\" content=\"article\" \/>\n<meta property=\"og:title\" content=\"Bec lampa frana \/ lampa spate BMW Seria 3 Compact (E36) 316 g Benzina\/Gaz metan (GNC) 102 cai HERTH BUSS ELPARTS 89901103 - BMW\" \/>\n<meta property=\"og:description\" content=\"Producator: HERTH BUSS ELPARTS Cod producator: 89901103\" \/>\n<meta property=\"og:url\" content=\"https:\/\/autorival.ro\/bmw\/product\/bec-lampa-frana-lampa-spate-bmw-seria-3-compact-e36-316-g-benzina-gaz-metan-gnc-102-cai-herth-buss-elparts-89901103\/\" \/>\n<meta property=\"og:site_name\" content=\"BMW\" \/>\n<meta property=\"og:image\" content=\"https:\/\/autorival.ro\/bmw\/wp-content\/uploads\/sites\/6\/2025\/06\/89901103.jpg\" \/>\n\t<meta property=\"og:image:width\" content=\"198\" \/>\n\t<meta property=\"og:image:height\" content=\"400\" \/>\n\t<meta property=\"og:image:type\" content=\"image\/jpeg\" \/>\n<meta name=\"twitter:card\" content=\"summary_large_image\" \/>\n<script type=\"application\/ld+json\" class=\"yoast-schema-graph\">{\"@context\":\"https:\\\/\\\/schema.org\",\"@graph\":[{\"@type\":\"WebPage\",\"@id\":\"https:\\\/\\\/autorival.ro\\\/bmw\\\/product\\\/bec-lampa-frana-lampa-spate-bmw-seria-3-compact-e36-316-g-benzina-gaz-metan-gnc-102-cai-herth-buss-elparts-89901103\\\/\",\"url\":\"https:\\\/\\\/autorival.ro\\\/bmw\\\/product\\\/bec-lampa-frana-lampa-spate-bmw-seria-3-compact-e36-316-g-benzina-gaz-metan-gnc-102-cai-herth-buss-elparts-89901103\\\/\",\"name\":\"Bec lampa frana \\\/ lampa spate BMW Seria 3 Compact (E36) 316 g Benzina\\\/Gaz metan (GNC) 102 cai HERTH BUSS ELPARTS 89901103 - BMW\",\"isPartOf\":{\"@id\":\"https:\\\/\\\/autorival.ro\\\/bmw\\\/#website\"},\"primaryImageOfPage\":{\"@id\":\"https:\\\/\\\/autorival.ro\\\/bmw\\\/product\\\/bec-lampa-frana-lampa-spate-bmw-seria-3-compact-e36-316-g-benzina-gaz-metan-gnc-102-cai-herth-buss-elparts-89901103\\\/#primaryimage\"},\"image\":{\"@id\":\"https:\\\/\\\/autorival.ro\\\/bmw\\\/product\\\/bec-lampa-frana-lampa-spate-bmw-seria-3-compact-e36-316-g-benzina-gaz-metan-gnc-102-cai-herth-buss-elparts-89901103\\\/#primaryimage\"},\"thumbnailUrl\":\"https:\\\/\\\/autorival.ro\\\/bmw\\\/wp-content\\\/uploads\\\/sites\\\/6\\\/2025\\\/06\\\/89901103.jpg\",\"datePublished\":\"2025-06-26T14:41:28+00:00\",\"breadcrumb\":{\"@id\":\"https:\\\/\\\/autorival.ro\\\/bmw\\\/product\\\/bec-lampa-frana-lampa-spate-bmw-seria-3-compact-e36-316-g-benzina-gaz-metan-gnc-102-cai-herth-buss-elparts-89901103\\\/#breadcrumb\"},\"inLanguage\":\"en-US\",\"potentialAction\":[{\"@type\":\"ReadAction\",\"target\":[\"https:\\\/\\\/autorival.ro\\\/bmw\\\/product\\\/bec-lampa-frana-lampa-spate-bmw-seria-3-compact-e36-316-g-benzina-gaz-metan-gnc-102-cai-herth-buss-elparts-89901103\\\/\"]}]},{\"@type\":\"ImageObject\",\"inLanguage\":\"en-US\",\"@id\":\"https:\\\/\\\/autorival.ro\\\/bmw\\\/product\\\/bec-lampa-frana-lampa-spate-bmw-seria-3-compact-e36-316-g-benzina-gaz-metan-gnc-102-cai-herth-buss-elparts-89901103\\\/#primaryimage\",\"url\":\"https:\\\/\\\/autorival.ro\\\/bmw\\\/wp-content\\\/uploads\\\/sites\\\/6\\\/2025\\\/06\\\/89901103.jpg\",\"contentUrl\":\"https:\\\/\\\/autorival.ro\\\/bmw\\\/wp-content\\\/uploads\\\/sites\\\/6\\\/2025\\\/06\\\/89901103.jpg\",\"width\":198,\"height\":400,\"caption\":\"Bec lampa frana \\\/ lampa spate BMW Seria 3 Compact (E36) 316 g Benzina\\\/Gaz metan (GNC) 102 cai HERTH BUSS ELPARTS 89901103\"},{\"@type\":\"BreadcrumbList\",\"@id\":\"https:\\\/\\\/autorival.ro\\\/bmw\\\/product\\\/bec-lampa-frana-lampa-spate-bmw-seria-3-compact-e36-316-g-benzina-gaz-metan-gnc-102-cai-herth-buss-elparts-89901103\\\/#breadcrumb\",\"itemListElement\":[{\"@type\":\"ListItem\",\"position\":1,\"name\":\"Prima pagin\u0103\",\"item\":\"https:\\\/\\\/autorival.ro\\\/bmw\\\/\"},{\"@type\":\"ListItem\",\"position\":2,\"name\":\"Piese auto BMW\",\"item\":\"https:\\\/\\\/autorival.ro\\\/bmw\\\/\"},{\"@type\":\"ListItem\",\"position\":3,\"name\":\"Bec lampa frana \\\/ lampa spate BMW Seria 3 Compact (E36) 316 g Benzina\\\/Gaz metan (GNC) 102 cai HERTH BUSS ELPARTS 89901103\"}]},{\"@type\":\"WebSite\",\"@id\":\"https:\\\/\\\/autorival.ro\\\/bmw\\\/#website\",\"url\":\"https:\\\/\\\/autorival.ro\\\/bmw\\\/\",\"name\":\"BMW\",\"description\":\"\",\"potentialAction\":[{\"@type\":\"SearchAction\",\"target\":{\"@type\":\"EntryPoint\",\"urlTemplate\":\"https:\\\/\\\/autorival.ro\\\/bmw\\\/?s={search_term_string}\"},\"query-input\":{\"@type\":\"PropertyValueSpecification\",\"valueRequired\":true,\"valueName\":\"search_term_string\"}}],\"inLanguage\":\"en-US\"}]}<\/script>\n<!-- \/ Yoast SEO plugin. -->","yoast_head_json":{"title":"Bec lampa frana \/ lampa spate BMW Seria 3 Compact (E36) 316 g Benzina\/Gaz metan (GNC) 102 cai HERTH BUSS ELPARTS 89901103 - BMW","robots":{"index":"index","follow":"follow","max-snippet":"max-snippet:-1","max-image-preview":"max-image-preview:large","max-video-preview":"max-video-preview:-1"},"og_locale":"en_US","og_type":"article","og_title":"Bec lampa frana \/ lampa spate BMW Seria 3 Compact (E36) 316 g Benzina\/Gaz metan (GNC) 102 cai HERTH BUSS ELPARTS 89901103 - BMW","og_description":"Producator: HERTH BUSS ELPARTS Cod producator: 89901103","og_url":"https:\/\/autorival.ro\/bmw\/product\/bec-lampa-frana-lampa-spate-bmw-seria-3-compact-e36-316-g-benzina-gaz-metan-gnc-102-cai-herth-buss-elparts-89901103\/","og_site_name":"BMW","og_image":[{"width":198,"height":400,"url":"https:\/\/autorival.ro\/bmw\/wp-content\/uploads\/sites\/6\/2025\/06\/89901103.jpg","type":"image\/jpeg"}],"twitter_card":"summary_large_image","schema":{"@context":"https:\/\/schema.org","@graph":[{"@type":"WebPage","@id":"https:\/\/autorival.ro\/bmw\/product\/bec-lampa-frana-lampa-spate-bmw-seria-3-compact-e36-316-g-benzina-gaz-metan-gnc-102-cai-herth-buss-elparts-89901103\/","url":"https:\/\/autorival.ro\/bmw\/product\/bec-lampa-frana-lampa-spate-bmw-seria-3-compact-e36-316-g-benzina-gaz-metan-gnc-102-cai-herth-buss-elparts-89901103\/","name":"Bec lampa frana \/ lampa spate BMW Seria 3 Compact (E36) 316 g Benzina\/Gaz metan (GNC) 102 cai HERTH BUSS ELPARTS 89901103 - BMW","isPartOf":{"@id":"https:\/\/autorival.ro\/bmw\/#website"},"primaryImageOfPage":{"@id":"https:\/\/autorival.ro\/bmw\/product\/bec-lampa-frana-lampa-spate-bmw-seria-3-compact-e36-316-g-benzina-gaz-metan-gnc-102-cai-herth-buss-elparts-89901103\/#primaryimage"},"image":{"@id":"https:\/\/autorival.ro\/bmw\/product\/bec-lampa-frana-lampa-spate-bmw-seria-3-compact-e36-316-g-benzina-gaz-metan-gnc-102-cai-herth-buss-elparts-89901103\/#primaryimage"},"thumbnailUrl":"https:\/\/autorival.ro\/bmw\/wp-content\/uploads\/sites\/6\/2025\/06\/89901103.jpg","datePublished":"2025-06-26T14:41:28+00:00","breadcrumb":{"@id":"https:\/\/autorival.ro\/bmw\/product\/bec-lampa-frana-lampa-spate-bmw-seria-3-compact-e36-316-g-benzina-gaz-metan-gnc-102-cai-herth-buss-elparts-89901103\/#breadcrumb"},"inLanguage":"en-US","potentialAction":[{"@type":"ReadAction","target":["https:\/\/autorival.ro\/bmw\/product\/bec-lampa-frana-lampa-spate-bmw-seria-3-compact-e36-316-g-benzina-gaz-metan-gnc-102-cai-herth-buss-elparts-89901103\/"]}]},{"@type":"ImageObject","inLanguage":"en-US","@id":"https:\/\/autorival.ro\/bmw\/product\/bec-lampa-frana-lampa-spate-bmw-seria-3-compact-e36-316-g-benzina-gaz-metan-gnc-102-cai-herth-buss-elparts-89901103\/#primaryimage","url":"https:\/\/autorival.ro\/bmw\/wp-content\/uploads\/sites\/6\/2025\/06\/89901103.jpg","contentUrl":"https:\/\/autorival.ro\/bmw\/wp-content\/uploads\/sites\/6\/2025\/06\/89901103.jpg","width":198,"height":400,"caption":"Bec lampa frana \/ lampa spate BMW Seria 3 Compact (E36) 316 g Benzina\/Gaz metan (GNC) 102 cai HERTH BUSS ELPARTS 89901103"},{"@type":"BreadcrumbList","@id":"https:\/\/autorival.ro\/bmw\/product\/bec-lampa-frana-lampa-spate-bmw-seria-3-compact-e36-316-g-benzina-gaz-metan-gnc-102-cai-herth-buss-elparts-89901103\/#breadcrumb","itemListElement":[{"@type":"ListItem","position":1,"name":"Prima pagin\u0103","item":"https:\/\/autorival.ro\/bmw\/"},{"@type":"ListItem","position":2,"name":"Piese auto BMW","item":"https:\/\/autorival.ro\/bmw\/"},{"@type":"ListItem","position":3,"name":"Bec lampa frana \/ lampa spate BMW Seria 3 Compact (E36) 316 g Benzina\/Gaz metan (GNC) 102 cai HERTH BUSS ELPARTS 89901103"}]},{"@type":"WebSite","@id":"https:\/\/autorival.ro\/bmw\/#website","url":"https:\/\/autorival.ro\/bmw\/","name":"BMW","description":"","potentialAction":[{"@type":"SearchAction","target":{"@type":"EntryPoint","urlTemplate":"https:\/\/autorival.ro\/bmw\/?s={search_term_string}"},"query-input":{"@type":"PropertyValueSpecification","valueRequired":true,"valueName":"search_term_string"}}],"inLanguage":"en-US"}]}},"_links":{"self":[{"href":"https:\/\/autorival.ro\/bmw\/wp-json\/wp\/v2\/product\/590340","targetHints":{"allow":["GET"]}}],"collection":[{"href":"https:\/\/autorival.ro\/bmw\/wp-json\/wp\/v2\/product"}],"about":[{"href":"https:\/\/autorival.ro\/bmw\/wp-json\/wp\/v2\/types\/product"}],"replies":[{"embeddable":true,"href":"https:\/\/autorival.ro\/bmw\/wp-json\/wp\/v2\/comments?post=590340"}],"wp:featuredmedia":[{"embeddable":true,"href":"https:\/\/autorival.ro\/bmw\/wp-json\/wp\/v2\/media\/590341"}],"wp:attachment":[{"href":"https:\/\/autorival.ro\/bmw\/wp-json\/wp\/v2\/media?parent=590340"}],"wp:term":[{"taxonomy":"product_brand","embeddable":true,"href":"https:\/\/autorival.ro\/bmw\/wp-json\/wp\/v2\/product_brand?post=590340"},{"taxonomy":"product_cat","embeddable":true,"href":"https:\/\/autorival.ro\/bmw\/wp-json\/wp\/v2\/product_cat?post=590340"},{"taxonomy":"product_tag","embeddable":true,"href":"https:\/\/autorival.ro\/bmw\/wp-json\/wp\/v2\/product_tag?post=590340"}],"curies":[{"name":"wp","href":"https:\/\/api.w.org\/{rel}","templated":true}]}}