{"id":282423,"date":"2025-06-10T03:03:30","date_gmt":"2025-06-10T03:03:30","guid":{"rendered":"https:\/\/autorival.ro\/bmw\/product\/arc-spiral-bmw-seria-3-touring-e91-318-d-diesel-143-cai-febi-bilstein-46922\/"},"modified":"2025-06-10T03:03:30","modified_gmt":"2025-06-10T03:03:30","slug":"arc-spiral-bmw-seria-3-touring-e91-318-d-diesel-143-cai-febi-bilstein-46922","status":"publish","type":"product","link":"https:\/\/autorival.ro\/bmw\/product\/arc-spiral-bmw-seria-3-touring-e91-318-d-diesel-143-cai-febi-bilstein-46922\/","title":{"rendered":"Arc spiral BMW Seria 3 Touring (E91) 318 d diesel 143 cai FEBI BILSTEIN 46922"},"content":{"rendered":"<p>->Lungime [mm]: 363 ->Diametru exterior [mm]: 149Partea de montare: punte fata ->Greutate [kg]: 1,74 ->Diametru s\u00e2rm\u0103 [mm]: 12A se schimba numai \u00een perechi<\/p>\n","protected":false},"excerpt":{"rendered":"<p>Producator: FEBI BILSTEIN Cod producator: 46922<\/p>\n","protected":false},"featured_media":282424,"comment_status":"open","ping_status":"closed","template":"","meta":[],"product_brand":[1983],"product_cat":[14816],"product_tag":[32098,31754,31680,31753,31685,32100,31697],"class_list":{"0":"post-282423","1":"product","2":"type-product","3":"status-publish","4":"has-post-thumbnail","6":"product_brand-febi-bilstein","7":"product_cat-arc-spiral-touring-e91-318-d-diesel-143","8":"product_tag-arc","9":"product_tag-bilstein","10":"product_tag-bmw","11":"product_tag-febi","12":"product_tag-seria","13":"product_tag-spiral","14":"product_tag-touring","16":"first","17":"instock","18":"shipping-taxable","19":"purchasable","20":"product-type-simple"},"yoast_head":"<!-- This site is optimized with the Yoast SEO plugin v27.3 - https:\/\/yoast.com\/product\/yoast-seo-wordpress\/ -->\n<title>Arc spiral BMW Seria 3 Touring (E91) 318 d diesel 143 cai FEBI BILSTEIN 46922 BMW | FEBI - Autorival<\/title>\n<meta name=\"description\" content=\"\u26a1 Arc spiral BMW Seria 3 Touring (E91) 318 d diesel 143 cai FEBI BILSTEIN 46922 pentru BMW la doar 168.69 RON. \u2713 Cod: 46922 \u2713 Brand: FEBI \u2713 \u00cen stoc \u2713 Livrare 24h \u2713 Garan\u021bie!\" \/>\n<meta name=\"robots\" content=\"index, follow, max-snippet:-1, max-image-preview:large, max-video-preview:-1\" \/>\n<meta property=\"og:locale\" content=\"en_US\" \/>\n<meta property=\"og:type\" content=\"article\" \/>\n<meta property=\"og:title\" content=\"Arc spiral BMW Seria 3 Touring (E91) 318 d diesel 143 cai FEBI BILSTEIN 46922 BMW | FEBI - Autorival\" \/>\n<meta property=\"og:description\" content=\"\u26a1 Arc spiral BMW Seria 3 Touring (E91) 318 d diesel 143 cai FEBI BILSTEIN 46922 pentru BMW la doar 168.69 RON. \u2713 Cod: 46922 \u2713 Brand: FEBI \u2713 \u00cen stoc \u2713 Livrare 24h \u2713 Garan\u021bie!\" \/>\n<meta property=\"og:url\" content=\"https:\/\/autorival.ro\/bmw\/product\/arc-spiral-bmw-seria-3-touring-e91-318-d-diesel-143-cai-febi-bilstein-46922\/\" \/>\n<meta property=\"og:site_name\" content=\"BMW\" \/>\n<meta property=\"og:image\" content=\"https:\/\/autorival.ro\/bmw\/wp-content\/uploads\/sites\/6\/2025\/06\/46922_1-18.jpg\" \/>\n\t<meta property=\"og:image:width\" content=\"600\" \/>\n\t<meta property=\"og:image:height\" content=\"311\" \/>\n\t<meta property=\"og:image:type\" content=\"image\/jpeg\" \/>\n<meta name=\"twitter:card\" content=\"summary_large_image\" \/>\n<meta name=\"twitter:title\" content=\"Arc spiral BMW Seria 3 Touring (E91) 318 d diesel 143 cai FEBI BILSTEIN 46922 BMW | FEBI - Autorival\" \/>\n<meta name=\"twitter:description\" content=\"\u26a1 Arc spiral BMW Seria 3 Touring (E91) 318 d diesel 143 cai FEBI BILSTEIN 46922 pentru BMW la doar 168.69 RON. \u2713 Cod: 46922 \u2713 Brand: FEBI \u2713 \u00cen stoc \u2713 Livrare 24h \u2713 Garan\u021bie!\" \/>\n<script type=\"application\/ld+json\" class=\"yoast-schema-graph\">{\"@context\":\"https:\\\/\\\/schema.org\",\"@graph\":[{\"@type\":\"WebPage\",\"@id\":\"https:\\\/\\\/autorival.ro\\\/bmw\\\/product\\\/arc-spiral-bmw-seria-3-touring-e91-318-d-diesel-143-cai-febi-bilstein-46922\\\/\",\"url\":\"https:\\\/\\\/autorival.ro\\\/bmw\\\/product\\\/arc-spiral-bmw-seria-3-touring-e91-318-d-diesel-143-cai-febi-bilstein-46922\\\/\",\"name\":\"Arc spiral BMW Seria 3 Touring (E91) 318 d diesel 143 cai FEBI BILSTEIN 46922 BMW | FEBI - Autorival\",\"isPartOf\":{\"@id\":\"https:\\\/\\\/autorival.ro\\\/bmw\\\/#website\"},\"primaryImageOfPage\":{\"@id\":\"https:\\\/\\\/autorival.ro\\\/bmw\\\/product\\\/arc-spiral-bmw-seria-3-touring-e91-318-d-diesel-143-cai-febi-bilstein-46922\\\/#primaryimage\"},\"image\":{\"@id\":\"https:\\\/\\\/autorival.ro\\\/bmw\\\/product\\\/arc-spiral-bmw-seria-3-touring-e91-318-d-diesel-143-cai-febi-bilstein-46922\\\/#primaryimage\"},\"thumbnailUrl\":\"https:\\\/\\\/autorival.ro\\\/bmw\\\/wp-content\\\/uploads\\\/sites\\\/6\\\/2025\\\/06\\\/46922_1-18.jpg\",\"datePublished\":\"2025-06-10T03:03:30+00:00\",\"description\":\"\u26a1 Arc spiral BMW Seria 3 Touring (E91) 318 d diesel 143 cai FEBI BILSTEIN 46922 pentru BMW la doar 168.69 RON. \u2713 Cod: 46922 \u2713 Brand: FEBI \u2713 \u00cen stoc \u2713 Livrare 24h \u2713 Garan\u021bie!\",\"breadcrumb\":{\"@id\":\"https:\\\/\\\/autorival.ro\\\/bmw\\\/product\\\/arc-spiral-bmw-seria-3-touring-e91-318-d-diesel-143-cai-febi-bilstein-46922\\\/#breadcrumb\"},\"inLanguage\":\"en-US\",\"potentialAction\":[{\"@type\":\"ReadAction\",\"target\":[\"https:\\\/\\\/autorival.ro\\\/bmw\\\/product\\\/arc-spiral-bmw-seria-3-touring-e91-318-d-diesel-143-cai-febi-bilstein-46922\\\/\"]}]},{\"@type\":\"ImageObject\",\"inLanguage\":\"en-US\",\"@id\":\"https:\\\/\\\/autorival.ro\\\/bmw\\\/product\\\/arc-spiral-bmw-seria-3-touring-e91-318-d-diesel-143-cai-febi-bilstein-46922\\\/#primaryimage\",\"url\":\"https:\\\/\\\/autorival.ro\\\/bmw\\\/wp-content\\\/uploads\\\/sites\\\/6\\\/2025\\\/06\\\/46922_1-18.jpg\",\"contentUrl\":\"https:\\\/\\\/autorival.ro\\\/bmw\\\/wp-content\\\/uploads\\\/sites\\\/6\\\/2025\\\/06\\\/46922_1-18.jpg\",\"width\":600,\"height\":311,\"caption\":\"Arc spiral BMW Seria 3 Touring (E91) 318 d diesel 143 cai FEBI BILSTEIN 46922\"},{\"@type\":\"BreadcrumbList\",\"@id\":\"https:\\\/\\\/autorival.ro\\\/bmw\\\/product\\\/arc-spiral-bmw-seria-3-touring-e91-318-d-diesel-143-cai-febi-bilstein-46922\\\/#breadcrumb\",\"itemListElement\":[{\"@type\":\"ListItem\",\"position\":1,\"name\":\"Prima pagin\u0103\",\"item\":\"https:\\\/\\\/autorival.ro\\\/bmw\\\/\"},{\"@type\":\"ListItem\",\"position\":2,\"name\":\"Piese auto BMW\",\"item\":\"https:\\\/\\\/autorival.ro\\\/bmw\\\/\"},{\"@type\":\"ListItem\",\"position\":3,\"name\":\"Arc spiral BMW Seria 3 Touring (E91) 318 d diesel 143 cai FEBI BILSTEIN 46922\"}]},{\"@type\":\"WebSite\",\"@id\":\"https:\\\/\\\/autorival.ro\\\/bmw\\\/#website\",\"url\":\"https:\\\/\\\/autorival.ro\\\/bmw\\\/\",\"name\":\"BMW\",\"description\":\"\",\"potentialAction\":[{\"@type\":\"SearchAction\",\"target\":{\"@type\":\"EntryPoint\",\"urlTemplate\":\"https:\\\/\\\/autorival.ro\\\/bmw\\\/?s={search_term_string}\"},\"query-input\":{\"@type\":\"PropertyValueSpecification\",\"valueRequired\":true,\"valueName\":\"search_term_string\"}}],\"inLanguage\":\"en-US\"}]}<\/script>\n<!-- \/ Yoast SEO plugin. -->","yoast_head_json":{"title":"Arc spiral BMW Seria 3 Touring (E91) 318 d diesel 143 cai FEBI BILSTEIN 46922 BMW | FEBI - Autorival","description":"\u26a1 Arc spiral BMW Seria 3 Touring (E91) 318 d diesel 143 cai FEBI BILSTEIN 46922 pentru BMW la doar 168.69 RON. \u2713 Cod: 46922 \u2713 Brand: FEBI \u2713 \u00cen stoc \u2713 Livrare 24h \u2713 Garan\u021bie!","robots":{"index":"index","follow":"follow","max-snippet":"max-snippet:-1","max-image-preview":"max-image-preview:large","max-video-preview":"max-video-preview:-1"},"og_locale":"en_US","og_type":"article","og_title":"Arc spiral BMW Seria 3 Touring (E91) 318 d diesel 143 cai FEBI BILSTEIN 46922 BMW | FEBI - Autorival","og_description":"\u26a1 Arc spiral BMW Seria 3 Touring (E91) 318 d diesel 143 cai FEBI BILSTEIN 46922 pentru BMW la doar 168.69 RON. \u2713 Cod: 46922 \u2713 Brand: FEBI \u2713 \u00cen stoc \u2713 Livrare 24h \u2713 Garan\u021bie!","og_url":"https:\/\/autorival.ro\/bmw\/product\/arc-spiral-bmw-seria-3-touring-e91-318-d-diesel-143-cai-febi-bilstein-46922\/","og_site_name":"BMW","og_image":[{"width":600,"height":311,"url":"https:\/\/autorival.ro\/bmw\/wp-content\/uploads\/sites\/6\/2025\/06\/46922_1-18.jpg","type":"image\/jpeg"}],"twitter_card":"summary_large_image","twitter_title":"Arc spiral BMW Seria 3 Touring (E91) 318 d diesel 143 cai FEBI BILSTEIN 46922 BMW | FEBI - Autorival","twitter_description":"\u26a1 Arc spiral BMW Seria 3 Touring (E91) 318 d diesel 143 cai FEBI BILSTEIN 46922 pentru BMW la doar 168.69 RON. \u2713 Cod: 46922 \u2713 Brand: FEBI \u2713 \u00cen stoc \u2713 Livrare 24h \u2713 Garan\u021bie!","schema":{"@context":"https:\/\/schema.org","@graph":[{"@type":"WebPage","@id":"https:\/\/autorival.ro\/bmw\/product\/arc-spiral-bmw-seria-3-touring-e91-318-d-diesel-143-cai-febi-bilstein-46922\/","url":"https:\/\/autorival.ro\/bmw\/product\/arc-spiral-bmw-seria-3-touring-e91-318-d-diesel-143-cai-febi-bilstein-46922\/","name":"Arc spiral BMW Seria 3 Touring (E91) 318 d diesel 143 cai FEBI BILSTEIN 46922 BMW | FEBI - Autorival","isPartOf":{"@id":"https:\/\/autorival.ro\/bmw\/#website"},"primaryImageOfPage":{"@id":"https:\/\/autorival.ro\/bmw\/product\/arc-spiral-bmw-seria-3-touring-e91-318-d-diesel-143-cai-febi-bilstein-46922\/#primaryimage"},"image":{"@id":"https:\/\/autorival.ro\/bmw\/product\/arc-spiral-bmw-seria-3-touring-e91-318-d-diesel-143-cai-febi-bilstein-46922\/#primaryimage"},"thumbnailUrl":"https:\/\/autorival.ro\/bmw\/wp-content\/uploads\/sites\/6\/2025\/06\/46922_1-18.jpg","datePublished":"2025-06-10T03:03:30+00:00","description":"\u26a1 Arc spiral BMW Seria 3 Touring (E91) 318 d diesel 143 cai FEBI BILSTEIN 46922 pentru BMW la doar 168.69 RON. \u2713 Cod: 46922 \u2713 Brand: FEBI \u2713 \u00cen stoc \u2713 Livrare 24h \u2713 Garan\u021bie!","breadcrumb":{"@id":"https:\/\/autorival.ro\/bmw\/product\/arc-spiral-bmw-seria-3-touring-e91-318-d-diesel-143-cai-febi-bilstein-46922\/#breadcrumb"},"inLanguage":"en-US","potentialAction":[{"@type":"ReadAction","target":["https:\/\/autorival.ro\/bmw\/product\/arc-spiral-bmw-seria-3-touring-e91-318-d-diesel-143-cai-febi-bilstein-46922\/"]}]},{"@type":"ImageObject","inLanguage":"en-US","@id":"https:\/\/autorival.ro\/bmw\/product\/arc-spiral-bmw-seria-3-touring-e91-318-d-diesel-143-cai-febi-bilstein-46922\/#primaryimage","url":"https:\/\/autorival.ro\/bmw\/wp-content\/uploads\/sites\/6\/2025\/06\/46922_1-18.jpg","contentUrl":"https:\/\/autorival.ro\/bmw\/wp-content\/uploads\/sites\/6\/2025\/06\/46922_1-18.jpg","width":600,"height":311,"caption":"Arc spiral BMW Seria 3 Touring (E91) 318 d diesel 143 cai FEBI BILSTEIN 46922"},{"@type":"BreadcrumbList","@id":"https:\/\/autorival.ro\/bmw\/product\/arc-spiral-bmw-seria-3-touring-e91-318-d-diesel-143-cai-febi-bilstein-46922\/#breadcrumb","itemListElement":[{"@type":"ListItem","position":1,"name":"Prima pagin\u0103","item":"https:\/\/autorival.ro\/bmw\/"},{"@type":"ListItem","position":2,"name":"Piese auto BMW","item":"https:\/\/autorival.ro\/bmw\/"},{"@type":"ListItem","position":3,"name":"Arc spiral BMW Seria 3 Touring (E91) 318 d diesel 143 cai FEBI BILSTEIN 46922"}]},{"@type":"WebSite","@id":"https:\/\/autorival.ro\/bmw\/#website","url":"https:\/\/autorival.ro\/bmw\/","name":"BMW","description":"","potentialAction":[{"@type":"SearchAction","target":{"@type":"EntryPoint","urlTemplate":"https:\/\/autorival.ro\/bmw\/?s={search_term_string}"},"query-input":{"@type":"PropertyValueSpecification","valueRequired":true,"valueName":"search_term_string"}}],"inLanguage":"en-US"}]}},"_links":{"self":[{"href":"https:\/\/autorival.ro\/bmw\/wp-json\/wp\/v2\/product\/282423","targetHints":{"allow":["GET"]}}],"collection":[{"href":"https:\/\/autorival.ro\/bmw\/wp-json\/wp\/v2\/product"}],"about":[{"href":"https:\/\/autorival.ro\/bmw\/wp-json\/wp\/v2\/types\/product"}],"replies":[{"embeddable":true,"href":"https:\/\/autorival.ro\/bmw\/wp-json\/wp\/v2\/comments?post=282423"}],"wp:featuredmedia":[{"embeddable":true,"href":"https:\/\/autorival.ro\/bmw\/wp-json\/wp\/v2\/media\/282424"}],"wp:attachment":[{"href":"https:\/\/autorival.ro\/bmw\/wp-json\/wp\/v2\/media?parent=282423"}],"wp:term":[{"taxonomy":"product_brand","embeddable":true,"href":"https:\/\/autorival.ro\/bmw\/wp-json\/wp\/v2\/product_brand?post=282423"},{"taxonomy":"product_cat","embeddable":true,"href":"https:\/\/autorival.ro\/bmw\/wp-json\/wp\/v2\/product_cat?post=282423"},{"taxonomy":"product_tag","embeddable":true,"href":"https:\/\/autorival.ro\/bmw\/wp-json\/wp\/v2\/product_tag?post=282423"}],"curies":[{"name":"wp","href":"https:\/\/api.w.org\/{rel}","templated":true}]}}