{"id":124537,"date":"2025-06-08T11:10:52","date_gmt":"2025-06-08T11:10:52","guid":{"rendered":"https:\/\/autorival.ro\/bmw\/product\/alternator-bmw-seria-3-cupe-e46-316-ci-benzina-115-cai-hella-8el-012-428-741\/"},"modified":"2025-06-08T11:10:52","modified_gmt":"2025-06-08T11:10:52","slug":"alternator-bmw-seria-3-cupe-e46-316-ci-benzina-115-cai-hella-8el-012-428-741","status":"publish","type":"product","link":"https:\/\/autorival.ro\/bmw\/product\/alternator-bmw-seria-3-cupe-e46-316-ci-benzina-115-cai-hella-8el-012-428-741\/","title":{"rendered":"Alternator BMW Seria 3 cupe (E46) 316 Ci benzina 115 cai HELLA 8EL 012 428-741"},"content":{"rendered":"<p>Restrictiile producatorului: BOSCH, VALEOCurent de incarcare generator [A]: 150Role: cu rola curea cu cuplaj unisensFulie curea \u00d8 [mm]: 49Returnarea pieselor vechi nu este necesaraNumar de striatii: 6Pies\u0103 nou\u0103 f\u0103r\u0103 gajTensiune [V]: 14Montarea\/demontarea de personal de specialitate necesar\u0103!<\/p>\n","protected":false},"excerpt":{"rendered":"<p>Producator: HELLA Cod producator: 8EL 012 428-741<\/p>\n","protected":false},"featured_media":124538,"comment_status":"open","ping_status":"closed","template":"","meta":[],"product_brand":[2806],"product_cat":[8605],"product_tag":[31694,31712,31791,31680,31707,31769,31685],"class_list":{"0":"post-124537","1":"product","2":"type-product","3":"status-publish","4":"has-post-thumbnail","6":"product_brand-hella","7":"product_cat-alternator-cupe-e46-316-ci-benzina-115-2","8":"product_tag-e46","9":"product_tag-31712","10":"product_tag-alternator","11":"product_tag-bmw","12":"product_tag-cupe","13":"product_tag-hella","14":"product_tag-seria","16":"first","17":"instock","18":"shipping-taxable","19":"purchasable","20":"product-type-simple"},"yoast_head":"<!-- This site is optimized with the Yoast SEO plugin v27.3 - https:\/\/yoast.com\/product\/yoast-seo-wordpress\/ -->\n<title>Alternator BMW Seria 3 cupe (E46) 316 Ci benzina 115 cai HELLA 8EL 012 428-741 BMW | HELLA - Autorival<\/title>\n<meta name=\"description\" content=\"\u26a1 Alternator BMW Seria 3 cupe (E46) 316 Ci benzina 115 cai HELLA 8EL 012 428-741 pentru BMW la doar 1195 RON. \u2713 Cod: 8EL \u2713 Brand: HELLA \u2713 \u00cen stoc \u2713 Livrare 24h \u2713 Garan\u021bie!\" \/>\n<meta name=\"robots\" content=\"index, follow, max-snippet:-1, max-image-preview:large, max-video-preview:-1\" \/>\n<meta property=\"og:locale\" content=\"en_US\" \/>\n<meta property=\"og:type\" content=\"article\" \/>\n<meta property=\"og:title\" content=\"Alternator BMW Seria 3 cupe (E46) 316 Ci benzina 115 cai HELLA 8EL 012 428-741 BMW | HELLA - Autorival\" \/>\n<meta property=\"og:description\" content=\"\u26a1 Alternator BMW Seria 3 cupe (E46) 316 Ci benzina 115 cai HELLA 8EL 012 428-741 pentru BMW la doar 1195 RON. \u2713 Cod: 8EL \u2713 Brand: HELLA \u2713 \u00cen stoc \u2713 Livrare 24h \u2713 Garan\u021bie!\" \/>\n<meta property=\"og:url\" content=\"https:\/\/autorival.ro\/bmw\/product\/alternator-bmw-seria-3-cupe-e46-316-ci-benzina-115-cai-hella-8el-012-428-741\/\" \/>\n<meta property=\"og:site_name\" content=\"BMW\" \/>\n<meta property=\"og:image\" content=\"https:\/\/autorival.ro\/bmw\/wp-content\/uploads\/sites\/6\/2025\/06\/8el_012_428-741-30.jpg\" \/>\n\t<meta property=\"og:image:width\" content=\"1500\" \/>\n\t<meta property=\"og:image:height\" content=\"1000\" \/>\n\t<meta property=\"og:image:type\" content=\"image\/jpeg\" \/>\n<meta name=\"twitter:card\" content=\"summary_large_image\" \/>\n<meta name=\"twitter:title\" content=\"Alternator BMW Seria 3 cupe (E46) 316 Ci benzina 115 cai HELLA 8EL 012 428-741 BMW | HELLA - Autorival\" \/>\n<meta name=\"twitter:description\" content=\"\u26a1 Alternator BMW Seria 3 cupe (E46) 316 Ci benzina 115 cai HELLA 8EL 012 428-741 pentru BMW la doar 1195 RON. \u2713 Cod: 8EL \u2713 Brand: HELLA \u2713 \u00cen stoc \u2713 Livrare 24h \u2713 Garan\u021bie!\" \/>\n<script type=\"application\/ld+json\" class=\"yoast-schema-graph\">{\"@context\":\"https:\\\/\\\/schema.org\",\"@graph\":[{\"@type\":\"WebPage\",\"@id\":\"https:\\\/\\\/autorival.ro\\\/bmw\\\/product\\\/alternator-bmw-seria-3-cupe-e46-316-ci-benzina-115-cai-hella-8el-012-428-741\\\/\",\"url\":\"https:\\\/\\\/autorival.ro\\\/bmw\\\/product\\\/alternator-bmw-seria-3-cupe-e46-316-ci-benzina-115-cai-hella-8el-012-428-741\\\/\",\"name\":\"Alternator BMW Seria 3 cupe (E46) 316 Ci benzina 115 cai HELLA 8EL 012 428-741 BMW | HELLA - Autorival\",\"isPartOf\":{\"@id\":\"https:\\\/\\\/autorival.ro\\\/bmw\\\/#website\"},\"primaryImageOfPage\":{\"@id\":\"https:\\\/\\\/autorival.ro\\\/bmw\\\/product\\\/alternator-bmw-seria-3-cupe-e46-316-ci-benzina-115-cai-hella-8el-012-428-741\\\/#primaryimage\"},\"image\":{\"@id\":\"https:\\\/\\\/autorival.ro\\\/bmw\\\/product\\\/alternator-bmw-seria-3-cupe-e46-316-ci-benzina-115-cai-hella-8el-012-428-741\\\/#primaryimage\"},\"thumbnailUrl\":\"https:\\\/\\\/autorival.ro\\\/bmw\\\/wp-content\\\/uploads\\\/sites\\\/6\\\/2025\\\/06\\\/8el_012_428-741-30.jpg\",\"datePublished\":\"2025-06-08T11:10:52+00:00\",\"description\":\"\u26a1 Alternator BMW Seria 3 cupe (E46) 316 Ci benzina 115 cai HELLA 8EL 012 428-741 pentru BMW la doar 1195 RON. \u2713 Cod: 8EL \u2713 Brand: HELLA \u2713 \u00cen stoc \u2713 Livrare 24h \u2713 Garan\u021bie!\",\"breadcrumb\":{\"@id\":\"https:\\\/\\\/autorival.ro\\\/bmw\\\/product\\\/alternator-bmw-seria-3-cupe-e46-316-ci-benzina-115-cai-hella-8el-012-428-741\\\/#breadcrumb\"},\"inLanguage\":\"en-US\",\"potentialAction\":[{\"@type\":\"ReadAction\",\"target\":[\"https:\\\/\\\/autorival.ro\\\/bmw\\\/product\\\/alternator-bmw-seria-3-cupe-e46-316-ci-benzina-115-cai-hella-8el-012-428-741\\\/\"]}]},{\"@type\":\"ImageObject\",\"inLanguage\":\"en-US\",\"@id\":\"https:\\\/\\\/autorival.ro\\\/bmw\\\/product\\\/alternator-bmw-seria-3-cupe-e46-316-ci-benzina-115-cai-hella-8el-012-428-741\\\/#primaryimage\",\"url\":\"https:\\\/\\\/autorival.ro\\\/bmw\\\/wp-content\\\/uploads\\\/sites\\\/6\\\/2025\\\/06\\\/8el_012_428-741-30.jpg\",\"contentUrl\":\"https:\\\/\\\/autorival.ro\\\/bmw\\\/wp-content\\\/uploads\\\/sites\\\/6\\\/2025\\\/06\\\/8el_012_428-741-30.jpg\",\"width\":1500,\"height\":1000,\"caption\":\"Alternator BMW Seria 3 cupe (E46) 316 Ci benzina 115 cai HELLA 8EL 012 428-741\"},{\"@type\":\"BreadcrumbList\",\"@id\":\"https:\\\/\\\/autorival.ro\\\/bmw\\\/product\\\/alternator-bmw-seria-3-cupe-e46-316-ci-benzina-115-cai-hella-8el-012-428-741\\\/#breadcrumb\",\"itemListElement\":[{\"@type\":\"ListItem\",\"position\":1,\"name\":\"Prima pagin\u0103\",\"item\":\"https:\\\/\\\/autorival.ro\\\/bmw\\\/\"},{\"@type\":\"ListItem\",\"position\":2,\"name\":\"Piese auto BMW\",\"item\":\"https:\\\/\\\/autorival.ro\\\/bmw\\\/\"},{\"@type\":\"ListItem\",\"position\":3,\"name\":\"Alternator BMW Seria 3 cupe (E46) 316 Ci benzina 115 cai HELLA 8EL 012 428-741\"}]},{\"@type\":\"WebSite\",\"@id\":\"https:\\\/\\\/autorival.ro\\\/bmw\\\/#website\",\"url\":\"https:\\\/\\\/autorival.ro\\\/bmw\\\/\",\"name\":\"BMW\",\"description\":\"\",\"potentialAction\":[{\"@type\":\"SearchAction\",\"target\":{\"@type\":\"EntryPoint\",\"urlTemplate\":\"https:\\\/\\\/autorival.ro\\\/bmw\\\/?s={search_term_string}\"},\"query-input\":{\"@type\":\"PropertyValueSpecification\",\"valueRequired\":true,\"valueName\":\"search_term_string\"}}],\"inLanguage\":\"en-US\"}]}<\/script>\n<!-- \/ Yoast SEO plugin. -->","yoast_head_json":{"title":"Alternator BMW Seria 3 cupe (E46) 316 Ci benzina 115 cai HELLA 8EL 012 428-741 BMW | HELLA - Autorival","description":"\u26a1 Alternator BMW Seria 3 cupe (E46) 316 Ci benzina 115 cai HELLA 8EL 012 428-741 pentru BMW la doar 1195 RON. \u2713 Cod: 8EL \u2713 Brand: HELLA \u2713 \u00cen stoc \u2713 Livrare 24h \u2713 Garan\u021bie!","robots":{"index":"index","follow":"follow","max-snippet":"max-snippet:-1","max-image-preview":"max-image-preview:large","max-video-preview":"max-video-preview:-1"},"og_locale":"en_US","og_type":"article","og_title":"Alternator BMW Seria 3 cupe (E46) 316 Ci benzina 115 cai HELLA 8EL 012 428-741 BMW | HELLA - Autorival","og_description":"\u26a1 Alternator BMW Seria 3 cupe (E46) 316 Ci benzina 115 cai HELLA 8EL 012 428-741 pentru BMW la doar 1195 RON. \u2713 Cod: 8EL \u2713 Brand: HELLA \u2713 \u00cen stoc \u2713 Livrare 24h \u2713 Garan\u021bie!","og_url":"https:\/\/autorival.ro\/bmw\/product\/alternator-bmw-seria-3-cupe-e46-316-ci-benzina-115-cai-hella-8el-012-428-741\/","og_site_name":"BMW","og_image":[{"width":1500,"height":1000,"url":"https:\/\/autorival.ro\/bmw\/wp-content\/uploads\/sites\/6\/2025\/06\/8el_012_428-741-30.jpg","type":"image\/jpeg"}],"twitter_card":"summary_large_image","twitter_title":"Alternator BMW Seria 3 cupe (E46) 316 Ci benzina 115 cai HELLA 8EL 012 428-741 BMW | HELLA - Autorival","twitter_description":"\u26a1 Alternator BMW Seria 3 cupe (E46) 316 Ci benzina 115 cai HELLA 8EL 012 428-741 pentru BMW la doar 1195 RON. \u2713 Cod: 8EL \u2713 Brand: HELLA \u2713 \u00cen stoc \u2713 Livrare 24h \u2713 Garan\u021bie!","schema":{"@context":"https:\/\/schema.org","@graph":[{"@type":"WebPage","@id":"https:\/\/autorival.ro\/bmw\/product\/alternator-bmw-seria-3-cupe-e46-316-ci-benzina-115-cai-hella-8el-012-428-741\/","url":"https:\/\/autorival.ro\/bmw\/product\/alternator-bmw-seria-3-cupe-e46-316-ci-benzina-115-cai-hella-8el-012-428-741\/","name":"Alternator BMW Seria 3 cupe (E46) 316 Ci benzina 115 cai HELLA 8EL 012 428-741 BMW | HELLA - Autorival","isPartOf":{"@id":"https:\/\/autorival.ro\/bmw\/#website"},"primaryImageOfPage":{"@id":"https:\/\/autorival.ro\/bmw\/product\/alternator-bmw-seria-3-cupe-e46-316-ci-benzina-115-cai-hella-8el-012-428-741\/#primaryimage"},"image":{"@id":"https:\/\/autorival.ro\/bmw\/product\/alternator-bmw-seria-3-cupe-e46-316-ci-benzina-115-cai-hella-8el-012-428-741\/#primaryimage"},"thumbnailUrl":"https:\/\/autorival.ro\/bmw\/wp-content\/uploads\/sites\/6\/2025\/06\/8el_012_428-741-30.jpg","datePublished":"2025-06-08T11:10:52+00:00","description":"\u26a1 Alternator BMW Seria 3 cupe (E46) 316 Ci benzina 115 cai HELLA 8EL 012 428-741 pentru BMW la doar 1195 RON. \u2713 Cod: 8EL \u2713 Brand: HELLA \u2713 \u00cen stoc \u2713 Livrare 24h \u2713 Garan\u021bie!","breadcrumb":{"@id":"https:\/\/autorival.ro\/bmw\/product\/alternator-bmw-seria-3-cupe-e46-316-ci-benzina-115-cai-hella-8el-012-428-741\/#breadcrumb"},"inLanguage":"en-US","potentialAction":[{"@type":"ReadAction","target":["https:\/\/autorival.ro\/bmw\/product\/alternator-bmw-seria-3-cupe-e46-316-ci-benzina-115-cai-hella-8el-012-428-741\/"]}]},{"@type":"ImageObject","inLanguage":"en-US","@id":"https:\/\/autorival.ro\/bmw\/product\/alternator-bmw-seria-3-cupe-e46-316-ci-benzina-115-cai-hella-8el-012-428-741\/#primaryimage","url":"https:\/\/autorival.ro\/bmw\/wp-content\/uploads\/sites\/6\/2025\/06\/8el_012_428-741-30.jpg","contentUrl":"https:\/\/autorival.ro\/bmw\/wp-content\/uploads\/sites\/6\/2025\/06\/8el_012_428-741-30.jpg","width":1500,"height":1000,"caption":"Alternator BMW Seria 3 cupe (E46) 316 Ci benzina 115 cai HELLA 8EL 012 428-741"},{"@type":"BreadcrumbList","@id":"https:\/\/autorival.ro\/bmw\/product\/alternator-bmw-seria-3-cupe-e46-316-ci-benzina-115-cai-hella-8el-012-428-741\/#breadcrumb","itemListElement":[{"@type":"ListItem","position":1,"name":"Prima pagin\u0103","item":"https:\/\/autorival.ro\/bmw\/"},{"@type":"ListItem","position":2,"name":"Piese auto BMW","item":"https:\/\/autorival.ro\/bmw\/"},{"@type":"ListItem","position":3,"name":"Alternator BMW Seria 3 cupe (E46) 316 Ci benzina 115 cai HELLA 8EL 012 428-741"}]},{"@type":"WebSite","@id":"https:\/\/autorival.ro\/bmw\/#website","url":"https:\/\/autorival.ro\/bmw\/","name":"BMW","description":"","potentialAction":[{"@type":"SearchAction","target":{"@type":"EntryPoint","urlTemplate":"https:\/\/autorival.ro\/bmw\/?s={search_term_string}"},"query-input":{"@type":"PropertyValueSpecification","valueRequired":true,"valueName":"search_term_string"}}],"inLanguage":"en-US"}]}},"_links":{"self":[{"href":"https:\/\/autorival.ro\/bmw\/wp-json\/wp\/v2\/product\/124537","targetHints":{"allow":["GET"]}}],"collection":[{"href":"https:\/\/autorival.ro\/bmw\/wp-json\/wp\/v2\/product"}],"about":[{"href":"https:\/\/autorival.ro\/bmw\/wp-json\/wp\/v2\/types\/product"}],"replies":[{"embeddable":true,"href":"https:\/\/autorival.ro\/bmw\/wp-json\/wp\/v2\/comments?post=124537"}],"wp:featuredmedia":[{"embeddable":true,"href":"https:\/\/autorival.ro\/bmw\/wp-json\/wp\/v2\/media\/124538"}],"wp:attachment":[{"href":"https:\/\/autorival.ro\/bmw\/wp-json\/wp\/v2\/media?parent=124537"}],"wp:term":[{"taxonomy":"product_brand","embeddable":true,"href":"https:\/\/autorival.ro\/bmw\/wp-json\/wp\/v2\/product_brand?post=124537"},{"taxonomy":"product_cat","embeddable":true,"href":"https:\/\/autorival.ro\/bmw\/wp-json\/wp\/v2\/product_cat?post=124537"},{"taxonomy":"product_tag","embeddable":true,"href":"https:\/\/autorival.ro\/bmw\/wp-json\/wp\/v2\/product_tag?post=124537"}],"curies":[{"name":"wp","href":"https:\/\/api.w.org\/{rel}","templated":true}]}}