{"id":117101,"date":"2025-06-08T10:06:49","date_gmt":"2025-06-08T10:06:49","guid":{"rendered":"https:\/\/autorival.ro\/bmw\/product\/alternator-bmw-seria-2-active-tourer-f45-218-i-benzina-136-cai-as-pl-a6415s\/"},"modified":"2025-06-08T10:06:49","modified_gmt":"2025-06-08T10:06:49","slug":"alternator-bmw-seria-2-active-tourer-f45-218-i-benzina-136-cai-as-pl-a6415s","status":"publish","type":"product","link":"https:\/\/autorival.ro\/bmw\/product\/alternator-bmw-seria-2-active-tourer-f45-218-i-benzina-136-cai-as-pl-a6415s\/","title":{"rendered":"Alternator BMW Seria 2 Active Tourer (F45) 218 i benzina 136 cai AS-PL A6415S"},"content":{"rendered":"<p>Restrictiile producatorului: DENSOTensiune [V]: 12Curent de incarcare generator [A]: 180Role: cu rola cureaVersiune: 104210-6721Calitate: STANDARD LINEPies\u0103 nou\u0103 f\u0103r\u0103 gaj<\/p>\n","protected":false},"excerpt":{"rendered":"<p>Producator: AS-PL Cod producator: A6415S<\/p>\n","protected":false},"featured_media":117102,"comment_status":"open","ping_status":"closed","template":"","meta":[],"product_brand":[3510],"product_cat":[8284],"product_tag":[31820,31818,31791,31800,31680,31685,31819],"class_list":{"0":"post-117101","1":"product","2":"type-product","3":"status-publish","4":"has-post-thumbnail","6":"product_brand-as-pl","7":"product_cat-alternator-active-tourer-f45-218-i-benzina-136-2","8":"product_tag-f45","9":"product_tag-active","10":"product_tag-alternator","11":"product_tag-as","12":"product_tag-bmw","13":"product_tag-seria","14":"product_tag-tourer","16":"first","17":"instock","18":"shipping-taxable","19":"purchasable","20":"product-type-simple"},"yoast_head":"<!-- This site is optimized with the Yoast SEO plugin v27.3 - https:\/\/yoast.com\/product\/yoast-seo-wordpress\/ -->\n<title>Alternator BMW Seria 2 Active Tourer (F45) 218 i benzina 136 cai AS-PL A6415S BMW | AS-PL - Autorival<\/title>\n<meta name=\"description\" content=\"\u26a1 Alternator BMW Seria 2 Active Tourer (F45) 218 i benzina 136 cai AS-PL A6415S pentru BMW la doar 1797 RON. \u2713 Cod: A6415S \u2713 Brand: AS-PL \u2713 \u00cen stoc \u2713 Livrare 24h \u2713 Garan\u021bie!\" \/>\n<meta name=\"robots\" content=\"index, follow, max-snippet:-1, max-image-preview:large, max-video-preview:-1\" \/>\n<meta property=\"og:locale\" content=\"en_US\" \/>\n<meta property=\"og:type\" content=\"article\" \/>\n<meta property=\"og:title\" content=\"Alternator BMW Seria 2 Active Tourer (F45) 218 i benzina 136 cai AS-PL A6415S BMW | AS-PL - Autorival\" \/>\n<meta property=\"og:description\" content=\"\u26a1 Alternator BMW Seria 2 Active Tourer (F45) 218 i benzina 136 cai AS-PL A6415S pentru BMW la doar 1797 RON. \u2713 Cod: A6415S \u2713 Brand: AS-PL \u2713 \u00cen stoc \u2713 Livrare 24h \u2713 Garan\u021bie!\" \/>\n<meta property=\"og:url\" content=\"https:\/\/autorival.ro\/bmw\/product\/alternator-bmw-seria-2-active-tourer-f45-218-i-benzina-136-cai-as-pl-a6415s\/\" \/>\n<meta property=\"og:site_name\" content=\"BMW\" \/>\n<meta property=\"og:image\" content=\"https:\/\/autorival.ro\/bmw\/wp-content\/uploads\/sites\/6\/2025\/06\/104007-23.jpg\" \/>\n\t<meta property=\"og:image:width\" content=\"1080\" \/>\n\t<meta property=\"og:image:height\" content=\"810\" \/>\n\t<meta property=\"og:image:type\" content=\"image\/jpeg\" \/>\n<meta name=\"twitter:card\" content=\"summary_large_image\" \/>\n<meta name=\"twitter:title\" content=\"Alternator BMW Seria 2 Active Tourer (F45) 218 i benzina 136 cai AS-PL A6415S BMW | AS-PL - Autorival\" \/>\n<meta name=\"twitter:description\" content=\"\u26a1 Alternator BMW Seria 2 Active Tourer (F45) 218 i benzina 136 cai AS-PL A6415S pentru BMW la doar 1797 RON. \u2713 Cod: A6415S \u2713 Brand: AS-PL \u2713 \u00cen stoc \u2713 Livrare 24h \u2713 Garan\u021bie!\" \/>\n<script type=\"application\/ld+json\" class=\"yoast-schema-graph\">{\"@context\":\"https:\\\/\\\/schema.org\",\"@graph\":[{\"@type\":\"WebPage\",\"@id\":\"https:\\\/\\\/autorival.ro\\\/bmw\\\/product\\\/alternator-bmw-seria-2-active-tourer-f45-218-i-benzina-136-cai-as-pl-a6415s\\\/\",\"url\":\"https:\\\/\\\/autorival.ro\\\/bmw\\\/product\\\/alternator-bmw-seria-2-active-tourer-f45-218-i-benzina-136-cai-as-pl-a6415s\\\/\",\"name\":\"Alternator BMW Seria 2 Active Tourer (F45) 218 i benzina 136 cai AS-PL A6415S BMW | AS-PL - Autorival\",\"isPartOf\":{\"@id\":\"https:\\\/\\\/autorival.ro\\\/bmw\\\/#website\"},\"primaryImageOfPage\":{\"@id\":\"https:\\\/\\\/autorival.ro\\\/bmw\\\/product\\\/alternator-bmw-seria-2-active-tourer-f45-218-i-benzina-136-cai-as-pl-a6415s\\\/#primaryimage\"},\"image\":{\"@id\":\"https:\\\/\\\/autorival.ro\\\/bmw\\\/product\\\/alternator-bmw-seria-2-active-tourer-f45-218-i-benzina-136-cai-as-pl-a6415s\\\/#primaryimage\"},\"thumbnailUrl\":\"https:\\\/\\\/autorival.ro\\\/bmw\\\/wp-content\\\/uploads\\\/sites\\\/6\\\/2025\\\/06\\\/104007-23.jpg\",\"datePublished\":\"2025-06-08T10:06:49+00:00\",\"description\":\"\u26a1 Alternator BMW Seria 2 Active Tourer (F45) 218 i benzina 136 cai AS-PL A6415S pentru BMW la doar 1797 RON. \u2713 Cod: A6415S \u2713 Brand: AS-PL \u2713 \u00cen stoc \u2713 Livrare 24h \u2713 Garan\u021bie!\",\"breadcrumb\":{\"@id\":\"https:\\\/\\\/autorival.ro\\\/bmw\\\/product\\\/alternator-bmw-seria-2-active-tourer-f45-218-i-benzina-136-cai-as-pl-a6415s\\\/#breadcrumb\"},\"inLanguage\":\"en-US\",\"potentialAction\":[{\"@type\":\"ReadAction\",\"target\":[\"https:\\\/\\\/autorival.ro\\\/bmw\\\/product\\\/alternator-bmw-seria-2-active-tourer-f45-218-i-benzina-136-cai-as-pl-a6415s\\\/\"]}]},{\"@type\":\"ImageObject\",\"inLanguage\":\"en-US\",\"@id\":\"https:\\\/\\\/autorival.ro\\\/bmw\\\/product\\\/alternator-bmw-seria-2-active-tourer-f45-218-i-benzina-136-cai-as-pl-a6415s\\\/#primaryimage\",\"url\":\"https:\\\/\\\/autorival.ro\\\/bmw\\\/wp-content\\\/uploads\\\/sites\\\/6\\\/2025\\\/06\\\/104007-23.jpg\",\"contentUrl\":\"https:\\\/\\\/autorival.ro\\\/bmw\\\/wp-content\\\/uploads\\\/sites\\\/6\\\/2025\\\/06\\\/104007-23.jpg\",\"width\":1080,\"height\":810,\"caption\":\"Alternator BMW Seria 2 Active Tourer (F45) 218 i benzina 136 cai AS-PL A6415S\"},{\"@type\":\"BreadcrumbList\",\"@id\":\"https:\\\/\\\/autorival.ro\\\/bmw\\\/product\\\/alternator-bmw-seria-2-active-tourer-f45-218-i-benzina-136-cai-as-pl-a6415s\\\/#breadcrumb\",\"itemListElement\":[{\"@type\":\"ListItem\",\"position\":1,\"name\":\"Prima pagin\u0103\",\"item\":\"https:\\\/\\\/autorival.ro\\\/bmw\\\/\"},{\"@type\":\"ListItem\",\"position\":2,\"name\":\"Piese auto BMW\",\"item\":\"https:\\\/\\\/autorival.ro\\\/bmw\\\/\"},{\"@type\":\"ListItem\",\"position\":3,\"name\":\"Alternator BMW Seria 2 Active Tourer (F45) 218 i benzina 136 cai AS-PL A6415S\"}]},{\"@type\":\"WebSite\",\"@id\":\"https:\\\/\\\/autorival.ro\\\/bmw\\\/#website\",\"url\":\"https:\\\/\\\/autorival.ro\\\/bmw\\\/\",\"name\":\"BMW\",\"description\":\"\",\"potentialAction\":[{\"@type\":\"SearchAction\",\"target\":{\"@type\":\"EntryPoint\",\"urlTemplate\":\"https:\\\/\\\/autorival.ro\\\/bmw\\\/?s={search_term_string}\"},\"query-input\":{\"@type\":\"PropertyValueSpecification\",\"valueRequired\":true,\"valueName\":\"search_term_string\"}}],\"inLanguage\":\"en-US\"}]}<\/script>\n<!-- \/ Yoast SEO plugin. -->","yoast_head_json":{"title":"Alternator BMW Seria 2 Active Tourer (F45) 218 i benzina 136 cai AS-PL A6415S BMW | AS-PL - Autorival","description":"\u26a1 Alternator BMW Seria 2 Active Tourer (F45) 218 i benzina 136 cai AS-PL A6415S pentru BMW la doar 1797 RON. \u2713 Cod: A6415S \u2713 Brand: AS-PL \u2713 \u00cen stoc \u2713 Livrare 24h \u2713 Garan\u021bie!","robots":{"index":"index","follow":"follow","max-snippet":"max-snippet:-1","max-image-preview":"max-image-preview:large","max-video-preview":"max-video-preview:-1"},"og_locale":"en_US","og_type":"article","og_title":"Alternator BMW Seria 2 Active Tourer (F45) 218 i benzina 136 cai AS-PL A6415S BMW | AS-PL - Autorival","og_description":"\u26a1 Alternator BMW Seria 2 Active Tourer (F45) 218 i benzina 136 cai AS-PL A6415S pentru BMW la doar 1797 RON. \u2713 Cod: A6415S \u2713 Brand: AS-PL \u2713 \u00cen stoc \u2713 Livrare 24h \u2713 Garan\u021bie!","og_url":"https:\/\/autorival.ro\/bmw\/product\/alternator-bmw-seria-2-active-tourer-f45-218-i-benzina-136-cai-as-pl-a6415s\/","og_site_name":"BMW","og_image":[{"width":1080,"height":810,"url":"https:\/\/autorival.ro\/bmw\/wp-content\/uploads\/sites\/6\/2025\/06\/104007-23.jpg","type":"image\/jpeg"}],"twitter_card":"summary_large_image","twitter_title":"Alternator BMW Seria 2 Active Tourer (F45) 218 i benzina 136 cai AS-PL A6415S BMW | AS-PL - Autorival","twitter_description":"\u26a1 Alternator BMW Seria 2 Active Tourer (F45) 218 i benzina 136 cai AS-PL A6415S pentru BMW la doar 1797 RON. \u2713 Cod: A6415S \u2713 Brand: AS-PL \u2713 \u00cen stoc \u2713 Livrare 24h \u2713 Garan\u021bie!","schema":{"@context":"https:\/\/schema.org","@graph":[{"@type":"WebPage","@id":"https:\/\/autorival.ro\/bmw\/product\/alternator-bmw-seria-2-active-tourer-f45-218-i-benzina-136-cai-as-pl-a6415s\/","url":"https:\/\/autorival.ro\/bmw\/product\/alternator-bmw-seria-2-active-tourer-f45-218-i-benzina-136-cai-as-pl-a6415s\/","name":"Alternator BMW Seria 2 Active Tourer (F45) 218 i benzina 136 cai AS-PL A6415S BMW | AS-PL - Autorival","isPartOf":{"@id":"https:\/\/autorival.ro\/bmw\/#website"},"primaryImageOfPage":{"@id":"https:\/\/autorival.ro\/bmw\/product\/alternator-bmw-seria-2-active-tourer-f45-218-i-benzina-136-cai-as-pl-a6415s\/#primaryimage"},"image":{"@id":"https:\/\/autorival.ro\/bmw\/product\/alternator-bmw-seria-2-active-tourer-f45-218-i-benzina-136-cai-as-pl-a6415s\/#primaryimage"},"thumbnailUrl":"https:\/\/autorival.ro\/bmw\/wp-content\/uploads\/sites\/6\/2025\/06\/104007-23.jpg","datePublished":"2025-06-08T10:06:49+00:00","description":"\u26a1 Alternator BMW Seria 2 Active Tourer (F45) 218 i benzina 136 cai AS-PL A6415S pentru BMW la doar 1797 RON. \u2713 Cod: A6415S \u2713 Brand: AS-PL \u2713 \u00cen stoc \u2713 Livrare 24h \u2713 Garan\u021bie!","breadcrumb":{"@id":"https:\/\/autorival.ro\/bmw\/product\/alternator-bmw-seria-2-active-tourer-f45-218-i-benzina-136-cai-as-pl-a6415s\/#breadcrumb"},"inLanguage":"en-US","potentialAction":[{"@type":"ReadAction","target":["https:\/\/autorival.ro\/bmw\/product\/alternator-bmw-seria-2-active-tourer-f45-218-i-benzina-136-cai-as-pl-a6415s\/"]}]},{"@type":"ImageObject","inLanguage":"en-US","@id":"https:\/\/autorival.ro\/bmw\/product\/alternator-bmw-seria-2-active-tourer-f45-218-i-benzina-136-cai-as-pl-a6415s\/#primaryimage","url":"https:\/\/autorival.ro\/bmw\/wp-content\/uploads\/sites\/6\/2025\/06\/104007-23.jpg","contentUrl":"https:\/\/autorival.ro\/bmw\/wp-content\/uploads\/sites\/6\/2025\/06\/104007-23.jpg","width":1080,"height":810,"caption":"Alternator BMW Seria 2 Active Tourer (F45) 218 i benzina 136 cai AS-PL A6415S"},{"@type":"BreadcrumbList","@id":"https:\/\/autorival.ro\/bmw\/product\/alternator-bmw-seria-2-active-tourer-f45-218-i-benzina-136-cai-as-pl-a6415s\/#breadcrumb","itemListElement":[{"@type":"ListItem","position":1,"name":"Prima pagin\u0103","item":"https:\/\/autorival.ro\/bmw\/"},{"@type":"ListItem","position":2,"name":"Piese auto BMW","item":"https:\/\/autorival.ro\/bmw\/"},{"@type":"ListItem","position":3,"name":"Alternator BMW Seria 2 Active Tourer (F45) 218 i benzina 136 cai AS-PL A6415S"}]},{"@type":"WebSite","@id":"https:\/\/autorival.ro\/bmw\/#website","url":"https:\/\/autorival.ro\/bmw\/","name":"BMW","description":"","potentialAction":[{"@type":"SearchAction","target":{"@type":"EntryPoint","urlTemplate":"https:\/\/autorival.ro\/bmw\/?s={search_term_string}"},"query-input":{"@type":"PropertyValueSpecification","valueRequired":true,"valueName":"search_term_string"}}],"inLanguage":"en-US"}]}},"_links":{"self":[{"href":"https:\/\/autorival.ro\/bmw\/wp-json\/wp\/v2\/product\/117101","targetHints":{"allow":["GET"]}}],"collection":[{"href":"https:\/\/autorival.ro\/bmw\/wp-json\/wp\/v2\/product"}],"about":[{"href":"https:\/\/autorival.ro\/bmw\/wp-json\/wp\/v2\/types\/product"}],"replies":[{"embeddable":true,"href":"https:\/\/autorival.ro\/bmw\/wp-json\/wp\/v2\/comments?post=117101"}],"wp:featuredmedia":[{"embeddable":true,"href":"https:\/\/autorival.ro\/bmw\/wp-json\/wp\/v2\/media\/117102"}],"wp:attachment":[{"href":"https:\/\/autorival.ro\/bmw\/wp-json\/wp\/v2\/media?parent=117101"}],"wp:term":[{"taxonomy":"product_brand","embeddable":true,"href":"https:\/\/autorival.ro\/bmw\/wp-json\/wp\/v2\/product_brand?post=117101"},{"taxonomy":"product_cat","embeddable":true,"href":"https:\/\/autorival.ro\/bmw\/wp-json\/wp\/v2\/product_cat?post=117101"},{"taxonomy":"product_tag","embeddable":true,"href":"https:\/\/autorival.ro\/bmw\/wp-json\/wp\/v2\/product_tag?post=117101"}],"curies":[{"name":"wp","href":"https:\/\/api.w.org\/{rel}","templated":true}]}}