{"id":1667891,"date":"2025-07-13T01:30:35","date_gmt":"2025-07-13T01:30:35","guid":{"rendered":"https:\/\/autorival.ro\/audi\/product\/legaturi-stergator-parbriz-audi-a4-b5-8d2-1-8-t-quattro-benzina-150-cai-maxgear-50-0078\/"},"modified":"2025-07-13T01:30:35","modified_gmt":"2025-07-13T01:30:35","slug":"legaturi-stergator-parbriz-audi-a4-b5-8d2-1-8-t-quattro-benzina-150-cai-maxgear-50-0078","status":"publish","type":"product","link":"https:\/\/autorival.ro\/audi\/product\/legaturi-stergator-parbriz-audi-a4-b5-8d2-1-8-t-quattro-benzina-150-cai-maxgear-50-0078\/","title":{"rendered":"Legaturi stergator parbriz AUDI A4 B5 (8D2) 1.8 T quattro benzina 150 cai MAXGEAR 50-0078"},"content":{"rendered":"<p>Numar motor TECDOC: 13929, 13950, 13949, 4199Serie \u00c3\u02c6\u00e2\u201e\u00a2asiu (VIN)p\u00e2n\u0103 la: 8D-X-400000Separarea blocurilorVehicul cu volan pe st\u00e2nga\/dreapta: pentru vehicule cu volan pe stangaArticol extins\/Informatii de extindere: fara motor electric<\/p>\n","protected":false},"excerpt":{"rendered":"<p>Producator: MAXGEAR Cod producator: 50-0078<\/p>\n","protected":false},"featured_media":1667892,"comment_status":"open","ping_status":"closed","template":"","meta":[],"product_brand":[50],"product_cat":[51020],"product_tag":[55490,55466,55437,56257,55526,55905,55528],"class_list":{"0":"post-1667891","1":"product","2":"type-product","3":"status-publish","4":"has-post-thumbnail","6":"product_brand-maxgear","7":"product_cat-legaturi-stergator-parbriz-b5-8d2-1-8-t-quattro-benzina-150","8":"product_tag-8d2","9":"product_tag-1-8","10":"product_tag-audi","11":"product_tag-legaturi","12":"product_tag-maxgear","13":"product_tag-parbriz","14":"product_tag-stergator","16":"first","17":"instock","18":"shipping-taxable","19":"purchasable","20":"product-type-simple"},"yoast_head":"<!-- This site is optimized with the Yoast SEO plugin v27.3 - https:\/\/yoast.com\/product\/yoast-seo-wordpress\/ -->\n<title>Legaturi stergator parbriz AUDI A4 B5 (8D2) 1.8 T quattro benzina 150 cai MAXGEAR 50-0078 AUDI | MAXGEAR - Autorival<\/title>\n<meta name=\"description\" content=\"\u26a1 Legaturi stergator parbriz AUDI A4 B5 (8D2) 1.8 T quattro benzina 150 cai MAXGEAR 50-0078 pentru AUDI la doar 151.2 RON. \u2713 Cod: 50-0078 \u2713 Brand: MAXGEAR \u2713 \u00cen stoc \u2713 Livrare 24h \u2713 Garan\u021bie!\" \/>\n<meta name=\"robots\" content=\"index, follow, max-snippet:-1, max-image-preview:large, max-video-preview:-1\" \/>\n<meta property=\"og:locale\" content=\"en_US\" \/>\n<meta property=\"og:type\" content=\"article\" \/>\n<meta property=\"og:title\" content=\"Legaturi stergator parbriz AUDI A4 B5 (8D2) 1.8 T quattro benzina 150 cai MAXGEAR 50-0078 AUDI | MAXGEAR - Autorival\" \/>\n<meta property=\"og:description\" content=\"\u26a1 Legaturi stergator parbriz AUDI A4 B5 (8D2) 1.8 T quattro benzina 150 cai MAXGEAR 50-0078 pentru AUDI la doar 151.2 RON. \u2713 Cod: 50-0078 \u2713 Brand: MAXGEAR \u2713 \u00cen stoc \u2713 Livrare 24h \u2713 Garan\u021bie!\" \/>\n<meta property=\"og:url\" content=\"https:\/\/autorival.ro\/audi\/product\/legaturi-stergator-parbriz-audi-a4-b5-8d2-1-8-t-quattro-benzina-150-cai-maxgear-50-0078\/\" \/>\n<meta property=\"og:site_name\" content=\"AUDI\" \/>\n<meta property=\"og:image\" content=\"https:\/\/autorival.ro\/audi\/wp-content\/uploads\/sites\/18\/2025\/07\/5901619502259_large.jpg\" \/>\n\t<meta property=\"og:image:width\" content=\"600\" \/>\n\t<meta property=\"og:image:height\" content=\"400\" \/>\n\t<meta property=\"og:image:type\" content=\"image\/jpeg\" \/>\n<meta name=\"twitter:card\" content=\"summary_large_image\" \/>\n<meta name=\"twitter:title\" content=\"Legaturi stergator parbriz AUDI A4 B5 (8D2) 1.8 T quattro benzina 150 cai MAXGEAR 50-0078 AUDI | MAXGEAR - Autorival\" \/>\n<meta name=\"twitter:description\" content=\"\u26a1 Legaturi stergator parbriz AUDI A4 B5 (8D2) 1.8 T quattro benzina 150 cai MAXGEAR 50-0078 pentru AUDI la doar 151.2 RON. \u2713 Cod: 50-0078 \u2713 Brand: MAXGEAR \u2713 \u00cen stoc \u2713 Livrare 24h \u2713 Garan\u021bie!\" \/>\n<script type=\"application\/ld+json\" class=\"yoast-schema-graph\">{\"@context\":\"https:\\\/\\\/schema.org\",\"@graph\":[{\"@type\":\"WebPage\",\"@id\":\"https:\\\/\\\/autorival.ro\\\/audi\\\/product\\\/legaturi-stergator-parbriz-audi-a4-b5-8d2-1-8-t-quattro-benzina-150-cai-maxgear-50-0078\\\/\",\"url\":\"https:\\\/\\\/autorival.ro\\\/audi\\\/product\\\/legaturi-stergator-parbriz-audi-a4-b5-8d2-1-8-t-quattro-benzina-150-cai-maxgear-50-0078\\\/\",\"name\":\"Legaturi stergator parbriz AUDI A4 B5 (8D2) 1.8 T quattro benzina 150 cai MAXGEAR 50-0078 AUDI | MAXGEAR - Autorival\",\"isPartOf\":{\"@id\":\"https:\\\/\\\/autorival.ro\\\/audi\\\/#website\"},\"primaryImageOfPage\":{\"@id\":\"https:\\\/\\\/autorival.ro\\\/audi\\\/product\\\/legaturi-stergator-parbriz-audi-a4-b5-8d2-1-8-t-quattro-benzina-150-cai-maxgear-50-0078\\\/#primaryimage\"},\"image\":{\"@id\":\"https:\\\/\\\/autorival.ro\\\/audi\\\/product\\\/legaturi-stergator-parbriz-audi-a4-b5-8d2-1-8-t-quattro-benzina-150-cai-maxgear-50-0078\\\/#primaryimage\"},\"thumbnailUrl\":\"https:\\\/\\\/autorival.ro\\\/audi\\\/wp-content\\\/uploads\\\/sites\\\/18\\\/2025\\\/07\\\/5901619502259_large.jpg\",\"datePublished\":\"2025-07-13T01:30:35+00:00\",\"description\":\"\u26a1 Legaturi stergator parbriz AUDI A4 B5 (8D2) 1.8 T quattro benzina 150 cai MAXGEAR 50-0078 pentru AUDI la doar 151.2 RON. \u2713 Cod: 50-0078 \u2713 Brand: MAXGEAR \u2713 \u00cen stoc \u2713 Livrare 24h \u2713 Garan\u021bie!\",\"breadcrumb\":{\"@id\":\"https:\\\/\\\/autorival.ro\\\/audi\\\/product\\\/legaturi-stergator-parbriz-audi-a4-b5-8d2-1-8-t-quattro-benzina-150-cai-maxgear-50-0078\\\/#breadcrumb\"},\"inLanguage\":\"en-US\",\"potentialAction\":[{\"@type\":\"ReadAction\",\"target\":[\"https:\\\/\\\/autorival.ro\\\/audi\\\/product\\\/legaturi-stergator-parbriz-audi-a4-b5-8d2-1-8-t-quattro-benzina-150-cai-maxgear-50-0078\\\/\"]}]},{\"@type\":\"ImageObject\",\"inLanguage\":\"en-US\",\"@id\":\"https:\\\/\\\/autorival.ro\\\/audi\\\/product\\\/legaturi-stergator-parbriz-audi-a4-b5-8d2-1-8-t-quattro-benzina-150-cai-maxgear-50-0078\\\/#primaryimage\",\"url\":\"https:\\\/\\\/autorival.ro\\\/audi\\\/wp-content\\\/uploads\\\/sites\\\/18\\\/2025\\\/07\\\/5901619502259_large.jpg\",\"contentUrl\":\"https:\\\/\\\/autorival.ro\\\/audi\\\/wp-content\\\/uploads\\\/sites\\\/18\\\/2025\\\/07\\\/5901619502259_large.jpg\",\"width\":600,\"height\":400},{\"@type\":\"BreadcrumbList\",\"@id\":\"https:\\\/\\\/autorival.ro\\\/audi\\\/product\\\/legaturi-stergator-parbriz-audi-a4-b5-8d2-1-8-t-quattro-benzina-150-cai-maxgear-50-0078\\\/#breadcrumb\",\"itemListElement\":[{\"@type\":\"ListItem\",\"position\":1,\"name\":\"Prima pagin\u0103\",\"item\":\"https:\\\/\\\/autorival.ro\\\/audi\\\/\"},{\"@type\":\"ListItem\",\"position\":2,\"name\":\"Piese auto AUDI\",\"item\":\"https:\\\/\\\/autorival.ro\\\/audi\\\/\"},{\"@type\":\"ListItem\",\"position\":3,\"name\":\"Legaturi stergator parbriz AUDI A4 B5 (8D2) 1.8 T quattro benzina 150 cai MAXGEAR 50-0078\"}]},{\"@type\":\"WebSite\",\"@id\":\"https:\\\/\\\/autorival.ro\\\/audi\\\/#website\",\"url\":\"https:\\\/\\\/autorival.ro\\\/audi\\\/\",\"name\":\"AUDI\",\"description\":\"\",\"potentialAction\":[{\"@type\":\"SearchAction\",\"target\":{\"@type\":\"EntryPoint\",\"urlTemplate\":\"https:\\\/\\\/autorival.ro\\\/audi\\\/?s={search_term_string}\"},\"query-input\":{\"@type\":\"PropertyValueSpecification\",\"valueRequired\":true,\"valueName\":\"search_term_string\"}}],\"inLanguage\":\"en-US\"}]}<\/script>\n<!-- \/ Yoast SEO plugin. -->","yoast_head_json":{"title":"Legaturi stergator parbriz AUDI A4 B5 (8D2) 1.8 T quattro benzina 150 cai MAXGEAR 50-0078 AUDI | MAXGEAR - Autorival","description":"\u26a1 Legaturi stergator parbriz AUDI A4 B5 (8D2) 1.8 T quattro benzina 150 cai MAXGEAR 50-0078 pentru AUDI la doar 151.2 RON. \u2713 Cod: 50-0078 \u2713 Brand: MAXGEAR \u2713 \u00cen stoc \u2713 Livrare 24h \u2713 Garan\u021bie!","robots":{"index":"index","follow":"follow","max-snippet":"max-snippet:-1","max-image-preview":"max-image-preview:large","max-video-preview":"max-video-preview:-1"},"og_locale":"en_US","og_type":"article","og_title":"Legaturi stergator parbriz AUDI A4 B5 (8D2) 1.8 T quattro benzina 150 cai MAXGEAR 50-0078 AUDI | MAXGEAR - Autorival","og_description":"\u26a1 Legaturi stergator parbriz AUDI A4 B5 (8D2) 1.8 T quattro benzina 150 cai MAXGEAR 50-0078 pentru AUDI la doar 151.2 RON. \u2713 Cod: 50-0078 \u2713 Brand: MAXGEAR \u2713 \u00cen stoc \u2713 Livrare 24h \u2713 Garan\u021bie!","og_url":"https:\/\/autorival.ro\/audi\/product\/legaturi-stergator-parbriz-audi-a4-b5-8d2-1-8-t-quattro-benzina-150-cai-maxgear-50-0078\/","og_site_name":"AUDI","og_image":[{"width":600,"height":400,"url":"https:\/\/autorival.ro\/audi\/wp-content\/uploads\/sites\/18\/2025\/07\/5901619502259_large.jpg","type":"image\/jpeg"}],"twitter_card":"summary_large_image","twitter_title":"Legaturi stergator parbriz AUDI A4 B5 (8D2) 1.8 T quattro benzina 150 cai MAXGEAR 50-0078 AUDI | MAXGEAR - Autorival","twitter_description":"\u26a1 Legaturi stergator parbriz AUDI A4 B5 (8D2) 1.8 T quattro benzina 150 cai MAXGEAR 50-0078 pentru AUDI la doar 151.2 RON. \u2713 Cod: 50-0078 \u2713 Brand: MAXGEAR \u2713 \u00cen stoc \u2713 Livrare 24h \u2713 Garan\u021bie!","schema":{"@context":"https:\/\/schema.org","@graph":[{"@type":"WebPage","@id":"https:\/\/autorival.ro\/audi\/product\/legaturi-stergator-parbriz-audi-a4-b5-8d2-1-8-t-quattro-benzina-150-cai-maxgear-50-0078\/","url":"https:\/\/autorival.ro\/audi\/product\/legaturi-stergator-parbriz-audi-a4-b5-8d2-1-8-t-quattro-benzina-150-cai-maxgear-50-0078\/","name":"Legaturi stergator parbriz AUDI A4 B5 (8D2) 1.8 T quattro benzina 150 cai MAXGEAR 50-0078 AUDI | MAXGEAR - Autorival","isPartOf":{"@id":"https:\/\/autorival.ro\/audi\/#website"},"primaryImageOfPage":{"@id":"https:\/\/autorival.ro\/audi\/product\/legaturi-stergator-parbriz-audi-a4-b5-8d2-1-8-t-quattro-benzina-150-cai-maxgear-50-0078\/#primaryimage"},"image":{"@id":"https:\/\/autorival.ro\/audi\/product\/legaturi-stergator-parbriz-audi-a4-b5-8d2-1-8-t-quattro-benzina-150-cai-maxgear-50-0078\/#primaryimage"},"thumbnailUrl":"https:\/\/autorival.ro\/audi\/wp-content\/uploads\/sites\/18\/2025\/07\/5901619502259_large.jpg","datePublished":"2025-07-13T01:30:35+00:00","description":"\u26a1 Legaturi stergator parbriz AUDI A4 B5 (8D2) 1.8 T quattro benzina 150 cai MAXGEAR 50-0078 pentru AUDI la doar 151.2 RON. \u2713 Cod: 50-0078 \u2713 Brand: MAXGEAR \u2713 \u00cen stoc \u2713 Livrare 24h \u2713 Garan\u021bie!","breadcrumb":{"@id":"https:\/\/autorival.ro\/audi\/product\/legaturi-stergator-parbriz-audi-a4-b5-8d2-1-8-t-quattro-benzina-150-cai-maxgear-50-0078\/#breadcrumb"},"inLanguage":"en-US","potentialAction":[{"@type":"ReadAction","target":["https:\/\/autorival.ro\/audi\/product\/legaturi-stergator-parbriz-audi-a4-b5-8d2-1-8-t-quattro-benzina-150-cai-maxgear-50-0078\/"]}]},{"@type":"ImageObject","inLanguage":"en-US","@id":"https:\/\/autorival.ro\/audi\/product\/legaturi-stergator-parbriz-audi-a4-b5-8d2-1-8-t-quattro-benzina-150-cai-maxgear-50-0078\/#primaryimage","url":"https:\/\/autorival.ro\/audi\/wp-content\/uploads\/sites\/18\/2025\/07\/5901619502259_large.jpg","contentUrl":"https:\/\/autorival.ro\/audi\/wp-content\/uploads\/sites\/18\/2025\/07\/5901619502259_large.jpg","width":600,"height":400},{"@type":"BreadcrumbList","@id":"https:\/\/autorival.ro\/audi\/product\/legaturi-stergator-parbriz-audi-a4-b5-8d2-1-8-t-quattro-benzina-150-cai-maxgear-50-0078\/#breadcrumb","itemListElement":[{"@type":"ListItem","position":1,"name":"Prima pagin\u0103","item":"https:\/\/autorival.ro\/audi\/"},{"@type":"ListItem","position":2,"name":"Piese auto AUDI","item":"https:\/\/autorival.ro\/audi\/"},{"@type":"ListItem","position":3,"name":"Legaturi stergator parbriz AUDI A4 B5 (8D2) 1.8 T quattro benzina 150 cai MAXGEAR 50-0078"}]},{"@type":"WebSite","@id":"https:\/\/autorival.ro\/audi\/#website","url":"https:\/\/autorival.ro\/audi\/","name":"AUDI","description":"","potentialAction":[{"@type":"SearchAction","target":{"@type":"EntryPoint","urlTemplate":"https:\/\/autorival.ro\/audi\/?s={search_term_string}"},"query-input":{"@type":"PropertyValueSpecification","valueRequired":true,"valueName":"search_term_string"}}],"inLanguage":"en-US"}]}},"_links":{"self":[{"href":"https:\/\/autorival.ro\/audi\/wp-json\/wp\/v2\/product\/1667891","targetHints":{"allow":["GET"]}}],"collection":[{"href":"https:\/\/autorival.ro\/audi\/wp-json\/wp\/v2\/product"}],"about":[{"href":"https:\/\/autorival.ro\/audi\/wp-json\/wp\/v2\/types\/product"}],"replies":[{"embeddable":true,"href":"https:\/\/autorival.ro\/audi\/wp-json\/wp\/v2\/comments?post=1667891"}],"wp:featuredmedia":[{"embeddable":true,"href":"https:\/\/autorival.ro\/audi\/wp-json\/wp\/v2\/media\/1667892"}],"wp:attachment":[{"href":"https:\/\/autorival.ro\/audi\/wp-json\/wp\/v2\/media?parent=1667891"}],"wp:term":[{"taxonomy":"product_brand","embeddable":true,"href":"https:\/\/autorival.ro\/audi\/wp-json\/wp\/v2\/product_brand?post=1667891"},{"taxonomy":"product_cat","embeddable":true,"href":"https:\/\/autorival.ro\/audi\/wp-json\/wp\/v2\/product_cat?post=1667891"},{"taxonomy":"product_tag","embeddable":true,"href":"https:\/\/autorival.ro\/audi\/wp-json\/wp\/v2\/product_tag?post=1667891"}],"curies":[{"name":"wp","href":"https:\/\/api.w.org\/{rel}","templated":true}]}}