{"id":1611361,"date":"2025-07-12T01:30:10","date_gmt":"2025-07-12T01:30:10","guid":{"rendered":"https:\/\/autorival.ro\/audi\/product\/kit-ambreiaj-audi-a4-b5-avant-8d5-1-8-t-quattro-benzina-150-cai-sachs-2290-601-015\/"},"modified":"2025-07-12T01:30:10","modified_gmt":"2025-07-12T01:30:10","slug":"kit-ambreiaj-audi-a4-b5-avant-8d5-1-8-t-quattro-benzina-150-cai-sachs-2290-601-015","status":"publish","type":"product","link":"https:\/\/autorival.ro\/audi\/product\/kit-ambreiaj-audi-a4-b5-avant-8d5-1-8-t-quattro-benzina-150-cai-sachs-2290-601-015\/","title":{"rendered":"Kit ambreiaj AUDI A4 B5 Avant (8D5) 1.8 T quattro benzina 150 cai SACHS 2290 601 015"},"content":{"rendered":"<p>->Diametru [mm]: 228Numar dinti: 23Pentru componente vezi lista acestoraSpecificatii de asamblare: ne premontatArticol extins\/Informatii de extindere: cu placa de presiune ambreiaj, cu volant cu mas\u0103 dubl\u0103, cu \u00c3\u02c6\u00e2\u201e\u00a2uruburi ale volantuluiArticol completare\/Info suplimentar 2: cu disc ambreiaj, cu rulment presiune<\/p>\n","protected":false},"excerpt":{"rendered":"<p>Producator: SACHS Cod producator: 2290 601 015<\/p>\n","protected":false},"featured_media":1611362,"comment_status":"open","ping_status":"closed","template":"","meta":[],"product_brand":[2718],"product_cat":[49675],"product_tag":[55497,55466,55530,55437,55459,56204,55609],"class_list":{"0":"post-1611361","1":"product","2":"type-product","3":"status-publish","4":"has-post-thumbnail","6":"product_brand-sachs","7":"product_cat-kit-ambreiaj-b5-avant-8d5-1-8-t-quattro-benzina-150","8":"product_tag-8d5","9":"product_tag-1-8","10":"product_tag-ambreiaj","11":"product_tag-audi","12":"product_tag-avant","13":"product_tag-kit","14":"product_tag-sachs","16":"first","17":"instock","18":"shipping-taxable","19":"purchasable","20":"product-type-simple"},"yoast_head":"<!-- This site is optimized with the Yoast SEO plugin v27.3 - https:\/\/yoast.com\/product\/yoast-seo-wordpress\/ -->\n<title>Kit ambreiaj AUDI A4 B5 Avant (8D5) 1.8 T quattro benzina 150 cai SACHS 2290 601 015 AUDI | SACHS - Autorival<\/title>\n<meta name=\"description\" content=\"\u26a1 Kit ambreiaj AUDI A4 B5 Avant (8D5) 1.8 T quattro benzina 150 cai SACHS 2290 601 015 pentru AUDI la doar 2060 RON. \u2713 Cod: 2290 \u2713 Brand: SACHS \u2713 \u00cen stoc \u2713 Livrare 24h \u2713 Garan\u021bie!\" \/>\n<meta name=\"robots\" content=\"index, follow, max-snippet:-1, max-image-preview:large, max-video-preview:-1\" \/>\n<meta property=\"og:locale\" content=\"en_US\" \/>\n<meta property=\"og:type\" content=\"article\" \/>\n<meta property=\"og:title\" content=\"Kit ambreiaj AUDI A4 B5 Avant (8D5) 1.8 T quattro benzina 150 cai SACHS 2290 601 015 AUDI | SACHS - Autorival\" \/>\n<meta property=\"og:description\" content=\"\u26a1 Kit ambreiaj AUDI A4 B5 Avant (8D5) 1.8 T quattro benzina 150 cai SACHS 2290 601 015 pentru AUDI la doar 2060 RON. \u2713 Cod: 2290 \u2713 Brand: SACHS \u2713 \u00cen stoc \u2713 Livrare 24h \u2713 Garan\u021bie!\" \/>\n<meta property=\"og:url\" content=\"https:\/\/autorival.ro\/audi\/product\/kit-ambreiaj-audi-a4-b5-avant-8d5-1-8-t-quattro-benzina-150-cai-sachs-2290-601-015\/\" \/>\n<meta property=\"og:site_name\" content=\"AUDI\" \/>\n<meta property=\"og:image\" content=\"https:\/\/autorival.ro\/audi\/wp-content\/uploads\/sites\/18\/2025\/07\/00322290601015-3.jpg\" \/>\n\t<meta property=\"og:image:width\" content=\"1200\" \/>\n\t<meta property=\"og:image:height\" content=\"956\" \/>\n\t<meta property=\"og:image:type\" content=\"image\/jpeg\" \/>\n<meta name=\"twitter:card\" content=\"summary_large_image\" \/>\n<meta name=\"twitter:title\" content=\"Kit ambreiaj AUDI A4 B5 Avant (8D5) 1.8 T quattro benzina 150 cai SACHS 2290 601 015 AUDI | SACHS - Autorival\" \/>\n<meta name=\"twitter:description\" content=\"\u26a1 Kit ambreiaj AUDI A4 B5 Avant (8D5) 1.8 T quattro benzina 150 cai SACHS 2290 601 015 pentru AUDI la doar 2060 RON. \u2713 Cod: 2290 \u2713 Brand: SACHS \u2713 \u00cen stoc \u2713 Livrare 24h \u2713 Garan\u021bie!\" \/>\n<script type=\"application\/ld+json\" class=\"yoast-schema-graph\">{\"@context\":\"https:\\\/\\\/schema.org\",\"@graph\":[{\"@type\":\"WebPage\",\"@id\":\"https:\\\/\\\/autorival.ro\\\/audi\\\/product\\\/kit-ambreiaj-audi-a4-b5-avant-8d5-1-8-t-quattro-benzina-150-cai-sachs-2290-601-015\\\/\",\"url\":\"https:\\\/\\\/autorival.ro\\\/audi\\\/product\\\/kit-ambreiaj-audi-a4-b5-avant-8d5-1-8-t-quattro-benzina-150-cai-sachs-2290-601-015\\\/\",\"name\":\"Kit ambreiaj AUDI A4 B5 Avant (8D5) 1.8 T quattro benzina 150 cai SACHS 2290 601 015 AUDI | SACHS - Autorival\",\"isPartOf\":{\"@id\":\"https:\\\/\\\/autorival.ro\\\/audi\\\/#website\"},\"primaryImageOfPage\":{\"@id\":\"https:\\\/\\\/autorival.ro\\\/audi\\\/product\\\/kit-ambreiaj-audi-a4-b5-avant-8d5-1-8-t-quattro-benzina-150-cai-sachs-2290-601-015\\\/#primaryimage\"},\"image\":{\"@id\":\"https:\\\/\\\/autorival.ro\\\/audi\\\/product\\\/kit-ambreiaj-audi-a4-b5-avant-8d5-1-8-t-quattro-benzina-150-cai-sachs-2290-601-015\\\/#primaryimage\"},\"thumbnailUrl\":\"https:\\\/\\\/autorival.ro\\\/audi\\\/wp-content\\\/uploads\\\/sites\\\/18\\\/2025\\\/07\\\/00322290601015-3.jpg\",\"datePublished\":\"2025-07-12T01:30:10+00:00\",\"description\":\"\u26a1 Kit ambreiaj AUDI A4 B5 Avant (8D5) 1.8 T quattro benzina 150 cai SACHS 2290 601 015 pentru AUDI la doar 2060 RON. \u2713 Cod: 2290 \u2713 Brand: SACHS \u2713 \u00cen stoc \u2713 Livrare 24h \u2713 Garan\u021bie!\",\"breadcrumb\":{\"@id\":\"https:\\\/\\\/autorival.ro\\\/audi\\\/product\\\/kit-ambreiaj-audi-a4-b5-avant-8d5-1-8-t-quattro-benzina-150-cai-sachs-2290-601-015\\\/#breadcrumb\"},\"inLanguage\":\"en-US\",\"potentialAction\":[{\"@type\":\"ReadAction\",\"target\":[\"https:\\\/\\\/autorival.ro\\\/audi\\\/product\\\/kit-ambreiaj-audi-a4-b5-avant-8d5-1-8-t-quattro-benzina-150-cai-sachs-2290-601-015\\\/\"]}]},{\"@type\":\"ImageObject\",\"inLanguage\":\"en-US\",\"@id\":\"https:\\\/\\\/autorival.ro\\\/audi\\\/product\\\/kit-ambreiaj-audi-a4-b5-avant-8d5-1-8-t-quattro-benzina-150-cai-sachs-2290-601-015\\\/#primaryimage\",\"url\":\"https:\\\/\\\/autorival.ro\\\/audi\\\/wp-content\\\/uploads\\\/sites\\\/18\\\/2025\\\/07\\\/00322290601015-3.jpg\",\"contentUrl\":\"https:\\\/\\\/autorival.ro\\\/audi\\\/wp-content\\\/uploads\\\/sites\\\/18\\\/2025\\\/07\\\/00322290601015-3.jpg\",\"width\":1200,\"height\":956},{\"@type\":\"BreadcrumbList\",\"@id\":\"https:\\\/\\\/autorival.ro\\\/audi\\\/product\\\/kit-ambreiaj-audi-a4-b5-avant-8d5-1-8-t-quattro-benzina-150-cai-sachs-2290-601-015\\\/#breadcrumb\",\"itemListElement\":[{\"@type\":\"ListItem\",\"position\":1,\"name\":\"Prima pagin\u0103\",\"item\":\"https:\\\/\\\/autorival.ro\\\/audi\\\/\"},{\"@type\":\"ListItem\",\"position\":2,\"name\":\"Piese auto AUDI\",\"item\":\"https:\\\/\\\/autorival.ro\\\/audi\\\/\"},{\"@type\":\"ListItem\",\"position\":3,\"name\":\"Kit ambreiaj AUDI A4 B5 Avant (8D5) 1.8 T quattro benzina 150 cai SACHS 2290 601 015\"}]},{\"@type\":\"WebSite\",\"@id\":\"https:\\\/\\\/autorival.ro\\\/audi\\\/#website\",\"url\":\"https:\\\/\\\/autorival.ro\\\/audi\\\/\",\"name\":\"AUDI\",\"description\":\"\",\"potentialAction\":[{\"@type\":\"SearchAction\",\"target\":{\"@type\":\"EntryPoint\",\"urlTemplate\":\"https:\\\/\\\/autorival.ro\\\/audi\\\/?s={search_term_string}\"},\"query-input\":{\"@type\":\"PropertyValueSpecification\",\"valueRequired\":true,\"valueName\":\"search_term_string\"}}],\"inLanguage\":\"en-US\"}]}<\/script>\n<!-- \/ Yoast SEO plugin. -->","yoast_head_json":{"title":"Kit ambreiaj AUDI A4 B5 Avant (8D5) 1.8 T quattro benzina 150 cai SACHS 2290 601 015 AUDI | SACHS - Autorival","description":"\u26a1 Kit ambreiaj AUDI A4 B5 Avant (8D5) 1.8 T quattro benzina 150 cai SACHS 2290 601 015 pentru AUDI la doar 2060 RON. \u2713 Cod: 2290 \u2713 Brand: SACHS \u2713 \u00cen stoc \u2713 Livrare 24h \u2713 Garan\u021bie!","robots":{"index":"index","follow":"follow","max-snippet":"max-snippet:-1","max-image-preview":"max-image-preview:large","max-video-preview":"max-video-preview:-1"},"og_locale":"en_US","og_type":"article","og_title":"Kit ambreiaj AUDI A4 B5 Avant (8D5) 1.8 T quattro benzina 150 cai SACHS 2290 601 015 AUDI | SACHS - Autorival","og_description":"\u26a1 Kit ambreiaj AUDI A4 B5 Avant (8D5) 1.8 T quattro benzina 150 cai SACHS 2290 601 015 pentru AUDI la doar 2060 RON. \u2713 Cod: 2290 \u2713 Brand: SACHS \u2713 \u00cen stoc \u2713 Livrare 24h \u2713 Garan\u021bie!","og_url":"https:\/\/autorival.ro\/audi\/product\/kit-ambreiaj-audi-a4-b5-avant-8d5-1-8-t-quattro-benzina-150-cai-sachs-2290-601-015\/","og_site_name":"AUDI","og_image":[{"width":1200,"height":956,"url":"https:\/\/autorival.ro\/audi\/wp-content\/uploads\/sites\/18\/2025\/07\/00322290601015-3.jpg","type":"image\/jpeg"}],"twitter_card":"summary_large_image","twitter_title":"Kit ambreiaj AUDI A4 B5 Avant (8D5) 1.8 T quattro benzina 150 cai SACHS 2290 601 015 AUDI | SACHS - Autorival","twitter_description":"\u26a1 Kit ambreiaj AUDI A4 B5 Avant (8D5) 1.8 T quattro benzina 150 cai SACHS 2290 601 015 pentru AUDI la doar 2060 RON. \u2713 Cod: 2290 \u2713 Brand: SACHS \u2713 \u00cen stoc \u2713 Livrare 24h \u2713 Garan\u021bie!","schema":{"@context":"https:\/\/schema.org","@graph":[{"@type":"WebPage","@id":"https:\/\/autorival.ro\/audi\/product\/kit-ambreiaj-audi-a4-b5-avant-8d5-1-8-t-quattro-benzina-150-cai-sachs-2290-601-015\/","url":"https:\/\/autorival.ro\/audi\/product\/kit-ambreiaj-audi-a4-b5-avant-8d5-1-8-t-quattro-benzina-150-cai-sachs-2290-601-015\/","name":"Kit ambreiaj AUDI A4 B5 Avant (8D5) 1.8 T quattro benzina 150 cai SACHS 2290 601 015 AUDI | SACHS - Autorival","isPartOf":{"@id":"https:\/\/autorival.ro\/audi\/#website"},"primaryImageOfPage":{"@id":"https:\/\/autorival.ro\/audi\/product\/kit-ambreiaj-audi-a4-b5-avant-8d5-1-8-t-quattro-benzina-150-cai-sachs-2290-601-015\/#primaryimage"},"image":{"@id":"https:\/\/autorival.ro\/audi\/product\/kit-ambreiaj-audi-a4-b5-avant-8d5-1-8-t-quattro-benzina-150-cai-sachs-2290-601-015\/#primaryimage"},"thumbnailUrl":"https:\/\/autorival.ro\/audi\/wp-content\/uploads\/sites\/18\/2025\/07\/00322290601015-3.jpg","datePublished":"2025-07-12T01:30:10+00:00","description":"\u26a1 Kit ambreiaj AUDI A4 B5 Avant (8D5) 1.8 T quattro benzina 150 cai SACHS 2290 601 015 pentru AUDI la doar 2060 RON. \u2713 Cod: 2290 \u2713 Brand: SACHS \u2713 \u00cen stoc \u2713 Livrare 24h \u2713 Garan\u021bie!","breadcrumb":{"@id":"https:\/\/autorival.ro\/audi\/product\/kit-ambreiaj-audi-a4-b5-avant-8d5-1-8-t-quattro-benzina-150-cai-sachs-2290-601-015\/#breadcrumb"},"inLanguage":"en-US","potentialAction":[{"@type":"ReadAction","target":["https:\/\/autorival.ro\/audi\/product\/kit-ambreiaj-audi-a4-b5-avant-8d5-1-8-t-quattro-benzina-150-cai-sachs-2290-601-015\/"]}]},{"@type":"ImageObject","inLanguage":"en-US","@id":"https:\/\/autorival.ro\/audi\/product\/kit-ambreiaj-audi-a4-b5-avant-8d5-1-8-t-quattro-benzina-150-cai-sachs-2290-601-015\/#primaryimage","url":"https:\/\/autorival.ro\/audi\/wp-content\/uploads\/sites\/18\/2025\/07\/00322290601015-3.jpg","contentUrl":"https:\/\/autorival.ro\/audi\/wp-content\/uploads\/sites\/18\/2025\/07\/00322290601015-3.jpg","width":1200,"height":956},{"@type":"BreadcrumbList","@id":"https:\/\/autorival.ro\/audi\/product\/kit-ambreiaj-audi-a4-b5-avant-8d5-1-8-t-quattro-benzina-150-cai-sachs-2290-601-015\/#breadcrumb","itemListElement":[{"@type":"ListItem","position":1,"name":"Prima pagin\u0103","item":"https:\/\/autorival.ro\/audi\/"},{"@type":"ListItem","position":2,"name":"Piese auto AUDI","item":"https:\/\/autorival.ro\/audi\/"},{"@type":"ListItem","position":3,"name":"Kit ambreiaj AUDI A4 B5 Avant (8D5) 1.8 T quattro benzina 150 cai SACHS 2290 601 015"}]},{"@type":"WebSite","@id":"https:\/\/autorival.ro\/audi\/#website","url":"https:\/\/autorival.ro\/audi\/","name":"AUDI","description":"","potentialAction":[{"@type":"SearchAction","target":{"@type":"EntryPoint","urlTemplate":"https:\/\/autorival.ro\/audi\/?s={search_term_string}"},"query-input":{"@type":"PropertyValueSpecification","valueRequired":true,"valueName":"search_term_string"}}],"inLanguage":"en-US"}]}},"_links":{"self":[{"href":"https:\/\/autorival.ro\/audi\/wp-json\/wp\/v2\/product\/1611361","targetHints":{"allow":["GET"]}}],"collection":[{"href":"https:\/\/autorival.ro\/audi\/wp-json\/wp\/v2\/product"}],"about":[{"href":"https:\/\/autorival.ro\/audi\/wp-json\/wp\/v2\/types\/product"}],"replies":[{"embeddable":true,"href":"https:\/\/autorival.ro\/audi\/wp-json\/wp\/v2\/comments?post=1611361"}],"wp:featuredmedia":[{"embeddable":true,"href":"https:\/\/autorival.ro\/audi\/wp-json\/wp\/v2\/media\/1611362"}],"wp:attachment":[{"href":"https:\/\/autorival.ro\/audi\/wp-json\/wp\/v2\/media?parent=1611361"}],"wp:term":[{"taxonomy":"product_brand","embeddable":true,"href":"https:\/\/autorival.ro\/audi\/wp-json\/wp\/v2\/product_brand?post=1611361"},{"taxonomy":"product_cat","embeddable":true,"href":"https:\/\/autorival.ro\/audi\/wp-json\/wp\/v2\/product_cat?post=1611361"},{"taxonomy":"product_tag","embeddable":true,"href":"https:\/\/autorival.ro\/audi\/wp-json\/wp\/v2\/product_tag?post=1611361"}],"curies":[{"name":"wp","href":"https:\/\/api.w.org\/{rel}","templated":true}]}}