{"id":1564589,"date":"2025-07-11T08:09:00","date_gmt":"2025-07-11T08:09:00","guid":{"rendered":"https:\/\/autorival.ro\/audi\/product\/incuietoare-usa-audi-a3-limousine-8vs-8vm-1-2-tfsi-benzina-105-cai-bugiad-bdl14053\/"},"modified":"2025-07-11T08:09:00","modified_gmt":"2025-07-11T08:09:00","slug":"incuietoare-usa-audi-a3-limousine-8vs-8vm-1-2-tfsi-benzina-105-cai-bugiad-bdl14053","status":"publish","type":"product","link":"https:\/\/autorival.ro\/audi\/product\/incuietoare-usa-audi-a3-limousine-8vs-8vm-1-2-tfsi-benzina-105-cai-bugiad-bdl14053\/","title":{"rendered":"Incuietoare usa AUDI A3 Limousine (8VS, 8VM) 1.2 TFSI benzina 105 cai BUGIAD BDL14053"},"content":{"rendered":"<p>pt. cod original (OE): 4G0839016ESistem de \u00eenchidere: cu inchidere centralizataNum\u0103rul conexiunilor cu muf\u0103: 8Numar articol par: BDL14052Partea de montare: spate dreapta<\/p>\n","protected":false},"excerpt":{"rendered":"<p>Producator: BUGIAD Cod producator: BDL14053<\/p>\n","protected":false},"featured_media":1564590,"comment_status":"open","ping_status":"closed","template":"","meta":[],"product_brand":[7354],"product_cat":[47111],"product_tag":[55437,56172,55769,56169,55475,55444,56171],"class_list":{"0":"post-1564589","1":"product","2":"type-product","3":"status-publish","4":"has-post-thumbnail","6":"product_brand-bugiad","7":"product_cat-incuietoare-usa-limousine-8vs-8vm-1-2-tfsi-benzina-105","8":"product_tag-audi","9":"product_tag-bdl","10":"product_tag-bugiad","11":"product_tag-incuietoare","12":"product_tag-limousine","13":"product_tag-tfsi","14":"product_tag-usa","16":"first","17":"instock","18":"shipping-taxable","19":"purchasable","20":"product-type-simple"},"yoast_head":"<!-- This site is optimized with the Yoast SEO plugin v27.3 - https:\/\/yoast.com\/product\/yoast-seo-wordpress\/ -->\n<title>Incuietoare usa AUDI A3 Limousine (8VS, 8VM) 1.2 TFSI benzina 105 cai BUGIAD BDL14053 AUDI | BUGIAD - Autorival<\/title>\n<meta name=\"description\" content=\"\u26a1 Incuietoare usa AUDI A3 Limousine (8VS, 8VM) 1.2 TFSI benzina 105 cai BUGIAD BDL14053 pentru AUDI la doar 516.6 RON. \u2713 Cod: BDL14053 \u2713 Brand: BUGIAD \u2713 \u00cen stoc \u2713 Livrare 24h \u2713 Garan\u021bie!\" \/>\n<meta name=\"robots\" content=\"index, follow, max-snippet:-1, max-image-preview:large, max-video-preview:-1\" \/>\n<meta property=\"og:locale\" content=\"en_US\" \/>\n<meta property=\"og:type\" content=\"article\" \/>\n<meta property=\"og:title\" content=\"Incuietoare usa AUDI A3 Limousine (8VS, 8VM) 1.2 TFSI benzina 105 cai BUGIAD BDL14053 AUDI | BUGIAD - Autorival\" \/>\n<meta property=\"og:description\" content=\"\u26a1 Incuietoare usa AUDI A3 Limousine (8VS, 8VM) 1.2 TFSI benzina 105 cai BUGIAD BDL14053 pentru AUDI la doar 516.6 RON. \u2713 Cod: BDL14053 \u2713 Brand: BUGIAD \u2713 \u00cen stoc \u2713 Livrare 24h \u2713 Garan\u021bie!\" \/>\n<meta property=\"og:url\" content=\"https:\/\/autorival.ro\/audi\/product\/incuietoare-usa-audi-a3-limousine-8vs-8vm-1-2-tfsi-benzina-105-cai-bugiad-bdl14053\/\" \/>\n<meta property=\"og:site_name\" content=\"AUDI\" \/>\n<meta property=\"og:image\" content=\"https:\/\/autorival.ro\/audi\/wp-content\/uploads\/sites\/18\/2025\/07\/bdl14053-1.jpg\" \/>\n\t<meta property=\"og:image:width\" content=\"600\" \/>\n\t<meta property=\"og:image:height\" content=\"400\" \/>\n\t<meta property=\"og:image:type\" content=\"image\/jpeg\" \/>\n<meta name=\"twitter:card\" content=\"summary_large_image\" \/>\n<meta name=\"twitter:title\" content=\"Incuietoare usa AUDI A3 Limousine (8VS, 8VM) 1.2 TFSI benzina 105 cai BUGIAD BDL14053 AUDI | BUGIAD - Autorival\" \/>\n<meta name=\"twitter:description\" content=\"\u26a1 Incuietoare usa AUDI A3 Limousine (8VS, 8VM) 1.2 TFSI benzina 105 cai BUGIAD BDL14053 pentru AUDI la doar 516.6 RON. \u2713 Cod: BDL14053 \u2713 Brand: BUGIAD \u2713 \u00cen stoc \u2713 Livrare 24h \u2713 Garan\u021bie!\" \/>\n<script type=\"application\/ld+json\" class=\"yoast-schema-graph\">{\"@context\":\"https:\\\/\\\/schema.org\",\"@graph\":[{\"@type\":\"WebPage\",\"@id\":\"https:\\\/\\\/autorival.ro\\\/audi\\\/product\\\/incuietoare-usa-audi-a3-limousine-8vs-8vm-1-2-tfsi-benzina-105-cai-bugiad-bdl14053\\\/\",\"url\":\"https:\\\/\\\/autorival.ro\\\/audi\\\/product\\\/incuietoare-usa-audi-a3-limousine-8vs-8vm-1-2-tfsi-benzina-105-cai-bugiad-bdl14053\\\/\",\"name\":\"Incuietoare usa AUDI A3 Limousine (8VS, 8VM) 1.2 TFSI benzina 105 cai BUGIAD BDL14053 AUDI | BUGIAD - Autorival\",\"isPartOf\":{\"@id\":\"https:\\\/\\\/autorival.ro\\\/audi\\\/#website\"},\"primaryImageOfPage\":{\"@id\":\"https:\\\/\\\/autorival.ro\\\/audi\\\/product\\\/incuietoare-usa-audi-a3-limousine-8vs-8vm-1-2-tfsi-benzina-105-cai-bugiad-bdl14053\\\/#primaryimage\"},\"image\":{\"@id\":\"https:\\\/\\\/autorival.ro\\\/audi\\\/product\\\/incuietoare-usa-audi-a3-limousine-8vs-8vm-1-2-tfsi-benzina-105-cai-bugiad-bdl14053\\\/#primaryimage\"},\"thumbnailUrl\":\"https:\\\/\\\/autorival.ro\\\/audi\\\/wp-content\\\/uploads\\\/sites\\\/18\\\/2025\\\/07\\\/bdl14053-1.jpg\",\"datePublished\":\"2025-07-11T08:09:00+00:00\",\"description\":\"\u26a1 Incuietoare usa AUDI A3 Limousine (8VS, 8VM) 1.2 TFSI benzina 105 cai BUGIAD BDL14053 pentru AUDI la doar 516.6 RON. \u2713 Cod: BDL14053 \u2713 Brand: BUGIAD \u2713 \u00cen stoc \u2713 Livrare 24h \u2713 Garan\u021bie!\",\"breadcrumb\":{\"@id\":\"https:\\\/\\\/autorival.ro\\\/audi\\\/product\\\/incuietoare-usa-audi-a3-limousine-8vs-8vm-1-2-tfsi-benzina-105-cai-bugiad-bdl14053\\\/#breadcrumb\"},\"inLanguage\":\"en-US\",\"potentialAction\":[{\"@type\":\"ReadAction\",\"target\":[\"https:\\\/\\\/autorival.ro\\\/audi\\\/product\\\/incuietoare-usa-audi-a3-limousine-8vs-8vm-1-2-tfsi-benzina-105-cai-bugiad-bdl14053\\\/\"]}]},{\"@type\":\"ImageObject\",\"inLanguage\":\"en-US\",\"@id\":\"https:\\\/\\\/autorival.ro\\\/audi\\\/product\\\/incuietoare-usa-audi-a3-limousine-8vs-8vm-1-2-tfsi-benzina-105-cai-bugiad-bdl14053\\\/#primaryimage\",\"url\":\"https:\\\/\\\/autorival.ro\\\/audi\\\/wp-content\\\/uploads\\\/sites\\\/18\\\/2025\\\/07\\\/bdl14053-1.jpg\",\"contentUrl\":\"https:\\\/\\\/autorival.ro\\\/audi\\\/wp-content\\\/uploads\\\/sites\\\/18\\\/2025\\\/07\\\/bdl14053-1.jpg\",\"width\":600,\"height\":400},{\"@type\":\"BreadcrumbList\",\"@id\":\"https:\\\/\\\/autorival.ro\\\/audi\\\/product\\\/incuietoare-usa-audi-a3-limousine-8vs-8vm-1-2-tfsi-benzina-105-cai-bugiad-bdl14053\\\/#breadcrumb\",\"itemListElement\":[{\"@type\":\"ListItem\",\"position\":1,\"name\":\"Prima pagin\u0103\",\"item\":\"https:\\\/\\\/autorival.ro\\\/audi\\\/\"},{\"@type\":\"ListItem\",\"position\":2,\"name\":\"Piese auto AUDI\",\"item\":\"https:\\\/\\\/autorival.ro\\\/audi\\\/\"},{\"@type\":\"ListItem\",\"position\":3,\"name\":\"Incuietoare usa AUDI A3 Limousine (8VS, 8VM) 1.2 TFSI benzina 105 cai BUGIAD BDL14053\"}]},{\"@type\":\"WebSite\",\"@id\":\"https:\\\/\\\/autorival.ro\\\/audi\\\/#website\",\"url\":\"https:\\\/\\\/autorival.ro\\\/audi\\\/\",\"name\":\"AUDI\",\"description\":\"\",\"potentialAction\":[{\"@type\":\"SearchAction\",\"target\":{\"@type\":\"EntryPoint\",\"urlTemplate\":\"https:\\\/\\\/autorival.ro\\\/audi\\\/?s={search_term_string}\"},\"query-input\":{\"@type\":\"PropertyValueSpecification\",\"valueRequired\":true,\"valueName\":\"search_term_string\"}}],\"inLanguage\":\"en-US\"}]}<\/script>\n<!-- \/ Yoast SEO plugin. -->","yoast_head_json":{"title":"Incuietoare usa AUDI A3 Limousine (8VS, 8VM) 1.2 TFSI benzina 105 cai BUGIAD BDL14053 AUDI | BUGIAD - Autorival","description":"\u26a1 Incuietoare usa AUDI A3 Limousine (8VS, 8VM) 1.2 TFSI benzina 105 cai BUGIAD BDL14053 pentru AUDI la doar 516.6 RON. \u2713 Cod: BDL14053 \u2713 Brand: BUGIAD \u2713 \u00cen stoc \u2713 Livrare 24h \u2713 Garan\u021bie!","robots":{"index":"index","follow":"follow","max-snippet":"max-snippet:-1","max-image-preview":"max-image-preview:large","max-video-preview":"max-video-preview:-1"},"og_locale":"en_US","og_type":"article","og_title":"Incuietoare usa AUDI A3 Limousine (8VS, 8VM) 1.2 TFSI benzina 105 cai BUGIAD BDL14053 AUDI | BUGIAD - Autorival","og_description":"\u26a1 Incuietoare usa AUDI A3 Limousine (8VS, 8VM) 1.2 TFSI benzina 105 cai BUGIAD BDL14053 pentru AUDI la doar 516.6 RON. \u2713 Cod: BDL14053 \u2713 Brand: BUGIAD \u2713 \u00cen stoc \u2713 Livrare 24h \u2713 Garan\u021bie!","og_url":"https:\/\/autorival.ro\/audi\/product\/incuietoare-usa-audi-a3-limousine-8vs-8vm-1-2-tfsi-benzina-105-cai-bugiad-bdl14053\/","og_site_name":"AUDI","og_image":[{"width":600,"height":400,"url":"https:\/\/autorival.ro\/audi\/wp-content\/uploads\/sites\/18\/2025\/07\/bdl14053-1.jpg","type":"image\/jpeg"}],"twitter_card":"summary_large_image","twitter_title":"Incuietoare usa AUDI A3 Limousine (8VS, 8VM) 1.2 TFSI benzina 105 cai BUGIAD BDL14053 AUDI | BUGIAD - Autorival","twitter_description":"\u26a1 Incuietoare usa AUDI A3 Limousine (8VS, 8VM) 1.2 TFSI benzina 105 cai BUGIAD BDL14053 pentru AUDI la doar 516.6 RON. \u2713 Cod: BDL14053 \u2713 Brand: BUGIAD \u2713 \u00cen stoc \u2713 Livrare 24h \u2713 Garan\u021bie!","schema":{"@context":"https:\/\/schema.org","@graph":[{"@type":"WebPage","@id":"https:\/\/autorival.ro\/audi\/product\/incuietoare-usa-audi-a3-limousine-8vs-8vm-1-2-tfsi-benzina-105-cai-bugiad-bdl14053\/","url":"https:\/\/autorival.ro\/audi\/product\/incuietoare-usa-audi-a3-limousine-8vs-8vm-1-2-tfsi-benzina-105-cai-bugiad-bdl14053\/","name":"Incuietoare usa AUDI A3 Limousine (8VS, 8VM) 1.2 TFSI benzina 105 cai BUGIAD BDL14053 AUDI | BUGIAD - Autorival","isPartOf":{"@id":"https:\/\/autorival.ro\/audi\/#website"},"primaryImageOfPage":{"@id":"https:\/\/autorival.ro\/audi\/product\/incuietoare-usa-audi-a3-limousine-8vs-8vm-1-2-tfsi-benzina-105-cai-bugiad-bdl14053\/#primaryimage"},"image":{"@id":"https:\/\/autorival.ro\/audi\/product\/incuietoare-usa-audi-a3-limousine-8vs-8vm-1-2-tfsi-benzina-105-cai-bugiad-bdl14053\/#primaryimage"},"thumbnailUrl":"https:\/\/autorival.ro\/audi\/wp-content\/uploads\/sites\/18\/2025\/07\/bdl14053-1.jpg","datePublished":"2025-07-11T08:09:00+00:00","description":"\u26a1 Incuietoare usa AUDI A3 Limousine (8VS, 8VM) 1.2 TFSI benzina 105 cai BUGIAD BDL14053 pentru AUDI la doar 516.6 RON. \u2713 Cod: BDL14053 \u2713 Brand: BUGIAD \u2713 \u00cen stoc \u2713 Livrare 24h \u2713 Garan\u021bie!","breadcrumb":{"@id":"https:\/\/autorival.ro\/audi\/product\/incuietoare-usa-audi-a3-limousine-8vs-8vm-1-2-tfsi-benzina-105-cai-bugiad-bdl14053\/#breadcrumb"},"inLanguage":"en-US","potentialAction":[{"@type":"ReadAction","target":["https:\/\/autorival.ro\/audi\/product\/incuietoare-usa-audi-a3-limousine-8vs-8vm-1-2-tfsi-benzina-105-cai-bugiad-bdl14053\/"]}]},{"@type":"ImageObject","inLanguage":"en-US","@id":"https:\/\/autorival.ro\/audi\/product\/incuietoare-usa-audi-a3-limousine-8vs-8vm-1-2-tfsi-benzina-105-cai-bugiad-bdl14053\/#primaryimage","url":"https:\/\/autorival.ro\/audi\/wp-content\/uploads\/sites\/18\/2025\/07\/bdl14053-1.jpg","contentUrl":"https:\/\/autorival.ro\/audi\/wp-content\/uploads\/sites\/18\/2025\/07\/bdl14053-1.jpg","width":600,"height":400},{"@type":"BreadcrumbList","@id":"https:\/\/autorival.ro\/audi\/product\/incuietoare-usa-audi-a3-limousine-8vs-8vm-1-2-tfsi-benzina-105-cai-bugiad-bdl14053\/#breadcrumb","itemListElement":[{"@type":"ListItem","position":1,"name":"Prima pagin\u0103","item":"https:\/\/autorival.ro\/audi\/"},{"@type":"ListItem","position":2,"name":"Piese auto AUDI","item":"https:\/\/autorival.ro\/audi\/"},{"@type":"ListItem","position":3,"name":"Incuietoare usa AUDI A3 Limousine (8VS, 8VM) 1.2 TFSI benzina 105 cai BUGIAD BDL14053"}]},{"@type":"WebSite","@id":"https:\/\/autorival.ro\/audi\/#website","url":"https:\/\/autorival.ro\/audi\/","name":"AUDI","description":"","potentialAction":[{"@type":"SearchAction","target":{"@type":"EntryPoint","urlTemplate":"https:\/\/autorival.ro\/audi\/?s={search_term_string}"},"query-input":{"@type":"PropertyValueSpecification","valueRequired":true,"valueName":"search_term_string"}}],"inLanguage":"en-US"}]}},"_links":{"self":[{"href":"https:\/\/autorival.ro\/audi\/wp-json\/wp\/v2\/product\/1564589","targetHints":{"allow":["GET"]}}],"collection":[{"href":"https:\/\/autorival.ro\/audi\/wp-json\/wp\/v2\/product"}],"about":[{"href":"https:\/\/autorival.ro\/audi\/wp-json\/wp\/v2\/types\/product"}],"replies":[{"embeddable":true,"href":"https:\/\/autorival.ro\/audi\/wp-json\/wp\/v2\/comments?post=1564589"}],"wp:featuredmedia":[{"embeddable":true,"href":"https:\/\/autorival.ro\/audi\/wp-json\/wp\/v2\/media\/1564590"}],"wp:attachment":[{"href":"https:\/\/autorival.ro\/audi\/wp-json\/wp\/v2\/media?parent=1564589"}],"wp:term":[{"taxonomy":"product_brand","embeddable":true,"href":"https:\/\/autorival.ro\/audi\/wp-json\/wp\/v2\/product_brand?post=1564589"},{"taxonomy":"product_cat","embeddable":true,"href":"https:\/\/autorival.ro\/audi\/wp-json\/wp\/v2\/product_cat?post=1564589"},{"taxonomy":"product_tag","embeddable":true,"href":"https:\/\/autorival.ro\/audi\/wp-json\/wp\/v2\/product_tag?post=1564589"}],"curies":[{"name":"wp","href":"https:\/\/api.w.org\/{rel}","templated":true}]}}