{"id":1563632,"date":"2025-07-11T07:48:27","date_gmt":"2025-07-11T07:48:27","guid":{"rendered":"https:\/\/autorival.ro\/audi\/product\/incuietoare-usa-audi-a3-cabriolet-8p7-1-9-tdi-diesel-105-cai-maxgear-28-0458\/"},"modified":"2025-07-11T07:48:27","modified_gmt":"2025-07-11T07:48:27","slug":"incuietoare-usa-audi-a3-cabriolet-8p7-1-9-tdi-diesel-105-cai-maxgear-28-0458","status":"publish","type":"product","link":"https:\/\/autorival.ro\/audi\/product\/incuietoare-usa-audi-a3-cabriolet-8p7-1-9-tdi-diesel-105-cai-maxgear-28-0458\/","title":{"rendered":"Incuietoare usa AUDI A3 Cabriolet (8P7) 1.9 TDI diesel 105 cai MAXGEAR 28-0458"},"content":{"rendered":"<p>Partea de montare: spate dreaptaSistem de \u00eenchidere: cu inchidere centralizataNum\u0103rul conexiunilor cu muf\u0103: 7<\/p>\n","protected":false},"excerpt":{"rendered":"<p>Producator: MAXGEAR Cod producator: 28-0458<\/p>\n","protected":false},"featured_media":0,"comment_status":"open","ping_status":"closed","template":"","meta":[],"product_brand":[50],"product_cat":[47083],"product_tag":[55472,55437,55471,56169,55526,55446,56171],"class_list":{"0":"post-1563632","1":"product","2":"type-product","3":"status-publish","5":"product_brand-maxgear","6":"product_cat-incuietoare-usa-cabriolet-8p7-1-9-tdi-diesel-105","7":"product_tag-8p7","8":"product_tag-audi","9":"product_tag-cabriolet","10":"product_tag-incuietoare","11":"product_tag-maxgear","12":"product_tag-tdi","13":"product_tag-usa","15":"first","16":"instock","17":"shipping-taxable","18":"purchasable","19":"product-type-simple"},"yoast_head":"<!-- This site is optimized with the Yoast SEO plugin v27.3 - https:\/\/yoast.com\/product\/yoast-seo-wordpress\/ -->\n<title>Incuietoare usa AUDI A3 Cabriolet (8P7) 1.9 TDI diesel 105 cai MAXGEAR 28-0458 AUDI | MAXGEAR - Autorival<\/title>\n<meta name=\"description\" content=\"\u26a1 Incuietoare usa AUDI A3 Cabriolet (8P7) 1.9 TDI diesel 105 cai MAXGEAR 28-0458 pentru AUDI la doar 258 RON. \u2713 Cod: 28-0458 \u2713 Brand: MAXGEAR \u2713 \u00cen stoc \u2713 Livrare 24h \u2713 Garan\u021bie!\" \/>\n<meta name=\"robots\" content=\"index, follow, max-snippet:-1, max-image-preview:large, max-video-preview:-1\" \/>\n<meta property=\"og:locale\" content=\"en_US\" \/>\n<meta property=\"og:type\" content=\"article\" \/>\n<meta property=\"og:title\" content=\"Incuietoare usa AUDI A3 Cabriolet (8P7) 1.9 TDI diesel 105 cai MAXGEAR 28-0458 AUDI | MAXGEAR - Autorival\" \/>\n<meta property=\"og:description\" content=\"\u26a1 Incuietoare usa AUDI A3 Cabriolet (8P7) 1.9 TDI diesel 105 cai MAXGEAR 28-0458 pentru AUDI la doar 258 RON. \u2713 Cod: 28-0458 \u2713 Brand: MAXGEAR \u2713 \u00cen stoc \u2713 Livrare 24h \u2713 Garan\u021bie!\" \/>\n<meta property=\"og:url\" content=\"https:\/\/autorival.ro\/audi\/product\/incuietoare-usa-audi-a3-cabriolet-8p7-1-9-tdi-diesel-105-cai-maxgear-28-0458\/\" \/>\n<meta property=\"og:site_name\" content=\"AUDI\" \/>\n<meta name=\"twitter:card\" content=\"summary_large_image\" \/>\n<meta name=\"twitter:title\" content=\"Incuietoare usa AUDI A3 Cabriolet (8P7) 1.9 TDI diesel 105 cai MAXGEAR 28-0458 AUDI | MAXGEAR - Autorival\" \/>\n<meta name=\"twitter:description\" content=\"\u26a1 Incuietoare usa AUDI A3 Cabriolet (8P7) 1.9 TDI diesel 105 cai MAXGEAR 28-0458 pentru AUDI la doar 258 RON. \u2713 Cod: 28-0458 \u2713 Brand: MAXGEAR \u2713 \u00cen stoc \u2713 Livrare 24h \u2713 Garan\u021bie!\" \/>\n<script type=\"application\/ld+json\" class=\"yoast-schema-graph\">{\"@context\":\"https:\\\/\\\/schema.org\",\"@graph\":[{\"@type\":\"WebPage\",\"@id\":\"https:\\\/\\\/autorival.ro\\\/audi\\\/product\\\/incuietoare-usa-audi-a3-cabriolet-8p7-1-9-tdi-diesel-105-cai-maxgear-28-0458\\\/\",\"url\":\"https:\\\/\\\/autorival.ro\\\/audi\\\/product\\\/incuietoare-usa-audi-a3-cabriolet-8p7-1-9-tdi-diesel-105-cai-maxgear-28-0458\\\/\",\"name\":\"Incuietoare usa AUDI A3 Cabriolet (8P7) 1.9 TDI diesel 105 cai MAXGEAR 28-0458 AUDI | MAXGEAR - Autorival\",\"isPartOf\":{\"@id\":\"https:\\\/\\\/autorival.ro\\\/audi\\\/#website\"},\"datePublished\":\"2025-07-11T07:48:27+00:00\",\"description\":\"\u26a1 Incuietoare usa AUDI A3 Cabriolet (8P7) 1.9 TDI diesel 105 cai MAXGEAR 28-0458 pentru AUDI la doar 258 RON. \u2713 Cod: 28-0458 \u2713 Brand: MAXGEAR \u2713 \u00cen stoc \u2713 Livrare 24h \u2713 Garan\u021bie!\",\"breadcrumb\":{\"@id\":\"https:\\\/\\\/autorival.ro\\\/audi\\\/product\\\/incuietoare-usa-audi-a3-cabriolet-8p7-1-9-tdi-diesel-105-cai-maxgear-28-0458\\\/#breadcrumb\"},\"inLanguage\":\"en-US\",\"potentialAction\":[{\"@type\":\"ReadAction\",\"target\":[\"https:\\\/\\\/autorival.ro\\\/audi\\\/product\\\/incuietoare-usa-audi-a3-cabriolet-8p7-1-9-tdi-diesel-105-cai-maxgear-28-0458\\\/\"]}]},{\"@type\":\"BreadcrumbList\",\"@id\":\"https:\\\/\\\/autorival.ro\\\/audi\\\/product\\\/incuietoare-usa-audi-a3-cabriolet-8p7-1-9-tdi-diesel-105-cai-maxgear-28-0458\\\/#breadcrumb\",\"itemListElement\":[{\"@type\":\"ListItem\",\"position\":1,\"name\":\"Prima pagin\u0103\",\"item\":\"https:\\\/\\\/autorival.ro\\\/audi\\\/\"},{\"@type\":\"ListItem\",\"position\":2,\"name\":\"Piese auto AUDI\",\"item\":\"https:\\\/\\\/autorival.ro\\\/audi\\\/\"},{\"@type\":\"ListItem\",\"position\":3,\"name\":\"Incuietoare usa AUDI A3 Cabriolet (8P7) 1.9 TDI diesel 105 cai MAXGEAR 28-0458\"}]},{\"@type\":\"WebSite\",\"@id\":\"https:\\\/\\\/autorival.ro\\\/audi\\\/#website\",\"url\":\"https:\\\/\\\/autorival.ro\\\/audi\\\/\",\"name\":\"AUDI\",\"description\":\"\",\"potentialAction\":[{\"@type\":\"SearchAction\",\"target\":{\"@type\":\"EntryPoint\",\"urlTemplate\":\"https:\\\/\\\/autorival.ro\\\/audi\\\/?s={search_term_string}\"},\"query-input\":{\"@type\":\"PropertyValueSpecification\",\"valueRequired\":true,\"valueName\":\"search_term_string\"}}],\"inLanguage\":\"en-US\"}]}<\/script>\n<!-- \/ Yoast SEO plugin. -->","yoast_head_json":{"title":"Incuietoare usa AUDI A3 Cabriolet (8P7) 1.9 TDI diesel 105 cai MAXGEAR 28-0458 AUDI | MAXGEAR - Autorival","description":"\u26a1 Incuietoare usa AUDI A3 Cabriolet (8P7) 1.9 TDI diesel 105 cai MAXGEAR 28-0458 pentru AUDI la doar 258 RON. \u2713 Cod: 28-0458 \u2713 Brand: MAXGEAR \u2713 \u00cen stoc \u2713 Livrare 24h \u2713 Garan\u021bie!","robots":{"index":"index","follow":"follow","max-snippet":"max-snippet:-1","max-image-preview":"max-image-preview:large","max-video-preview":"max-video-preview:-1"},"og_locale":"en_US","og_type":"article","og_title":"Incuietoare usa AUDI A3 Cabriolet (8P7) 1.9 TDI diesel 105 cai MAXGEAR 28-0458 AUDI | MAXGEAR - Autorival","og_description":"\u26a1 Incuietoare usa AUDI A3 Cabriolet (8P7) 1.9 TDI diesel 105 cai MAXGEAR 28-0458 pentru AUDI la doar 258 RON. \u2713 Cod: 28-0458 \u2713 Brand: MAXGEAR \u2713 \u00cen stoc \u2713 Livrare 24h \u2713 Garan\u021bie!","og_url":"https:\/\/autorival.ro\/audi\/product\/incuietoare-usa-audi-a3-cabriolet-8p7-1-9-tdi-diesel-105-cai-maxgear-28-0458\/","og_site_name":"AUDI","twitter_card":"summary_large_image","twitter_title":"Incuietoare usa AUDI A3 Cabriolet (8P7) 1.9 TDI diesel 105 cai MAXGEAR 28-0458 AUDI | MAXGEAR - Autorival","twitter_description":"\u26a1 Incuietoare usa AUDI A3 Cabriolet (8P7) 1.9 TDI diesel 105 cai MAXGEAR 28-0458 pentru AUDI la doar 258 RON. \u2713 Cod: 28-0458 \u2713 Brand: MAXGEAR \u2713 \u00cen stoc \u2713 Livrare 24h \u2713 Garan\u021bie!","schema":{"@context":"https:\/\/schema.org","@graph":[{"@type":"WebPage","@id":"https:\/\/autorival.ro\/audi\/product\/incuietoare-usa-audi-a3-cabriolet-8p7-1-9-tdi-diesel-105-cai-maxgear-28-0458\/","url":"https:\/\/autorival.ro\/audi\/product\/incuietoare-usa-audi-a3-cabriolet-8p7-1-9-tdi-diesel-105-cai-maxgear-28-0458\/","name":"Incuietoare usa AUDI A3 Cabriolet (8P7) 1.9 TDI diesel 105 cai MAXGEAR 28-0458 AUDI | MAXGEAR - Autorival","isPartOf":{"@id":"https:\/\/autorival.ro\/audi\/#website"},"datePublished":"2025-07-11T07:48:27+00:00","description":"\u26a1 Incuietoare usa AUDI A3 Cabriolet (8P7) 1.9 TDI diesel 105 cai MAXGEAR 28-0458 pentru AUDI la doar 258 RON. \u2713 Cod: 28-0458 \u2713 Brand: MAXGEAR \u2713 \u00cen stoc \u2713 Livrare 24h \u2713 Garan\u021bie!","breadcrumb":{"@id":"https:\/\/autorival.ro\/audi\/product\/incuietoare-usa-audi-a3-cabriolet-8p7-1-9-tdi-diesel-105-cai-maxgear-28-0458\/#breadcrumb"},"inLanguage":"en-US","potentialAction":[{"@type":"ReadAction","target":["https:\/\/autorival.ro\/audi\/product\/incuietoare-usa-audi-a3-cabriolet-8p7-1-9-tdi-diesel-105-cai-maxgear-28-0458\/"]}]},{"@type":"BreadcrumbList","@id":"https:\/\/autorival.ro\/audi\/product\/incuietoare-usa-audi-a3-cabriolet-8p7-1-9-tdi-diesel-105-cai-maxgear-28-0458\/#breadcrumb","itemListElement":[{"@type":"ListItem","position":1,"name":"Prima pagin\u0103","item":"https:\/\/autorival.ro\/audi\/"},{"@type":"ListItem","position":2,"name":"Piese auto AUDI","item":"https:\/\/autorival.ro\/audi\/"},{"@type":"ListItem","position":3,"name":"Incuietoare usa AUDI A3 Cabriolet (8P7) 1.9 TDI diesel 105 cai MAXGEAR 28-0458"}]},{"@type":"WebSite","@id":"https:\/\/autorival.ro\/audi\/#website","url":"https:\/\/autorival.ro\/audi\/","name":"AUDI","description":"","potentialAction":[{"@type":"SearchAction","target":{"@type":"EntryPoint","urlTemplate":"https:\/\/autorival.ro\/audi\/?s={search_term_string}"},"query-input":{"@type":"PropertyValueSpecification","valueRequired":true,"valueName":"search_term_string"}}],"inLanguage":"en-US"}]}},"_links":{"self":[{"href":"https:\/\/autorival.ro\/audi\/wp-json\/wp\/v2\/product\/1563632","targetHints":{"allow":["GET"]}}],"collection":[{"href":"https:\/\/autorival.ro\/audi\/wp-json\/wp\/v2\/product"}],"about":[{"href":"https:\/\/autorival.ro\/audi\/wp-json\/wp\/v2\/types\/product"}],"replies":[{"embeddable":true,"href":"https:\/\/autorival.ro\/audi\/wp-json\/wp\/v2\/comments?post=1563632"}],"wp:attachment":[{"href":"https:\/\/autorival.ro\/audi\/wp-json\/wp\/v2\/media?parent=1563632"}],"wp:term":[{"taxonomy":"product_brand","embeddable":true,"href":"https:\/\/autorival.ro\/audi\/wp-json\/wp\/v2\/product_brand?post=1563632"},{"taxonomy":"product_cat","embeddable":true,"href":"https:\/\/autorival.ro\/audi\/wp-json\/wp\/v2\/product_cat?post=1563632"},{"taxonomy":"product_tag","embeddable":true,"href":"https:\/\/autorival.ro\/audi\/wp-json\/wp\/v2\/product_tag?post=1563632"}],"curies":[{"name":"wp","href":"https:\/\/api.w.org\/{rel}","templated":true}]}}