{"id":1541088,"date":"2025-07-11T00:09:14","date_gmt":"2025-07-11T00:09:14","guid":{"rendered":"https:\/\/autorival.ro\/audi\/product\/garnitura-piston-etrier-audi-a4-allroad-b8-8kh-2-0-tfsi-quattro-benzina-224-cai-budweg-caliper-189932\/"},"modified":"2025-07-11T00:09:14","modified_gmt":"2025-07-11T00:09:14","slug":"garnitura-piston-etrier-audi-a4-allroad-b8-8kh-2-0-tfsi-quattro-benzina-224-cai-budweg-caliper-189932","status":"publish","type":"product","link":"https:\/\/autorival.ro\/audi\/product\/garnitura-piston-etrier-audi-a4-allroad-b8-8kh-2-0-tfsi-quattro-benzina-224-cai-budweg-caliper-189932\/","title":{"rendered":"Garnitura piston etrier AUDI A4 Allroad B8 (8KH) 2.0 TFSI quattro benzina 224 cai BUDWEG CALIPER 189932"},"content":{"rendered":"<p>Partea de montare: puntea spateEchipament vehicul: pentru vehicule cu fr\u00e2n\u0103 de parcare electric\u0103Sistem de fr\u00e2nare: TRWpentru numar articol: 344354, 344355, 344864, 344865pt. numar PR: 1KW, GP0, GP1, GP2 ->Diametru [mm]: 43<\/p>\n","protected":false},"excerpt":{"rendered":"<p>Producator: BUDWEG CALIPER Cod producator: 189932<\/p>\n","protected":false},"featured_media":1541089,"comment_status":"open","ping_status":"closed","template":"","meta":[],"product_brand":[44839],"product_cat":[45046],"product_tag":[55437,56146,56147,55731,56114,56145,55444],"class_list":{"0":"post-1541088","1":"product","2":"type-product","3":"status-publish","4":"has-post-thumbnail","6":"product_brand-budweg-caliper","7":"product_cat-garnitura-piston-etrier-allroad-b8-8kh-2-0-tfsi-quattro-benzina-224","8":"product_tag-audi","9":"product_tag-budweg","10":"product_tag-caliper","11":"product_tag-etrier","12":"product_tag-garnitura","13":"product_tag-piston","14":"product_tag-tfsi","16":"first","17":"instock","18":"shipping-taxable","19":"purchasable","20":"product-type-simple"},"yoast_head":"<!-- This site is optimized with the Yoast SEO plugin v27.3 - https:\/\/yoast.com\/product\/yoast-seo-wordpress\/ -->\n<title>Garnitura piston etrier AUDI A4 Allroad B8 (8KH) 2.0 TFSI quattro benzina 224 cai BUDWEG CALIPER 189932 AUDI | BUDWEG - Autorival<\/title>\n<meta name=\"description\" content=\"\u26a1 Garnitura piston etrier AUDI A4 Allroad B8 (8KH) 2.0 TFSI quattro benzina 224 cai BUDWEG CALIPER 189932 pentru AUDI la doar 27 RON. \u2713 Cod: 189932 \u2713 Brand: BUDWEG \u2713 \u00cen stoc \u2713 Livrare 24h \u2713 Garan\u021bie!\" \/>\n<meta name=\"robots\" content=\"index, follow, max-snippet:-1, max-image-preview:large, max-video-preview:-1\" \/>\n<meta property=\"og:locale\" content=\"en_US\" \/>\n<meta property=\"og:type\" content=\"article\" \/>\n<meta property=\"og:title\" content=\"Garnitura piston etrier AUDI A4 Allroad B8 (8KH) 2.0 TFSI quattro benzina 224 cai BUDWEG CALIPER 189932 AUDI | BUDWEG - Autorival\" \/>\n<meta property=\"og:description\" content=\"\u26a1 Garnitura piston etrier AUDI A4 Allroad B8 (8KH) 2.0 TFSI quattro benzina 224 cai BUDWEG CALIPER 189932 pentru AUDI la doar 27 RON. \u2713 Cod: 189932 \u2713 Brand: BUDWEG \u2713 \u00cen stoc \u2713 Livrare 24h \u2713 Garan\u021bie!\" \/>\n<meta property=\"og:url\" content=\"https:\/\/autorival.ro\/audi\/product\/garnitura-piston-etrier-audi-a4-allroad-b8-8kh-2-0-tfsi-quattro-benzina-224-cai-budweg-caliper-189932\/\" \/>\n<meta property=\"og:site_name\" content=\"AUDI\" \/>\n<meta property=\"og:image\" content=\"https:\/\/autorival.ro\/audi\/wp-content\/uploads\/sites\/18\/2025\/07\/189932-6.jpg\" \/>\n\t<meta property=\"og:image:width\" content=\"473\" \/>\n\t<meta property=\"og:image:height\" content=\"400\" \/>\n\t<meta property=\"og:image:type\" content=\"image\/jpeg\" \/>\n<meta name=\"twitter:card\" content=\"summary_large_image\" \/>\n<meta name=\"twitter:title\" content=\"Garnitura piston etrier AUDI A4 Allroad B8 (8KH) 2.0 TFSI quattro benzina 224 cai BUDWEG CALIPER 189932 AUDI | BUDWEG - Autorival\" \/>\n<meta name=\"twitter:description\" content=\"\u26a1 Garnitura piston etrier AUDI A4 Allroad B8 (8KH) 2.0 TFSI quattro benzina 224 cai BUDWEG CALIPER 189932 pentru AUDI la doar 27 RON. \u2713 Cod: 189932 \u2713 Brand: BUDWEG \u2713 \u00cen stoc \u2713 Livrare 24h \u2713 Garan\u021bie!\" \/>\n<script type=\"application\/ld+json\" class=\"yoast-schema-graph\">{\"@context\":\"https:\\\/\\\/schema.org\",\"@graph\":[{\"@type\":\"WebPage\",\"@id\":\"https:\\\/\\\/autorival.ro\\\/audi\\\/product\\\/garnitura-piston-etrier-audi-a4-allroad-b8-8kh-2-0-tfsi-quattro-benzina-224-cai-budweg-caliper-189932\\\/\",\"url\":\"https:\\\/\\\/autorival.ro\\\/audi\\\/product\\\/garnitura-piston-etrier-audi-a4-allroad-b8-8kh-2-0-tfsi-quattro-benzina-224-cai-budweg-caliper-189932\\\/\",\"name\":\"Garnitura piston etrier AUDI A4 Allroad B8 (8KH) 2.0 TFSI quattro benzina 224 cai BUDWEG CALIPER 189932 AUDI | BUDWEG - Autorival\",\"isPartOf\":{\"@id\":\"https:\\\/\\\/autorival.ro\\\/audi\\\/#website\"},\"primaryImageOfPage\":{\"@id\":\"https:\\\/\\\/autorival.ro\\\/audi\\\/product\\\/garnitura-piston-etrier-audi-a4-allroad-b8-8kh-2-0-tfsi-quattro-benzina-224-cai-budweg-caliper-189932\\\/#primaryimage\"},\"image\":{\"@id\":\"https:\\\/\\\/autorival.ro\\\/audi\\\/product\\\/garnitura-piston-etrier-audi-a4-allroad-b8-8kh-2-0-tfsi-quattro-benzina-224-cai-budweg-caliper-189932\\\/#primaryimage\"},\"thumbnailUrl\":\"https:\\\/\\\/autorival.ro\\\/audi\\\/wp-content\\\/uploads\\\/sites\\\/18\\\/2025\\\/07\\\/189932-6.jpg\",\"datePublished\":\"2025-07-11T00:09:14+00:00\",\"description\":\"\u26a1 Garnitura piston etrier AUDI A4 Allroad B8 (8KH) 2.0 TFSI quattro benzina 224 cai BUDWEG CALIPER 189932 pentru AUDI la doar 27 RON. \u2713 Cod: 189932 \u2713 Brand: BUDWEG \u2713 \u00cen stoc \u2713 Livrare 24h \u2713 Garan\u021bie!\",\"breadcrumb\":{\"@id\":\"https:\\\/\\\/autorival.ro\\\/audi\\\/product\\\/garnitura-piston-etrier-audi-a4-allroad-b8-8kh-2-0-tfsi-quattro-benzina-224-cai-budweg-caliper-189932\\\/#breadcrumb\"},\"inLanguage\":\"en-US\",\"potentialAction\":[{\"@type\":\"ReadAction\",\"target\":[\"https:\\\/\\\/autorival.ro\\\/audi\\\/product\\\/garnitura-piston-etrier-audi-a4-allroad-b8-8kh-2-0-tfsi-quattro-benzina-224-cai-budweg-caliper-189932\\\/\"]}]},{\"@type\":\"ImageObject\",\"inLanguage\":\"en-US\",\"@id\":\"https:\\\/\\\/autorival.ro\\\/audi\\\/product\\\/garnitura-piston-etrier-audi-a4-allroad-b8-8kh-2-0-tfsi-quattro-benzina-224-cai-budweg-caliper-189932\\\/#primaryimage\",\"url\":\"https:\\\/\\\/autorival.ro\\\/audi\\\/wp-content\\\/uploads\\\/sites\\\/18\\\/2025\\\/07\\\/189932-6.jpg\",\"contentUrl\":\"https:\\\/\\\/autorival.ro\\\/audi\\\/wp-content\\\/uploads\\\/sites\\\/18\\\/2025\\\/07\\\/189932-6.jpg\",\"width\":473,\"height\":400},{\"@type\":\"BreadcrumbList\",\"@id\":\"https:\\\/\\\/autorival.ro\\\/audi\\\/product\\\/garnitura-piston-etrier-audi-a4-allroad-b8-8kh-2-0-tfsi-quattro-benzina-224-cai-budweg-caliper-189932\\\/#breadcrumb\",\"itemListElement\":[{\"@type\":\"ListItem\",\"position\":1,\"name\":\"Prima pagin\u0103\",\"item\":\"https:\\\/\\\/autorival.ro\\\/audi\\\/\"},{\"@type\":\"ListItem\",\"position\":2,\"name\":\"Piese auto AUDI\",\"item\":\"https:\\\/\\\/autorival.ro\\\/audi\\\/\"},{\"@type\":\"ListItem\",\"position\":3,\"name\":\"Garnitura piston etrier AUDI A4 Allroad B8 (8KH) 2.0 TFSI quattro benzina 224 cai BUDWEG CALIPER 189932\"}]},{\"@type\":\"WebSite\",\"@id\":\"https:\\\/\\\/autorival.ro\\\/audi\\\/#website\",\"url\":\"https:\\\/\\\/autorival.ro\\\/audi\\\/\",\"name\":\"AUDI\",\"description\":\"\",\"potentialAction\":[{\"@type\":\"SearchAction\",\"target\":{\"@type\":\"EntryPoint\",\"urlTemplate\":\"https:\\\/\\\/autorival.ro\\\/audi\\\/?s={search_term_string}\"},\"query-input\":{\"@type\":\"PropertyValueSpecification\",\"valueRequired\":true,\"valueName\":\"search_term_string\"}}],\"inLanguage\":\"en-US\"}]}<\/script>\n<!-- \/ Yoast SEO plugin. -->","yoast_head_json":{"title":"Garnitura piston etrier AUDI A4 Allroad B8 (8KH) 2.0 TFSI quattro benzina 224 cai BUDWEG CALIPER 189932 AUDI | BUDWEG - Autorival","description":"\u26a1 Garnitura piston etrier AUDI A4 Allroad B8 (8KH) 2.0 TFSI quattro benzina 224 cai BUDWEG CALIPER 189932 pentru AUDI la doar 27 RON. \u2713 Cod: 189932 \u2713 Brand: BUDWEG \u2713 \u00cen stoc \u2713 Livrare 24h \u2713 Garan\u021bie!","robots":{"index":"index","follow":"follow","max-snippet":"max-snippet:-1","max-image-preview":"max-image-preview:large","max-video-preview":"max-video-preview:-1"},"og_locale":"en_US","og_type":"article","og_title":"Garnitura piston etrier AUDI A4 Allroad B8 (8KH) 2.0 TFSI quattro benzina 224 cai BUDWEG CALIPER 189932 AUDI | BUDWEG - Autorival","og_description":"\u26a1 Garnitura piston etrier AUDI A4 Allroad B8 (8KH) 2.0 TFSI quattro benzina 224 cai BUDWEG CALIPER 189932 pentru AUDI la doar 27 RON. \u2713 Cod: 189932 \u2713 Brand: BUDWEG \u2713 \u00cen stoc \u2713 Livrare 24h \u2713 Garan\u021bie!","og_url":"https:\/\/autorival.ro\/audi\/product\/garnitura-piston-etrier-audi-a4-allroad-b8-8kh-2-0-tfsi-quattro-benzina-224-cai-budweg-caliper-189932\/","og_site_name":"AUDI","og_image":[{"width":473,"height":400,"url":"https:\/\/autorival.ro\/audi\/wp-content\/uploads\/sites\/18\/2025\/07\/189932-6.jpg","type":"image\/jpeg"}],"twitter_card":"summary_large_image","twitter_title":"Garnitura piston etrier AUDI A4 Allroad B8 (8KH) 2.0 TFSI quattro benzina 224 cai BUDWEG CALIPER 189932 AUDI | BUDWEG - Autorival","twitter_description":"\u26a1 Garnitura piston etrier AUDI A4 Allroad B8 (8KH) 2.0 TFSI quattro benzina 224 cai BUDWEG CALIPER 189932 pentru AUDI la doar 27 RON. \u2713 Cod: 189932 \u2713 Brand: BUDWEG \u2713 \u00cen stoc \u2713 Livrare 24h \u2713 Garan\u021bie!","schema":{"@context":"https:\/\/schema.org","@graph":[{"@type":"WebPage","@id":"https:\/\/autorival.ro\/audi\/product\/garnitura-piston-etrier-audi-a4-allroad-b8-8kh-2-0-tfsi-quattro-benzina-224-cai-budweg-caliper-189932\/","url":"https:\/\/autorival.ro\/audi\/product\/garnitura-piston-etrier-audi-a4-allroad-b8-8kh-2-0-tfsi-quattro-benzina-224-cai-budweg-caliper-189932\/","name":"Garnitura piston etrier AUDI A4 Allroad B8 (8KH) 2.0 TFSI quattro benzina 224 cai BUDWEG CALIPER 189932 AUDI | BUDWEG - Autorival","isPartOf":{"@id":"https:\/\/autorival.ro\/audi\/#website"},"primaryImageOfPage":{"@id":"https:\/\/autorival.ro\/audi\/product\/garnitura-piston-etrier-audi-a4-allroad-b8-8kh-2-0-tfsi-quattro-benzina-224-cai-budweg-caliper-189932\/#primaryimage"},"image":{"@id":"https:\/\/autorival.ro\/audi\/product\/garnitura-piston-etrier-audi-a4-allroad-b8-8kh-2-0-tfsi-quattro-benzina-224-cai-budweg-caliper-189932\/#primaryimage"},"thumbnailUrl":"https:\/\/autorival.ro\/audi\/wp-content\/uploads\/sites\/18\/2025\/07\/189932-6.jpg","datePublished":"2025-07-11T00:09:14+00:00","description":"\u26a1 Garnitura piston etrier AUDI A4 Allroad B8 (8KH) 2.0 TFSI quattro benzina 224 cai BUDWEG CALIPER 189932 pentru AUDI la doar 27 RON. \u2713 Cod: 189932 \u2713 Brand: BUDWEG \u2713 \u00cen stoc \u2713 Livrare 24h \u2713 Garan\u021bie!","breadcrumb":{"@id":"https:\/\/autorival.ro\/audi\/product\/garnitura-piston-etrier-audi-a4-allroad-b8-8kh-2-0-tfsi-quattro-benzina-224-cai-budweg-caliper-189932\/#breadcrumb"},"inLanguage":"en-US","potentialAction":[{"@type":"ReadAction","target":["https:\/\/autorival.ro\/audi\/product\/garnitura-piston-etrier-audi-a4-allroad-b8-8kh-2-0-tfsi-quattro-benzina-224-cai-budweg-caliper-189932\/"]}]},{"@type":"ImageObject","inLanguage":"en-US","@id":"https:\/\/autorival.ro\/audi\/product\/garnitura-piston-etrier-audi-a4-allroad-b8-8kh-2-0-tfsi-quattro-benzina-224-cai-budweg-caliper-189932\/#primaryimage","url":"https:\/\/autorival.ro\/audi\/wp-content\/uploads\/sites\/18\/2025\/07\/189932-6.jpg","contentUrl":"https:\/\/autorival.ro\/audi\/wp-content\/uploads\/sites\/18\/2025\/07\/189932-6.jpg","width":473,"height":400},{"@type":"BreadcrumbList","@id":"https:\/\/autorival.ro\/audi\/product\/garnitura-piston-etrier-audi-a4-allroad-b8-8kh-2-0-tfsi-quattro-benzina-224-cai-budweg-caliper-189932\/#breadcrumb","itemListElement":[{"@type":"ListItem","position":1,"name":"Prima pagin\u0103","item":"https:\/\/autorival.ro\/audi\/"},{"@type":"ListItem","position":2,"name":"Piese auto AUDI","item":"https:\/\/autorival.ro\/audi\/"},{"@type":"ListItem","position":3,"name":"Garnitura piston etrier AUDI A4 Allroad B8 (8KH) 2.0 TFSI quattro benzina 224 cai BUDWEG CALIPER 189932"}]},{"@type":"WebSite","@id":"https:\/\/autorival.ro\/audi\/#website","url":"https:\/\/autorival.ro\/audi\/","name":"AUDI","description":"","potentialAction":[{"@type":"SearchAction","target":{"@type":"EntryPoint","urlTemplate":"https:\/\/autorival.ro\/audi\/?s={search_term_string}"},"query-input":{"@type":"PropertyValueSpecification","valueRequired":true,"valueName":"search_term_string"}}],"inLanguage":"en-US"}]}},"_links":{"self":[{"href":"https:\/\/autorival.ro\/audi\/wp-json\/wp\/v2\/product\/1541088","targetHints":{"allow":["GET"]}}],"collection":[{"href":"https:\/\/autorival.ro\/audi\/wp-json\/wp\/v2\/product"}],"about":[{"href":"https:\/\/autorival.ro\/audi\/wp-json\/wp\/v2\/types\/product"}],"replies":[{"embeddable":true,"href":"https:\/\/autorival.ro\/audi\/wp-json\/wp\/v2\/comments?post=1541088"}],"wp:featuredmedia":[{"embeddable":true,"href":"https:\/\/autorival.ro\/audi\/wp-json\/wp\/v2\/media\/1541089"}],"wp:attachment":[{"href":"https:\/\/autorival.ro\/audi\/wp-json\/wp\/v2\/media?parent=1541088"}],"wp:term":[{"taxonomy":"product_brand","embeddable":true,"href":"https:\/\/autorival.ro\/audi\/wp-json\/wp\/v2\/product_brand?post=1541088"},{"taxonomy":"product_cat","embeddable":true,"href":"https:\/\/autorival.ro\/audi\/wp-json\/wp\/v2\/product_cat?post=1541088"},{"taxonomy":"product_tag","embeddable":true,"href":"https:\/\/autorival.ro\/audi\/wp-json\/wp\/v2\/product_tag?post=1541088"}],"curies":[{"name":"wp","href":"https:\/\/api.w.org\/{rel}","templated":true}]}}