{"id":1509808,"date":"2025-07-10T14:28:20","date_gmt":"2025-07-10T14:28:20","guid":{"rendered":"https:\/\/autorival.ro\/audi\/product\/furtun-frana-audi-a3-limousine-8vs-8vm-1-6-tdi-quattro-diesel-110-cai-abe-c81243abe\/"},"modified":"2025-07-10T14:28:20","modified_gmt":"2025-07-10T14:28:20","slug":"furtun-frana-audi-a3-limousine-8vs-8vm-1-6-tdi-quattro-diesel-110-cai-abe-c81243abe","status":"publish","type":"product","link":"https:\/\/autorival.ro\/audi\/product\/furtun-frana-audi-a3-limousine-8vs-8vm-1-6-tdi-quattro-diesel-110-cai-abe-c81243abe\/","title":{"rendered":"Furtun frana AUDI A3 Limousine (8VS, 8VM) 1.6 TDI quattro diesel 110 cai ABE C81243ABE"},"content":{"rendered":"<p>Partea de montare: 1-a ax\u0103 spate st\u00e2nga, 1-a ax\u0103 spate dreapta ->Lungime [mm]: 276<\/p>\n","protected":false},"excerpt":{"rendered":"<p>Producator: ABE Cod producator: C81243ABE<\/p>\n","protected":false},"featured_media":1509809,"comment_status":"open","ping_status":"closed","template":"","meta":[],"product_brand":[16617],"product_cat":[43071],"product_tag":[55476,55997,55437,55515,56087,55475,55446],"class_list":{"0":"post-1509808","1":"product","2":"type-product","3":"status-publish","4":"has-post-thumbnail","6":"product_brand-abe","7":"product_cat-furtun-frana-limousine-8vs-8vm-1-6-tdi-quattro-diesel-110","8":"product_tag-8vs","9":"product_tag-abe","10":"product_tag-audi","11":"product_tag-frana","12":"product_tag-furtun","13":"product_tag-limousine","14":"product_tag-tdi","16":"first","17":"instock","18":"shipping-taxable","19":"purchasable","20":"product-type-simple"},"yoast_head":"<!-- This site is optimized with the Yoast SEO plugin v27.3 - https:\/\/yoast.com\/product\/yoast-seo-wordpress\/ -->\n<title>Furtun frana AUDI A3 Limousine (8VS, 8VM) 1.6 TDI quattro diesel 110 cai ABE C81243ABE AUDI | ABE - Autorival<\/title>\n<meta name=\"description\" content=\"\u26a1 Furtun frana AUDI A3 Limousine (8VS, 8VM) 1.6 TDI quattro diesel 110 cai ABE C81243ABE pentru AUDI la doar 65.13 RON. \u2713 Cod: C81243ABE \u2713 Brand: ABE \u2713 \u00cen stoc \u2713 Livrare 24h \u2713 Garan\u021bie!\" \/>\n<meta name=\"robots\" content=\"index, follow, max-snippet:-1, max-image-preview:large, max-video-preview:-1\" \/>\n<meta property=\"og:locale\" content=\"en_US\" \/>\n<meta property=\"og:type\" content=\"article\" \/>\n<meta property=\"og:title\" content=\"Furtun frana AUDI A3 Limousine (8VS, 8VM) 1.6 TDI quattro diesel 110 cai ABE C81243ABE AUDI | ABE - Autorival\" \/>\n<meta property=\"og:description\" content=\"\u26a1 Furtun frana AUDI A3 Limousine (8VS, 8VM) 1.6 TDI quattro diesel 110 cai ABE C81243ABE pentru AUDI la doar 65.13 RON. \u2713 Cod: C81243ABE \u2713 Brand: ABE \u2713 \u00cen stoc \u2713 Livrare 24h \u2713 Garan\u021bie!\" \/>\n<meta property=\"og:url\" content=\"https:\/\/autorival.ro\/audi\/product\/furtun-frana-audi-a3-limousine-8vs-8vm-1-6-tdi-quattro-diesel-110-cai-abe-c81243abe\/\" \/>\n<meta property=\"og:site_name\" content=\"AUDI\" \/>\n<meta property=\"og:image\" content=\"https:\/\/autorival.ro\/audi\/wp-content\/uploads\/sites\/18\/2025\/07\/audilogo0105-12240-261.png\" \/>\n\t<meta property=\"og:image:width\" content=\"400\" \/>\n\t<meta property=\"og:image:height\" content=\"299\" \/>\n\t<meta property=\"og:image:type\" content=\"image\/png\" \/>\n<meta name=\"twitter:card\" content=\"summary_large_image\" \/>\n<meta name=\"twitter:title\" content=\"Furtun frana AUDI A3 Limousine (8VS, 8VM) 1.6 TDI quattro diesel 110 cai ABE C81243ABE AUDI | ABE - Autorival\" \/>\n<meta name=\"twitter:description\" content=\"\u26a1 Furtun frana AUDI A3 Limousine (8VS, 8VM) 1.6 TDI quattro diesel 110 cai ABE C81243ABE pentru AUDI la doar 65.13 RON. \u2713 Cod: C81243ABE \u2713 Brand: ABE \u2713 \u00cen stoc \u2713 Livrare 24h \u2713 Garan\u021bie!\" \/>\n<script type=\"application\/ld+json\" class=\"yoast-schema-graph\">{\"@context\":\"https:\\\/\\\/schema.org\",\"@graph\":[{\"@type\":\"WebPage\",\"@id\":\"https:\\\/\\\/autorival.ro\\\/audi\\\/product\\\/furtun-frana-audi-a3-limousine-8vs-8vm-1-6-tdi-quattro-diesel-110-cai-abe-c81243abe\\\/\",\"url\":\"https:\\\/\\\/autorival.ro\\\/audi\\\/product\\\/furtun-frana-audi-a3-limousine-8vs-8vm-1-6-tdi-quattro-diesel-110-cai-abe-c81243abe\\\/\",\"name\":\"Furtun frana AUDI A3 Limousine (8VS, 8VM) 1.6 TDI quattro diesel 110 cai ABE C81243ABE AUDI | ABE - Autorival\",\"isPartOf\":{\"@id\":\"https:\\\/\\\/autorival.ro\\\/audi\\\/#website\"},\"primaryImageOfPage\":{\"@id\":\"https:\\\/\\\/autorival.ro\\\/audi\\\/product\\\/furtun-frana-audi-a3-limousine-8vs-8vm-1-6-tdi-quattro-diesel-110-cai-abe-c81243abe\\\/#primaryimage\"},\"image\":{\"@id\":\"https:\\\/\\\/autorival.ro\\\/audi\\\/product\\\/furtun-frana-audi-a3-limousine-8vs-8vm-1-6-tdi-quattro-diesel-110-cai-abe-c81243abe\\\/#primaryimage\"},\"thumbnailUrl\":\"https:\\\/\\\/autorival.ro\\\/audi\\\/wp-content\\\/uploads\\\/sites\\\/18\\\/2025\\\/07\\\/audilogo0105-12240-261.png\",\"datePublished\":\"2025-07-10T14:28:20+00:00\",\"description\":\"\u26a1 Furtun frana AUDI A3 Limousine (8VS, 8VM) 1.6 TDI quattro diesel 110 cai ABE C81243ABE pentru AUDI la doar 65.13 RON. \u2713 Cod: C81243ABE \u2713 Brand: ABE \u2713 \u00cen stoc \u2713 Livrare 24h \u2713 Garan\u021bie!\",\"breadcrumb\":{\"@id\":\"https:\\\/\\\/autorival.ro\\\/audi\\\/product\\\/furtun-frana-audi-a3-limousine-8vs-8vm-1-6-tdi-quattro-diesel-110-cai-abe-c81243abe\\\/#breadcrumb\"},\"inLanguage\":\"en-US\",\"potentialAction\":[{\"@type\":\"ReadAction\",\"target\":[\"https:\\\/\\\/autorival.ro\\\/audi\\\/product\\\/furtun-frana-audi-a3-limousine-8vs-8vm-1-6-tdi-quattro-diesel-110-cai-abe-c81243abe\\\/\"]}]},{\"@type\":\"ImageObject\",\"inLanguage\":\"en-US\",\"@id\":\"https:\\\/\\\/autorival.ro\\\/audi\\\/product\\\/furtun-frana-audi-a3-limousine-8vs-8vm-1-6-tdi-quattro-diesel-110-cai-abe-c81243abe\\\/#primaryimage\",\"url\":\"https:\\\/\\\/autorival.ro\\\/audi\\\/wp-content\\\/uploads\\\/sites\\\/18\\\/2025\\\/07\\\/audilogo0105-12240-261.png\",\"contentUrl\":\"https:\\\/\\\/autorival.ro\\\/audi\\\/wp-content\\\/uploads\\\/sites\\\/18\\\/2025\\\/07\\\/audilogo0105-12240-261.png\",\"width\":400,\"height\":299},{\"@type\":\"BreadcrumbList\",\"@id\":\"https:\\\/\\\/autorival.ro\\\/audi\\\/product\\\/furtun-frana-audi-a3-limousine-8vs-8vm-1-6-tdi-quattro-diesel-110-cai-abe-c81243abe\\\/#breadcrumb\",\"itemListElement\":[{\"@type\":\"ListItem\",\"position\":1,\"name\":\"Prima pagin\u0103\",\"item\":\"https:\\\/\\\/autorival.ro\\\/audi\\\/\"},{\"@type\":\"ListItem\",\"position\":2,\"name\":\"Piese auto AUDI\",\"item\":\"https:\\\/\\\/autorival.ro\\\/audi\\\/\"},{\"@type\":\"ListItem\",\"position\":3,\"name\":\"Furtun frana AUDI A3 Limousine (8VS, 8VM) 1.6 TDI quattro diesel 110 cai ABE C81243ABE\"}]},{\"@type\":\"WebSite\",\"@id\":\"https:\\\/\\\/autorival.ro\\\/audi\\\/#website\",\"url\":\"https:\\\/\\\/autorival.ro\\\/audi\\\/\",\"name\":\"AUDI\",\"description\":\"\",\"potentialAction\":[{\"@type\":\"SearchAction\",\"target\":{\"@type\":\"EntryPoint\",\"urlTemplate\":\"https:\\\/\\\/autorival.ro\\\/audi\\\/?s={search_term_string}\"},\"query-input\":{\"@type\":\"PropertyValueSpecification\",\"valueRequired\":true,\"valueName\":\"search_term_string\"}}],\"inLanguage\":\"en-US\"}]}<\/script>\n<!-- \/ Yoast SEO plugin. -->","yoast_head_json":{"title":"Furtun frana AUDI A3 Limousine (8VS, 8VM) 1.6 TDI quattro diesel 110 cai ABE C81243ABE AUDI | ABE - Autorival","description":"\u26a1 Furtun frana AUDI A3 Limousine (8VS, 8VM) 1.6 TDI quattro diesel 110 cai ABE C81243ABE pentru AUDI la doar 65.13 RON. \u2713 Cod: C81243ABE \u2713 Brand: ABE \u2713 \u00cen stoc \u2713 Livrare 24h \u2713 Garan\u021bie!","robots":{"index":"index","follow":"follow","max-snippet":"max-snippet:-1","max-image-preview":"max-image-preview:large","max-video-preview":"max-video-preview:-1"},"og_locale":"en_US","og_type":"article","og_title":"Furtun frana AUDI A3 Limousine (8VS, 8VM) 1.6 TDI quattro diesel 110 cai ABE C81243ABE AUDI | ABE - Autorival","og_description":"\u26a1 Furtun frana AUDI A3 Limousine (8VS, 8VM) 1.6 TDI quattro diesel 110 cai ABE C81243ABE pentru AUDI la doar 65.13 RON. \u2713 Cod: C81243ABE \u2713 Brand: ABE \u2713 \u00cen stoc \u2713 Livrare 24h \u2713 Garan\u021bie!","og_url":"https:\/\/autorival.ro\/audi\/product\/furtun-frana-audi-a3-limousine-8vs-8vm-1-6-tdi-quattro-diesel-110-cai-abe-c81243abe\/","og_site_name":"AUDI","og_image":[{"width":400,"height":299,"url":"https:\/\/autorival.ro\/audi\/wp-content\/uploads\/sites\/18\/2025\/07\/audilogo0105-12240-261.png","type":"image\/png"}],"twitter_card":"summary_large_image","twitter_title":"Furtun frana AUDI A3 Limousine (8VS, 8VM) 1.6 TDI quattro diesel 110 cai ABE C81243ABE AUDI | ABE - Autorival","twitter_description":"\u26a1 Furtun frana AUDI A3 Limousine (8VS, 8VM) 1.6 TDI quattro diesel 110 cai ABE C81243ABE pentru AUDI la doar 65.13 RON. \u2713 Cod: C81243ABE \u2713 Brand: ABE \u2713 \u00cen stoc \u2713 Livrare 24h \u2713 Garan\u021bie!","schema":{"@context":"https:\/\/schema.org","@graph":[{"@type":"WebPage","@id":"https:\/\/autorival.ro\/audi\/product\/furtun-frana-audi-a3-limousine-8vs-8vm-1-6-tdi-quattro-diesel-110-cai-abe-c81243abe\/","url":"https:\/\/autorival.ro\/audi\/product\/furtun-frana-audi-a3-limousine-8vs-8vm-1-6-tdi-quattro-diesel-110-cai-abe-c81243abe\/","name":"Furtun frana AUDI A3 Limousine (8VS, 8VM) 1.6 TDI quattro diesel 110 cai ABE C81243ABE AUDI | ABE - Autorival","isPartOf":{"@id":"https:\/\/autorival.ro\/audi\/#website"},"primaryImageOfPage":{"@id":"https:\/\/autorival.ro\/audi\/product\/furtun-frana-audi-a3-limousine-8vs-8vm-1-6-tdi-quattro-diesel-110-cai-abe-c81243abe\/#primaryimage"},"image":{"@id":"https:\/\/autorival.ro\/audi\/product\/furtun-frana-audi-a3-limousine-8vs-8vm-1-6-tdi-quattro-diesel-110-cai-abe-c81243abe\/#primaryimage"},"thumbnailUrl":"https:\/\/autorival.ro\/audi\/wp-content\/uploads\/sites\/18\/2025\/07\/audilogo0105-12240-261.png","datePublished":"2025-07-10T14:28:20+00:00","description":"\u26a1 Furtun frana AUDI A3 Limousine (8VS, 8VM) 1.6 TDI quattro diesel 110 cai ABE C81243ABE pentru AUDI la doar 65.13 RON. \u2713 Cod: C81243ABE \u2713 Brand: ABE \u2713 \u00cen stoc \u2713 Livrare 24h \u2713 Garan\u021bie!","breadcrumb":{"@id":"https:\/\/autorival.ro\/audi\/product\/furtun-frana-audi-a3-limousine-8vs-8vm-1-6-tdi-quattro-diesel-110-cai-abe-c81243abe\/#breadcrumb"},"inLanguage":"en-US","potentialAction":[{"@type":"ReadAction","target":["https:\/\/autorival.ro\/audi\/product\/furtun-frana-audi-a3-limousine-8vs-8vm-1-6-tdi-quattro-diesel-110-cai-abe-c81243abe\/"]}]},{"@type":"ImageObject","inLanguage":"en-US","@id":"https:\/\/autorival.ro\/audi\/product\/furtun-frana-audi-a3-limousine-8vs-8vm-1-6-tdi-quattro-diesel-110-cai-abe-c81243abe\/#primaryimage","url":"https:\/\/autorival.ro\/audi\/wp-content\/uploads\/sites\/18\/2025\/07\/audilogo0105-12240-261.png","contentUrl":"https:\/\/autorival.ro\/audi\/wp-content\/uploads\/sites\/18\/2025\/07\/audilogo0105-12240-261.png","width":400,"height":299},{"@type":"BreadcrumbList","@id":"https:\/\/autorival.ro\/audi\/product\/furtun-frana-audi-a3-limousine-8vs-8vm-1-6-tdi-quattro-diesel-110-cai-abe-c81243abe\/#breadcrumb","itemListElement":[{"@type":"ListItem","position":1,"name":"Prima pagin\u0103","item":"https:\/\/autorival.ro\/audi\/"},{"@type":"ListItem","position":2,"name":"Piese auto AUDI","item":"https:\/\/autorival.ro\/audi\/"},{"@type":"ListItem","position":3,"name":"Furtun frana AUDI A3 Limousine (8VS, 8VM) 1.6 TDI quattro diesel 110 cai ABE C81243ABE"}]},{"@type":"WebSite","@id":"https:\/\/autorival.ro\/audi\/#website","url":"https:\/\/autorival.ro\/audi\/","name":"AUDI","description":"","potentialAction":[{"@type":"SearchAction","target":{"@type":"EntryPoint","urlTemplate":"https:\/\/autorival.ro\/audi\/?s={search_term_string}"},"query-input":{"@type":"PropertyValueSpecification","valueRequired":true,"valueName":"search_term_string"}}],"inLanguage":"en-US"}]}},"_links":{"self":[{"href":"https:\/\/autorival.ro\/audi\/wp-json\/wp\/v2\/product\/1509808","targetHints":{"allow":["GET"]}}],"collection":[{"href":"https:\/\/autorival.ro\/audi\/wp-json\/wp\/v2\/product"}],"about":[{"href":"https:\/\/autorival.ro\/audi\/wp-json\/wp\/v2\/types\/product"}],"replies":[{"embeddable":true,"href":"https:\/\/autorival.ro\/audi\/wp-json\/wp\/v2\/comments?post=1509808"}],"wp:featuredmedia":[{"embeddable":true,"href":"https:\/\/autorival.ro\/audi\/wp-json\/wp\/v2\/media\/1509809"}],"wp:attachment":[{"href":"https:\/\/autorival.ro\/audi\/wp-json\/wp\/v2\/media?parent=1509808"}],"wp:term":[{"taxonomy":"product_brand","embeddable":true,"href":"https:\/\/autorival.ro\/audi\/wp-json\/wp\/v2\/product_brand?post=1509808"},{"taxonomy":"product_cat","embeddable":true,"href":"https:\/\/autorival.ro\/audi\/wp-json\/wp\/v2\/product_cat?post=1509808"},{"taxonomy":"product_tag","embeddable":true,"href":"https:\/\/autorival.ro\/audi\/wp-json\/wp\/v2\/product_tag?post=1509808"}],"curies":[{"name":"wp","href":"https:\/\/api.w.org\/{rel}","templated":true}]}}