{"id":799,"date":"2025-04-28T16:15:32","date_gmt":"2025-04-28T16:15:32","guid":{"rendered":"https:\/\/autorival.ro\/alfaromeo\/product\/piston-etrier-frana-alfa-romeo-giulia-105_-1300-super-115-benzina-87-cai-quick-brake-185048k\/"},"modified":"2025-04-28T16:15:32","modified_gmt":"2025-04-28T16:15:32","slug":"piston-etrier-frana-alfa-romeo-giulia-105_-1300-super-115-benzina-87-cai-quick-brake-185048k","status":"publish","type":"product","link":"https:\/\/autorival.ro\/alfaromeo\/produs\/piston-etrier-frana-alfa-romeo-giulia-105_-1300-super-115-benzina-87-cai-quick-brake-185048k\/","title":{"rendered":"Piston etrier frana   ALFA ROMEO GIULIA (105_) 1300 Super (115) benzina 87 cai   QUICK BRAKE 185048K"},"content":{"rendered":"<p>Partea de montare: punte fataSistem de fr\u00e2nare: ATEpentru grosime disc frana [mm]: 9,8Tip etrier fr\u00e2na: Etrier de fr\u00e2n\u00c4\u0192 (2 pistoane) ->Diametru [mm]: 48 ->\u00cenaltime [mm]: 30Material: otel<\/p>\n","protected":false},"excerpt":{"rendered":"<p>Producator: QUICK BRAKE Cod producator: 185048K<\/p>\n","protected":false},"featured_media":562,"comment_status":"open","ping_status":"closed","template":"","meta":[],"product_brand":[],"product_cat":[134],"product_tag":[6522,6605,6603,6583,6524,6732,6604,6523],"class_list":{"0":"post-799","1":"product","2":"type-product","3":"status-publish","4":"has-post-thumbnail","6":"product_cat-piston-etrier-frana-105_-1300-super-115-benzina-87","7":"product_tag-alfa","8":"product_tag-brake","9":"product_tag-etrier","10":"product_tag-frana","11":"product_tag-giulia","12":"product_tag-piston","13":"product_tag-quick","14":"product_tag-romeo","16":"first","17":"instock","18":"shipping-taxable","19":"purchasable","20":"product-type-simple"},"yoast_head":"<!-- This site is optimized with the Yoast SEO plugin v27.3 - https:\/\/yoast.com\/product\/yoast-seo-wordpress\/ -->\n<title>Piston etrier frana ALFA ROMEO GIULIA (105_) 1300 Super (115) benzina 87 cai QUICK BRAKE 185048K ALFA ROMEO | QUICK - Autorival<\/title>\n<meta name=\"description\" content=\"\u26a1 Piston etrier frana ALFA ROMEO GIULIA (105_) 1300 Super (115) benzina 87 cai QUICK BRAKE 185048K pentru ALFA ROMEO la doar 80.07 RON. \u2713 Cod: 185048K \u2713 Brand: QUICK \u2713 \u00cen stoc \u2713 Livrare 24h \u2713 Garan\u021bie!\" \/>\n<meta name=\"robots\" content=\"index, follow, max-snippet:-1, max-image-preview:large, max-video-preview:-1\" \/>\n<meta property=\"og:locale\" content=\"en_US\" \/>\n<meta property=\"og:type\" content=\"article\" \/>\n<meta property=\"og:title\" content=\"Piston etrier frana ALFA ROMEO GIULIA (105_) 1300 Super (115) benzina 87 cai QUICK BRAKE 185048K ALFA ROMEO | QUICK - Autorival\" \/>\n<meta property=\"og:description\" content=\"\u26a1 Piston etrier frana ALFA ROMEO GIULIA (105_) 1300 Super (115) benzina 87 cai QUICK BRAKE 185048K pentru ALFA ROMEO la doar 80.07 RON. \u2713 Cod: 185048K \u2713 Brand: QUICK \u2713 \u00cen stoc \u2713 Livrare 24h \u2713 Garan\u021bie!\" \/>\n<meta property=\"og:url\" content=\"https:\/\/autorival.ro\/alfaromeo\/produs\/piston-etrier-frana-alfa-romeo-giulia-105_-1300-super-115-benzina-87-cai-quick-brake-185048k\/\" \/>\n<meta property=\"og:site_name\" content=\"ALFA ROMEO\" \/>\n<meta property=\"og:image\" content=\"https:\/\/autorival.ro\/alfaromeo\/wp-content\/uploads\/sites\/4\/2025\/04\/185048k.jpg\" \/>\n\t<meta property=\"og:image:width\" content=\"600\" \/>\n\t<meta property=\"og:image:height\" content=\"399\" \/>\n\t<meta property=\"og:image:type\" content=\"image\/jpeg\" \/>\n<meta name=\"twitter:card\" content=\"summary_large_image\" \/>\n<meta name=\"twitter:title\" content=\"Piston etrier frana ALFA ROMEO GIULIA (105_) 1300 Super (115) benzina 87 cai QUICK BRAKE 185048K ALFA ROMEO | QUICK - Autorival\" \/>\n<meta name=\"twitter:description\" content=\"\u26a1 Piston etrier frana ALFA ROMEO GIULIA (105_) 1300 Super (115) benzina 87 cai QUICK BRAKE 185048K pentru ALFA ROMEO la doar 80.07 RON. \u2713 Cod: 185048K \u2713 Brand: QUICK \u2713 \u00cen stoc \u2713 Livrare 24h \u2713 Garan\u021bie!\" \/>\n<script type=\"application\/ld+json\" class=\"yoast-schema-graph\">{\"@context\":\"https:\\\/\\\/schema.org\",\"@graph\":[{\"@type\":\"WebPage\",\"@id\":\"https:\\\/\\\/autorival.ro\\\/alfaromeo\\\/produs\\\/piston-etrier-frana-alfa-romeo-giulia-105_-1300-super-115-benzina-87-cai-quick-brake-185048k\\\/\",\"url\":\"https:\\\/\\\/autorival.ro\\\/alfaromeo\\\/produs\\\/piston-etrier-frana-alfa-romeo-giulia-105_-1300-super-115-benzina-87-cai-quick-brake-185048k\\\/\",\"name\":\"Piston etrier frana ALFA ROMEO GIULIA (105_) 1300 Super (115) benzina 87 cai QUICK BRAKE 185048K ALFA ROMEO | QUICK - Autorival\",\"isPartOf\":{\"@id\":\"https:\\\/\\\/autorival.ro\\\/alfaromeo\\\/#website\"},\"primaryImageOfPage\":{\"@id\":\"https:\\\/\\\/autorival.ro\\\/alfaromeo\\\/produs\\\/piston-etrier-frana-alfa-romeo-giulia-105_-1300-super-115-benzina-87-cai-quick-brake-185048k\\\/#primaryimage\"},\"image\":{\"@id\":\"https:\\\/\\\/autorival.ro\\\/alfaromeo\\\/produs\\\/piston-etrier-frana-alfa-romeo-giulia-105_-1300-super-115-benzina-87-cai-quick-brake-185048k\\\/#primaryimage\"},\"thumbnailUrl\":\"https:\\\/\\\/autorival.ro\\\/alfaromeo\\\/wp-content\\\/uploads\\\/sites\\\/4\\\/2025\\\/04\\\/185048k.jpg\",\"datePublished\":\"2025-04-28T16:15:32+00:00\",\"description\":\"\u26a1 Piston etrier frana ALFA ROMEO GIULIA (105_) 1300 Super (115) benzina 87 cai QUICK BRAKE 185048K pentru ALFA ROMEO la doar 80.07 RON. \u2713 Cod: 185048K \u2713 Brand: QUICK \u2713 \u00cen stoc \u2713 Livrare 24h \u2713 Garan\u021bie!\",\"breadcrumb\":{\"@id\":\"https:\\\/\\\/autorival.ro\\\/alfaromeo\\\/produs\\\/piston-etrier-frana-alfa-romeo-giulia-105_-1300-super-115-benzina-87-cai-quick-brake-185048k\\\/#breadcrumb\"},\"inLanguage\":\"en-US\",\"potentialAction\":[{\"@type\":\"ReadAction\",\"target\":[\"https:\\\/\\\/autorival.ro\\\/alfaromeo\\\/produs\\\/piston-etrier-frana-alfa-romeo-giulia-105_-1300-super-115-benzina-87-cai-quick-brake-185048k\\\/\"]}]},{\"@type\":\"ImageObject\",\"inLanguage\":\"en-US\",\"@id\":\"https:\\\/\\\/autorival.ro\\\/alfaromeo\\\/produs\\\/piston-etrier-frana-alfa-romeo-giulia-105_-1300-super-115-benzina-87-cai-quick-brake-185048k\\\/#primaryimage\",\"url\":\"https:\\\/\\\/autorival.ro\\\/alfaromeo\\\/wp-content\\\/uploads\\\/sites\\\/4\\\/2025\\\/04\\\/185048k.jpg\",\"contentUrl\":\"https:\\\/\\\/autorival.ro\\\/alfaromeo\\\/wp-content\\\/uploads\\\/sites\\\/4\\\/2025\\\/04\\\/185048k.jpg\",\"width\":600,\"height\":399,\"caption\":\"Piston etrier frana -> ALFA ROMEO GIULIA (105_) 1300 TI (105,39) benzina 84 cai -> QUICK BRAKE 185048K\"},{\"@type\":\"BreadcrumbList\",\"@id\":\"https:\\\/\\\/autorival.ro\\\/alfaromeo\\\/produs\\\/piston-etrier-frana-alfa-romeo-giulia-105_-1300-super-115-benzina-87-cai-quick-brake-185048k\\\/#breadcrumb\",\"itemListElement\":[{\"@type\":\"ListItem\",\"position\":1,\"name\":\"Prima pagin\u0103\",\"item\":\"https:\\\/\\\/autorival.ro\\\/alfaromeo\\\/\"},{\"@type\":\"ListItem\",\"position\":2,\"name\":\"Piese auto ALFA ROMEO\",\"item\":\"https:\\\/\\\/autorival.ro\\\/alfaromeo\\\/\"},{\"@type\":\"ListItem\",\"position\":3,\"name\":\"Piston etrier frana ALFA ROMEO GIULIA (105_) 1300 Super (115) benzina 87 cai QUICK BRAKE 185048K\"}]},{\"@type\":\"WebSite\",\"@id\":\"https:\\\/\\\/autorival.ro\\\/alfaromeo\\\/#website\",\"url\":\"https:\\\/\\\/autorival.ro\\\/alfaromeo\\\/\",\"name\":\"ALFA ROMEO\",\"description\":\"\",\"potentialAction\":[{\"@type\":\"SearchAction\",\"target\":{\"@type\":\"EntryPoint\",\"urlTemplate\":\"https:\\\/\\\/autorival.ro\\\/alfaromeo\\\/?s={search_term_string}\"},\"query-input\":{\"@type\":\"PropertyValueSpecification\",\"valueRequired\":true,\"valueName\":\"search_term_string\"}}],\"inLanguage\":\"en-US\"}]}<\/script>\n<!-- \/ Yoast SEO plugin. -->","yoast_head_json":{"title":"Piston etrier frana ALFA ROMEO GIULIA (105_) 1300 Super (115) benzina 87 cai QUICK BRAKE 185048K ALFA ROMEO | QUICK - Autorival","description":"\u26a1 Piston etrier frana ALFA ROMEO GIULIA (105_) 1300 Super (115) benzina 87 cai QUICK BRAKE 185048K pentru ALFA ROMEO la doar 80.07 RON. \u2713 Cod: 185048K \u2713 Brand: QUICK \u2713 \u00cen stoc \u2713 Livrare 24h \u2713 Garan\u021bie!","robots":{"index":"index","follow":"follow","max-snippet":"max-snippet:-1","max-image-preview":"max-image-preview:large","max-video-preview":"max-video-preview:-1"},"og_locale":"en_US","og_type":"article","og_title":"Piston etrier frana ALFA ROMEO GIULIA (105_) 1300 Super (115) benzina 87 cai QUICK BRAKE 185048K ALFA ROMEO | QUICK - Autorival","og_description":"\u26a1 Piston etrier frana ALFA ROMEO GIULIA (105_) 1300 Super (115) benzina 87 cai QUICK BRAKE 185048K pentru ALFA ROMEO la doar 80.07 RON. \u2713 Cod: 185048K \u2713 Brand: QUICK \u2713 \u00cen stoc \u2713 Livrare 24h \u2713 Garan\u021bie!","og_url":"https:\/\/autorival.ro\/alfaromeo\/produs\/piston-etrier-frana-alfa-romeo-giulia-105_-1300-super-115-benzina-87-cai-quick-brake-185048k\/","og_site_name":"ALFA ROMEO","og_image":[{"width":600,"height":399,"url":"https:\/\/autorival.ro\/alfaromeo\/wp-content\/uploads\/sites\/4\/2025\/04\/185048k.jpg","type":"image\/jpeg"}],"twitter_card":"summary_large_image","twitter_title":"Piston etrier frana ALFA ROMEO GIULIA (105_) 1300 Super (115) benzina 87 cai QUICK BRAKE 185048K ALFA ROMEO | QUICK - Autorival","twitter_description":"\u26a1 Piston etrier frana ALFA ROMEO GIULIA (105_) 1300 Super (115) benzina 87 cai QUICK BRAKE 185048K pentru ALFA ROMEO la doar 80.07 RON. \u2713 Cod: 185048K \u2713 Brand: QUICK \u2713 \u00cen stoc \u2713 Livrare 24h \u2713 Garan\u021bie!","schema":{"@context":"https:\/\/schema.org","@graph":[{"@type":"WebPage","@id":"https:\/\/autorival.ro\/alfaromeo\/produs\/piston-etrier-frana-alfa-romeo-giulia-105_-1300-super-115-benzina-87-cai-quick-brake-185048k\/","url":"https:\/\/autorival.ro\/alfaromeo\/produs\/piston-etrier-frana-alfa-romeo-giulia-105_-1300-super-115-benzina-87-cai-quick-brake-185048k\/","name":"Piston etrier frana ALFA ROMEO GIULIA (105_) 1300 Super (115) benzina 87 cai QUICK BRAKE 185048K ALFA ROMEO | QUICK - Autorival","isPartOf":{"@id":"https:\/\/autorival.ro\/alfaromeo\/#website"},"primaryImageOfPage":{"@id":"https:\/\/autorival.ro\/alfaromeo\/produs\/piston-etrier-frana-alfa-romeo-giulia-105_-1300-super-115-benzina-87-cai-quick-brake-185048k\/#primaryimage"},"image":{"@id":"https:\/\/autorival.ro\/alfaromeo\/produs\/piston-etrier-frana-alfa-romeo-giulia-105_-1300-super-115-benzina-87-cai-quick-brake-185048k\/#primaryimage"},"thumbnailUrl":"https:\/\/autorival.ro\/alfaromeo\/wp-content\/uploads\/sites\/4\/2025\/04\/185048k.jpg","datePublished":"2025-04-28T16:15:32+00:00","description":"\u26a1 Piston etrier frana ALFA ROMEO GIULIA (105_) 1300 Super (115) benzina 87 cai QUICK BRAKE 185048K pentru ALFA ROMEO la doar 80.07 RON. \u2713 Cod: 185048K \u2713 Brand: QUICK \u2713 \u00cen stoc \u2713 Livrare 24h \u2713 Garan\u021bie!","breadcrumb":{"@id":"https:\/\/autorival.ro\/alfaromeo\/produs\/piston-etrier-frana-alfa-romeo-giulia-105_-1300-super-115-benzina-87-cai-quick-brake-185048k\/#breadcrumb"},"inLanguage":"en-US","potentialAction":[{"@type":"ReadAction","target":["https:\/\/autorival.ro\/alfaromeo\/produs\/piston-etrier-frana-alfa-romeo-giulia-105_-1300-super-115-benzina-87-cai-quick-brake-185048k\/"]}]},{"@type":"ImageObject","inLanguage":"en-US","@id":"https:\/\/autorival.ro\/alfaromeo\/produs\/piston-etrier-frana-alfa-romeo-giulia-105_-1300-super-115-benzina-87-cai-quick-brake-185048k\/#primaryimage","url":"https:\/\/autorival.ro\/alfaromeo\/wp-content\/uploads\/sites\/4\/2025\/04\/185048k.jpg","contentUrl":"https:\/\/autorival.ro\/alfaromeo\/wp-content\/uploads\/sites\/4\/2025\/04\/185048k.jpg","width":600,"height":399,"caption":"Piston etrier frana -> ALFA ROMEO GIULIA (105_) 1300 TI (105,39) benzina 84 cai -> QUICK BRAKE 185048K"},{"@type":"BreadcrumbList","@id":"https:\/\/autorival.ro\/alfaromeo\/produs\/piston-etrier-frana-alfa-romeo-giulia-105_-1300-super-115-benzina-87-cai-quick-brake-185048k\/#breadcrumb","itemListElement":[{"@type":"ListItem","position":1,"name":"Prima pagin\u0103","item":"https:\/\/autorival.ro\/alfaromeo\/"},{"@type":"ListItem","position":2,"name":"Piese auto ALFA ROMEO","item":"https:\/\/autorival.ro\/alfaromeo\/"},{"@type":"ListItem","position":3,"name":"Piston etrier frana ALFA ROMEO GIULIA (105_) 1300 Super (115) benzina 87 cai QUICK BRAKE 185048K"}]},{"@type":"WebSite","@id":"https:\/\/autorival.ro\/alfaromeo\/#website","url":"https:\/\/autorival.ro\/alfaromeo\/","name":"ALFA ROMEO","description":"","potentialAction":[{"@type":"SearchAction","target":{"@type":"EntryPoint","urlTemplate":"https:\/\/autorival.ro\/alfaromeo\/?s={search_term_string}"},"query-input":{"@type":"PropertyValueSpecification","valueRequired":true,"valueName":"search_term_string"}}],"inLanguage":"en-US"}]}},"_links":{"self":[{"href":"https:\/\/autorival.ro\/alfaromeo\/wp-json\/wp\/v2\/product\/799","targetHints":{"allow":["GET"]}}],"collection":[{"href":"https:\/\/autorival.ro\/alfaromeo\/wp-json\/wp\/v2\/product"}],"about":[{"href":"https:\/\/autorival.ro\/alfaromeo\/wp-json\/wp\/v2\/types\/product"}],"replies":[{"embeddable":true,"href":"https:\/\/autorival.ro\/alfaromeo\/wp-json\/wp\/v2\/comments?post=799"}],"wp:featuredmedia":[{"embeddable":true,"href":"https:\/\/autorival.ro\/alfaromeo\/wp-json\/wp\/v2\/media\/562"}],"wp:attachment":[{"href":"https:\/\/autorival.ro\/alfaromeo\/wp-json\/wp\/v2\/media?parent=799"}],"wp:term":[{"taxonomy":"product_brand","embeddable":true,"href":"https:\/\/autorival.ro\/alfaromeo\/wp-json\/wp\/v2\/product_brand?post=799"},{"taxonomy":"product_cat","embeddable":true,"href":"https:\/\/autorival.ro\/alfaromeo\/wp-json\/wp\/v2\/product_cat?post=799"},{"taxonomy":"product_tag","embeddable":true,"href":"https:\/\/autorival.ro\/alfaromeo\/wp-json\/wp\/v2\/product_tag?post=799"}],"curies":[{"name":"wp","href":"https:\/\/api.w.org\/{rel}","templated":true}]}}