{"id":58018,"date":"2025-04-28T20:43:47","date_gmt":"2025-04-28T20:43:47","guid":{"rendered":"https:\/\/autorival.ro\/alfaromeo\/product\/cap-de-bara-alfa-romeo-mito-955_-1-4-turbo-multiair-955axs1b-955axs11-benzina-163-cai-kergen-ks68705\/"},"modified":"2025-04-28T20:43:48","modified_gmt":"2025-04-28T20:43:48","slug":"cap-de-bara-alfa-romeo-mito-955_-1-4-turbo-multiair-955axs1b-955axs11-benzina-163-cai-kergen-ks68705","status":"publish","type":"product","link":"https:\/\/autorival.ro\/alfaromeo\/produs\/cap-de-bara-alfa-romeo-mito-955_-1-4-turbo-multiair-955axs1b-955axs11-benzina-163-cai-kergen-ks68705\/","title":{"rendered":"Cap de bara   ALFA ROMEO MITO (955_) 1.4 Turbo MultiAir (955AXS1B, 955AXS11) benzina 163 cai   KERGEN KS68705"},"content":{"rendered":"<p>Partea de montare: Axa fata dreapta ->Lungime [mm]: 115 ->Dimensiune filet 1: M10x1,25 ->Dimensiune filet 2: M14x1,5\u00eenlocuire \u00een pereche recomandat\u00c4\u0192Numar bucati necesare: 1Numar articol par: 216 020 0015<\/p>\n","protected":false},"excerpt":{"rendered":"<p>Producator: KERGEN Cod producator: KS68705<\/p>\n","protected":false},"featured_media":66410,"comment_status":"open","ping_status":"closed","template":"","meta":[],"product_brand":[],"product_cat":[5504],"product_tag":[6522,6628,6627,7216,7217,7068,6523],"class_list":{"0":"post-58018","1":"product","2":"type-product","3":"status-publish","4":"has-post-thumbnail","6":"product_cat-cap-de-bara-955_-1-4-turbo-multiair-955axs1b-955axs11-benzina-163","7":"product_tag-alfa","8":"product_tag-bara","9":"product_tag-cap","10":"product_tag-kergen","11":"product_tag-ks","12":"product_tag-mito","13":"product_tag-romeo","15":"first","16":"instock","17":"shipping-taxable","18":"purchasable","19":"product-type-simple"},"yoast_head":"<!-- This site is optimized with the Yoast SEO plugin v27.3 - https:\/\/yoast.com\/product\/yoast-seo-wordpress\/ -->\n<title>Cap de bara ALFA ROMEO MITO (955_) 1.4 Turbo MultiAir (955AXS1B, 955AXS11) benzina 163 cai KERGEN KS68705 ALFA ROMEO | KERGEN - Autorival<\/title>\n<meta name=\"description\" content=\"\u26a1 Cap de bara ALFA ROMEO MITO (955_) 1.4 Turbo MultiAir (955AXS1B, 955AXS11) benzina 163 cai KERGEN KS68705 pentru ALFA ROMEO la doar 71.53 RON. \u2713 Cod: KS68705 \u2713 Brand: KERGEN \u2713 \u00cen stoc \u2713 Livrare 24h \u2713 Garan\u021bie!\" \/>\n<meta name=\"robots\" content=\"index, follow, max-snippet:-1, max-image-preview:large, max-video-preview:-1\" \/>\n<meta property=\"og:locale\" content=\"en_US\" \/>\n<meta property=\"og:type\" content=\"article\" \/>\n<meta property=\"og:title\" content=\"Cap de bara ALFA ROMEO MITO (955_) 1.4 Turbo MultiAir (955AXS1B, 955AXS11) benzina 163 cai KERGEN KS68705 ALFA ROMEO | KERGEN - Autorival\" \/>\n<meta property=\"og:description\" content=\"\u26a1 Cap de bara ALFA ROMEO MITO (955_) 1.4 Turbo MultiAir (955AXS1B, 955AXS11) benzina 163 cai KERGEN KS68705 pentru ALFA ROMEO la doar 71.53 RON. \u2713 Cod: KS68705 \u2713 Brand: KERGEN \u2713 \u00cen stoc \u2713 Livrare 24h \u2713 Garan\u021bie!\" \/>\n<meta property=\"og:url\" content=\"https:\/\/autorival.ro\/alfaromeo\/produs\/cap-de-bara-alfa-romeo-mito-955_-1-4-turbo-multiair-955axs1b-955axs11-benzina-163-cai-kergen-ks68705\/\" \/>\n<meta property=\"og:site_name\" content=\"ALFA ROMEO\" \/>\n<meta property=\"article:modified_time\" content=\"2025-04-28T20:43:48+00:00\" \/>\n<meta property=\"og:image\" content=\"https:\/\/autorival.ro\/alfaromeo\/wp-content\/uploads\/sites\/4\/2025\/07\/ALFA_ROMEO_0105.png\" \/>\n\t<meta property=\"og:image:width\" content=\"400\" \/>\n\t<meta property=\"og:image:height\" content=\"400\" \/>\n\t<meta property=\"og:image:type\" content=\"image\/png\" \/>\n<meta name=\"twitter:card\" content=\"summary_large_image\" \/>\n<meta name=\"twitter:title\" content=\"Cap de bara ALFA ROMEO MITO (955_) 1.4 Turbo MultiAir (955AXS1B, 955AXS11) benzina 163 cai KERGEN KS68705 ALFA ROMEO | KERGEN - Autorival\" \/>\n<meta name=\"twitter:description\" content=\"\u26a1 Cap de bara ALFA ROMEO MITO (955_) 1.4 Turbo MultiAir (955AXS1B, 955AXS11) benzina 163 cai KERGEN KS68705 pentru ALFA ROMEO la doar 71.53 RON. \u2713 Cod: KS68705 \u2713 Brand: KERGEN \u2713 \u00cen stoc \u2713 Livrare 24h \u2713 Garan\u021bie!\" \/>\n<script type=\"application\/ld+json\" class=\"yoast-schema-graph\">{\"@context\":\"https:\\\/\\\/schema.org\",\"@graph\":[{\"@type\":\"WebPage\",\"@id\":\"https:\\\/\\\/autorival.ro\\\/alfaromeo\\\/produs\\\/cap-de-bara-alfa-romeo-mito-955_-1-4-turbo-multiair-955axs1b-955axs11-benzina-163-cai-kergen-ks68705\\\/\",\"url\":\"https:\\\/\\\/autorival.ro\\\/alfaromeo\\\/produs\\\/cap-de-bara-alfa-romeo-mito-955_-1-4-turbo-multiair-955axs1b-955axs11-benzina-163-cai-kergen-ks68705\\\/\",\"name\":\"Cap de bara ALFA ROMEO MITO (955_) 1.4 Turbo MultiAir (955AXS1B, 955AXS11) benzina 163 cai KERGEN KS68705 ALFA ROMEO | KERGEN - Autorival\",\"isPartOf\":{\"@id\":\"https:\\\/\\\/autorival.ro\\\/alfaromeo\\\/#website\"},\"primaryImageOfPage\":{\"@id\":\"https:\\\/\\\/autorival.ro\\\/alfaromeo\\\/produs\\\/cap-de-bara-alfa-romeo-mito-955_-1-4-turbo-multiair-955axs1b-955axs11-benzina-163-cai-kergen-ks68705\\\/#primaryimage\"},\"image\":{\"@id\":\"https:\\\/\\\/autorival.ro\\\/alfaromeo\\\/produs\\\/cap-de-bara-alfa-romeo-mito-955_-1-4-turbo-multiair-955axs1b-955axs11-benzina-163-cai-kergen-ks68705\\\/#primaryimage\"},\"thumbnailUrl\":\"https:\\\/\\\/autorival.ro\\\/alfaromeo\\\/wp-content\\\/uploads\\\/sites\\\/4\\\/2025\\\/07\\\/ALFA_ROMEO_0105.png\",\"datePublished\":\"2025-04-28T20:43:47+00:00\",\"dateModified\":\"2025-04-28T20:43:48+00:00\",\"description\":\"\u26a1 Cap de bara ALFA ROMEO MITO (955_) 1.4 Turbo MultiAir (955AXS1B, 955AXS11) benzina 163 cai KERGEN KS68705 pentru ALFA ROMEO la doar 71.53 RON. \u2713 Cod: KS68705 \u2713 Brand: KERGEN \u2713 \u00cen stoc \u2713 Livrare 24h \u2713 Garan\u021bie!\",\"breadcrumb\":{\"@id\":\"https:\\\/\\\/autorival.ro\\\/alfaromeo\\\/produs\\\/cap-de-bara-alfa-romeo-mito-955_-1-4-turbo-multiair-955axs1b-955axs11-benzina-163-cai-kergen-ks68705\\\/#breadcrumb\"},\"inLanguage\":\"en-US\",\"potentialAction\":[{\"@type\":\"ReadAction\",\"target\":[\"https:\\\/\\\/autorival.ro\\\/alfaromeo\\\/produs\\\/cap-de-bara-alfa-romeo-mito-955_-1-4-turbo-multiair-955axs1b-955axs11-benzina-163-cai-kergen-ks68705\\\/\"]}]},{\"@type\":\"ImageObject\",\"inLanguage\":\"en-US\",\"@id\":\"https:\\\/\\\/autorival.ro\\\/alfaromeo\\\/produs\\\/cap-de-bara-alfa-romeo-mito-955_-1-4-turbo-multiair-955axs1b-955axs11-benzina-163-cai-kergen-ks68705\\\/#primaryimage\",\"url\":\"https:\\\/\\\/autorival.ro\\\/alfaromeo\\\/wp-content\\\/uploads\\\/sites\\\/4\\\/2025\\\/07\\\/ALFA_ROMEO_0105.png\",\"contentUrl\":\"https:\\\/\\\/autorival.ro\\\/alfaromeo\\\/wp-content\\\/uploads\\\/sites\\\/4\\\/2025\\\/07\\\/ALFA_ROMEO_0105.png\",\"width\":400,\"height\":400},{\"@type\":\"BreadcrumbList\",\"@id\":\"https:\\\/\\\/autorival.ro\\\/alfaromeo\\\/produs\\\/cap-de-bara-alfa-romeo-mito-955_-1-4-turbo-multiair-955axs1b-955axs11-benzina-163-cai-kergen-ks68705\\\/#breadcrumb\",\"itemListElement\":[{\"@type\":\"ListItem\",\"position\":1,\"name\":\"Prima pagin\u0103\",\"item\":\"https:\\\/\\\/autorival.ro\\\/alfaromeo\\\/\"},{\"@type\":\"ListItem\",\"position\":2,\"name\":\"Piese auto ALFA ROMEO\",\"item\":\"https:\\\/\\\/autorival.ro\\\/alfaromeo\\\/\"},{\"@type\":\"ListItem\",\"position\":3,\"name\":\"Cap de bara ALFA ROMEO MITO (955_) 1.4 Turbo MultiAir (955AXS1B, 955AXS11) benzina 163 cai KERGEN KS68705\"}]},{\"@type\":\"WebSite\",\"@id\":\"https:\\\/\\\/autorival.ro\\\/alfaromeo\\\/#website\",\"url\":\"https:\\\/\\\/autorival.ro\\\/alfaromeo\\\/\",\"name\":\"ALFA ROMEO\",\"description\":\"\",\"potentialAction\":[{\"@type\":\"SearchAction\",\"target\":{\"@type\":\"EntryPoint\",\"urlTemplate\":\"https:\\\/\\\/autorival.ro\\\/alfaromeo\\\/?s={search_term_string}\"},\"query-input\":{\"@type\":\"PropertyValueSpecification\",\"valueRequired\":true,\"valueName\":\"search_term_string\"}}],\"inLanguage\":\"en-US\"}]}<\/script>\n<!-- \/ Yoast SEO plugin. -->","yoast_head_json":{"title":"Cap de bara ALFA ROMEO MITO (955_) 1.4 Turbo MultiAir (955AXS1B, 955AXS11) benzina 163 cai KERGEN KS68705 ALFA ROMEO | KERGEN - Autorival","description":"\u26a1 Cap de bara ALFA ROMEO MITO (955_) 1.4 Turbo MultiAir (955AXS1B, 955AXS11) benzina 163 cai KERGEN KS68705 pentru ALFA ROMEO la doar 71.53 RON. \u2713 Cod: KS68705 \u2713 Brand: KERGEN \u2713 \u00cen stoc \u2713 Livrare 24h \u2713 Garan\u021bie!","robots":{"index":"index","follow":"follow","max-snippet":"max-snippet:-1","max-image-preview":"max-image-preview:large","max-video-preview":"max-video-preview:-1"},"og_locale":"en_US","og_type":"article","og_title":"Cap de bara ALFA ROMEO MITO (955_) 1.4 Turbo MultiAir (955AXS1B, 955AXS11) benzina 163 cai KERGEN KS68705 ALFA ROMEO | KERGEN - Autorival","og_description":"\u26a1 Cap de bara ALFA ROMEO MITO (955_) 1.4 Turbo MultiAir (955AXS1B, 955AXS11) benzina 163 cai KERGEN KS68705 pentru ALFA ROMEO la doar 71.53 RON. \u2713 Cod: KS68705 \u2713 Brand: KERGEN \u2713 \u00cen stoc \u2713 Livrare 24h \u2713 Garan\u021bie!","og_url":"https:\/\/autorival.ro\/alfaromeo\/produs\/cap-de-bara-alfa-romeo-mito-955_-1-4-turbo-multiair-955axs1b-955axs11-benzina-163-cai-kergen-ks68705\/","og_site_name":"ALFA ROMEO","article_modified_time":"2025-04-28T20:43:48+00:00","og_image":[{"width":400,"height":400,"url":"https:\/\/autorival.ro\/alfaromeo\/wp-content\/uploads\/sites\/4\/2025\/07\/ALFA_ROMEO_0105.png","type":"image\/png"}],"twitter_card":"summary_large_image","twitter_title":"Cap de bara ALFA ROMEO MITO (955_) 1.4 Turbo MultiAir (955AXS1B, 955AXS11) benzina 163 cai KERGEN KS68705 ALFA ROMEO | KERGEN - Autorival","twitter_description":"\u26a1 Cap de bara ALFA ROMEO MITO (955_) 1.4 Turbo MultiAir (955AXS1B, 955AXS11) benzina 163 cai KERGEN KS68705 pentru ALFA ROMEO la doar 71.53 RON. \u2713 Cod: KS68705 \u2713 Brand: KERGEN \u2713 \u00cen stoc \u2713 Livrare 24h \u2713 Garan\u021bie!","schema":{"@context":"https:\/\/schema.org","@graph":[{"@type":"WebPage","@id":"https:\/\/autorival.ro\/alfaromeo\/produs\/cap-de-bara-alfa-romeo-mito-955_-1-4-turbo-multiair-955axs1b-955axs11-benzina-163-cai-kergen-ks68705\/","url":"https:\/\/autorival.ro\/alfaromeo\/produs\/cap-de-bara-alfa-romeo-mito-955_-1-4-turbo-multiair-955axs1b-955axs11-benzina-163-cai-kergen-ks68705\/","name":"Cap de bara ALFA ROMEO MITO (955_) 1.4 Turbo MultiAir (955AXS1B, 955AXS11) benzina 163 cai KERGEN KS68705 ALFA ROMEO | KERGEN - Autorival","isPartOf":{"@id":"https:\/\/autorival.ro\/alfaromeo\/#website"},"primaryImageOfPage":{"@id":"https:\/\/autorival.ro\/alfaromeo\/produs\/cap-de-bara-alfa-romeo-mito-955_-1-4-turbo-multiair-955axs1b-955axs11-benzina-163-cai-kergen-ks68705\/#primaryimage"},"image":{"@id":"https:\/\/autorival.ro\/alfaromeo\/produs\/cap-de-bara-alfa-romeo-mito-955_-1-4-turbo-multiair-955axs1b-955axs11-benzina-163-cai-kergen-ks68705\/#primaryimage"},"thumbnailUrl":"https:\/\/autorival.ro\/alfaromeo\/wp-content\/uploads\/sites\/4\/2025\/07\/ALFA_ROMEO_0105.png","datePublished":"2025-04-28T20:43:47+00:00","dateModified":"2025-04-28T20:43:48+00:00","description":"\u26a1 Cap de bara ALFA ROMEO MITO (955_) 1.4 Turbo MultiAir (955AXS1B, 955AXS11) benzina 163 cai KERGEN KS68705 pentru ALFA ROMEO la doar 71.53 RON. \u2713 Cod: KS68705 \u2713 Brand: KERGEN \u2713 \u00cen stoc \u2713 Livrare 24h \u2713 Garan\u021bie!","breadcrumb":{"@id":"https:\/\/autorival.ro\/alfaromeo\/produs\/cap-de-bara-alfa-romeo-mito-955_-1-4-turbo-multiair-955axs1b-955axs11-benzina-163-cai-kergen-ks68705\/#breadcrumb"},"inLanguage":"en-US","potentialAction":[{"@type":"ReadAction","target":["https:\/\/autorival.ro\/alfaromeo\/produs\/cap-de-bara-alfa-romeo-mito-955_-1-4-turbo-multiair-955axs1b-955axs11-benzina-163-cai-kergen-ks68705\/"]}]},{"@type":"ImageObject","inLanguage":"en-US","@id":"https:\/\/autorival.ro\/alfaromeo\/produs\/cap-de-bara-alfa-romeo-mito-955_-1-4-turbo-multiair-955axs1b-955axs11-benzina-163-cai-kergen-ks68705\/#primaryimage","url":"https:\/\/autorival.ro\/alfaromeo\/wp-content\/uploads\/sites\/4\/2025\/07\/ALFA_ROMEO_0105.png","contentUrl":"https:\/\/autorival.ro\/alfaromeo\/wp-content\/uploads\/sites\/4\/2025\/07\/ALFA_ROMEO_0105.png","width":400,"height":400},{"@type":"BreadcrumbList","@id":"https:\/\/autorival.ro\/alfaromeo\/produs\/cap-de-bara-alfa-romeo-mito-955_-1-4-turbo-multiair-955axs1b-955axs11-benzina-163-cai-kergen-ks68705\/#breadcrumb","itemListElement":[{"@type":"ListItem","position":1,"name":"Prima pagin\u0103","item":"https:\/\/autorival.ro\/alfaromeo\/"},{"@type":"ListItem","position":2,"name":"Piese auto ALFA ROMEO","item":"https:\/\/autorival.ro\/alfaromeo\/"},{"@type":"ListItem","position":3,"name":"Cap de bara ALFA ROMEO MITO (955_) 1.4 Turbo MultiAir (955AXS1B, 955AXS11) benzina 163 cai KERGEN KS68705"}]},{"@type":"WebSite","@id":"https:\/\/autorival.ro\/alfaromeo\/#website","url":"https:\/\/autorival.ro\/alfaromeo\/","name":"ALFA ROMEO","description":"","potentialAction":[{"@type":"SearchAction","target":{"@type":"EntryPoint","urlTemplate":"https:\/\/autorival.ro\/alfaromeo\/?s={search_term_string}"},"query-input":{"@type":"PropertyValueSpecification","valueRequired":true,"valueName":"search_term_string"}}],"inLanguage":"en-US"}]}},"_links":{"self":[{"href":"https:\/\/autorival.ro\/alfaromeo\/wp-json\/wp\/v2\/product\/58018","targetHints":{"allow":["GET"]}}],"collection":[{"href":"https:\/\/autorival.ro\/alfaromeo\/wp-json\/wp\/v2\/product"}],"about":[{"href":"https:\/\/autorival.ro\/alfaromeo\/wp-json\/wp\/v2\/types\/product"}],"replies":[{"embeddable":true,"href":"https:\/\/autorival.ro\/alfaromeo\/wp-json\/wp\/v2\/comments?post=58018"}],"wp:featuredmedia":[{"embeddable":true,"href":"https:\/\/autorival.ro\/alfaromeo\/wp-json\/wp\/v2\/media\/66410"}],"wp:attachment":[{"href":"https:\/\/autorival.ro\/alfaromeo\/wp-json\/wp\/v2\/media?parent=58018"}],"wp:term":[{"taxonomy":"product_brand","embeddable":true,"href":"https:\/\/autorival.ro\/alfaromeo\/wp-json\/wp\/v2\/product_brand?post=58018"},{"taxonomy":"product_cat","embeddable":true,"href":"https:\/\/autorival.ro\/alfaromeo\/wp-json\/wp\/v2\/product_cat?post=58018"},{"taxonomy":"product_tag","embeddable":true,"href":"https:\/\/autorival.ro\/alfaromeo\/wp-json\/wp\/v2\/product_tag?post=58018"}],"curies":[{"name":"wp","href":"https:\/\/api.w.org\/{rel}","templated":true}]}}