{"id":3820,"date":"2025-04-28T16:22:04","date_gmt":"2025-04-28T16:22:04","guid":{"rendered":"https:\/\/autorival.ro\/alfaromeo\/product\/disc-frana-alfa-romeo-giulia-952_-2-2-d-952aem250-952aea250-diesel-160-cai-meyle-15-15-523-0004-pd\/"},"modified":"2025-04-28T16:22:04","modified_gmt":"2025-04-28T16:22:04","slug":"disc-frana-alfa-romeo-giulia-952_-2-2-d-952aem250-952aea250-diesel-160-cai-meyle-15-15-523-0004-pd","status":"publish","type":"product","link":"https:\/\/autorival.ro\/alfaromeo\/produs\/disc-frana-alfa-romeo-giulia-952_-2-2-d-952aem250-952aea250-diesel-160-cai-meyle-15-15-523-0004-pd\/","title":{"rendered":"Disc frana   ALFA ROMEO GIULIA (952_) 2.2 D (952AEM250, 952AEA250) diesel 160 cai   MEYLE 15-15 523 0004\/PD"},"content":{"rendered":"<p>Partea de montare: puntea spate ->Diametru exterior [mm]: 292 ->\u00cenaltime [mm]: 43,2 ->Grosime disc fr\u00e2na [mm]: 22 ->Grosime minima [mm]: 20 ->Diametru de centrare [mm]: 70Asezare gauri \u00c3\u02dc [mm]: 110 ->Diametru alezaj bol\u021b roat\u00c4\u0192 [mm]: 16,6Numar gauri: 5Tip disc fr\u00e2na: ventilatSuprafata: Lamele acoperite cu zincNumar bucati necesare: 2<\/p>\n","protected":false},"excerpt":{"rendered":"<p>Producator: MEYLE Cod producator: 15-15 523 0004\/PD<\/p>\n","protected":false},"featured_media":1593,"comment_status":"open","ping_status":"closed","template":"","meta":[],"product_brand":[],"product_cat":[477],"product_tag":[6522,6663,6583,6524,6872,6523],"class_list":{"0":"post-3820","1":"product","2":"type-product","3":"status-publish","4":"has-post-thumbnail","6":"product_cat-disc-frana-952_-2-2-d-952aem250-952aea250-diesel-160","7":"product_tag-alfa","8":"product_tag-disc","9":"product_tag-frana","10":"product_tag-giulia","11":"product_tag-meyle","12":"product_tag-romeo","14":"first","15":"instock","16":"shipping-taxable","17":"purchasable","18":"product-type-simple"},"yoast_head":"<!-- This site is optimized with the Yoast SEO plugin v27.3 - https:\/\/yoast.com\/product\/yoast-seo-wordpress\/ -->\n<title>Disc frana ALFA ROMEO GIULIA (952_) 2.2 D (952AEM250, 952AEA250) diesel 160 cai MEYLE 15-15 523 0004\/PD ALFA ROMEO | MEYLE - Autorival<\/title>\n<meta name=\"description\" content=\"\u26a1 Disc frana ALFA ROMEO GIULIA (952_) 2.2 D (952AEM250, 952AEA250) diesel 160 cai MEYLE 15-15 523 0004\/PD pentru ALFA ROMEO la doar 228.9 RON. \u2713 Cod: 15-15 \u2713 Brand: MEYLE \u2713 \u00cen stoc \u2713 Livrare 24h \u2713 Garan\u021bie!\" \/>\n<meta name=\"robots\" content=\"index, follow, max-snippet:-1, max-image-preview:large, max-video-preview:-1\" \/>\n<meta property=\"og:locale\" content=\"en_US\" \/>\n<meta property=\"og:type\" content=\"article\" \/>\n<meta property=\"og:title\" content=\"Disc frana ALFA ROMEO GIULIA (952_) 2.2 D (952AEM250, 952AEA250) diesel 160 cai MEYLE 15-15 523 0004\/PD ALFA ROMEO | MEYLE - Autorival\" \/>\n<meta property=\"og:description\" content=\"\u26a1 Disc frana ALFA ROMEO GIULIA (952_) 2.2 D (952AEM250, 952AEA250) diesel 160 cai MEYLE 15-15 523 0004\/PD pentru ALFA ROMEO la doar 228.9 RON. \u2713 Cod: 15-15 \u2713 Brand: MEYLE \u2713 \u00cen stoc \u2713 Livrare 24h \u2713 Garan\u021bie!\" \/>\n<meta property=\"og:url\" content=\"https:\/\/autorival.ro\/alfaromeo\/produs\/disc-frana-alfa-romeo-giulia-952_-2-2-d-952aem250-952aea250-diesel-160-cai-meyle-15-15-523-0004-pd\/\" \/>\n<meta property=\"og:site_name\" content=\"ALFA ROMEO\" \/>\n<meta property=\"og:image\" content=\"https:\/\/autorival.ro\/alfaromeo\/wp-content\/uploads\/sites\/4\/2025\/04\/fs_15155230004pd_1.jpg\" \/>\n\t<meta property=\"og:image:width\" content=\"600\" \/>\n\t<meta property=\"og:image:height\" content=\"400\" \/>\n\t<meta property=\"og:image:type\" content=\"image\/jpeg\" \/>\n<meta name=\"twitter:card\" content=\"summary_large_image\" \/>\n<meta name=\"twitter:title\" content=\"Disc frana ALFA ROMEO GIULIA (952_) 2.2 D (952AEM250, 952AEA250) diesel 160 cai MEYLE 15-15 523 0004\/PD ALFA ROMEO | MEYLE - Autorival\" \/>\n<meta name=\"twitter:description\" content=\"\u26a1 Disc frana ALFA ROMEO GIULIA (952_) 2.2 D (952AEM250, 952AEA250) diesel 160 cai MEYLE 15-15 523 0004\/PD pentru ALFA ROMEO la doar 228.9 RON. \u2713 Cod: 15-15 \u2713 Brand: MEYLE \u2713 \u00cen stoc \u2713 Livrare 24h \u2713 Garan\u021bie!\" \/>\n<script type=\"application\/ld+json\" class=\"yoast-schema-graph\">{\"@context\":\"https:\\\/\\\/schema.org\",\"@graph\":[{\"@type\":\"WebPage\",\"@id\":\"https:\\\/\\\/autorival.ro\\\/alfaromeo\\\/produs\\\/disc-frana-alfa-romeo-giulia-952_-2-2-d-952aem250-952aea250-diesel-160-cai-meyle-15-15-523-0004-pd\\\/\",\"url\":\"https:\\\/\\\/autorival.ro\\\/alfaromeo\\\/produs\\\/disc-frana-alfa-romeo-giulia-952_-2-2-d-952aem250-952aea250-diesel-160-cai-meyle-15-15-523-0004-pd\\\/\",\"name\":\"Disc frana ALFA ROMEO GIULIA (952_) 2.2 D (952AEM250, 952AEA250) diesel 160 cai MEYLE 15-15 523 0004\\\/PD ALFA ROMEO | MEYLE - Autorival\",\"isPartOf\":{\"@id\":\"https:\\\/\\\/autorival.ro\\\/alfaromeo\\\/#website\"},\"primaryImageOfPage\":{\"@id\":\"https:\\\/\\\/autorival.ro\\\/alfaromeo\\\/produs\\\/disc-frana-alfa-romeo-giulia-952_-2-2-d-952aem250-952aea250-diesel-160-cai-meyle-15-15-523-0004-pd\\\/#primaryimage\"},\"image\":{\"@id\":\"https:\\\/\\\/autorival.ro\\\/alfaromeo\\\/produs\\\/disc-frana-alfa-romeo-giulia-952_-2-2-d-952aem250-952aea250-diesel-160-cai-meyle-15-15-523-0004-pd\\\/#primaryimage\"},\"thumbnailUrl\":\"https:\\\/\\\/autorival.ro\\\/alfaromeo\\\/wp-content\\\/uploads\\\/sites\\\/4\\\/2025\\\/04\\\/fs_15155230004pd_1.jpg\",\"datePublished\":\"2025-04-28T16:22:04+00:00\",\"description\":\"\u26a1 Disc frana ALFA ROMEO GIULIA (952_) 2.2 D (952AEM250, 952AEA250) diesel 160 cai MEYLE 15-15 523 0004\\\/PD pentru ALFA ROMEO la doar 228.9 RON. \u2713 Cod: 15-15 \u2713 Brand: MEYLE \u2713 \u00cen stoc \u2713 Livrare 24h \u2713 Garan\u021bie!\",\"breadcrumb\":{\"@id\":\"https:\\\/\\\/autorival.ro\\\/alfaromeo\\\/produs\\\/disc-frana-alfa-romeo-giulia-952_-2-2-d-952aem250-952aea250-diesel-160-cai-meyle-15-15-523-0004-pd\\\/#breadcrumb\"},\"inLanguage\":\"en-US\",\"potentialAction\":[{\"@type\":\"ReadAction\",\"target\":[\"https:\\\/\\\/autorival.ro\\\/alfaromeo\\\/produs\\\/disc-frana-alfa-romeo-giulia-952_-2-2-d-952aem250-952aea250-diesel-160-cai-meyle-15-15-523-0004-pd\\\/\"]}]},{\"@type\":\"ImageObject\",\"inLanguage\":\"en-US\",\"@id\":\"https:\\\/\\\/autorival.ro\\\/alfaromeo\\\/produs\\\/disc-frana-alfa-romeo-giulia-952_-2-2-d-952aem250-952aea250-diesel-160-cai-meyle-15-15-523-0004-pd\\\/#primaryimage\",\"url\":\"https:\\\/\\\/autorival.ro\\\/alfaromeo\\\/wp-content\\\/uploads\\\/sites\\\/4\\\/2025\\\/04\\\/fs_15155230004pd_1.jpg\",\"contentUrl\":\"https:\\\/\\\/autorival.ro\\\/alfaromeo\\\/wp-content\\\/uploads\\\/sites\\\/4\\\/2025\\\/04\\\/fs_15155230004pd_1.jpg\",\"width\":600,\"height\":400,\"caption\":\"Disc frana -> ALFA ROMEO GIULIA (952_) 2.2 D (952AGA250, 952AGM250, 952ASM2, 952ASA2) diesel 136 cai -> MEYLE 15-15 523 0004\\\/PD\"},{\"@type\":\"BreadcrumbList\",\"@id\":\"https:\\\/\\\/autorival.ro\\\/alfaromeo\\\/produs\\\/disc-frana-alfa-romeo-giulia-952_-2-2-d-952aem250-952aea250-diesel-160-cai-meyle-15-15-523-0004-pd\\\/#breadcrumb\",\"itemListElement\":[{\"@type\":\"ListItem\",\"position\":1,\"name\":\"Prima pagin\u0103\",\"item\":\"https:\\\/\\\/autorival.ro\\\/alfaromeo\\\/\"},{\"@type\":\"ListItem\",\"position\":2,\"name\":\"Piese auto ALFA ROMEO\",\"item\":\"https:\\\/\\\/autorival.ro\\\/alfaromeo\\\/\"},{\"@type\":\"ListItem\",\"position\":3,\"name\":\"Disc frana ALFA ROMEO GIULIA (952_) 2.2 D (952AEM250, 952AEA250) diesel 160 cai MEYLE 15-15 523 0004\\\/PD\"}]},{\"@type\":\"WebSite\",\"@id\":\"https:\\\/\\\/autorival.ro\\\/alfaromeo\\\/#website\",\"url\":\"https:\\\/\\\/autorival.ro\\\/alfaromeo\\\/\",\"name\":\"ALFA ROMEO\",\"description\":\"\",\"potentialAction\":[{\"@type\":\"SearchAction\",\"target\":{\"@type\":\"EntryPoint\",\"urlTemplate\":\"https:\\\/\\\/autorival.ro\\\/alfaromeo\\\/?s={search_term_string}\"},\"query-input\":{\"@type\":\"PropertyValueSpecification\",\"valueRequired\":true,\"valueName\":\"search_term_string\"}}],\"inLanguage\":\"en-US\"}]}<\/script>\n<!-- \/ Yoast SEO plugin. -->","yoast_head_json":{"title":"Disc frana ALFA ROMEO GIULIA (952_) 2.2 D (952AEM250, 952AEA250) diesel 160 cai MEYLE 15-15 523 0004\/PD ALFA ROMEO | MEYLE - Autorival","description":"\u26a1 Disc frana ALFA ROMEO GIULIA (952_) 2.2 D (952AEM250, 952AEA250) diesel 160 cai MEYLE 15-15 523 0004\/PD pentru ALFA ROMEO la doar 228.9 RON. \u2713 Cod: 15-15 \u2713 Brand: MEYLE \u2713 \u00cen stoc \u2713 Livrare 24h \u2713 Garan\u021bie!","robots":{"index":"index","follow":"follow","max-snippet":"max-snippet:-1","max-image-preview":"max-image-preview:large","max-video-preview":"max-video-preview:-1"},"og_locale":"en_US","og_type":"article","og_title":"Disc frana ALFA ROMEO GIULIA (952_) 2.2 D (952AEM250, 952AEA250) diesel 160 cai MEYLE 15-15 523 0004\/PD ALFA ROMEO | MEYLE - Autorival","og_description":"\u26a1 Disc frana ALFA ROMEO GIULIA (952_) 2.2 D (952AEM250, 952AEA250) diesel 160 cai MEYLE 15-15 523 0004\/PD pentru ALFA ROMEO la doar 228.9 RON. \u2713 Cod: 15-15 \u2713 Brand: MEYLE \u2713 \u00cen stoc \u2713 Livrare 24h \u2713 Garan\u021bie!","og_url":"https:\/\/autorival.ro\/alfaromeo\/produs\/disc-frana-alfa-romeo-giulia-952_-2-2-d-952aem250-952aea250-diesel-160-cai-meyle-15-15-523-0004-pd\/","og_site_name":"ALFA ROMEO","og_image":[{"width":600,"height":400,"url":"https:\/\/autorival.ro\/alfaromeo\/wp-content\/uploads\/sites\/4\/2025\/04\/fs_15155230004pd_1.jpg","type":"image\/jpeg"}],"twitter_card":"summary_large_image","twitter_title":"Disc frana ALFA ROMEO GIULIA (952_) 2.2 D (952AEM250, 952AEA250) diesel 160 cai MEYLE 15-15 523 0004\/PD ALFA ROMEO | MEYLE - Autorival","twitter_description":"\u26a1 Disc frana ALFA ROMEO GIULIA (952_) 2.2 D (952AEM250, 952AEA250) diesel 160 cai MEYLE 15-15 523 0004\/PD pentru ALFA ROMEO la doar 228.9 RON. \u2713 Cod: 15-15 \u2713 Brand: MEYLE \u2713 \u00cen stoc \u2713 Livrare 24h \u2713 Garan\u021bie!","schema":{"@context":"https:\/\/schema.org","@graph":[{"@type":"WebPage","@id":"https:\/\/autorival.ro\/alfaromeo\/produs\/disc-frana-alfa-romeo-giulia-952_-2-2-d-952aem250-952aea250-diesel-160-cai-meyle-15-15-523-0004-pd\/","url":"https:\/\/autorival.ro\/alfaromeo\/produs\/disc-frana-alfa-romeo-giulia-952_-2-2-d-952aem250-952aea250-diesel-160-cai-meyle-15-15-523-0004-pd\/","name":"Disc frana ALFA ROMEO GIULIA (952_) 2.2 D (952AEM250, 952AEA250) diesel 160 cai MEYLE 15-15 523 0004\/PD ALFA ROMEO | MEYLE - Autorival","isPartOf":{"@id":"https:\/\/autorival.ro\/alfaromeo\/#website"},"primaryImageOfPage":{"@id":"https:\/\/autorival.ro\/alfaromeo\/produs\/disc-frana-alfa-romeo-giulia-952_-2-2-d-952aem250-952aea250-diesel-160-cai-meyle-15-15-523-0004-pd\/#primaryimage"},"image":{"@id":"https:\/\/autorival.ro\/alfaromeo\/produs\/disc-frana-alfa-romeo-giulia-952_-2-2-d-952aem250-952aea250-diesel-160-cai-meyle-15-15-523-0004-pd\/#primaryimage"},"thumbnailUrl":"https:\/\/autorival.ro\/alfaromeo\/wp-content\/uploads\/sites\/4\/2025\/04\/fs_15155230004pd_1.jpg","datePublished":"2025-04-28T16:22:04+00:00","description":"\u26a1 Disc frana ALFA ROMEO GIULIA (952_) 2.2 D (952AEM250, 952AEA250) diesel 160 cai MEYLE 15-15 523 0004\/PD pentru ALFA ROMEO la doar 228.9 RON. \u2713 Cod: 15-15 \u2713 Brand: MEYLE \u2713 \u00cen stoc \u2713 Livrare 24h \u2713 Garan\u021bie!","breadcrumb":{"@id":"https:\/\/autorival.ro\/alfaromeo\/produs\/disc-frana-alfa-romeo-giulia-952_-2-2-d-952aem250-952aea250-diesel-160-cai-meyle-15-15-523-0004-pd\/#breadcrumb"},"inLanguage":"en-US","potentialAction":[{"@type":"ReadAction","target":["https:\/\/autorival.ro\/alfaromeo\/produs\/disc-frana-alfa-romeo-giulia-952_-2-2-d-952aem250-952aea250-diesel-160-cai-meyle-15-15-523-0004-pd\/"]}]},{"@type":"ImageObject","inLanguage":"en-US","@id":"https:\/\/autorival.ro\/alfaromeo\/produs\/disc-frana-alfa-romeo-giulia-952_-2-2-d-952aem250-952aea250-diesel-160-cai-meyle-15-15-523-0004-pd\/#primaryimage","url":"https:\/\/autorival.ro\/alfaromeo\/wp-content\/uploads\/sites\/4\/2025\/04\/fs_15155230004pd_1.jpg","contentUrl":"https:\/\/autorival.ro\/alfaromeo\/wp-content\/uploads\/sites\/4\/2025\/04\/fs_15155230004pd_1.jpg","width":600,"height":400,"caption":"Disc frana -> ALFA ROMEO GIULIA (952_) 2.2 D (952AGA250, 952AGM250, 952ASM2, 952ASA2) diesel 136 cai -> MEYLE 15-15 523 0004\/PD"},{"@type":"BreadcrumbList","@id":"https:\/\/autorival.ro\/alfaromeo\/produs\/disc-frana-alfa-romeo-giulia-952_-2-2-d-952aem250-952aea250-diesel-160-cai-meyle-15-15-523-0004-pd\/#breadcrumb","itemListElement":[{"@type":"ListItem","position":1,"name":"Prima pagin\u0103","item":"https:\/\/autorival.ro\/alfaromeo\/"},{"@type":"ListItem","position":2,"name":"Piese auto ALFA ROMEO","item":"https:\/\/autorival.ro\/alfaromeo\/"},{"@type":"ListItem","position":3,"name":"Disc frana ALFA ROMEO GIULIA (952_) 2.2 D (952AEM250, 952AEA250) diesel 160 cai MEYLE 15-15 523 0004\/PD"}]},{"@type":"WebSite","@id":"https:\/\/autorival.ro\/alfaromeo\/#website","url":"https:\/\/autorival.ro\/alfaromeo\/","name":"ALFA ROMEO","description":"","potentialAction":[{"@type":"SearchAction","target":{"@type":"EntryPoint","urlTemplate":"https:\/\/autorival.ro\/alfaromeo\/?s={search_term_string}"},"query-input":{"@type":"PropertyValueSpecification","valueRequired":true,"valueName":"search_term_string"}}],"inLanguage":"en-US"}]}},"_links":{"self":[{"href":"https:\/\/autorival.ro\/alfaromeo\/wp-json\/wp\/v2\/product\/3820","targetHints":{"allow":["GET"]}}],"collection":[{"href":"https:\/\/autorival.ro\/alfaromeo\/wp-json\/wp\/v2\/product"}],"about":[{"href":"https:\/\/autorival.ro\/alfaromeo\/wp-json\/wp\/v2\/types\/product"}],"replies":[{"embeddable":true,"href":"https:\/\/autorival.ro\/alfaromeo\/wp-json\/wp\/v2\/comments?post=3820"}],"wp:featuredmedia":[{"embeddable":true,"href":"https:\/\/autorival.ro\/alfaromeo\/wp-json\/wp\/v2\/media\/1593"}],"wp:attachment":[{"href":"https:\/\/autorival.ro\/alfaromeo\/wp-json\/wp\/v2\/media?parent=3820"}],"wp:term":[{"taxonomy":"product_brand","embeddable":true,"href":"https:\/\/autorival.ro\/alfaromeo\/wp-json\/wp\/v2\/product_brand?post=3820"},{"taxonomy":"product_cat","embeddable":true,"href":"https:\/\/autorival.ro\/alfaromeo\/wp-json\/wp\/v2\/product_cat?post=3820"},{"taxonomy":"product_tag","embeddable":true,"href":"https:\/\/autorival.ro\/alfaromeo\/wp-json\/wp\/v2\/product_tag?post=3820"}],"curies":[{"name":"wp","href":"https:\/\/api.w.org\/{rel}","templated":true}]}}