{"id":35081,"date":"2025-04-28T18:20:58","date_gmt":"2025-04-28T18:20:58","guid":{"rendered":"https:\/\/autorival.ro\/alfaromeo\/product\/disc-frana-alfa-romeo-mito-955_-0-9-twinair-955axy1b-955axz1b-benzina-101-cai-mastersport-germany-24012201971-pcs-ms\/"},"modified":"2025-04-28T18:20:58","modified_gmt":"2025-04-28T18:20:58","slug":"disc-frana-alfa-romeo-mito-955_-0-9-twinair-955axy1b-955axz1b-benzina-101-cai-mastersport-germany-24012201971-pcs-ms","status":"publish","type":"product","link":"https:\/\/autorival.ro\/alfaromeo\/produs\/disc-frana-alfa-romeo-mito-955_-0-9-twinair-955axy1b-955axz1b-benzina-101-cai-mastersport-germany-24012201971-pcs-ms\/","title":{"rendered":"Disc frana   ALFA ROMEO MITO (955_) 0.9 TwinAir (955AXY1B, 955AXZ1B) benzina 101 cai   MASTERSPORT GERMANY 24012201971-PCS-MS"},"content":{"rendered":"<p> ->Diametru exterior [mm]: 258Tip disc fr\u00e2na: ventilat ->Grosime disc fr\u00e2na [mm]: 22Partea de montare: punte fata ->\u00cenaltime [mm]: 40,5 ->Diametrul orificiului [mm]: 13 ->Grosime minima [mm]: 20,2 ->Diametru interior [mm]: 127Numar gauri: 4 ->Diametru de centrare [mm]: 59Asezare gauri \u00c3\u02dc [mm]: 98 ->Greutate neta [kg]: 5,09 ->Greutate brut\u00c4\u0192 [kg]: 5,25Numar bucati necesare: 2<\/p>\n","protected":false},"excerpt":{"rendered":"<p>Producator: MASTERSPORT GERMANY Cod producator: 24012201971-PCS-MS<\/p>\n","protected":false},"featured_media":33571,"comment_status":"open","ping_status":"closed","template":"","meta":[],"product_brand":[],"product_cat":[3404],"product_tag":[6522,6663,6583,6874,6873,7068,6523],"class_list":{"0":"post-35081","1":"product","2":"type-product","3":"status-publish","4":"has-post-thumbnail","6":"product_cat-disc-frana-955_-0-9-twinair-955axy1b-955axz1b-benzina-101","7":"product_tag-alfa","8":"product_tag-disc","9":"product_tag-frana","10":"product_tag-germany","11":"product_tag-mastersport","12":"product_tag-mito","13":"product_tag-romeo","15":"first","16":"instock","17":"shipping-taxable","18":"purchasable","19":"product-type-simple"},"yoast_head":"<!-- This site is optimized with the Yoast SEO plugin v27.3 - https:\/\/yoast.com\/product\/yoast-seo-wordpress\/ -->\n<title>Disc frana ALFA ROMEO MITO (955_) 0.9 TwinAir (955AXY1B, 955AXZ1B) benzina 101 cai MASTERSPORT GERMANY 24012201971-PCS-MS ALFA ROMEO | MASTERSPORT - Autorival<\/title>\n<meta name=\"description\" content=\"\u26a1 Disc frana ALFA ROMEO MITO (955_) 0.9 TwinAir (955AXY1B, 955AXZ1B) benzina 101 cai MASTERSPORT GERMANY 24012201971-PCS-MS pentru ALFA ROMEO la doar 220.5 RON. \u2713 Cod: 24012201971-PCS-MS \u2713 Brand: MASTERSPORT \u2713 \u00cen stoc \u2713 Livrare 24h \u2713 Garan\u021bie!\" \/>\n<meta name=\"robots\" content=\"index, follow, max-snippet:-1, max-image-preview:large, max-video-preview:-1\" \/>\n<meta property=\"og:locale\" content=\"en_US\" \/>\n<meta property=\"og:type\" content=\"article\" \/>\n<meta property=\"og:title\" content=\"Disc frana ALFA ROMEO MITO (955_) 0.9 TwinAir (955AXY1B, 955AXZ1B) benzina 101 cai MASTERSPORT GERMANY 24012201971-PCS-MS ALFA ROMEO | MASTERSPORT - Autorival\" \/>\n<meta property=\"og:description\" content=\"\u26a1 Disc frana ALFA ROMEO MITO (955_) 0.9 TwinAir (955AXY1B, 955AXZ1B) benzina 101 cai MASTERSPORT GERMANY 24012201971-PCS-MS pentru ALFA ROMEO la doar 220.5 RON. \u2713 Cod: 24012201971-PCS-MS \u2713 Brand: MASTERSPORT \u2713 \u00cen stoc \u2713 Livrare 24h \u2713 Garan\u021bie!\" \/>\n<meta property=\"og:url\" content=\"https:\/\/autorival.ro\/alfaromeo\/produs\/disc-frana-alfa-romeo-mito-955_-0-9-twinair-955axy1b-955axz1b-benzina-101-cai-mastersport-germany-24012201971-pcs-ms\/\" \/>\n<meta property=\"og:site_name\" content=\"ALFA ROMEO\" \/>\n<meta property=\"og:image\" content=\"https:\/\/autorival.ro\/alfaromeo\/wp-content\/uploads\/sites\/4\/2025\/04\/24012201971-pcs-ms.jpg\" \/>\n\t<meta property=\"og:image:width\" content=\"1500\" \/>\n\t<meta property=\"og:image:height\" content=\"1500\" \/>\n\t<meta property=\"og:image:type\" content=\"image\/jpeg\" \/>\n<meta name=\"twitter:card\" content=\"summary_large_image\" \/>\n<meta name=\"twitter:title\" content=\"Disc frana ALFA ROMEO MITO (955_) 0.9 TwinAir (955AXY1B, 955AXZ1B) benzina 101 cai MASTERSPORT GERMANY 24012201971-PCS-MS ALFA ROMEO | MASTERSPORT - Autorival\" \/>\n<meta name=\"twitter:description\" content=\"\u26a1 Disc frana ALFA ROMEO MITO (955_) 0.9 TwinAir (955AXY1B, 955AXZ1B) benzina 101 cai MASTERSPORT GERMANY 24012201971-PCS-MS pentru ALFA ROMEO la doar 220.5 RON. \u2713 Cod: 24012201971-PCS-MS \u2713 Brand: MASTERSPORT \u2713 \u00cen stoc \u2713 Livrare 24h \u2713 Garan\u021bie!\" \/>\n<script type=\"application\/ld+json\" class=\"yoast-schema-graph\">{\"@context\":\"https:\\\/\\\/schema.org\",\"@graph\":[{\"@type\":\"WebPage\",\"@id\":\"https:\\\/\\\/autorival.ro\\\/alfaromeo\\\/produs\\\/disc-frana-alfa-romeo-mito-955_-0-9-twinair-955axy1b-955axz1b-benzina-101-cai-mastersport-germany-24012201971-pcs-ms\\\/\",\"url\":\"https:\\\/\\\/autorival.ro\\\/alfaromeo\\\/produs\\\/disc-frana-alfa-romeo-mito-955_-0-9-twinair-955axy1b-955axz1b-benzina-101-cai-mastersport-germany-24012201971-pcs-ms\\\/\",\"name\":\"Disc frana ALFA ROMEO MITO (955_) 0.9 TwinAir (955AXY1B, 955AXZ1B) benzina 101 cai MASTERSPORT GERMANY 24012201971-PCS-MS ALFA ROMEO | MASTERSPORT - Autorival\",\"isPartOf\":{\"@id\":\"https:\\\/\\\/autorival.ro\\\/alfaromeo\\\/#website\"},\"primaryImageOfPage\":{\"@id\":\"https:\\\/\\\/autorival.ro\\\/alfaromeo\\\/produs\\\/disc-frana-alfa-romeo-mito-955_-0-9-twinair-955axy1b-955axz1b-benzina-101-cai-mastersport-germany-24012201971-pcs-ms\\\/#primaryimage\"},\"image\":{\"@id\":\"https:\\\/\\\/autorival.ro\\\/alfaromeo\\\/produs\\\/disc-frana-alfa-romeo-mito-955_-0-9-twinair-955axy1b-955axz1b-benzina-101-cai-mastersport-germany-24012201971-pcs-ms\\\/#primaryimage\"},\"thumbnailUrl\":\"https:\\\/\\\/autorival.ro\\\/alfaromeo\\\/wp-content\\\/uploads\\\/sites\\\/4\\\/2025\\\/04\\\/24012201971-pcs-ms.jpg\",\"datePublished\":\"2025-04-28T18:20:58+00:00\",\"description\":\"\u26a1 Disc frana ALFA ROMEO MITO (955_) 0.9 TwinAir (955AXY1B, 955AXZ1B) benzina 101 cai MASTERSPORT GERMANY 24012201971-PCS-MS pentru ALFA ROMEO la doar 220.5 RON. \u2713 Cod: 24012201971-PCS-MS \u2713 Brand: MASTERSPORT \u2713 \u00cen stoc \u2713 Livrare 24h \u2713 Garan\u021bie!\",\"breadcrumb\":{\"@id\":\"https:\\\/\\\/autorival.ro\\\/alfaromeo\\\/produs\\\/disc-frana-alfa-romeo-mito-955_-0-9-twinair-955axy1b-955axz1b-benzina-101-cai-mastersport-germany-24012201971-pcs-ms\\\/#breadcrumb\"},\"inLanguage\":\"en-US\",\"potentialAction\":[{\"@type\":\"ReadAction\",\"target\":[\"https:\\\/\\\/autorival.ro\\\/alfaromeo\\\/produs\\\/disc-frana-alfa-romeo-mito-955_-0-9-twinair-955axy1b-955axz1b-benzina-101-cai-mastersport-germany-24012201971-pcs-ms\\\/\"]}]},{\"@type\":\"ImageObject\",\"inLanguage\":\"en-US\",\"@id\":\"https:\\\/\\\/autorival.ro\\\/alfaromeo\\\/produs\\\/disc-frana-alfa-romeo-mito-955_-0-9-twinair-955axy1b-955axz1b-benzina-101-cai-mastersport-germany-24012201971-pcs-ms\\\/#primaryimage\",\"url\":\"https:\\\/\\\/autorival.ro\\\/alfaromeo\\\/wp-content\\\/uploads\\\/sites\\\/4\\\/2025\\\/04\\\/24012201971-pcs-ms.jpg\",\"contentUrl\":\"https:\\\/\\\/autorival.ro\\\/alfaromeo\\\/wp-content\\\/uploads\\\/sites\\\/4\\\/2025\\\/04\\\/24012201971-pcs-ms.jpg\",\"width\":1500,\"height\":1500,\"caption\":\"Disc frana -> ALFA ROMEO MITO (955_) 0.9 TwinAir (955.AXW1B) benzina 86 cai -> MASTERSPORT GERMANY 24012201971-PCS-MS\"},{\"@type\":\"BreadcrumbList\",\"@id\":\"https:\\\/\\\/autorival.ro\\\/alfaromeo\\\/produs\\\/disc-frana-alfa-romeo-mito-955_-0-9-twinair-955axy1b-955axz1b-benzina-101-cai-mastersport-germany-24012201971-pcs-ms\\\/#breadcrumb\",\"itemListElement\":[{\"@type\":\"ListItem\",\"position\":1,\"name\":\"Prima pagin\u0103\",\"item\":\"https:\\\/\\\/autorival.ro\\\/alfaromeo\\\/\"},{\"@type\":\"ListItem\",\"position\":2,\"name\":\"Piese auto ALFA ROMEO\",\"item\":\"https:\\\/\\\/autorival.ro\\\/alfaromeo\\\/\"},{\"@type\":\"ListItem\",\"position\":3,\"name\":\"Disc frana ALFA ROMEO MITO (955_) 0.9 TwinAir (955AXY1B, 955AXZ1B) benzina 101 cai MASTERSPORT GERMANY 24012201971-PCS-MS\"}]},{\"@type\":\"WebSite\",\"@id\":\"https:\\\/\\\/autorival.ro\\\/alfaromeo\\\/#website\",\"url\":\"https:\\\/\\\/autorival.ro\\\/alfaromeo\\\/\",\"name\":\"ALFA ROMEO\",\"description\":\"\",\"potentialAction\":[{\"@type\":\"SearchAction\",\"target\":{\"@type\":\"EntryPoint\",\"urlTemplate\":\"https:\\\/\\\/autorival.ro\\\/alfaromeo\\\/?s={search_term_string}\"},\"query-input\":{\"@type\":\"PropertyValueSpecification\",\"valueRequired\":true,\"valueName\":\"search_term_string\"}}],\"inLanguage\":\"en-US\"}]}<\/script>\n<!-- \/ Yoast SEO plugin. -->","yoast_head_json":{"title":"Disc frana ALFA ROMEO MITO (955_) 0.9 TwinAir (955AXY1B, 955AXZ1B) benzina 101 cai MASTERSPORT GERMANY 24012201971-PCS-MS ALFA ROMEO | MASTERSPORT - Autorival","description":"\u26a1 Disc frana ALFA ROMEO MITO (955_) 0.9 TwinAir (955AXY1B, 955AXZ1B) benzina 101 cai MASTERSPORT GERMANY 24012201971-PCS-MS pentru ALFA ROMEO la doar 220.5 RON. \u2713 Cod: 24012201971-PCS-MS \u2713 Brand: MASTERSPORT \u2713 \u00cen stoc \u2713 Livrare 24h \u2713 Garan\u021bie!","robots":{"index":"index","follow":"follow","max-snippet":"max-snippet:-1","max-image-preview":"max-image-preview:large","max-video-preview":"max-video-preview:-1"},"og_locale":"en_US","og_type":"article","og_title":"Disc frana ALFA ROMEO MITO (955_) 0.9 TwinAir (955AXY1B, 955AXZ1B) benzina 101 cai MASTERSPORT GERMANY 24012201971-PCS-MS ALFA ROMEO | MASTERSPORT - Autorival","og_description":"\u26a1 Disc frana ALFA ROMEO MITO (955_) 0.9 TwinAir (955AXY1B, 955AXZ1B) benzina 101 cai MASTERSPORT GERMANY 24012201971-PCS-MS pentru ALFA ROMEO la doar 220.5 RON. \u2713 Cod: 24012201971-PCS-MS \u2713 Brand: MASTERSPORT \u2713 \u00cen stoc \u2713 Livrare 24h \u2713 Garan\u021bie!","og_url":"https:\/\/autorival.ro\/alfaromeo\/produs\/disc-frana-alfa-romeo-mito-955_-0-9-twinair-955axy1b-955axz1b-benzina-101-cai-mastersport-germany-24012201971-pcs-ms\/","og_site_name":"ALFA ROMEO","og_image":[{"width":1500,"height":1500,"url":"https:\/\/autorival.ro\/alfaromeo\/wp-content\/uploads\/sites\/4\/2025\/04\/24012201971-pcs-ms.jpg","type":"image\/jpeg"}],"twitter_card":"summary_large_image","twitter_title":"Disc frana ALFA ROMEO MITO (955_) 0.9 TwinAir (955AXY1B, 955AXZ1B) benzina 101 cai MASTERSPORT GERMANY 24012201971-PCS-MS ALFA ROMEO | MASTERSPORT - Autorival","twitter_description":"\u26a1 Disc frana ALFA ROMEO MITO (955_) 0.9 TwinAir (955AXY1B, 955AXZ1B) benzina 101 cai MASTERSPORT GERMANY 24012201971-PCS-MS pentru ALFA ROMEO la doar 220.5 RON. \u2713 Cod: 24012201971-PCS-MS \u2713 Brand: MASTERSPORT \u2713 \u00cen stoc \u2713 Livrare 24h \u2713 Garan\u021bie!","schema":{"@context":"https:\/\/schema.org","@graph":[{"@type":"WebPage","@id":"https:\/\/autorival.ro\/alfaromeo\/produs\/disc-frana-alfa-romeo-mito-955_-0-9-twinair-955axy1b-955axz1b-benzina-101-cai-mastersport-germany-24012201971-pcs-ms\/","url":"https:\/\/autorival.ro\/alfaromeo\/produs\/disc-frana-alfa-romeo-mito-955_-0-9-twinair-955axy1b-955axz1b-benzina-101-cai-mastersport-germany-24012201971-pcs-ms\/","name":"Disc frana ALFA ROMEO MITO (955_) 0.9 TwinAir (955AXY1B, 955AXZ1B) benzina 101 cai MASTERSPORT GERMANY 24012201971-PCS-MS ALFA ROMEO | MASTERSPORT - Autorival","isPartOf":{"@id":"https:\/\/autorival.ro\/alfaromeo\/#website"},"primaryImageOfPage":{"@id":"https:\/\/autorival.ro\/alfaromeo\/produs\/disc-frana-alfa-romeo-mito-955_-0-9-twinair-955axy1b-955axz1b-benzina-101-cai-mastersport-germany-24012201971-pcs-ms\/#primaryimage"},"image":{"@id":"https:\/\/autorival.ro\/alfaromeo\/produs\/disc-frana-alfa-romeo-mito-955_-0-9-twinair-955axy1b-955axz1b-benzina-101-cai-mastersport-germany-24012201971-pcs-ms\/#primaryimage"},"thumbnailUrl":"https:\/\/autorival.ro\/alfaromeo\/wp-content\/uploads\/sites\/4\/2025\/04\/24012201971-pcs-ms.jpg","datePublished":"2025-04-28T18:20:58+00:00","description":"\u26a1 Disc frana ALFA ROMEO MITO (955_) 0.9 TwinAir (955AXY1B, 955AXZ1B) benzina 101 cai MASTERSPORT GERMANY 24012201971-PCS-MS pentru ALFA ROMEO la doar 220.5 RON. \u2713 Cod: 24012201971-PCS-MS \u2713 Brand: MASTERSPORT \u2713 \u00cen stoc \u2713 Livrare 24h \u2713 Garan\u021bie!","breadcrumb":{"@id":"https:\/\/autorival.ro\/alfaromeo\/produs\/disc-frana-alfa-romeo-mito-955_-0-9-twinair-955axy1b-955axz1b-benzina-101-cai-mastersport-germany-24012201971-pcs-ms\/#breadcrumb"},"inLanguage":"en-US","potentialAction":[{"@type":"ReadAction","target":["https:\/\/autorival.ro\/alfaromeo\/produs\/disc-frana-alfa-romeo-mito-955_-0-9-twinair-955axy1b-955axz1b-benzina-101-cai-mastersport-germany-24012201971-pcs-ms\/"]}]},{"@type":"ImageObject","inLanguage":"en-US","@id":"https:\/\/autorival.ro\/alfaromeo\/produs\/disc-frana-alfa-romeo-mito-955_-0-9-twinair-955axy1b-955axz1b-benzina-101-cai-mastersport-germany-24012201971-pcs-ms\/#primaryimage","url":"https:\/\/autorival.ro\/alfaromeo\/wp-content\/uploads\/sites\/4\/2025\/04\/24012201971-pcs-ms.jpg","contentUrl":"https:\/\/autorival.ro\/alfaromeo\/wp-content\/uploads\/sites\/4\/2025\/04\/24012201971-pcs-ms.jpg","width":1500,"height":1500,"caption":"Disc frana -> ALFA ROMEO MITO (955_) 0.9 TwinAir (955.AXW1B) benzina 86 cai -> MASTERSPORT GERMANY 24012201971-PCS-MS"},{"@type":"BreadcrumbList","@id":"https:\/\/autorival.ro\/alfaromeo\/produs\/disc-frana-alfa-romeo-mito-955_-0-9-twinair-955axy1b-955axz1b-benzina-101-cai-mastersport-germany-24012201971-pcs-ms\/#breadcrumb","itemListElement":[{"@type":"ListItem","position":1,"name":"Prima pagin\u0103","item":"https:\/\/autorival.ro\/alfaromeo\/"},{"@type":"ListItem","position":2,"name":"Piese auto ALFA ROMEO","item":"https:\/\/autorival.ro\/alfaromeo\/"},{"@type":"ListItem","position":3,"name":"Disc frana ALFA ROMEO MITO (955_) 0.9 TwinAir (955AXY1B, 955AXZ1B) benzina 101 cai MASTERSPORT GERMANY 24012201971-PCS-MS"}]},{"@type":"WebSite","@id":"https:\/\/autorival.ro\/alfaromeo\/#website","url":"https:\/\/autorival.ro\/alfaromeo\/","name":"ALFA ROMEO","description":"","potentialAction":[{"@type":"SearchAction","target":{"@type":"EntryPoint","urlTemplate":"https:\/\/autorival.ro\/alfaromeo\/?s={search_term_string}"},"query-input":{"@type":"PropertyValueSpecification","valueRequired":true,"valueName":"search_term_string"}}],"inLanguage":"en-US"}]}},"_links":{"self":[{"href":"https:\/\/autorival.ro\/alfaromeo\/wp-json\/wp\/v2\/product\/35081","targetHints":{"allow":["GET"]}}],"collection":[{"href":"https:\/\/autorival.ro\/alfaromeo\/wp-json\/wp\/v2\/product"}],"about":[{"href":"https:\/\/autorival.ro\/alfaromeo\/wp-json\/wp\/v2\/types\/product"}],"replies":[{"embeddable":true,"href":"https:\/\/autorival.ro\/alfaromeo\/wp-json\/wp\/v2\/comments?post=35081"}],"wp:featuredmedia":[{"embeddable":true,"href":"https:\/\/autorival.ro\/alfaromeo\/wp-json\/wp\/v2\/media\/33571"}],"wp:attachment":[{"href":"https:\/\/autorival.ro\/alfaromeo\/wp-json\/wp\/v2\/media?parent=35081"}],"wp:term":[{"taxonomy":"product_brand","embeddable":true,"href":"https:\/\/autorival.ro\/alfaromeo\/wp-json\/wp\/v2\/product_brand?post=35081"},{"taxonomy":"product_cat","embeddable":true,"href":"https:\/\/autorival.ro\/alfaromeo\/wp-json\/wp\/v2\/product_cat?post=35081"},{"taxonomy":"product_tag","embeddable":true,"href":"https:\/\/autorival.ro\/alfaromeo\/wp-json\/wp\/v2\/product_tag?post=35081"}],"curies":[{"name":"wp","href":"https:\/\/api.w.org\/{rel}","templated":true}]}}