{"id":26146,"date":"2025-04-28T17:40:01","date_gmt":"2025-04-28T17:40:01","guid":{"rendered":"https:\/\/autorival.ro\/alfaromeo\/product\/placute-frana-alfa-romeo-mito-955_-1-6-jtdm-955axc1b-diesel-120-cai-zimmermann-23711-190-2\/"},"modified":"2025-04-28T17:40:01","modified_gmt":"2025-04-28T17:40:01","slug":"placute-frana-alfa-romeo-mito-955_-1-6-jtdm-955axc1b-diesel-120-cai-zimmermann-23711-190-2","status":"publish","type":"product","link":"https:\/\/autorival.ro\/alfaromeo\/produs\/placute-frana-alfa-romeo-mito-955_-1-6-jtdm-955axc1b-diesel-120-cai-zimmermann-23711-190-2\/","title":{"rendered":"Placute frana   ALFA ROMEO MITO (955_) 1.6 JTDM (955AXC1B) diesel 120 cai   ZIMMERMANN 23711.190.2"},"content":{"rendered":"<p>Partea de montare: punte fataAn fabricatie de la: 201010Sistem de fr\u00e2nare: BOSCH ->Latime [mm]: 151 ->\u00cenaltime [mm]: 58 ->Grosime [mm]: 19Contact indicator uzura: inclusiv contact avertizare uzuraNum\u00c4\u0192rul indicatorilor de uzur\u00c4\u0192 [per ax\u00c4\u0192]: 2 ->Lungime contact avertizare [mm]: 205Articol extins\/Informatii de extindere: Fotografia corespunde volumului livr\u00c4\u0192riiAprobare: ECE R90 APPROVED<\/p>\n","protected":false},"excerpt":{"rendered":"<p>Producator: ZIMMERMANN Cod producator: 23711.190.2<\/p>\n","protected":false},"featured_media":13052,"comment_status":"open","ping_status":"closed","template":"","meta":[],"product_brand":[],"product_cat":[2565],"product_tag":[6522,6583,7359,7068,6599,6523,6877],"class_list":{"0":"post-26146","1":"product","2":"type-product","3":"status-publish","4":"has-post-thumbnail","6":"product_cat-placute-frana-955_-1-6-jtdm-955axc1b-diesel-120","7":"product_tag-alfa","8":"product_tag-frana","9":"product_tag-jtdm","10":"product_tag-mito","11":"product_tag-placute","12":"product_tag-romeo","13":"product_tag-zimmermann","15":"first","16":"instock","17":"shipping-taxable","18":"purchasable","19":"product-type-simple"},"yoast_head":"<!-- This site is optimized with the Yoast SEO plugin v27.3 - https:\/\/yoast.com\/product\/yoast-seo-wordpress\/ -->\n<title>Placute frana ALFA ROMEO MITO (955_) 1.6 JTDM (955AXC1B) diesel 120 cai ZIMMERMANN 23711.190.2 ALFA ROMEO | ZIMMERMANN - Autorival<\/title>\n<meta name=\"description\" content=\"\u26a1 Placute frana ALFA ROMEO MITO (955_) 1.6 JTDM (955AXC1B) diesel 120 cai ZIMMERMANN 23711.190.2 pentru ALFA ROMEO la doar 464.1 RON. \u2713 Cod: 23711 \u2713 Brand: ZIMMERMANN \u2713 \u00cen stoc \u2713 Livrare 24h \u2713 Garan\u021bie!\" \/>\n<meta name=\"robots\" content=\"index, follow, max-snippet:-1, max-image-preview:large, max-video-preview:-1\" \/>\n<meta property=\"og:locale\" content=\"en_US\" \/>\n<meta property=\"og:type\" content=\"article\" \/>\n<meta property=\"og:title\" content=\"Placute frana ALFA ROMEO MITO (955_) 1.6 JTDM (955AXC1B) diesel 120 cai ZIMMERMANN 23711.190.2 ALFA ROMEO | ZIMMERMANN - Autorival\" \/>\n<meta property=\"og:description\" content=\"\u26a1 Placute frana ALFA ROMEO MITO (955_) 1.6 JTDM (955AXC1B) diesel 120 cai ZIMMERMANN 23711.190.2 pentru ALFA ROMEO la doar 464.1 RON. \u2713 Cod: 23711 \u2713 Brand: ZIMMERMANN \u2713 \u00cen stoc \u2713 Livrare 24h \u2713 Garan\u021bie!\" \/>\n<meta property=\"og:url\" content=\"https:\/\/autorival.ro\/alfaromeo\/produs\/placute-frana-alfa-romeo-mito-955_-1-6-jtdm-955axc1b-diesel-120-cai-zimmermann-23711-190-2\/\" \/>\n<meta property=\"og:site_name\" content=\"ALFA ROMEO\" \/>\n<meta property=\"og:image\" content=\"https:\/\/autorival.ro\/alfaromeo\/wp-content\/uploads\/sites\/4\/2025\/04\/23711.190.2.jpg\" \/>\n\t<meta property=\"og:image:width\" content=\"398\" \/>\n\t<meta property=\"og:image:height\" content=\"398\" \/>\n\t<meta property=\"og:image:type\" content=\"image\/jpeg\" \/>\n<meta name=\"twitter:card\" content=\"summary_large_image\" \/>\n<meta name=\"twitter:title\" content=\"Placute frana ALFA ROMEO MITO (955_) 1.6 JTDM (955AXC1B) diesel 120 cai ZIMMERMANN 23711.190.2 ALFA ROMEO | ZIMMERMANN - Autorival\" \/>\n<meta name=\"twitter:description\" content=\"\u26a1 Placute frana ALFA ROMEO MITO (955_) 1.6 JTDM (955AXC1B) diesel 120 cai ZIMMERMANN 23711.190.2 pentru ALFA ROMEO la doar 464.1 RON. \u2713 Cod: 23711 \u2713 Brand: ZIMMERMANN \u2713 \u00cen stoc \u2713 Livrare 24h \u2713 Garan\u021bie!\" \/>\n<script type=\"application\/ld+json\" class=\"yoast-schema-graph\">{\"@context\":\"https:\\\/\\\/schema.org\",\"@graph\":[{\"@type\":\"WebPage\",\"@id\":\"https:\\\/\\\/autorival.ro\\\/alfaromeo\\\/produs\\\/placute-frana-alfa-romeo-mito-955_-1-6-jtdm-955axc1b-diesel-120-cai-zimmermann-23711-190-2\\\/\",\"url\":\"https:\\\/\\\/autorival.ro\\\/alfaromeo\\\/produs\\\/placute-frana-alfa-romeo-mito-955_-1-6-jtdm-955axc1b-diesel-120-cai-zimmermann-23711-190-2\\\/\",\"name\":\"Placute frana ALFA ROMEO MITO (955_) 1.6 JTDM (955AXC1B) diesel 120 cai ZIMMERMANN 23711.190.2 ALFA ROMEO | ZIMMERMANN - Autorival\",\"isPartOf\":{\"@id\":\"https:\\\/\\\/autorival.ro\\\/alfaromeo\\\/#website\"},\"primaryImageOfPage\":{\"@id\":\"https:\\\/\\\/autorival.ro\\\/alfaromeo\\\/produs\\\/placute-frana-alfa-romeo-mito-955_-1-6-jtdm-955axc1b-diesel-120-cai-zimmermann-23711-190-2\\\/#primaryimage\"},\"image\":{\"@id\":\"https:\\\/\\\/autorival.ro\\\/alfaromeo\\\/produs\\\/placute-frana-alfa-romeo-mito-955_-1-6-jtdm-955axc1b-diesel-120-cai-zimmermann-23711-190-2\\\/#primaryimage\"},\"thumbnailUrl\":\"https:\\\/\\\/autorival.ro\\\/alfaromeo\\\/wp-content\\\/uploads\\\/sites\\\/4\\\/2025\\\/04\\\/23711.190.2.jpg\",\"datePublished\":\"2025-04-28T17:40:01+00:00\",\"description\":\"\u26a1 Placute frana ALFA ROMEO MITO (955_) 1.6 JTDM (955AXC1B) diesel 120 cai ZIMMERMANN 23711.190.2 pentru ALFA ROMEO la doar 464.1 RON. \u2713 Cod: 23711 \u2713 Brand: ZIMMERMANN \u2713 \u00cen stoc \u2713 Livrare 24h \u2713 Garan\u021bie!\",\"breadcrumb\":{\"@id\":\"https:\\\/\\\/autorival.ro\\\/alfaromeo\\\/produs\\\/placute-frana-alfa-romeo-mito-955_-1-6-jtdm-955axc1b-diesel-120-cai-zimmermann-23711-190-2\\\/#breadcrumb\"},\"inLanguage\":\"en-US\",\"potentialAction\":[{\"@type\":\"ReadAction\",\"target\":[\"https:\\\/\\\/autorival.ro\\\/alfaromeo\\\/produs\\\/placute-frana-alfa-romeo-mito-955_-1-6-jtdm-955axc1b-diesel-120-cai-zimmermann-23711-190-2\\\/\"]}]},{\"@type\":\"ImageObject\",\"inLanguage\":\"en-US\",\"@id\":\"https:\\\/\\\/autorival.ro\\\/alfaromeo\\\/produs\\\/placute-frana-alfa-romeo-mito-955_-1-6-jtdm-955axc1b-diesel-120-cai-zimmermann-23711-190-2\\\/#primaryimage\",\"url\":\"https:\\\/\\\/autorival.ro\\\/alfaromeo\\\/wp-content\\\/uploads\\\/sites\\\/4\\\/2025\\\/04\\\/23711.190.2.jpg\",\"contentUrl\":\"https:\\\/\\\/autorival.ro\\\/alfaromeo\\\/wp-content\\\/uploads\\\/sites\\\/4\\\/2025\\\/04\\\/23711.190.2.jpg\",\"width\":398,\"height\":398,\"caption\":\"Placute frana -> ALFA ROMEO MITO (955_) 1.3 MultiJet (955AXT1A, 955AYA1A) diesel 80 cai -> ZIMMERMANN 23711.190.2\"},{\"@type\":\"BreadcrumbList\",\"@id\":\"https:\\\/\\\/autorival.ro\\\/alfaromeo\\\/produs\\\/placute-frana-alfa-romeo-mito-955_-1-6-jtdm-955axc1b-diesel-120-cai-zimmermann-23711-190-2\\\/#breadcrumb\",\"itemListElement\":[{\"@type\":\"ListItem\",\"position\":1,\"name\":\"Prima pagin\u0103\",\"item\":\"https:\\\/\\\/autorival.ro\\\/alfaromeo\\\/\"},{\"@type\":\"ListItem\",\"position\":2,\"name\":\"Piese auto ALFA ROMEO\",\"item\":\"https:\\\/\\\/autorival.ro\\\/alfaromeo\\\/\"},{\"@type\":\"ListItem\",\"position\":3,\"name\":\"Placute frana ALFA ROMEO MITO (955_) 1.6 JTDM (955AXC1B) diesel 120 cai ZIMMERMANN 23711.190.2\"}]},{\"@type\":\"WebSite\",\"@id\":\"https:\\\/\\\/autorival.ro\\\/alfaromeo\\\/#website\",\"url\":\"https:\\\/\\\/autorival.ro\\\/alfaromeo\\\/\",\"name\":\"ALFA ROMEO\",\"description\":\"\",\"potentialAction\":[{\"@type\":\"SearchAction\",\"target\":{\"@type\":\"EntryPoint\",\"urlTemplate\":\"https:\\\/\\\/autorival.ro\\\/alfaromeo\\\/?s={search_term_string}\"},\"query-input\":{\"@type\":\"PropertyValueSpecification\",\"valueRequired\":true,\"valueName\":\"search_term_string\"}}],\"inLanguage\":\"en-US\"}]}<\/script>\n<!-- \/ Yoast SEO plugin. -->","yoast_head_json":{"title":"Placute frana ALFA ROMEO MITO (955_) 1.6 JTDM (955AXC1B) diesel 120 cai ZIMMERMANN 23711.190.2 ALFA ROMEO | ZIMMERMANN - Autorival","description":"\u26a1 Placute frana ALFA ROMEO MITO (955_) 1.6 JTDM (955AXC1B) diesel 120 cai ZIMMERMANN 23711.190.2 pentru ALFA ROMEO la doar 464.1 RON. \u2713 Cod: 23711 \u2713 Brand: ZIMMERMANN \u2713 \u00cen stoc \u2713 Livrare 24h \u2713 Garan\u021bie!","robots":{"index":"index","follow":"follow","max-snippet":"max-snippet:-1","max-image-preview":"max-image-preview:large","max-video-preview":"max-video-preview:-1"},"og_locale":"en_US","og_type":"article","og_title":"Placute frana ALFA ROMEO MITO (955_) 1.6 JTDM (955AXC1B) diesel 120 cai ZIMMERMANN 23711.190.2 ALFA ROMEO | ZIMMERMANN - Autorival","og_description":"\u26a1 Placute frana ALFA ROMEO MITO (955_) 1.6 JTDM (955AXC1B) diesel 120 cai ZIMMERMANN 23711.190.2 pentru ALFA ROMEO la doar 464.1 RON. \u2713 Cod: 23711 \u2713 Brand: ZIMMERMANN \u2713 \u00cen stoc \u2713 Livrare 24h \u2713 Garan\u021bie!","og_url":"https:\/\/autorival.ro\/alfaromeo\/produs\/placute-frana-alfa-romeo-mito-955_-1-6-jtdm-955axc1b-diesel-120-cai-zimmermann-23711-190-2\/","og_site_name":"ALFA ROMEO","og_image":[{"width":398,"height":398,"url":"https:\/\/autorival.ro\/alfaromeo\/wp-content\/uploads\/sites\/4\/2025\/04\/23711.190.2.jpg","type":"image\/jpeg"}],"twitter_card":"summary_large_image","twitter_title":"Placute frana ALFA ROMEO MITO (955_) 1.6 JTDM (955AXC1B) diesel 120 cai ZIMMERMANN 23711.190.2 ALFA ROMEO | ZIMMERMANN - Autorival","twitter_description":"\u26a1 Placute frana ALFA ROMEO MITO (955_) 1.6 JTDM (955AXC1B) diesel 120 cai ZIMMERMANN 23711.190.2 pentru ALFA ROMEO la doar 464.1 RON. \u2713 Cod: 23711 \u2713 Brand: ZIMMERMANN \u2713 \u00cen stoc \u2713 Livrare 24h \u2713 Garan\u021bie!","schema":{"@context":"https:\/\/schema.org","@graph":[{"@type":"WebPage","@id":"https:\/\/autorival.ro\/alfaromeo\/produs\/placute-frana-alfa-romeo-mito-955_-1-6-jtdm-955axc1b-diesel-120-cai-zimmermann-23711-190-2\/","url":"https:\/\/autorival.ro\/alfaromeo\/produs\/placute-frana-alfa-romeo-mito-955_-1-6-jtdm-955axc1b-diesel-120-cai-zimmermann-23711-190-2\/","name":"Placute frana ALFA ROMEO MITO (955_) 1.6 JTDM (955AXC1B) diesel 120 cai ZIMMERMANN 23711.190.2 ALFA ROMEO | ZIMMERMANN - Autorival","isPartOf":{"@id":"https:\/\/autorival.ro\/alfaromeo\/#website"},"primaryImageOfPage":{"@id":"https:\/\/autorival.ro\/alfaromeo\/produs\/placute-frana-alfa-romeo-mito-955_-1-6-jtdm-955axc1b-diesel-120-cai-zimmermann-23711-190-2\/#primaryimage"},"image":{"@id":"https:\/\/autorival.ro\/alfaromeo\/produs\/placute-frana-alfa-romeo-mito-955_-1-6-jtdm-955axc1b-diesel-120-cai-zimmermann-23711-190-2\/#primaryimage"},"thumbnailUrl":"https:\/\/autorival.ro\/alfaromeo\/wp-content\/uploads\/sites\/4\/2025\/04\/23711.190.2.jpg","datePublished":"2025-04-28T17:40:01+00:00","description":"\u26a1 Placute frana ALFA ROMEO MITO (955_) 1.6 JTDM (955AXC1B) diesel 120 cai ZIMMERMANN 23711.190.2 pentru ALFA ROMEO la doar 464.1 RON. \u2713 Cod: 23711 \u2713 Brand: ZIMMERMANN \u2713 \u00cen stoc \u2713 Livrare 24h \u2713 Garan\u021bie!","breadcrumb":{"@id":"https:\/\/autorival.ro\/alfaromeo\/produs\/placute-frana-alfa-romeo-mito-955_-1-6-jtdm-955axc1b-diesel-120-cai-zimmermann-23711-190-2\/#breadcrumb"},"inLanguage":"en-US","potentialAction":[{"@type":"ReadAction","target":["https:\/\/autorival.ro\/alfaromeo\/produs\/placute-frana-alfa-romeo-mito-955_-1-6-jtdm-955axc1b-diesel-120-cai-zimmermann-23711-190-2\/"]}]},{"@type":"ImageObject","inLanguage":"en-US","@id":"https:\/\/autorival.ro\/alfaromeo\/produs\/placute-frana-alfa-romeo-mito-955_-1-6-jtdm-955axc1b-diesel-120-cai-zimmermann-23711-190-2\/#primaryimage","url":"https:\/\/autorival.ro\/alfaromeo\/wp-content\/uploads\/sites\/4\/2025\/04\/23711.190.2.jpg","contentUrl":"https:\/\/autorival.ro\/alfaromeo\/wp-content\/uploads\/sites\/4\/2025\/04\/23711.190.2.jpg","width":398,"height":398,"caption":"Placute frana -> ALFA ROMEO MITO (955_) 1.3 MultiJet (955AXT1A, 955AYA1A) diesel 80 cai -> ZIMMERMANN 23711.190.2"},{"@type":"BreadcrumbList","@id":"https:\/\/autorival.ro\/alfaromeo\/produs\/placute-frana-alfa-romeo-mito-955_-1-6-jtdm-955axc1b-diesel-120-cai-zimmermann-23711-190-2\/#breadcrumb","itemListElement":[{"@type":"ListItem","position":1,"name":"Prima pagin\u0103","item":"https:\/\/autorival.ro\/alfaromeo\/"},{"@type":"ListItem","position":2,"name":"Piese auto ALFA ROMEO","item":"https:\/\/autorival.ro\/alfaromeo\/"},{"@type":"ListItem","position":3,"name":"Placute frana ALFA ROMEO MITO (955_) 1.6 JTDM (955AXC1B) diesel 120 cai ZIMMERMANN 23711.190.2"}]},{"@type":"WebSite","@id":"https:\/\/autorival.ro\/alfaromeo\/#website","url":"https:\/\/autorival.ro\/alfaromeo\/","name":"ALFA ROMEO","description":"","potentialAction":[{"@type":"SearchAction","target":{"@type":"EntryPoint","urlTemplate":"https:\/\/autorival.ro\/alfaromeo\/?s={search_term_string}"},"query-input":{"@type":"PropertyValueSpecification","valueRequired":true,"valueName":"search_term_string"}}],"inLanguage":"en-US"}]}},"_links":{"self":[{"href":"https:\/\/autorival.ro\/alfaromeo\/wp-json\/wp\/v2\/product\/26146","targetHints":{"allow":["GET"]}}],"collection":[{"href":"https:\/\/autorival.ro\/alfaromeo\/wp-json\/wp\/v2\/product"}],"about":[{"href":"https:\/\/autorival.ro\/alfaromeo\/wp-json\/wp\/v2\/types\/product"}],"replies":[{"embeddable":true,"href":"https:\/\/autorival.ro\/alfaromeo\/wp-json\/wp\/v2\/comments?post=26146"}],"wp:featuredmedia":[{"embeddable":true,"href":"https:\/\/autorival.ro\/alfaromeo\/wp-json\/wp\/v2\/media\/13052"}],"wp:attachment":[{"href":"https:\/\/autorival.ro\/alfaromeo\/wp-json\/wp\/v2\/media?parent=26146"}],"wp:term":[{"taxonomy":"product_brand","embeddable":true,"href":"https:\/\/autorival.ro\/alfaromeo\/wp-json\/wp\/v2\/product_brand?post=26146"},{"taxonomy":"product_cat","embeddable":true,"href":"https:\/\/autorival.ro\/alfaromeo\/wp-json\/wp\/v2\/product_cat?post=26146"},{"taxonomy":"product_tag","embeddable":true,"href":"https:\/\/autorival.ro\/alfaromeo\/wp-json\/wp\/v2\/product_tag?post=26146"}],"curies":[{"name":"wp","href":"https:\/\/api.w.org\/{rel}","templated":true}]}}