{"id":12314,"date":"2025-04-28T16:48:33","date_gmt":"2025-04-28T16:48:33","guid":{"rendered":"https:\/\/autorival.ro\/alfaromeo\/product\/filtru-aer-alfa-romeo-mito-955_-1-3-multijet-955axt1a-955aya1a-diesel-80-cai-mahle-original-lx-3465\/"},"modified":"2025-04-28T16:48:33","modified_gmt":"2025-04-28T16:48:33","slug":"filtru-aer-alfa-romeo-mito-955_-1-3-multijet-955axt1a-955aya1a-diesel-80-cai-mahle-original-lx-3465","status":"publish","type":"product","link":"https:\/\/autorival.ro\/alfaromeo\/produs\/filtru-aer-alfa-romeo-mito-955_-1-3-multijet-955axt1a-955aya1a-diesel-80-cai-mahle-original-lx-3465\/","title":{"rendered":"Filtru aer   ALFA ROMEO MITO (955_) 1.3 MultiJet (955AXT1A, 955AYA1A) diesel 80 cai   MAHLE ORIGINAL LX 3465"},"content":{"rendered":"<p>Tip filtru: Insertie filtru ->Lungime [mm]: 354 ->Latime [mm]: 131 ->\u00cenaltime [mm]: 52 ->\u00cenaltime 1 [mm]: 31Material etansare: spum\u00c4\u0192 \/spum\u00c4\u0192 dur\u00c4\u0192 ->Latime ambalaj [cm]: 13,70 ->Greutate net\u00c4\u0192 [g]: 199 ->Lungime ambalaj [cm]: 35,8 ->Inaltime ambalaj [cm]: 5,30<\/p>\n","protected":false},"excerpt":{"rendered":"<p>Producator: MAHLE ORIGINAL Cod producator: LX 3465<\/p>\n","protected":false},"featured_media":12313,"comment_status":"open","ping_status":"closed","template":"","meta":[],"product_brand":[],"product_cat":[1548],"product_tag":[6759,6522,6526,6831,6533,7068,6534,6523],"class_list":{"0":"post-12314","1":"product","2":"type-product","3":"status-publish","4":"has-post-thumbnail","6":"product_cat-filtru-aer-955_-1-3-multijet-955axt1a-955aya1a-diesel-80","7":"product_tag-aer","8":"product_tag-alfa","9":"product_tag-filtru","10":"product_tag-lx","11":"product_tag-mahle","12":"product_tag-mito","13":"product_tag-original","14":"product_tag-romeo","16":"first","17":"instock","18":"shipping-taxable","19":"purchasable","20":"product-type-simple"},"yoast_head":"<!-- This site is optimized with the Yoast SEO plugin v27.3 - https:\/\/yoast.com\/product\/yoast-seo-wordpress\/ -->\n<title>Filtru aer ALFA ROMEO MITO (955_) 1.3 MultiJet (955AXT1A, 955AYA1A) diesel 80 cai MAHLE ORIGINAL LX 3465 ALFA ROMEO | MAHLE - Autorival<\/title>\n<meta name=\"description\" content=\"\u26a1 Filtru aer ALFA ROMEO MITO (955_) 1.3 MultiJet (955AXT1A, 955AYA1A) diesel 80 cai MAHLE ORIGINAL LX 3465 pentru ALFA ROMEO la doar 70.35 RON. \u2713 Cod: LX \u2713 Brand: MAHLE \u2713 \u00cen stoc \u2713 Livrare 24h \u2713 Garan\u021bie!\" \/>\n<meta name=\"robots\" content=\"index, follow, max-snippet:-1, max-image-preview:large, max-video-preview:-1\" \/>\n<meta property=\"og:locale\" content=\"en_US\" \/>\n<meta property=\"og:type\" content=\"article\" \/>\n<meta property=\"og:title\" content=\"Filtru aer ALFA ROMEO MITO (955_) 1.3 MultiJet (955AXT1A, 955AYA1A) diesel 80 cai MAHLE ORIGINAL LX 3465 ALFA ROMEO | MAHLE - Autorival\" \/>\n<meta property=\"og:description\" content=\"\u26a1 Filtru aer ALFA ROMEO MITO (955_) 1.3 MultiJet (955AXT1A, 955AYA1A) diesel 80 cai MAHLE ORIGINAL LX 3465 pentru ALFA ROMEO la doar 70.35 RON. \u2713 Cod: LX \u2713 Brand: MAHLE \u2713 \u00cen stoc \u2713 Livrare 24h \u2713 Garan\u021bie!\" \/>\n<meta property=\"og:url\" content=\"https:\/\/autorival.ro\/alfaromeo\/produs\/filtru-aer-alfa-romeo-mito-955_-1-3-multijet-955axt1a-955aya1a-diesel-80-cai-mahle-original-lx-3465\/\" \/>\n<meta property=\"og:site_name\" content=\"ALFA ROMEO\" \/>\n<meta property=\"og:image\" content=\"https:\/\/autorival.ro\/alfaromeo\/wp-content\/uploads\/sites\/4\/2025\/04\/93409183.jpg\" \/>\n\t<meta property=\"og:image:width\" content=\"566\" \/>\n\t<meta property=\"og:image:height\" content=\"400\" \/>\n\t<meta property=\"og:image:type\" content=\"image\/jpeg\" \/>\n<meta name=\"twitter:card\" content=\"summary_large_image\" \/>\n<meta name=\"twitter:title\" content=\"Filtru aer ALFA ROMEO MITO (955_) 1.3 MultiJet (955AXT1A, 955AYA1A) diesel 80 cai MAHLE ORIGINAL LX 3465 ALFA ROMEO | MAHLE - Autorival\" \/>\n<meta name=\"twitter:description\" content=\"\u26a1 Filtru aer ALFA ROMEO MITO (955_) 1.3 MultiJet (955AXT1A, 955AYA1A) diesel 80 cai MAHLE ORIGINAL LX 3465 pentru ALFA ROMEO la doar 70.35 RON. \u2713 Cod: LX \u2713 Brand: MAHLE \u2713 \u00cen stoc \u2713 Livrare 24h \u2713 Garan\u021bie!\" \/>\n<script type=\"application\/ld+json\" class=\"yoast-schema-graph\">{\"@context\":\"https:\\\/\\\/schema.org\",\"@graph\":[{\"@type\":\"WebPage\",\"@id\":\"https:\\\/\\\/autorival.ro\\\/alfaromeo\\\/produs\\\/filtru-aer-alfa-romeo-mito-955_-1-3-multijet-955axt1a-955aya1a-diesel-80-cai-mahle-original-lx-3465\\\/\",\"url\":\"https:\\\/\\\/autorival.ro\\\/alfaromeo\\\/produs\\\/filtru-aer-alfa-romeo-mito-955_-1-3-multijet-955axt1a-955aya1a-diesel-80-cai-mahle-original-lx-3465\\\/\",\"name\":\"Filtru aer ALFA ROMEO MITO (955_) 1.3 MultiJet (955AXT1A, 955AYA1A) diesel 80 cai MAHLE ORIGINAL LX 3465 ALFA ROMEO | MAHLE - Autorival\",\"isPartOf\":{\"@id\":\"https:\\\/\\\/autorival.ro\\\/alfaromeo\\\/#website\"},\"primaryImageOfPage\":{\"@id\":\"https:\\\/\\\/autorival.ro\\\/alfaromeo\\\/produs\\\/filtru-aer-alfa-romeo-mito-955_-1-3-multijet-955axt1a-955aya1a-diesel-80-cai-mahle-original-lx-3465\\\/#primaryimage\"},\"image\":{\"@id\":\"https:\\\/\\\/autorival.ro\\\/alfaromeo\\\/produs\\\/filtru-aer-alfa-romeo-mito-955_-1-3-multijet-955axt1a-955aya1a-diesel-80-cai-mahle-original-lx-3465\\\/#primaryimage\"},\"thumbnailUrl\":\"https:\\\/\\\/autorival.ro\\\/alfaromeo\\\/wp-content\\\/uploads\\\/sites\\\/4\\\/2025\\\/04\\\/93409183.jpg\",\"datePublished\":\"2025-04-28T16:48:33+00:00\",\"description\":\"\u26a1 Filtru aer ALFA ROMEO MITO (955_) 1.3 MultiJet (955AXT1A, 955AYA1A) diesel 80 cai MAHLE ORIGINAL LX 3465 pentru ALFA ROMEO la doar 70.35 RON. \u2713 Cod: LX \u2713 Brand: MAHLE \u2713 \u00cen stoc \u2713 Livrare 24h \u2713 Garan\u021bie!\",\"breadcrumb\":{\"@id\":\"https:\\\/\\\/autorival.ro\\\/alfaromeo\\\/produs\\\/filtru-aer-alfa-romeo-mito-955_-1-3-multijet-955axt1a-955aya1a-diesel-80-cai-mahle-original-lx-3465\\\/#breadcrumb\"},\"inLanguage\":\"en-US\",\"potentialAction\":[{\"@type\":\"ReadAction\",\"target\":[\"https:\\\/\\\/autorival.ro\\\/alfaromeo\\\/produs\\\/filtru-aer-alfa-romeo-mito-955_-1-3-multijet-955axt1a-955aya1a-diesel-80-cai-mahle-original-lx-3465\\\/\"]}]},{\"@type\":\"ImageObject\",\"inLanguage\":\"en-US\",\"@id\":\"https:\\\/\\\/autorival.ro\\\/alfaromeo\\\/produs\\\/filtru-aer-alfa-romeo-mito-955_-1-3-multijet-955axt1a-955aya1a-diesel-80-cai-mahle-original-lx-3465\\\/#primaryimage\",\"url\":\"https:\\\/\\\/autorival.ro\\\/alfaromeo\\\/wp-content\\\/uploads\\\/sites\\\/4\\\/2025\\\/04\\\/93409183.jpg\",\"contentUrl\":\"https:\\\/\\\/autorival.ro\\\/alfaromeo\\\/wp-content\\\/uploads\\\/sites\\\/4\\\/2025\\\/04\\\/93409183.jpg\",\"width\":566,\"height\":400,\"caption\":\"Filtru aer -> ALFA ROMEO MITO (955_) 1.3 MultiJet (955AXT1A, 955AYA1A) diesel 80 cai -> MAHLE ORIGINAL LX 3465\"},{\"@type\":\"BreadcrumbList\",\"@id\":\"https:\\\/\\\/autorival.ro\\\/alfaromeo\\\/produs\\\/filtru-aer-alfa-romeo-mito-955_-1-3-multijet-955axt1a-955aya1a-diesel-80-cai-mahle-original-lx-3465\\\/#breadcrumb\",\"itemListElement\":[{\"@type\":\"ListItem\",\"position\":1,\"name\":\"Prima pagin\u0103\",\"item\":\"https:\\\/\\\/autorival.ro\\\/alfaromeo\\\/\"},{\"@type\":\"ListItem\",\"position\":2,\"name\":\"Piese auto ALFA ROMEO\",\"item\":\"https:\\\/\\\/autorival.ro\\\/alfaromeo\\\/\"},{\"@type\":\"ListItem\",\"position\":3,\"name\":\"Filtru aer ALFA ROMEO MITO (955_) 1.3 MultiJet (955AXT1A, 955AYA1A) diesel 80 cai MAHLE ORIGINAL LX 3465\"}]},{\"@type\":\"WebSite\",\"@id\":\"https:\\\/\\\/autorival.ro\\\/alfaromeo\\\/#website\",\"url\":\"https:\\\/\\\/autorival.ro\\\/alfaromeo\\\/\",\"name\":\"ALFA ROMEO\",\"description\":\"\",\"potentialAction\":[{\"@type\":\"SearchAction\",\"target\":{\"@type\":\"EntryPoint\",\"urlTemplate\":\"https:\\\/\\\/autorival.ro\\\/alfaromeo\\\/?s={search_term_string}\"},\"query-input\":{\"@type\":\"PropertyValueSpecification\",\"valueRequired\":true,\"valueName\":\"search_term_string\"}}],\"inLanguage\":\"en-US\"}]}<\/script>\n<!-- \/ Yoast SEO plugin. -->","yoast_head_json":{"title":"Filtru aer ALFA ROMEO MITO (955_) 1.3 MultiJet (955AXT1A, 955AYA1A) diesel 80 cai MAHLE ORIGINAL LX 3465 ALFA ROMEO | MAHLE - Autorival","description":"\u26a1 Filtru aer ALFA ROMEO MITO (955_) 1.3 MultiJet (955AXT1A, 955AYA1A) diesel 80 cai MAHLE ORIGINAL LX 3465 pentru ALFA ROMEO la doar 70.35 RON. \u2713 Cod: LX \u2713 Brand: MAHLE \u2713 \u00cen stoc \u2713 Livrare 24h \u2713 Garan\u021bie!","robots":{"index":"index","follow":"follow","max-snippet":"max-snippet:-1","max-image-preview":"max-image-preview:large","max-video-preview":"max-video-preview:-1"},"og_locale":"en_US","og_type":"article","og_title":"Filtru aer ALFA ROMEO MITO (955_) 1.3 MultiJet (955AXT1A, 955AYA1A) diesel 80 cai MAHLE ORIGINAL LX 3465 ALFA ROMEO | MAHLE - Autorival","og_description":"\u26a1 Filtru aer ALFA ROMEO MITO (955_) 1.3 MultiJet (955AXT1A, 955AYA1A) diesel 80 cai MAHLE ORIGINAL LX 3465 pentru ALFA ROMEO la doar 70.35 RON. \u2713 Cod: LX \u2713 Brand: MAHLE \u2713 \u00cen stoc \u2713 Livrare 24h \u2713 Garan\u021bie!","og_url":"https:\/\/autorival.ro\/alfaromeo\/produs\/filtru-aer-alfa-romeo-mito-955_-1-3-multijet-955axt1a-955aya1a-diesel-80-cai-mahle-original-lx-3465\/","og_site_name":"ALFA ROMEO","og_image":[{"width":566,"height":400,"url":"https:\/\/autorival.ro\/alfaromeo\/wp-content\/uploads\/sites\/4\/2025\/04\/93409183.jpg","type":"image\/jpeg"}],"twitter_card":"summary_large_image","twitter_title":"Filtru aer ALFA ROMEO MITO (955_) 1.3 MultiJet (955AXT1A, 955AYA1A) diesel 80 cai MAHLE ORIGINAL LX 3465 ALFA ROMEO | MAHLE - Autorival","twitter_description":"\u26a1 Filtru aer ALFA ROMEO MITO (955_) 1.3 MultiJet (955AXT1A, 955AYA1A) diesel 80 cai MAHLE ORIGINAL LX 3465 pentru ALFA ROMEO la doar 70.35 RON. \u2713 Cod: LX \u2713 Brand: MAHLE \u2713 \u00cen stoc \u2713 Livrare 24h \u2713 Garan\u021bie!","schema":{"@context":"https:\/\/schema.org","@graph":[{"@type":"WebPage","@id":"https:\/\/autorival.ro\/alfaromeo\/produs\/filtru-aer-alfa-romeo-mito-955_-1-3-multijet-955axt1a-955aya1a-diesel-80-cai-mahle-original-lx-3465\/","url":"https:\/\/autorival.ro\/alfaromeo\/produs\/filtru-aer-alfa-romeo-mito-955_-1-3-multijet-955axt1a-955aya1a-diesel-80-cai-mahle-original-lx-3465\/","name":"Filtru aer ALFA ROMEO MITO (955_) 1.3 MultiJet (955AXT1A, 955AYA1A) diesel 80 cai MAHLE ORIGINAL LX 3465 ALFA ROMEO | MAHLE - Autorival","isPartOf":{"@id":"https:\/\/autorival.ro\/alfaromeo\/#website"},"primaryImageOfPage":{"@id":"https:\/\/autorival.ro\/alfaromeo\/produs\/filtru-aer-alfa-romeo-mito-955_-1-3-multijet-955axt1a-955aya1a-diesel-80-cai-mahle-original-lx-3465\/#primaryimage"},"image":{"@id":"https:\/\/autorival.ro\/alfaromeo\/produs\/filtru-aer-alfa-romeo-mito-955_-1-3-multijet-955axt1a-955aya1a-diesel-80-cai-mahle-original-lx-3465\/#primaryimage"},"thumbnailUrl":"https:\/\/autorival.ro\/alfaromeo\/wp-content\/uploads\/sites\/4\/2025\/04\/93409183.jpg","datePublished":"2025-04-28T16:48:33+00:00","description":"\u26a1 Filtru aer ALFA ROMEO MITO (955_) 1.3 MultiJet (955AXT1A, 955AYA1A) diesel 80 cai MAHLE ORIGINAL LX 3465 pentru ALFA ROMEO la doar 70.35 RON. \u2713 Cod: LX \u2713 Brand: MAHLE \u2713 \u00cen stoc \u2713 Livrare 24h \u2713 Garan\u021bie!","breadcrumb":{"@id":"https:\/\/autorival.ro\/alfaromeo\/produs\/filtru-aer-alfa-romeo-mito-955_-1-3-multijet-955axt1a-955aya1a-diesel-80-cai-mahle-original-lx-3465\/#breadcrumb"},"inLanguage":"en-US","potentialAction":[{"@type":"ReadAction","target":["https:\/\/autorival.ro\/alfaromeo\/produs\/filtru-aer-alfa-romeo-mito-955_-1-3-multijet-955axt1a-955aya1a-diesel-80-cai-mahle-original-lx-3465\/"]}]},{"@type":"ImageObject","inLanguage":"en-US","@id":"https:\/\/autorival.ro\/alfaromeo\/produs\/filtru-aer-alfa-romeo-mito-955_-1-3-multijet-955axt1a-955aya1a-diesel-80-cai-mahle-original-lx-3465\/#primaryimage","url":"https:\/\/autorival.ro\/alfaromeo\/wp-content\/uploads\/sites\/4\/2025\/04\/93409183.jpg","contentUrl":"https:\/\/autorival.ro\/alfaromeo\/wp-content\/uploads\/sites\/4\/2025\/04\/93409183.jpg","width":566,"height":400,"caption":"Filtru aer -> ALFA ROMEO MITO (955_) 1.3 MultiJet (955AXT1A, 955AYA1A) diesel 80 cai -> MAHLE ORIGINAL LX 3465"},{"@type":"BreadcrumbList","@id":"https:\/\/autorival.ro\/alfaromeo\/produs\/filtru-aer-alfa-romeo-mito-955_-1-3-multijet-955axt1a-955aya1a-diesel-80-cai-mahle-original-lx-3465\/#breadcrumb","itemListElement":[{"@type":"ListItem","position":1,"name":"Prima pagin\u0103","item":"https:\/\/autorival.ro\/alfaromeo\/"},{"@type":"ListItem","position":2,"name":"Piese auto ALFA ROMEO","item":"https:\/\/autorival.ro\/alfaromeo\/"},{"@type":"ListItem","position":3,"name":"Filtru aer ALFA ROMEO MITO (955_) 1.3 MultiJet (955AXT1A, 955AYA1A) diesel 80 cai MAHLE ORIGINAL LX 3465"}]},{"@type":"WebSite","@id":"https:\/\/autorival.ro\/alfaromeo\/#website","url":"https:\/\/autorival.ro\/alfaromeo\/","name":"ALFA ROMEO","description":"","potentialAction":[{"@type":"SearchAction","target":{"@type":"EntryPoint","urlTemplate":"https:\/\/autorival.ro\/alfaromeo\/?s={search_term_string}"},"query-input":{"@type":"PropertyValueSpecification","valueRequired":true,"valueName":"search_term_string"}}],"inLanguage":"en-US"}]}},"_links":{"self":[{"href":"https:\/\/autorival.ro\/alfaromeo\/wp-json\/wp\/v2\/product\/12314","targetHints":{"allow":["GET"]}}],"collection":[{"href":"https:\/\/autorival.ro\/alfaromeo\/wp-json\/wp\/v2\/product"}],"about":[{"href":"https:\/\/autorival.ro\/alfaromeo\/wp-json\/wp\/v2\/types\/product"}],"replies":[{"embeddable":true,"href":"https:\/\/autorival.ro\/alfaromeo\/wp-json\/wp\/v2\/comments?post=12314"}],"wp:featuredmedia":[{"embeddable":true,"href":"https:\/\/autorival.ro\/alfaromeo\/wp-json\/wp\/v2\/media\/12313"}],"wp:attachment":[{"href":"https:\/\/autorival.ro\/alfaromeo\/wp-json\/wp\/v2\/media?parent=12314"}],"wp:term":[{"taxonomy":"product_brand","embeddable":true,"href":"https:\/\/autorival.ro\/alfaromeo\/wp-json\/wp\/v2\/product_brand?post=12314"},{"taxonomy":"product_cat","embeddable":true,"href":"https:\/\/autorival.ro\/alfaromeo\/wp-json\/wp\/v2\/product_cat?post=12314"},{"taxonomy":"product_tag","embeddable":true,"href":"https:\/\/autorival.ro\/alfaromeo\/wp-json\/wp\/v2\/product_tag?post=12314"}],"curies":[{"name":"wp","href":"https:\/\/api.w.org\/{rel}","templated":true}]}}